{"id":63325,"date":"2022-01-22T18:37:32","date_gmt":"2022-01-22T17:37:32","guid":{"rendered":"https:\/\/demoweb.info\/sexshop001\/producto\/feelztoys-femmefit-kit-de-entrenamiento-muscular-pelvico-6-pcs\/"},"modified":"2022-01-22T18:37:39","modified_gmt":"2022-01-22T17:37:39","slug":"feelztoys-femmefit-kit-de-entrenamiento-muscular-pelvico-6-pcs","status":"publish","type":"product","link":"https:\/\/demoweb.info\/sexshop001\/producto\/feelztoys-femmefit-kit-de-entrenamiento-muscular-pelvico-6-pcs\/","title":{"rendered":"FEELZTOYS FEMMEFIT KIT DE ENTRENAMIENTO MUSCULAR P\u00c9LVICO &#8211; 6 PCS"},"content":{"rendered":"<p><strong>FEELZTOYS &#8211; FEMMEFIT PELVIC MUSCLE TRAINING SET 6 PCS<\/strong><\/p>\n<p>Kit de entrenamiento vaginal para mujeres.<br \/>\nEste set de entrenamiento vaginal aumentar\u00e1 los m\u00fasculos del piso p\u00e9lvico y puede ser utilizado por principiantes y usuarios m\u00e1s experimentados debido a los diferentes pesos.<\/p>\n<p>Comienza con el peso de color m\u00e1s claro y usa un lubricante de agua si lo deseas para una inserci\u00f3n m\u00e1s c\u00f3moda.<\/p>\n<p>Caracter\u00edsticas:<br \/>\n&#8211; Fortalece los m\u00fasculos del suelo p\u00e9lvico vaginal &#8211; aprieta la vagina de las mujeres<br \/>\n&#8211; Ayudar\u00e1 a tratar la incontinencia urinaria.<br \/>\n&#8211; Acelera la recuperaci\u00f3n vaginal despu\u00e9s del embarazo.<br \/>\n&#8211; Conducir\u00e1 a orgasmos m\u00e1s intensos.<br \/>\n&#8211; Bolas de diferentes pesos en el interior (50 g &#8211; 65 g &#8211; 80 g &#8211; 95 g &#8211; 110 g &#8211; 130 g)<br \/>\n&#8211; Silicona suave y segura para el cuerpo.<br \/>\n&#8211; Silicona impermeable y no porosa para facilitar la limpieza.<\/p>\n","protected":false},"excerpt":{"rendered":"<p>FEELZTOYS &#8211; FEMMEFIT PELVIC MUSCLE TRAINING SET 6 PCS Kit de entrenamiento vaginal para mujeres. Este set de entrenamiento vaginal<\/p>\n","protected":false},"featured_media":63326,"comment_status":"open","ping_status":"open","template":"","meta":[],"product_cat":[320],"product_tag":[373],"class_list":["post-63325","product","type-product","status-publish","has-post-thumbnail","hentry","product_cat-silicona-bolas-y-huevos","product_tag-feelztoys"],"bundled_by":[],"bundle_stock_status":"instock","bundle_stock_quantity":6,"bundle_virtual":false,"bundle_layout":"","bundle_add_to_cart_form_location":"","bundle_editable_in_cart":false,"bundle_sold_individually_context":"","bundle_item_grouping":"","bundle_min_size":"","bundle_max_size":"","bundled_items":[],"yoast_head":"<!-- This site is optimized with the Yoast SEO plugin v20.6 - https:\/\/yoast.com\/wordpress\/plugins\/seo\/ -->\n<title>FEELZTOYS FEMMEFIT KIT DE ENTRENAMIENTO MUSCULAR P\u00c9LVICO - 6 PCS - Tienda Er\u00f3tica<\/title>\n<meta name=\"robots\" content=\"noindex, follow, max-snippet:-1, max-image-preview:large, max-video-preview:-1\" \/>\n<meta property=\"og:locale\" content=\"es_ES\" \/>\n<meta property=\"og:type\" content=\"article\" \/>\n<meta property=\"og:title\" content=\"FEELZTOYS FEMMEFIT KIT DE ENTRENAMIENTO MUSCULAR P\u00c9LVICO - 6 PCS - Tienda Er\u00f3tica\" \/>\n<meta property=\"og:description\" content=\"FEELZTOYS &#8211; FEMMEFIT PELVIC MUSCLE TRAINING SET 6 PCS Kit de entrenamiento vaginal para mujeres. Este set de entrenamiento vaginal\" \/>\n<meta property=\"og:url\" content=\"https:\/\/demoweb.info\/sexshop001\/producto\/feelztoys-femmefit-kit-de-entrenamiento-muscular-pelvico-6-pcs\/\" \/>\n<meta property=\"og:site_name\" content=\"Tienda Er\u00f3tica\" \/>\n<meta property=\"article:modified_time\" content=\"2022-01-22T17:37:39+00:00\" \/>\n<meta property=\"og:image\" content=\"https:\/\/demoweb.info\/sexshop001\/wp-content\/uploads\/2022\/01\/FEELZTOYS-FEMMEFIT-KIT-DE-ENTRENAMIENTO-MUSCULAR-PELVICO-6-PCS.jpg\" \/>\n\t<meta property=\"og:image:width\" content=\"550\" \/>\n\t<meta property=\"og:image:height\" content=\"550\" \/>\n\t<meta property=\"og:image:type\" content=\"image\/jpeg\" \/>\n<meta name=\"twitter:card\" content=\"summary_large_image\" \/>\n<meta name=\"twitter:label1\" content=\"Tiempo de lectura\" \/>\n\t<meta name=\"twitter:data1\" content=\"1 minuto\" \/>\n<script type=\"application\/ld+json\" class=\"yoast-schema-graph\">{\"@context\":\"https:\/\/schema.org\",\"@graph\":[{\"@type\":\"WebPage\",\"@id\":\"https:\/\/demoweb.info\/sexshop001\/producto\/feelztoys-femmefit-kit-de-entrenamiento-muscular-pelvico-6-pcs\/\",\"url\":\"https:\/\/demoweb.info\/sexshop001\/producto\/feelztoys-femmefit-kit-de-entrenamiento-muscular-pelvico-6-pcs\/\",\"name\":\"FEELZTOYS FEMMEFIT KIT DE ENTRENAMIENTO MUSCULAR P\u00c9LVICO - 6 PCS - Tienda Er\u00f3tica\",\"isPartOf\":{\"@id\":\"https:\/\/demoweb.info\/sexshop001\/#website\"},\"datePublished\":\"2022-01-22T17:37:32+00:00\",\"dateModified\":\"2022-01-22T17:37:39+00:00\",\"breadcrumb\":{\"@id\":\"https:\/\/demoweb.info\/sexshop001\/producto\/feelztoys-femmefit-kit-de-entrenamiento-muscular-pelvico-6-pcs\/#breadcrumb\"},\"inLanguage\":\"es\",\"potentialAction\":[{\"@type\":\"ReadAction\",\"target\":[\"https:\/\/demoweb.info\/sexshop001\/producto\/feelztoys-femmefit-kit-de-entrenamiento-muscular-pelvico-6-pcs\/\"]}]},{\"@type\":\"BreadcrumbList\",\"@id\":\"https:\/\/demoweb.info\/sexshop001\/producto\/feelztoys-femmefit-kit-de-entrenamiento-muscular-pelvico-6-pcs\/#breadcrumb\",\"itemListElement\":[{\"@type\":\"ListItem\",\"position\":1,\"name\":\"Portada\",\"item\":\"https:\/\/demoweb.info\/sexshop001\/\"},{\"@type\":\"ListItem\",\"position\":2,\"name\":\"Tienda\",\"item\":\"https:\/\/demoweb.info\/sexshop001\/tienda\/\"},{\"@type\":\"ListItem\",\"position\":3,\"name\":\"FEELZTOYS FEMMEFIT KIT DE ENTRENAMIENTO MUSCULAR P\u00c9LVICO &#8211; 6 PCS\"}]},{\"@type\":\"WebSite\",\"@id\":\"https:\/\/demoweb.info\/sexshop001\/#website\",\"url\":\"https:\/\/demoweb.info\/sexshop001\/\",\"name\":\"Tienda Er\u00f3tica\",\"description\":\"DEMOWEB SL\",\"potentialAction\":[{\"@type\":\"SearchAction\",\"target\":{\"@type\":\"EntryPoint\",\"urlTemplate\":\"https:\/\/demoweb.info\/sexshop001\/?s={search_term_string}\"},\"query-input\":\"required name=search_term_string\"}],\"inLanguage\":\"es\"}]}<\/script>\n<!-- \/ Yoast SEO plugin. -->","yoast_head_json":{"title":"FEELZTOYS FEMMEFIT KIT DE ENTRENAMIENTO MUSCULAR P\u00c9LVICO - 6 PCS - Tienda Er\u00f3tica","robots":{"index":"noindex","follow":"follow","max-snippet":"max-snippet:-1","max-image-preview":"max-image-preview:large","max-video-preview":"max-video-preview:-1"},"og_locale":"es_ES","og_type":"article","og_title":"FEELZTOYS FEMMEFIT KIT DE ENTRENAMIENTO MUSCULAR P\u00c9LVICO - 6 PCS - Tienda Er\u00f3tica","og_description":"FEELZTOYS &#8211; FEMMEFIT PELVIC MUSCLE TRAINING SET 6 PCS Kit de entrenamiento vaginal para mujeres. Este set de entrenamiento vaginal","og_url":"https:\/\/demoweb.info\/sexshop001\/producto\/feelztoys-femmefit-kit-de-entrenamiento-muscular-pelvico-6-pcs\/","og_site_name":"Tienda Er\u00f3tica","article_modified_time":"2022-01-22T17:37:39+00:00","og_image":[{"width":550,"height":550,"url":"https:\/\/demoweb.info\/sexshop001\/wp-content\/uploads\/2022\/01\/FEELZTOYS-FEMMEFIT-KIT-DE-ENTRENAMIENTO-MUSCULAR-PELVICO-6-PCS.jpg","type":"image\/jpeg"}],"twitter_card":"summary_large_image","twitter_misc":{"Tiempo de lectura":"1 minuto"},"schema":{"@context":"https:\/\/schema.org","@graph":[{"@type":"WebPage","@id":"https:\/\/demoweb.info\/sexshop001\/producto\/feelztoys-femmefit-kit-de-entrenamiento-muscular-pelvico-6-pcs\/","url":"https:\/\/demoweb.info\/sexshop001\/producto\/feelztoys-femmefit-kit-de-entrenamiento-muscular-pelvico-6-pcs\/","name":"FEELZTOYS FEMMEFIT KIT DE ENTRENAMIENTO MUSCULAR P\u00c9LVICO - 6 PCS - Tienda Er\u00f3tica","isPartOf":{"@id":"https:\/\/demoweb.info\/sexshop001\/#website"},"datePublished":"2022-01-22T17:37:32+00:00","dateModified":"2022-01-22T17:37:39+00:00","breadcrumb":{"@id":"https:\/\/demoweb.info\/sexshop001\/producto\/feelztoys-femmefit-kit-de-entrenamiento-muscular-pelvico-6-pcs\/#breadcrumb"},"inLanguage":"es","potentialAction":[{"@type":"ReadAction","target":["https:\/\/demoweb.info\/sexshop001\/producto\/feelztoys-femmefit-kit-de-entrenamiento-muscular-pelvico-6-pcs\/"]}]},{"@type":"BreadcrumbList","@id":"https:\/\/demoweb.info\/sexshop001\/producto\/feelztoys-femmefit-kit-de-entrenamiento-muscular-pelvico-6-pcs\/#breadcrumb","itemListElement":[{"@type":"ListItem","position":1,"name":"Portada","item":"https:\/\/demoweb.info\/sexshop001\/"},{"@type":"ListItem","position":2,"name":"Tienda","item":"https:\/\/demoweb.info\/sexshop001\/tienda\/"},{"@type":"ListItem","position":3,"name":"FEELZTOYS FEMMEFIT KIT DE ENTRENAMIENTO MUSCULAR P\u00c9LVICO &#8211; 6 PCS"}]},{"@type":"WebSite","@id":"https:\/\/demoweb.info\/sexshop001\/#website","url":"https:\/\/demoweb.info\/sexshop001\/","name":"Tienda Er\u00f3tica","description":"DEMOWEB SL","potentialAction":[{"@type":"SearchAction","target":{"@type":"EntryPoint","urlTemplate":"https:\/\/demoweb.info\/sexshop001\/?s={search_term_string}"},"query-input":"required name=search_term_string"}],"inLanguage":"es"}]}},"_links":{"self":[{"href":"https:\/\/demoweb.info\/sexshop001\/wp-json\/wp\/v3\/product\/63325","targetHints":{"allow":["GET"]}}],"collection":[{"href":"https:\/\/demoweb.info\/sexshop001\/wp-json\/wp\/v3\/product"}],"about":[{"href":"https:\/\/demoweb.info\/sexshop001\/wp-json\/wp\/v2\/types\/product"}],"replies":[{"embeddable":true,"href":"https:\/\/demoweb.info\/sexshop001\/wp-json\/wp\/v2\/comments?post=63325"}],"wp:featuredmedia":[{"embeddable":true,"href":"https:\/\/demoweb.info\/sexshop001\/wp-json\/wp\/v2\/media\/63326"}],"wp:attachment":[{"href":"https:\/\/demoweb.info\/sexshop001\/wp-json\/wp\/v2\/media?parent=63325"}],"wp:term":[{"taxonomy":"product_cat","embeddable":true,"href":"https:\/\/demoweb.info\/sexshop001\/wp-json\/wp\/v2\/product_cat?post=63325"},{"taxonomy":"product_tag","embeddable":true,"href":"https:\/\/demoweb.info\/sexshop001\/wp-json\/wp\/v2\/product_tag?post=63325"}],"curies":[{"name":"wp","href":"https:\/\/api.w.org\/{rel}","templated":true}]}}