{"id":63318,"date":"2022-01-22T18:37:32","date_gmt":"2022-01-22T17:37:32","guid":{"rendered":"https:\/\/demoweb.info\/sexshop001\/producto\/kamasutra-juego-de-poker\/"},"modified":"2022-01-22T18:37:34","modified_gmt":"2022-01-22T17:37:34","slug":"kamasutra-juego-de-poker","status":"publish","type":"product","link":"https:\/\/demoweb.info\/sexshop001\/producto\/kamasutra-juego-de-poker\/","title":{"rendered":"KAMASUTRA JUEGO DE POKER"},"content":{"rendered":"<p><strong>KAMASUTRA POKER GAME<\/strong><\/p>\n<p>Kamasutra Poker es un juego en el que los dos mundos emocionantes del p\u00f3quer y el Kamasutra se encuentran y combinan.<\/p>\n<p>El objetivo es que dos o m\u00e1s jugadores o socios experimenten juntos una aventura er\u00f3tica y emocionante. Ciertamente no necesitas ser un jugador de p\u00f3ker con experiencia, ya que no vas a ganar mucho dinero, sino momentos emocionantes y er\u00f3ticos llenos de pasi\u00f3n con Kama Poker.<\/p>\n<p>El juego acumula la tensi\u00f3n (sexual) en varias rondas, en las que los jugadores se desnudan, tocan y acarician hasta que terminan con un esp\u00edritu sexualmente alto en la ronda de \u00e9xtasis.<\/p>\n<p>Al retirarse, subir o hacer faroles en los momentos adecuados, los jugadores pueden influir en el resultado er\u00f3tico del juego y su ritmo. Cuanto m\u00e1s ganes, m\u00e1s dominar\u00e1s el juego. Kama Poker es un juego perfecto para 2, pero los jugadores adicionales podr\u00edan proporcionar m\u00e1s emoci\u00f3n y fuegos artificiales, dejaremos el desaf\u00edo a tu disposici\u00f3n. \u00a1Nunca antes un juego de p\u00f3quer hab\u00eda sido tan emocionante!<\/p>\n<p>PD: en promedio las mujeres ganan m\u00e1s que los hombres &#8230;<\/p>\n<p>Las instrucciones est\u00e1n en ingl\u00e9s, franc\u00e9s y alem\u00e1n.<\/p>\n","protected":false},"excerpt":{"rendered":"<p>KAMASUTRA POKER GAME Kamasutra Poker es un juego en el que los dos mundos emocionantes del p\u00f3quer y el Kamasutra<\/p>\n","protected":false},"featured_media":63319,"comment_status":"open","ping_status":"open","template":"","meta":[],"product_cat":[384],"product_tag":[368],"class_list":["post-63318","product","type-product","status-publish","has-post-thumbnail","hentry","product_cat-barajas","product_tag-tease-and-please"],"bundled_by":[],"bundle_stock_status":"instock","bundle_stock_quantity":2,"bundle_virtual":false,"bundle_layout":"","bundle_add_to_cart_form_location":"","bundle_editable_in_cart":false,"bundle_sold_individually_context":"","bundle_item_grouping":"","bundle_min_size":"","bundle_max_size":"","bundled_items":[],"yoast_head":"<!-- This site is optimized with the Yoast SEO plugin v20.6 - https:\/\/yoast.com\/wordpress\/plugins\/seo\/ -->\n<title>KAMASUTRA JUEGO DE POKER - Tienda Er\u00f3tica<\/title>\n<meta name=\"robots\" content=\"noindex, follow, max-snippet:-1, max-image-preview:large, max-video-preview:-1\" \/>\n<meta property=\"og:locale\" content=\"es_ES\" \/>\n<meta property=\"og:type\" content=\"article\" \/>\n<meta property=\"og:title\" content=\"KAMASUTRA JUEGO DE POKER - Tienda Er\u00f3tica\" \/>\n<meta property=\"og:description\" content=\"KAMASUTRA POKER GAME Kamasutra Poker es un juego en el que los dos mundos emocionantes del p\u00f3quer y el Kamasutra\" \/>\n<meta property=\"og:url\" content=\"https:\/\/demoweb.info\/sexshop001\/producto\/kamasutra-juego-de-poker\/\" \/>\n<meta property=\"og:site_name\" content=\"Tienda Er\u00f3tica\" \/>\n<meta property=\"article:modified_time\" content=\"2022-01-22T17:37:34+00:00\" \/>\n<meta property=\"og:image\" content=\"https:\/\/demoweb.info\/sexshop001\/wp-content\/uploads\/2022\/01\/KAMASUTRA-JUEGO-DE-POKER.jpg\" \/>\n\t<meta property=\"og:image:width\" content=\"550\" \/>\n\t<meta property=\"og:image:height\" content=\"550\" \/>\n\t<meta property=\"og:image:type\" content=\"image\/jpeg\" \/>\n<meta name=\"twitter:card\" content=\"summary_large_image\" \/>\n<meta name=\"twitter:label1\" content=\"Tiempo de lectura\" \/>\n\t<meta name=\"twitter:data1\" content=\"1 minuto\" \/>\n<script type=\"application\/ld+json\" class=\"yoast-schema-graph\">{\"@context\":\"https:\/\/schema.org\",\"@graph\":[{\"@type\":\"WebPage\",\"@id\":\"https:\/\/demoweb.info\/sexshop001\/producto\/kamasutra-juego-de-poker\/\",\"url\":\"https:\/\/demoweb.info\/sexshop001\/producto\/kamasutra-juego-de-poker\/\",\"name\":\"KAMASUTRA JUEGO DE POKER - Tienda Er\u00f3tica\",\"isPartOf\":{\"@id\":\"https:\/\/demoweb.info\/sexshop001\/#website\"},\"datePublished\":\"2022-01-22T17:37:32+00:00\",\"dateModified\":\"2022-01-22T17:37:34+00:00\",\"breadcrumb\":{\"@id\":\"https:\/\/demoweb.info\/sexshop001\/producto\/kamasutra-juego-de-poker\/#breadcrumb\"},\"inLanguage\":\"es\",\"potentialAction\":[{\"@type\":\"ReadAction\",\"target\":[\"https:\/\/demoweb.info\/sexshop001\/producto\/kamasutra-juego-de-poker\/\"]}]},{\"@type\":\"BreadcrumbList\",\"@id\":\"https:\/\/demoweb.info\/sexshop001\/producto\/kamasutra-juego-de-poker\/#breadcrumb\",\"itemListElement\":[{\"@type\":\"ListItem\",\"position\":1,\"name\":\"Portada\",\"item\":\"https:\/\/demoweb.info\/sexshop001\/\"},{\"@type\":\"ListItem\",\"position\":2,\"name\":\"Tienda\",\"item\":\"https:\/\/demoweb.info\/sexshop001\/tienda\/\"},{\"@type\":\"ListItem\",\"position\":3,\"name\":\"KAMASUTRA JUEGO DE POKER\"}]},{\"@type\":\"WebSite\",\"@id\":\"https:\/\/demoweb.info\/sexshop001\/#website\",\"url\":\"https:\/\/demoweb.info\/sexshop001\/\",\"name\":\"Tienda Er\u00f3tica\",\"description\":\"DEMOWEB SL\",\"potentialAction\":[{\"@type\":\"SearchAction\",\"target\":{\"@type\":\"EntryPoint\",\"urlTemplate\":\"https:\/\/demoweb.info\/sexshop001\/?s={search_term_string}\"},\"query-input\":\"required name=search_term_string\"}],\"inLanguage\":\"es\"}]}<\/script>\n<!-- \/ Yoast SEO plugin. -->","yoast_head_json":{"title":"KAMASUTRA JUEGO DE POKER - Tienda Er\u00f3tica","robots":{"index":"noindex","follow":"follow","max-snippet":"max-snippet:-1","max-image-preview":"max-image-preview:large","max-video-preview":"max-video-preview:-1"},"og_locale":"es_ES","og_type":"article","og_title":"KAMASUTRA JUEGO DE POKER - Tienda Er\u00f3tica","og_description":"KAMASUTRA POKER GAME Kamasutra Poker es un juego en el que los dos mundos emocionantes del p\u00f3quer y el Kamasutra","og_url":"https:\/\/demoweb.info\/sexshop001\/producto\/kamasutra-juego-de-poker\/","og_site_name":"Tienda Er\u00f3tica","article_modified_time":"2022-01-22T17:37:34+00:00","og_image":[{"width":550,"height":550,"url":"https:\/\/demoweb.info\/sexshop001\/wp-content\/uploads\/2022\/01\/KAMASUTRA-JUEGO-DE-POKER.jpg","type":"image\/jpeg"}],"twitter_card":"summary_large_image","twitter_misc":{"Tiempo de lectura":"1 minuto"},"schema":{"@context":"https:\/\/schema.org","@graph":[{"@type":"WebPage","@id":"https:\/\/demoweb.info\/sexshop001\/producto\/kamasutra-juego-de-poker\/","url":"https:\/\/demoweb.info\/sexshop001\/producto\/kamasutra-juego-de-poker\/","name":"KAMASUTRA JUEGO DE POKER - Tienda Er\u00f3tica","isPartOf":{"@id":"https:\/\/demoweb.info\/sexshop001\/#website"},"datePublished":"2022-01-22T17:37:32+00:00","dateModified":"2022-01-22T17:37:34+00:00","breadcrumb":{"@id":"https:\/\/demoweb.info\/sexshop001\/producto\/kamasutra-juego-de-poker\/#breadcrumb"},"inLanguage":"es","potentialAction":[{"@type":"ReadAction","target":["https:\/\/demoweb.info\/sexshop001\/producto\/kamasutra-juego-de-poker\/"]}]},{"@type":"BreadcrumbList","@id":"https:\/\/demoweb.info\/sexshop001\/producto\/kamasutra-juego-de-poker\/#breadcrumb","itemListElement":[{"@type":"ListItem","position":1,"name":"Portada","item":"https:\/\/demoweb.info\/sexshop001\/"},{"@type":"ListItem","position":2,"name":"Tienda","item":"https:\/\/demoweb.info\/sexshop001\/tienda\/"},{"@type":"ListItem","position":3,"name":"KAMASUTRA JUEGO DE POKER"}]},{"@type":"WebSite","@id":"https:\/\/demoweb.info\/sexshop001\/#website","url":"https:\/\/demoweb.info\/sexshop001\/","name":"Tienda Er\u00f3tica","description":"DEMOWEB SL","potentialAction":[{"@type":"SearchAction","target":{"@type":"EntryPoint","urlTemplate":"https:\/\/demoweb.info\/sexshop001\/?s={search_term_string}"},"query-input":"required name=search_term_string"}],"inLanguage":"es"}]}},"_links":{"self":[{"href":"https:\/\/demoweb.info\/sexshop001\/wp-json\/wp\/v3\/product\/63318","targetHints":{"allow":["GET"]}}],"collection":[{"href":"https:\/\/demoweb.info\/sexshop001\/wp-json\/wp\/v3\/product"}],"about":[{"href":"https:\/\/demoweb.info\/sexshop001\/wp-json\/wp\/v2\/types\/product"}],"replies":[{"embeddable":true,"href":"https:\/\/demoweb.info\/sexshop001\/wp-json\/wp\/v2\/comments?post=63318"}],"wp:featuredmedia":[{"embeddable":true,"href":"https:\/\/demoweb.info\/sexshop001\/wp-json\/wp\/v2\/media\/63319"}],"wp:attachment":[{"href":"https:\/\/demoweb.info\/sexshop001\/wp-json\/wp\/v2\/media?parent=63318"}],"wp:term":[{"taxonomy":"product_cat","embeddable":true,"href":"https:\/\/demoweb.info\/sexshop001\/wp-json\/wp\/v2\/product_cat?post=63318"},{"taxonomy":"product_tag","embeddable":true,"href":"https:\/\/demoweb.info\/sexshop001\/wp-json\/wp\/v2\/product_tag?post=63318"}],"curies":[{"name":"wp","href":"https:\/\/api.w.org\/{rel}","templated":true}]}}