{"id":63315,"date":"2022-01-22T18:37:32","date_gmt":"2022-01-22T17:37:32","guid":{"rendered":"https:\/\/demoweb.info\/sexshop001\/producto\/master-slave-kit-bdsm-para-parejas-morado\/"},"modified":"2022-01-22T18:37:32","modified_gmt":"2022-01-22T17:37:32","slug":"master-slave-kit-bdsm-para-parejas-morado","status":"publish","type":"product","link":"https:\/\/demoweb.info\/sexshop001\/producto\/master-slave-kit-bdsm-para-parejas-morado\/","title":{"rendered":"MASTER SLAVE KIT BDSM PARA PAREJAS MORADO"},"content":{"rendered":"<p><strong>MASTER SLAVE 1 IN 10 LANGUAGES<\/strong><\/p>\n<p>Emocionante juego er\u00f3tico a trav\u00e9s del cual tu y tu pareja podr\u00e9is tener la m\u00e1xima experiencia de Cincuenta Sombras de Grey en casa. Para aquellos que disfrutaron leyendo la trilog\u00eda o viendo la (s) pel\u00edcula (s), tu fantas\u00eda ahora puede convertirse en una realidad con el juego Master &#038; Slave.<\/p>\n<p>Cada caja contiene todos los art\u00edculos que necesitar\u00e1s, como un l\u00e1tigo, una mordaza, una paleta, una venda para los ojos, un collar, un estimulador de plumas, un juego de esposas, un juego de pu\u00f1os, una hogtie, una cuerda de bondage y un cintur\u00f3n. El juego tambi\u00e9n incluye 24 cartas con instrucciones claras en 10 idiomas: holand\u00e9s, ingl\u00e9s, alem\u00e1n, franc\u00e9s, espa\u00f1ol, italiano, sueco, n\u00f3rdico, polaco y ruso.<\/p>\n<p>Nunca se sabe lo que podr\u00eda pasar en este emocionante juego de poder y sumisi\u00f3n. \u00bfTe gustar\u00eda sujetar todas las cuerdas o preferir\u00edas estar atado y amordazado?. Sorpr\u00e9ndete con las tarjetas de tareas en las que puedes alternar entre Dominante o Sumiso, o ambos podr\u00e9is elegir vuestro rol favorito. Sin embargo, una cosa es segura: tus sentidos aumentar\u00e1n dram\u00e1ticamente.<\/p>\n<p>Te deseamos diversi\u00f3n sin fin con este juego lleno de sorpresas er\u00f3ticas.<\/p>\n<p>En pocas palabras: MASTER &#038; SLAVE es una necesidad absoluta para aquellos que desean experimentar un poco con alguna experiencia er\u00f3tica perversa en tu relaci\u00f3n sexual.<\/p>\n","protected":false},"excerpt":{"rendered":"<p>MASTER SLAVE 1 IN 10 LANGUAGES Emocionante juego er\u00f3tico a trav\u00e9s del cual tu y tu pareja podr\u00e9is tener la<\/p>\n","protected":false},"featured_media":63316,"comment_status":"open","ping_status":"open","template":"","meta":[],"product_cat":[519],"product_tag":[368],"class_list":["post-63315","product","type-product","status-publish","has-post-thumbnail","hentry","product_cat-parejas","product_tag-tease-and-please"],"bundled_by":[],"bundle_stock_status":"instock","bundle_stock_quantity":2,"bundle_virtual":false,"bundle_layout":"","bundle_add_to_cart_form_location":"","bundle_editable_in_cart":false,"bundle_sold_individually_context":"","bundle_item_grouping":"","bundle_min_size":"","bundle_max_size":"","bundled_items":[],"yoast_head":"<!-- This site is optimized with the Yoast SEO plugin v20.6 - https:\/\/yoast.com\/wordpress\/plugins\/seo\/ -->\n<title>MASTER SLAVE KIT BDSM PARA PAREJAS MORADO - Tienda Er\u00f3tica<\/title>\n<meta name=\"robots\" content=\"noindex, follow, max-snippet:-1, max-image-preview:large, max-video-preview:-1\" \/>\n<meta property=\"og:locale\" content=\"es_ES\" \/>\n<meta property=\"og:type\" content=\"article\" \/>\n<meta property=\"og:title\" content=\"MASTER SLAVE KIT BDSM PARA PAREJAS MORADO - Tienda Er\u00f3tica\" \/>\n<meta property=\"og:description\" content=\"MASTER SLAVE 1 IN 10 LANGUAGES Emocionante juego er\u00f3tico a trav\u00e9s del cual tu y tu pareja podr\u00e9is tener la\" \/>\n<meta property=\"og:url\" content=\"https:\/\/demoweb.info\/sexshop001\/producto\/master-slave-kit-bdsm-para-parejas-morado\/\" \/>\n<meta property=\"og:site_name\" content=\"Tienda Er\u00f3tica\" \/>\n<meta property=\"og:image\" content=\"https:\/\/demoweb.info\/sexshop001\/wp-content\/uploads\/2022\/01\/MASTER-SLAVE-KIT-BDSM-PARA-PAREJAS-MORADO.jpg\" \/>\n\t<meta property=\"og:image:width\" content=\"550\" \/>\n\t<meta property=\"og:image:height\" content=\"550\" \/>\n\t<meta property=\"og:image:type\" content=\"image\/jpeg\" \/>\n<meta name=\"twitter:card\" content=\"summary_large_image\" \/>\n<meta name=\"twitter:label1\" content=\"Tiempo de lectura\" \/>\n\t<meta name=\"twitter:data1\" content=\"1 minuto\" \/>\n<script type=\"application\/ld+json\" class=\"yoast-schema-graph\">{\"@context\":\"https:\/\/schema.org\",\"@graph\":[{\"@type\":\"WebPage\",\"@id\":\"https:\/\/demoweb.info\/sexshop001\/producto\/master-slave-kit-bdsm-para-parejas-morado\/\",\"url\":\"https:\/\/demoweb.info\/sexshop001\/producto\/master-slave-kit-bdsm-para-parejas-morado\/\",\"name\":\"MASTER SLAVE KIT BDSM PARA PAREJAS MORADO - Tienda Er\u00f3tica\",\"isPartOf\":{\"@id\":\"https:\/\/demoweb.info\/sexshop001\/#website\"},\"datePublished\":\"2022-01-22T17:37:32+00:00\",\"dateModified\":\"2022-01-22T17:37:32+00:00\",\"breadcrumb\":{\"@id\":\"https:\/\/demoweb.info\/sexshop001\/producto\/master-slave-kit-bdsm-para-parejas-morado\/#breadcrumb\"},\"inLanguage\":\"es\",\"potentialAction\":[{\"@type\":\"ReadAction\",\"target\":[\"https:\/\/demoweb.info\/sexshop001\/producto\/master-slave-kit-bdsm-para-parejas-morado\/\"]}]},{\"@type\":\"BreadcrumbList\",\"@id\":\"https:\/\/demoweb.info\/sexshop001\/producto\/master-slave-kit-bdsm-para-parejas-morado\/#breadcrumb\",\"itemListElement\":[{\"@type\":\"ListItem\",\"position\":1,\"name\":\"Portada\",\"item\":\"https:\/\/demoweb.info\/sexshop001\/\"},{\"@type\":\"ListItem\",\"position\":2,\"name\":\"Tienda\",\"item\":\"https:\/\/demoweb.info\/sexshop001\/tienda\/\"},{\"@type\":\"ListItem\",\"position\":3,\"name\":\"MASTER SLAVE KIT BDSM PARA PAREJAS MORADO\"}]},{\"@type\":\"WebSite\",\"@id\":\"https:\/\/demoweb.info\/sexshop001\/#website\",\"url\":\"https:\/\/demoweb.info\/sexshop001\/\",\"name\":\"Tienda Er\u00f3tica\",\"description\":\"DEMOWEB SL\",\"potentialAction\":[{\"@type\":\"SearchAction\",\"target\":{\"@type\":\"EntryPoint\",\"urlTemplate\":\"https:\/\/demoweb.info\/sexshop001\/?s={search_term_string}\"},\"query-input\":\"required name=search_term_string\"}],\"inLanguage\":\"es\"}]}<\/script>\n<!-- \/ Yoast SEO plugin. -->","yoast_head_json":{"title":"MASTER SLAVE KIT BDSM PARA PAREJAS MORADO - Tienda Er\u00f3tica","robots":{"index":"noindex","follow":"follow","max-snippet":"max-snippet:-1","max-image-preview":"max-image-preview:large","max-video-preview":"max-video-preview:-1"},"og_locale":"es_ES","og_type":"article","og_title":"MASTER SLAVE KIT BDSM PARA PAREJAS MORADO - Tienda Er\u00f3tica","og_description":"MASTER SLAVE 1 IN 10 LANGUAGES Emocionante juego er\u00f3tico a trav\u00e9s del cual tu y tu pareja podr\u00e9is tener la","og_url":"https:\/\/demoweb.info\/sexshop001\/producto\/master-slave-kit-bdsm-para-parejas-morado\/","og_site_name":"Tienda Er\u00f3tica","og_image":[{"width":550,"height":550,"url":"https:\/\/demoweb.info\/sexshop001\/wp-content\/uploads\/2022\/01\/MASTER-SLAVE-KIT-BDSM-PARA-PAREJAS-MORADO.jpg","type":"image\/jpeg"}],"twitter_card":"summary_large_image","twitter_misc":{"Tiempo de lectura":"1 minuto"},"schema":{"@context":"https:\/\/schema.org","@graph":[{"@type":"WebPage","@id":"https:\/\/demoweb.info\/sexshop001\/producto\/master-slave-kit-bdsm-para-parejas-morado\/","url":"https:\/\/demoweb.info\/sexshop001\/producto\/master-slave-kit-bdsm-para-parejas-morado\/","name":"MASTER SLAVE KIT BDSM PARA PAREJAS MORADO - Tienda Er\u00f3tica","isPartOf":{"@id":"https:\/\/demoweb.info\/sexshop001\/#website"},"datePublished":"2022-01-22T17:37:32+00:00","dateModified":"2022-01-22T17:37:32+00:00","breadcrumb":{"@id":"https:\/\/demoweb.info\/sexshop001\/producto\/master-slave-kit-bdsm-para-parejas-morado\/#breadcrumb"},"inLanguage":"es","potentialAction":[{"@type":"ReadAction","target":["https:\/\/demoweb.info\/sexshop001\/producto\/master-slave-kit-bdsm-para-parejas-morado\/"]}]},{"@type":"BreadcrumbList","@id":"https:\/\/demoweb.info\/sexshop001\/producto\/master-slave-kit-bdsm-para-parejas-morado\/#breadcrumb","itemListElement":[{"@type":"ListItem","position":1,"name":"Portada","item":"https:\/\/demoweb.info\/sexshop001\/"},{"@type":"ListItem","position":2,"name":"Tienda","item":"https:\/\/demoweb.info\/sexshop001\/tienda\/"},{"@type":"ListItem","position":3,"name":"MASTER SLAVE KIT BDSM PARA PAREJAS MORADO"}]},{"@type":"WebSite","@id":"https:\/\/demoweb.info\/sexshop001\/#website","url":"https:\/\/demoweb.info\/sexshop001\/","name":"Tienda Er\u00f3tica","description":"DEMOWEB SL","potentialAction":[{"@type":"SearchAction","target":{"@type":"EntryPoint","urlTemplate":"https:\/\/demoweb.info\/sexshop001\/?s={search_term_string}"},"query-input":"required name=search_term_string"}],"inLanguage":"es"}]}},"_links":{"self":[{"href":"https:\/\/demoweb.info\/sexshop001\/wp-json\/wp\/v3\/product\/63315","targetHints":{"allow":["GET"]}}],"collection":[{"href":"https:\/\/demoweb.info\/sexshop001\/wp-json\/wp\/v3\/product"}],"about":[{"href":"https:\/\/demoweb.info\/sexshop001\/wp-json\/wp\/v2\/types\/product"}],"replies":[{"embeddable":true,"href":"https:\/\/demoweb.info\/sexshop001\/wp-json\/wp\/v2\/comments?post=63315"}],"wp:featuredmedia":[{"embeddable":true,"href":"https:\/\/demoweb.info\/sexshop001\/wp-json\/wp\/v2\/media\/63316"}],"wp:attachment":[{"href":"https:\/\/demoweb.info\/sexshop001\/wp-json\/wp\/v2\/media?parent=63315"}],"wp:term":[{"taxonomy":"product_cat","embeddable":true,"href":"https:\/\/demoweb.info\/sexshop001\/wp-json\/wp\/v2\/product_cat?post=63315"},{"taxonomy":"product_tag","embeddable":true,"href":"https:\/\/demoweb.info\/sexshop001\/wp-json\/wp\/v2\/product_tag?post=63315"}],"curies":[{"name":"wp","href":"https:\/\/api.w.org\/{rel}","templated":true}]}}