{"id":63305,"date":"2022-01-22T18:37:08","date_gmt":"2022-01-22T17:37:08","guid":{"rendered":"https:\/\/demoweb.info\/sexshop001\/producto\/corazon-lleno-de-amor-y-deseo-en-es\/"},"modified":"2022-01-22T18:37:24","modified_gmt":"2022-01-22T17:37:24","slug":"corazon-lleno-de-amor-y-deseo-en-es","status":"publish","type":"product","link":"https:\/\/demoweb.info\/sexshop001\/producto\/corazon-lleno-de-amor-y-deseo-en-es\/","title":{"rendered":"CORAZ\u00d3N LLENO DE AMOR Y DESEO (EN-ES)"},"content":{"rendered":"<p><strong>HEART FULL OF LOVE &#038; LUST &#038; CORAZ\u00d3N LLENO DE AMOR &#038; DESEO (EN-ES)<\/strong><\/p>\n<p>Coraz\u00f3n lleno de Amor &#038; Deseo<br \/>\n\u00a1100 noches p\u00edcaras para \u00e9l y ella!<\/p>\n<p>MOODZZ ampl\u00eda su existosa serie de corazones con el estimulante \u2018Coraz\u00f3n lleno de Amor &#038; Deseo\u2019. Cada miembro de la pareja puede seleccionar semanalmente una actividad para sorprenderse, descubrirse y llegar a conocerse mejor. Las pruebas son tiernas, \u00edntimas, a veces incluso ardientes, y conducen a la pura pasi\u00f3n que todos buscamos.<\/p>\n<p>La caja en forma de coraz\u00f3n contiene 100 rollitos de papel: cincuenta de color rosa con pruebas para ella y cincuenta de color blanco para \u00e9l. De esta manera podreis seleccionar, casi durante todo el a\u00f1o, dos veces por semana, un reto emocionante para pasar una noche p\u00edcara, lo que conduce a una exploraci\u00f3n l\u00fadica donde cada uno obtiene la atenci\u00f3n que merece.<\/p>\n<p>Un ejemplo de una actividad rosa (para la mujer):<\/p>\n<p>&#8211; \u00dantate los pechos y la barriga con aceite de masaje y da un masaje con ellos en los hombros, espalda y nalgas de tu pareja. En resumen, dale un aut\u00e9ntico masaje cuerpo a cuerpo.<\/p>\n<p>Un ejemplo de una actividad blanca (para el hombre):<\/p>\n<p>&#8211; Vas a hacer un viaje deleitoso por el cuerpo de tu pareja. Pasa de manera sensual una pluma, tus u\u00f1as, las puntas de los dedos o de tu lengua por el cuerpo de ella.<\/p>\n<p>Coraz\u00f3n lleno de Amor &#038; Deseo estimula el tomar la iniciativa para satisfacerse mutuamente. \u00c9l a ella y ella a \u00e9l, y de esta manera acercarse m\u00e1s er\u00f3ticamente el uno al otro.<\/p>\n","protected":false},"excerpt":{"rendered":"<p>HEART FULL OF LOVE &#038; LUST &#038; CORAZ\u00d3N LLENO DE AMOR &#038; DESEO (EN-ES) Coraz\u00f3n lleno de Amor &#038; Deseo<\/p>\n","protected":false},"featured_media":63306,"comment_status":"open","ping_status":"open","template":"","meta":[],"product_cat":[367],"product_tag":[368],"class_list":["post-63305","product","type-product","status-publish","has-post-thumbnail","hentry","product_cat-juegos-pareja","product_tag-tease-and-please"],"bundled_by":[],"bundle_stock_status":"instock","bundle_stock_quantity":3,"bundle_virtual":false,"bundle_layout":"","bundle_add_to_cart_form_location":"","bundle_editable_in_cart":false,"bundle_sold_individually_context":"","bundle_item_grouping":"","bundle_min_size":"","bundle_max_size":"","bundled_items":[],"yoast_head":"<!-- This site is optimized with the Yoast SEO plugin v20.6 - https:\/\/yoast.com\/wordpress\/plugins\/seo\/ -->\n<title>CORAZ\u00d3N LLENO DE AMOR Y DESEO (EN-ES) - Tienda Er\u00f3tica<\/title>\n<meta name=\"robots\" content=\"noindex, follow, max-snippet:-1, max-image-preview:large, max-video-preview:-1\" \/>\n<meta property=\"og:locale\" content=\"es_ES\" \/>\n<meta property=\"og:type\" content=\"article\" \/>\n<meta property=\"og:title\" content=\"CORAZ\u00d3N LLENO DE AMOR Y DESEO (EN-ES) - Tienda Er\u00f3tica\" \/>\n<meta property=\"og:description\" content=\"HEART FULL OF LOVE &#038; LUST &#038; CORAZ\u00d3N LLENO DE AMOR &#038; DESEO (EN-ES) Coraz\u00f3n lleno de Amor &#038; Deseo\" \/>\n<meta property=\"og:url\" content=\"https:\/\/demoweb.info\/sexshop001\/producto\/corazon-lleno-de-amor-y-deseo-en-es\/\" \/>\n<meta property=\"og:site_name\" content=\"Tienda Er\u00f3tica\" \/>\n<meta property=\"article:modified_time\" content=\"2022-01-22T17:37:24+00:00\" \/>\n<meta property=\"og:image\" content=\"https:\/\/demoweb.info\/sexshop001\/wp-content\/uploads\/2022\/01\/CORAZON-LLENO-DE-AMOR-Y-DESEO-EN-ES.jpg\" \/>\n\t<meta property=\"og:image:width\" content=\"550\" \/>\n\t<meta property=\"og:image:height\" content=\"550\" \/>\n\t<meta property=\"og:image:type\" content=\"image\/jpeg\" \/>\n<meta name=\"twitter:card\" content=\"summary_large_image\" \/>\n<meta name=\"twitter:label1\" content=\"Tiempo de lectura\" \/>\n\t<meta name=\"twitter:data1\" content=\"1 minuto\" \/>\n<script type=\"application\/ld+json\" class=\"yoast-schema-graph\">{\"@context\":\"https:\/\/schema.org\",\"@graph\":[{\"@type\":\"WebPage\",\"@id\":\"https:\/\/demoweb.info\/sexshop001\/producto\/corazon-lleno-de-amor-y-deseo-en-es\/\",\"url\":\"https:\/\/demoweb.info\/sexshop001\/producto\/corazon-lleno-de-amor-y-deseo-en-es\/\",\"name\":\"CORAZ\u00d3N LLENO DE AMOR Y DESEO (EN-ES) - Tienda Er\u00f3tica\",\"isPartOf\":{\"@id\":\"https:\/\/demoweb.info\/sexshop001\/#website\"},\"datePublished\":\"2022-01-22T17:37:08+00:00\",\"dateModified\":\"2022-01-22T17:37:24+00:00\",\"breadcrumb\":{\"@id\":\"https:\/\/demoweb.info\/sexshop001\/producto\/corazon-lleno-de-amor-y-deseo-en-es\/#breadcrumb\"},\"inLanguage\":\"es\",\"potentialAction\":[{\"@type\":\"ReadAction\",\"target\":[\"https:\/\/demoweb.info\/sexshop001\/producto\/corazon-lleno-de-amor-y-deseo-en-es\/\"]}]},{\"@type\":\"BreadcrumbList\",\"@id\":\"https:\/\/demoweb.info\/sexshop001\/producto\/corazon-lleno-de-amor-y-deseo-en-es\/#breadcrumb\",\"itemListElement\":[{\"@type\":\"ListItem\",\"position\":1,\"name\":\"Portada\",\"item\":\"https:\/\/demoweb.info\/sexshop001\/\"},{\"@type\":\"ListItem\",\"position\":2,\"name\":\"Tienda\",\"item\":\"https:\/\/demoweb.info\/sexshop001\/tienda\/\"},{\"@type\":\"ListItem\",\"position\":3,\"name\":\"CORAZ\u00d3N LLENO DE AMOR Y DESEO (EN-ES)\"}]},{\"@type\":\"WebSite\",\"@id\":\"https:\/\/demoweb.info\/sexshop001\/#website\",\"url\":\"https:\/\/demoweb.info\/sexshop001\/\",\"name\":\"Tienda Er\u00f3tica\",\"description\":\"DEMOWEB SL\",\"potentialAction\":[{\"@type\":\"SearchAction\",\"target\":{\"@type\":\"EntryPoint\",\"urlTemplate\":\"https:\/\/demoweb.info\/sexshop001\/?s={search_term_string}\"},\"query-input\":\"required name=search_term_string\"}],\"inLanguage\":\"es\"}]}<\/script>\n<!-- \/ Yoast SEO plugin. -->","yoast_head_json":{"title":"CORAZ\u00d3N LLENO DE AMOR Y DESEO (EN-ES) - Tienda Er\u00f3tica","robots":{"index":"noindex","follow":"follow","max-snippet":"max-snippet:-1","max-image-preview":"max-image-preview:large","max-video-preview":"max-video-preview:-1"},"og_locale":"es_ES","og_type":"article","og_title":"CORAZ\u00d3N LLENO DE AMOR Y DESEO (EN-ES) - Tienda Er\u00f3tica","og_description":"HEART FULL OF LOVE &#038; LUST &#038; CORAZ\u00d3N LLENO DE AMOR &#038; DESEO (EN-ES) Coraz\u00f3n lleno de Amor &#038; Deseo","og_url":"https:\/\/demoweb.info\/sexshop001\/producto\/corazon-lleno-de-amor-y-deseo-en-es\/","og_site_name":"Tienda Er\u00f3tica","article_modified_time":"2022-01-22T17:37:24+00:00","og_image":[{"width":550,"height":550,"url":"https:\/\/demoweb.info\/sexshop001\/wp-content\/uploads\/2022\/01\/CORAZON-LLENO-DE-AMOR-Y-DESEO-EN-ES.jpg","type":"image\/jpeg"}],"twitter_card":"summary_large_image","twitter_misc":{"Tiempo de lectura":"1 minuto"},"schema":{"@context":"https:\/\/schema.org","@graph":[{"@type":"WebPage","@id":"https:\/\/demoweb.info\/sexshop001\/producto\/corazon-lleno-de-amor-y-deseo-en-es\/","url":"https:\/\/demoweb.info\/sexshop001\/producto\/corazon-lleno-de-amor-y-deseo-en-es\/","name":"CORAZ\u00d3N LLENO DE AMOR Y DESEO (EN-ES) - Tienda Er\u00f3tica","isPartOf":{"@id":"https:\/\/demoweb.info\/sexshop001\/#website"},"datePublished":"2022-01-22T17:37:08+00:00","dateModified":"2022-01-22T17:37:24+00:00","breadcrumb":{"@id":"https:\/\/demoweb.info\/sexshop001\/producto\/corazon-lleno-de-amor-y-deseo-en-es\/#breadcrumb"},"inLanguage":"es","potentialAction":[{"@type":"ReadAction","target":["https:\/\/demoweb.info\/sexshop001\/producto\/corazon-lleno-de-amor-y-deseo-en-es\/"]}]},{"@type":"BreadcrumbList","@id":"https:\/\/demoweb.info\/sexshop001\/producto\/corazon-lleno-de-amor-y-deseo-en-es\/#breadcrumb","itemListElement":[{"@type":"ListItem","position":1,"name":"Portada","item":"https:\/\/demoweb.info\/sexshop001\/"},{"@type":"ListItem","position":2,"name":"Tienda","item":"https:\/\/demoweb.info\/sexshop001\/tienda\/"},{"@type":"ListItem","position":3,"name":"CORAZ\u00d3N LLENO DE AMOR Y DESEO (EN-ES)"}]},{"@type":"WebSite","@id":"https:\/\/demoweb.info\/sexshop001\/#website","url":"https:\/\/demoweb.info\/sexshop001\/","name":"Tienda Er\u00f3tica","description":"DEMOWEB SL","potentialAction":[{"@type":"SearchAction","target":{"@type":"EntryPoint","urlTemplate":"https:\/\/demoweb.info\/sexshop001\/?s={search_term_string}"},"query-input":"required name=search_term_string"}],"inLanguage":"es"}]}},"_links":{"self":[{"href":"https:\/\/demoweb.info\/sexshop001\/wp-json\/wp\/v3\/product\/63305","targetHints":{"allow":["GET"]}}],"collection":[{"href":"https:\/\/demoweb.info\/sexshop001\/wp-json\/wp\/v3\/product"}],"about":[{"href":"https:\/\/demoweb.info\/sexshop001\/wp-json\/wp\/v2\/types\/product"}],"replies":[{"embeddable":true,"href":"https:\/\/demoweb.info\/sexshop001\/wp-json\/wp\/v2\/comments?post=63305"}],"wp:featuredmedia":[{"embeddable":true,"href":"https:\/\/demoweb.info\/sexshop001\/wp-json\/wp\/v2\/media\/63306"}],"wp:attachment":[{"href":"https:\/\/demoweb.info\/sexshop001\/wp-json\/wp\/v2\/media?parent=63305"}],"wp:term":[{"taxonomy":"product_cat","embeddable":true,"href":"https:\/\/demoweb.info\/sexshop001\/wp-json\/wp\/v2\/product_cat?post=63305"},{"taxonomy":"product_tag","embeddable":true,"href":"https:\/\/demoweb.info\/sexshop001\/wp-json\/wp\/v2\/product_tag?post=63305"}],"curies":[{"name":"wp","href":"https:\/\/api.w.org\/{rel}","templated":true}]}}