{"id":63301,"date":"2022-01-22T18:37:08","date_gmt":"2022-01-22T17:37:08","guid":{"rendered":"https:\/\/demoweb.info\/sexshop001\/producto\/corazon-fetiche-en-es\/"},"modified":"2022-01-22T18:37:21","modified_gmt":"2022-01-22T17:37:21","slug":"corazon-fetiche-en-es","status":"publish","type":"product","link":"https:\/\/demoweb.info\/sexshop001\/producto\/corazon-fetiche-en-es\/","title":{"rendered":"CORAZ\u00d3N FETICHE (EN-ES)"},"content":{"rendered":"<p><strong>KINKY HEART &#038; CORAZ\u00d3N FETICHE (EN-ES)<\/strong><\/p>\n<p>Coraz\u00f3n Fetiche<br \/>\n\u00a1100 pruebas fetiches para divertirse sin tabus!<\/p>\n<p>T\u00fa o tu pareja sac\u00e1is con ayuda de las pinzas un rollito del coraz\u00f3n. \u00bfQ\u00fae es lo que va a pasar? \u00bfSe cumplir\u00e1 una fantas\u00eda secreta o llegar\u00e9is juntos a un nuevo descubrimiento? Explora los l\u00edmites de vuestra relaci\u00f3n sexual y disfrutad de vuestros momentos \u00edntimos juntos.<\/p>\n<p>&#8211; Descubre la sensibilidad de los pezones de tu pareja: sit\u00faa delicadamente el pez\u00f3n de tu pareja entre tu dedo pulgar y el \u00edndice. Incrementa la presi\u00f3n con suavidad. Tu pareja te dir\u00e1 cuando haya demasiada presi\u00f3n. Comprueba con caricias el incremento de la sensibilidad.<br \/>\n&#8211; En su encuentro sexual ideal, \u00bftomas el control o lo toma tu pareja?<br \/>\n&#8211; Cuenta a tu pareja una de tus fantas\u00edas m\u00e1s atrevidas. Elige una que todav\u00eda no compartas, y que pienses que se podr\u00eda experimentar de alg\u00fan modo en la vida real.<\/p>\n<p>El Coraz\u00f3n Fetiche os llevar\u00e1 a un viaje de descubrimiento y es un juego que no se puede comparar con ning\u00fan otro. No hay l\u00edmite de tiempo, s\u00f3lo hay ganadores y ,.. se puede jugar en cualquier momento del d\u00eda.<\/p>\n","protected":false},"excerpt":{"rendered":"<p>KINKY HEART &#038; CORAZ\u00d3N FETICHE (EN-ES) Coraz\u00f3n Fetiche \u00a1100 pruebas fetiches para divertirse sin tabus! T\u00fa o tu pareja sac\u00e1is<\/p>\n","protected":false},"featured_media":63302,"comment_status":"open","ping_status":"open","template":"","meta":[],"product_cat":[367],"product_tag":[368],"class_list":["post-63301","product","type-product","status-publish","has-post-thumbnail","hentry","product_cat-juegos-pareja","product_tag-tease-and-please"],"bundled_by":[],"bundle_stock_status":"outofstock","bundle_stock_quantity":0,"bundle_virtual":false,"bundle_layout":"","bundle_add_to_cart_form_location":"","bundle_editable_in_cart":false,"bundle_sold_individually_context":"","bundle_item_grouping":"","bundle_min_size":"","bundle_max_size":"","bundled_items":[],"yoast_head":"<!-- This site is optimized with the Yoast SEO plugin v20.6 - https:\/\/yoast.com\/wordpress\/plugins\/seo\/ -->\n<title>CORAZ\u00d3N FETICHE (EN-ES) - Tienda Er\u00f3tica<\/title>\n<meta name=\"robots\" content=\"noindex, follow, max-snippet:-1, max-image-preview:large, max-video-preview:-1\" \/>\n<meta property=\"og:locale\" content=\"es_ES\" \/>\n<meta property=\"og:type\" content=\"article\" \/>\n<meta property=\"og:title\" content=\"CORAZ\u00d3N FETICHE (EN-ES) - Tienda Er\u00f3tica\" \/>\n<meta property=\"og:description\" content=\"KINKY HEART &#038; CORAZ\u00d3N FETICHE (EN-ES) Coraz\u00f3n Fetiche \u00a1100 pruebas fetiches para divertirse sin tabus! T\u00fa o tu pareja sac\u00e1is\" \/>\n<meta property=\"og:url\" content=\"https:\/\/demoweb.info\/sexshop001\/producto\/corazon-fetiche-en-es\/\" \/>\n<meta property=\"og:site_name\" content=\"Tienda Er\u00f3tica\" \/>\n<meta property=\"article:modified_time\" content=\"2022-01-22T17:37:21+00:00\" \/>\n<meta property=\"og:image\" content=\"https:\/\/demoweb.info\/sexshop001\/wp-content\/uploads\/2022\/01\/CORAZON-FETICHE-EN-ES.jpg\" \/>\n\t<meta property=\"og:image:width\" content=\"550\" \/>\n\t<meta property=\"og:image:height\" content=\"550\" \/>\n\t<meta property=\"og:image:type\" content=\"image\/jpeg\" \/>\n<meta name=\"twitter:card\" content=\"summary_large_image\" \/>\n<meta name=\"twitter:label1\" content=\"Tiempo de lectura\" \/>\n\t<meta name=\"twitter:data1\" content=\"1 minuto\" \/>\n<script type=\"application\/ld+json\" class=\"yoast-schema-graph\">{\"@context\":\"https:\/\/schema.org\",\"@graph\":[{\"@type\":\"WebPage\",\"@id\":\"https:\/\/demoweb.info\/sexshop001\/producto\/corazon-fetiche-en-es\/\",\"url\":\"https:\/\/demoweb.info\/sexshop001\/producto\/corazon-fetiche-en-es\/\",\"name\":\"CORAZ\u00d3N FETICHE (EN-ES) - Tienda Er\u00f3tica\",\"isPartOf\":{\"@id\":\"https:\/\/demoweb.info\/sexshop001\/#website\"},\"datePublished\":\"2022-01-22T17:37:08+00:00\",\"dateModified\":\"2022-01-22T17:37:21+00:00\",\"breadcrumb\":{\"@id\":\"https:\/\/demoweb.info\/sexshop001\/producto\/corazon-fetiche-en-es\/#breadcrumb\"},\"inLanguage\":\"es\",\"potentialAction\":[{\"@type\":\"ReadAction\",\"target\":[\"https:\/\/demoweb.info\/sexshop001\/producto\/corazon-fetiche-en-es\/\"]}]},{\"@type\":\"BreadcrumbList\",\"@id\":\"https:\/\/demoweb.info\/sexshop001\/producto\/corazon-fetiche-en-es\/#breadcrumb\",\"itemListElement\":[{\"@type\":\"ListItem\",\"position\":1,\"name\":\"Portada\",\"item\":\"https:\/\/demoweb.info\/sexshop001\/\"},{\"@type\":\"ListItem\",\"position\":2,\"name\":\"Tienda\",\"item\":\"https:\/\/demoweb.info\/sexshop001\/tienda\/\"},{\"@type\":\"ListItem\",\"position\":3,\"name\":\"CORAZ\u00d3N FETICHE (EN-ES)\"}]},{\"@type\":\"WebSite\",\"@id\":\"https:\/\/demoweb.info\/sexshop001\/#website\",\"url\":\"https:\/\/demoweb.info\/sexshop001\/\",\"name\":\"Tienda Er\u00f3tica\",\"description\":\"DEMOWEB SL\",\"potentialAction\":[{\"@type\":\"SearchAction\",\"target\":{\"@type\":\"EntryPoint\",\"urlTemplate\":\"https:\/\/demoweb.info\/sexshop001\/?s={search_term_string}\"},\"query-input\":\"required name=search_term_string\"}],\"inLanguage\":\"es\"}]}<\/script>\n<!-- \/ Yoast SEO plugin. -->","yoast_head_json":{"title":"CORAZ\u00d3N FETICHE (EN-ES) - Tienda Er\u00f3tica","robots":{"index":"noindex","follow":"follow","max-snippet":"max-snippet:-1","max-image-preview":"max-image-preview:large","max-video-preview":"max-video-preview:-1"},"og_locale":"es_ES","og_type":"article","og_title":"CORAZ\u00d3N FETICHE (EN-ES) - Tienda Er\u00f3tica","og_description":"KINKY HEART &#038; CORAZ\u00d3N FETICHE (EN-ES) Coraz\u00f3n Fetiche \u00a1100 pruebas fetiches para divertirse sin tabus! T\u00fa o tu pareja sac\u00e1is","og_url":"https:\/\/demoweb.info\/sexshop001\/producto\/corazon-fetiche-en-es\/","og_site_name":"Tienda Er\u00f3tica","article_modified_time":"2022-01-22T17:37:21+00:00","og_image":[{"width":550,"height":550,"url":"https:\/\/demoweb.info\/sexshop001\/wp-content\/uploads\/2022\/01\/CORAZON-FETICHE-EN-ES.jpg","type":"image\/jpeg"}],"twitter_card":"summary_large_image","twitter_misc":{"Tiempo de lectura":"1 minuto"},"schema":{"@context":"https:\/\/schema.org","@graph":[{"@type":"WebPage","@id":"https:\/\/demoweb.info\/sexshop001\/producto\/corazon-fetiche-en-es\/","url":"https:\/\/demoweb.info\/sexshop001\/producto\/corazon-fetiche-en-es\/","name":"CORAZ\u00d3N FETICHE (EN-ES) - Tienda Er\u00f3tica","isPartOf":{"@id":"https:\/\/demoweb.info\/sexshop001\/#website"},"datePublished":"2022-01-22T17:37:08+00:00","dateModified":"2022-01-22T17:37:21+00:00","breadcrumb":{"@id":"https:\/\/demoweb.info\/sexshop001\/producto\/corazon-fetiche-en-es\/#breadcrumb"},"inLanguage":"es","potentialAction":[{"@type":"ReadAction","target":["https:\/\/demoweb.info\/sexshop001\/producto\/corazon-fetiche-en-es\/"]}]},{"@type":"BreadcrumbList","@id":"https:\/\/demoweb.info\/sexshop001\/producto\/corazon-fetiche-en-es\/#breadcrumb","itemListElement":[{"@type":"ListItem","position":1,"name":"Portada","item":"https:\/\/demoweb.info\/sexshop001\/"},{"@type":"ListItem","position":2,"name":"Tienda","item":"https:\/\/demoweb.info\/sexshop001\/tienda\/"},{"@type":"ListItem","position":3,"name":"CORAZ\u00d3N FETICHE (EN-ES)"}]},{"@type":"WebSite","@id":"https:\/\/demoweb.info\/sexshop001\/#website","url":"https:\/\/demoweb.info\/sexshop001\/","name":"Tienda Er\u00f3tica","description":"DEMOWEB SL","potentialAction":[{"@type":"SearchAction","target":{"@type":"EntryPoint","urlTemplate":"https:\/\/demoweb.info\/sexshop001\/?s={search_term_string}"},"query-input":"required name=search_term_string"}],"inLanguage":"es"}]}},"_links":{"self":[{"href":"https:\/\/demoweb.info\/sexshop001\/wp-json\/wp\/v3\/product\/63301","targetHints":{"allow":["GET"]}}],"collection":[{"href":"https:\/\/demoweb.info\/sexshop001\/wp-json\/wp\/v3\/product"}],"about":[{"href":"https:\/\/demoweb.info\/sexshop001\/wp-json\/wp\/v2\/types\/product"}],"replies":[{"embeddable":true,"href":"https:\/\/demoweb.info\/sexshop001\/wp-json\/wp\/v2\/comments?post=63301"}],"wp:featuredmedia":[{"embeddable":true,"href":"https:\/\/demoweb.info\/sexshop001\/wp-json\/wp\/v2\/media\/63302"}],"wp:attachment":[{"href":"https:\/\/demoweb.info\/sexshop001\/wp-json\/wp\/v2\/media?parent=63301"}],"wp:term":[{"taxonomy":"product_cat","embeddable":true,"href":"https:\/\/demoweb.info\/sexshop001\/wp-json\/wp\/v2\/product_cat?post=63301"},{"taxonomy":"product_tag","embeddable":true,"href":"https:\/\/demoweb.info\/sexshop001\/wp-json\/wp\/v2\/product_tag?post=63301"}],"curies":[{"name":"wp","href":"https:\/\/api.w.org\/{rel}","templated":true}]}}