{"id":63288,"date":"2022-01-22T18:37:08","date_gmt":"2022-01-22T17:37:08","guid":{"rendered":"https:\/\/demoweb.info\/sexshop001\/producto\/descubre-a-tu-amante-edicion-de-viaje\/"},"modified":"2022-01-22T18:37:11","modified_gmt":"2022-01-22T17:37:11","slug":"descubre-a-tu-amante-edicion-de-viaje","status":"publish","type":"product","link":"https:\/\/demoweb.info\/sexshop001\/producto\/descubre-a-tu-amante-edicion-de-viaje\/","title":{"rendered":"DESCUBRE A TU AMANTE &#8211; EDICI\u00d3N DE VIAJE"},"content":{"rendered":"<p><strong>DISCOVER YOUR LOVER TRAVEL EDITION (NL-ES-EN-DE-FR)<\/strong><\/p>\n<p>Un juego de viaje tentador para una aventura mutuamente er\u00f3tica. Presentamos &#8230; \u00a1<strong>DISCOVER YOUR LOVER TRAVEL EDITION<\/strong> para un erotismo adicional cuando est\u00e9s de vacaciones!<\/p>\n<p>Despu\u00e9s de todo, unas vacaciones son el momento perfecto para despertar la pasi\u00f3n dormida en cualquier relaci\u00f3n. Esta edici\u00f3n de viaje estimulante del mundialmente famoso juego er\u00f3tico para dos amantes (m \/ f) te lleva a un sorprendente viaje de emocionantes desaf\u00edos hacia tu fantas\u00eda m\u00e1s atrevida. Por supuesto, el respeto mutuo de las fantas\u00edas y los l\u00edmites de cada uno sigue siendo la clave en todo momento.<\/p>\n<p>Discover your lover se lanz\u00f3 en 2007. \u00a1Con gran \u00e9xito! El juego ha sido traducido a cinco idiomas y se juega en todo el mundo. Los amantes se descubren mutuamente en nuevas y emocionantes formas, acerc\u00e1ndose (incluso) m\u00e1s.<\/p>\n<p>La edici\u00f3n de viaje del juego contiene m\u00e1s de 100 nuevas preguntas y tareas, lo que garantiza unas vacaciones inolvidables. Todo gira en torno a disfrutar el uno del otro ampliamente, a trav\u00e9s de preguntas \u00edntimas y tareas emocionantes. El juego tiene diferentes niveles y se puede jugar para adaptarse a tu propio gusto y elecci\u00f3n. El ganador obtendr\u00e1 su m\u00e1xima fantas\u00eda cumplida. \u00a1Descubre la fantas\u00eda m\u00e1s profunda del otro &#8230; y haz realidad esos sue\u00f1os!<\/p>\n<p>Para agregar un toque picante a esta edici\u00f3n, ahora tambi\u00e9n incluye una venda sutilmente transparente. Esto puede ser usado como venda para los ojos o para alguna atadura descarada. Si despu\u00e9s de jugar, deseas relajarte de otra manera, entonces tambi\u00e9n puedes usar el tablero de juego como un Frisbee. Usando su propia bolsa de viaje de sat\u00e9n, puedes llevarla f\u00e1cilmente a cualquier parte, de manera discreta, solo para agregar un poco de erotismo y hacer que tus vacaciones sean completas.<\/p>\n<p>Este juego fue desarrollado en colaboraci\u00f3n con sex\u00f3logos. Tiene un ambiente femenino, respetuoso y emocionante. Todos los deseos y sue\u00f1os de hombres y mujeres son descubiertos y expresados.<\/p>\n","protected":false},"excerpt":{"rendered":"<p>DISCOVER YOUR LOVER TRAVEL EDITION (NL-ES-EN-DE-FR) Un juego de viaje tentador para una aventura mutuamente er\u00f3tica. Presentamos &#8230; \u00a1DISCOVER YOUR<\/p>\n","protected":false},"featured_media":63289,"comment_status":"open","ping_status":"open","template":"","meta":[],"product_cat":[367],"product_tag":[368],"class_list":["post-63288","product","type-product","status-publish","has-post-thumbnail","hentry","product_cat-juegos-pareja","product_tag-tease-and-please"],"bundled_by":[],"bundle_stock_status":"instock","bundle_stock_quantity":3,"bundle_virtual":false,"bundle_layout":"","bundle_add_to_cart_form_location":"","bundle_editable_in_cart":false,"bundle_sold_individually_context":"","bundle_item_grouping":"","bundle_min_size":"","bundle_max_size":"","bundled_items":[],"yoast_head":"<!-- This site is optimized with the Yoast SEO plugin v20.6 - https:\/\/yoast.com\/wordpress\/plugins\/seo\/ -->\n<title>DESCUBRE A TU AMANTE - EDICI\u00d3N DE VIAJE - Tienda Er\u00f3tica<\/title>\n<meta name=\"robots\" content=\"noindex, follow, max-snippet:-1, max-image-preview:large, max-video-preview:-1\" \/>\n<meta property=\"og:locale\" content=\"es_ES\" \/>\n<meta property=\"og:type\" content=\"article\" \/>\n<meta property=\"og:title\" content=\"DESCUBRE A TU AMANTE - EDICI\u00d3N DE VIAJE - Tienda Er\u00f3tica\" \/>\n<meta property=\"og:description\" content=\"DISCOVER YOUR LOVER TRAVEL EDITION (NL-ES-EN-DE-FR) Un juego de viaje tentador para una aventura mutuamente er\u00f3tica. Presentamos &#8230; \u00a1DISCOVER YOUR\" \/>\n<meta property=\"og:url\" content=\"https:\/\/demoweb.info\/sexshop001\/producto\/descubre-a-tu-amante-edicion-de-viaje\/\" \/>\n<meta property=\"og:site_name\" content=\"Tienda Er\u00f3tica\" \/>\n<meta property=\"article:modified_time\" content=\"2022-01-22T17:37:11+00:00\" \/>\n<meta property=\"og:image\" content=\"https:\/\/demoweb.info\/sexshop001\/wp-content\/uploads\/2022\/01\/DESCUBRE-A-TU-AMANTE-EDICION-DE-VIAJE.jpg\" \/>\n\t<meta property=\"og:image:width\" content=\"550\" \/>\n\t<meta property=\"og:image:height\" content=\"550\" \/>\n\t<meta property=\"og:image:type\" content=\"image\/jpeg\" \/>\n<meta name=\"twitter:card\" content=\"summary_large_image\" \/>\n<meta name=\"twitter:label1\" content=\"Tiempo de lectura\" \/>\n\t<meta name=\"twitter:data1\" content=\"2 minutos\" \/>\n<script type=\"application\/ld+json\" class=\"yoast-schema-graph\">{\"@context\":\"https:\/\/schema.org\",\"@graph\":[{\"@type\":\"WebPage\",\"@id\":\"https:\/\/demoweb.info\/sexshop001\/producto\/descubre-a-tu-amante-edicion-de-viaje\/\",\"url\":\"https:\/\/demoweb.info\/sexshop001\/producto\/descubre-a-tu-amante-edicion-de-viaje\/\",\"name\":\"DESCUBRE A TU AMANTE - EDICI\u00d3N DE VIAJE - Tienda Er\u00f3tica\",\"isPartOf\":{\"@id\":\"https:\/\/demoweb.info\/sexshop001\/#website\"},\"datePublished\":\"2022-01-22T17:37:08+00:00\",\"dateModified\":\"2022-01-22T17:37:11+00:00\",\"breadcrumb\":{\"@id\":\"https:\/\/demoweb.info\/sexshop001\/producto\/descubre-a-tu-amante-edicion-de-viaje\/#breadcrumb\"},\"inLanguage\":\"es\",\"potentialAction\":[{\"@type\":\"ReadAction\",\"target\":[\"https:\/\/demoweb.info\/sexshop001\/producto\/descubre-a-tu-amante-edicion-de-viaje\/\"]}]},{\"@type\":\"BreadcrumbList\",\"@id\":\"https:\/\/demoweb.info\/sexshop001\/producto\/descubre-a-tu-amante-edicion-de-viaje\/#breadcrumb\",\"itemListElement\":[{\"@type\":\"ListItem\",\"position\":1,\"name\":\"Portada\",\"item\":\"https:\/\/demoweb.info\/sexshop001\/\"},{\"@type\":\"ListItem\",\"position\":2,\"name\":\"Tienda\",\"item\":\"https:\/\/demoweb.info\/sexshop001\/tienda\/\"},{\"@type\":\"ListItem\",\"position\":3,\"name\":\"DESCUBRE A TU AMANTE &#8211; EDICI\u00d3N DE VIAJE\"}]},{\"@type\":\"WebSite\",\"@id\":\"https:\/\/demoweb.info\/sexshop001\/#website\",\"url\":\"https:\/\/demoweb.info\/sexshop001\/\",\"name\":\"Tienda Er\u00f3tica\",\"description\":\"DEMOWEB SL\",\"potentialAction\":[{\"@type\":\"SearchAction\",\"target\":{\"@type\":\"EntryPoint\",\"urlTemplate\":\"https:\/\/demoweb.info\/sexshop001\/?s={search_term_string}\"},\"query-input\":\"required name=search_term_string\"}],\"inLanguage\":\"es\"}]}<\/script>\n<!-- \/ Yoast SEO plugin. -->","yoast_head_json":{"title":"DESCUBRE A TU AMANTE - EDICI\u00d3N DE VIAJE - Tienda Er\u00f3tica","robots":{"index":"noindex","follow":"follow","max-snippet":"max-snippet:-1","max-image-preview":"max-image-preview:large","max-video-preview":"max-video-preview:-1"},"og_locale":"es_ES","og_type":"article","og_title":"DESCUBRE A TU AMANTE - EDICI\u00d3N DE VIAJE - Tienda Er\u00f3tica","og_description":"DISCOVER YOUR LOVER TRAVEL EDITION (NL-ES-EN-DE-FR) Un juego de viaje tentador para una aventura mutuamente er\u00f3tica. Presentamos &#8230; \u00a1DISCOVER YOUR","og_url":"https:\/\/demoweb.info\/sexshop001\/producto\/descubre-a-tu-amante-edicion-de-viaje\/","og_site_name":"Tienda Er\u00f3tica","article_modified_time":"2022-01-22T17:37:11+00:00","og_image":[{"width":550,"height":550,"url":"https:\/\/demoweb.info\/sexshop001\/wp-content\/uploads\/2022\/01\/DESCUBRE-A-TU-AMANTE-EDICION-DE-VIAJE.jpg","type":"image\/jpeg"}],"twitter_card":"summary_large_image","twitter_misc":{"Tiempo de lectura":"2 minutos"},"schema":{"@context":"https:\/\/schema.org","@graph":[{"@type":"WebPage","@id":"https:\/\/demoweb.info\/sexshop001\/producto\/descubre-a-tu-amante-edicion-de-viaje\/","url":"https:\/\/demoweb.info\/sexshop001\/producto\/descubre-a-tu-amante-edicion-de-viaje\/","name":"DESCUBRE A TU AMANTE - EDICI\u00d3N DE VIAJE - Tienda Er\u00f3tica","isPartOf":{"@id":"https:\/\/demoweb.info\/sexshop001\/#website"},"datePublished":"2022-01-22T17:37:08+00:00","dateModified":"2022-01-22T17:37:11+00:00","breadcrumb":{"@id":"https:\/\/demoweb.info\/sexshop001\/producto\/descubre-a-tu-amante-edicion-de-viaje\/#breadcrumb"},"inLanguage":"es","potentialAction":[{"@type":"ReadAction","target":["https:\/\/demoweb.info\/sexshop001\/producto\/descubre-a-tu-amante-edicion-de-viaje\/"]}]},{"@type":"BreadcrumbList","@id":"https:\/\/demoweb.info\/sexshop001\/producto\/descubre-a-tu-amante-edicion-de-viaje\/#breadcrumb","itemListElement":[{"@type":"ListItem","position":1,"name":"Portada","item":"https:\/\/demoweb.info\/sexshop001\/"},{"@type":"ListItem","position":2,"name":"Tienda","item":"https:\/\/demoweb.info\/sexshop001\/tienda\/"},{"@type":"ListItem","position":3,"name":"DESCUBRE A TU AMANTE &#8211; EDICI\u00d3N DE VIAJE"}]},{"@type":"WebSite","@id":"https:\/\/demoweb.info\/sexshop001\/#website","url":"https:\/\/demoweb.info\/sexshop001\/","name":"Tienda Er\u00f3tica","description":"DEMOWEB SL","potentialAction":[{"@type":"SearchAction","target":{"@type":"EntryPoint","urlTemplate":"https:\/\/demoweb.info\/sexshop001\/?s={search_term_string}"},"query-input":"required name=search_term_string"}],"inLanguage":"es"}]}},"_links":{"self":[{"href":"https:\/\/demoweb.info\/sexshop001\/wp-json\/wp\/v3\/product\/63288","targetHints":{"allow":["GET"]}}],"collection":[{"href":"https:\/\/demoweb.info\/sexshop001\/wp-json\/wp\/v3\/product"}],"about":[{"href":"https:\/\/demoweb.info\/sexshop001\/wp-json\/wp\/v2\/types\/product"}],"replies":[{"embeddable":true,"href":"https:\/\/demoweb.info\/sexshop001\/wp-json\/wp\/v2\/comments?post=63288"}],"wp:featuredmedia":[{"embeddable":true,"href":"https:\/\/demoweb.info\/sexshop001\/wp-json\/wp\/v2\/media\/63289"}],"wp:attachment":[{"href":"https:\/\/demoweb.info\/sexshop001\/wp-json\/wp\/v2\/media?parent=63288"}],"wp:term":[{"taxonomy":"product_cat","embeddable":true,"href":"https:\/\/demoweb.info\/sexshop001\/wp-json\/wp\/v2\/product_cat?post=63288"},{"taxonomy":"product_tag","embeddable":true,"href":"https:\/\/demoweb.info\/sexshop001\/wp-json\/wp\/v2\/product_tag?post=63288"}],"curies":[{"name":"wp","href":"https:\/\/api.w.org\/{rel}","templated":true}]}}