{"id":63284,"date":"2022-01-22T18:37:08","date_gmt":"2022-01-22T17:37:08","guid":{"rendered":"https:\/\/demoweb.info\/sexshop001\/producto\/corazon-romanticoen-es\/"},"modified":"2022-01-22T18:37:08","modified_gmt":"2022-01-22T17:37:08","slug":"corazon-romanticoen-es","status":"publish","type":"product","link":"https:\/\/demoweb.info\/sexshop001\/producto\/corazon-romanticoen-es\/","title":{"rendered":"CORAZ\u00d3N ROM\u00c1NTICO(EN-ES)"},"content":{"rendered":"<p><strong>ROMANTIC HEART &#038; CORAZ\u00d3N ROM\u00c1NTICO (EN-ES)<\/strong><\/p>\n<p>Coraz\u00f3n Rom\u00e1ntico<br \/>\n\u00a1M\u00e1s de 100 pruebas llenas de romanticismo!<\/p>\n<p>Pide a tu pareja que ponga tu canci\u00f3n rom\u00e1ntica favorita. Deja un caminito de corazones, p\u00e9talos de rosa o velas que gu\u00ede a tu pareja hacia el lugar donde le hayas preparado una sorpresa&#8230; Describe tu sue\u00f1o m\u00e1s rom\u00e1ntico o escribe un bonito poema para tu pareja.<\/p>\n<p>\u2018Coraz\u00f3n Rom\u00e1ntico\u2019es un juego er\u00f3tico para ti y tu pareja. T\u00fa o tu pareja sac\u00e1is con ayuda de las pinzas un rollito del coraz\u00f3n. \u00bfQ\u00fae es lo que va a pasar? \u00bfSe tratar\u00e1 de una deliciosa velada juntos o de una noche \u00edntima y ardiente?<\/p>\n<p>El juego no se puede comparar con ning\u00fan otro. No hay l\u00edmite de tiempo, s\u00f3lo hay ganadores, se puede jugar en cualquier momento del d\u00eda y eres sorprendido con frecuencia con una rom\u00e1tica manifestaci\u00f3n de tu pareja. Algunas pruebas pueden ser realizadas de inmediato, pero por ejemplo la organizaci\u00f3n de una salida rom\u00e1ntica o de una sorpresa excitante contribuir\u00e1 a un delicioso encuentro posteriormente.<\/p>\n<p>En resumen: \u00a1Un juego para disfrutar de muchos momentos rom\u00e1nticos e \u00edntimos!<\/p>\n","protected":false},"excerpt":{"rendered":"<p>ROMANTIC HEART &#038; CORAZ\u00d3N ROM\u00c1NTICO (EN-ES) Coraz\u00f3n Rom\u00e1ntico \u00a1M\u00e1s de 100 pruebas llenas de romanticismo! Pide a tu pareja que<\/p>\n","protected":false},"featured_media":63285,"comment_status":"open","ping_status":"open","template":"","meta":[],"product_cat":[367],"product_tag":[368],"class_list":["post-63284","product","type-product","status-publish","has-post-thumbnail","hentry","product_cat-juegos-pareja","product_tag-tease-and-please"],"bundled_by":[],"bundle_stock_status":"outofstock","bundle_stock_quantity":0,"bundle_virtual":false,"bundle_layout":"","bundle_add_to_cart_form_location":"","bundle_editable_in_cart":false,"bundle_sold_individually_context":"","bundle_item_grouping":"","bundle_min_size":"","bundle_max_size":"","bundled_items":[],"yoast_head":"<!-- This site is optimized with the Yoast SEO plugin v20.6 - https:\/\/yoast.com\/wordpress\/plugins\/seo\/ -->\n<title>CORAZ\u00d3N ROM\u00c1NTICO(EN-ES) - Tienda Er\u00f3tica<\/title>\n<meta name=\"robots\" content=\"noindex, follow, max-snippet:-1, max-image-preview:large, max-video-preview:-1\" \/>\n<meta property=\"og:locale\" content=\"es_ES\" \/>\n<meta property=\"og:type\" content=\"article\" \/>\n<meta property=\"og:title\" content=\"CORAZ\u00d3N ROM\u00c1NTICO(EN-ES) - Tienda Er\u00f3tica\" \/>\n<meta property=\"og:description\" content=\"ROMANTIC HEART &#038; CORAZ\u00d3N ROM\u00c1NTICO (EN-ES) Coraz\u00f3n Rom\u00e1ntico \u00a1M\u00e1s de 100 pruebas llenas de romanticismo! Pide a tu pareja que\" \/>\n<meta property=\"og:url\" content=\"https:\/\/demoweb.info\/sexshop001\/producto\/corazon-romanticoen-es\/\" \/>\n<meta property=\"og:site_name\" content=\"Tienda Er\u00f3tica\" \/>\n<meta property=\"og:image\" content=\"https:\/\/demoweb.info\/sexshop001\/wp-content\/uploads\/2022\/01\/CORAZON-ROMANTICOEN-ES.jpg\" \/>\n\t<meta property=\"og:image:width\" content=\"550\" \/>\n\t<meta property=\"og:image:height\" content=\"550\" \/>\n\t<meta property=\"og:image:type\" content=\"image\/jpeg\" \/>\n<meta name=\"twitter:card\" content=\"summary_large_image\" \/>\n<meta name=\"twitter:label1\" content=\"Tiempo de lectura\" \/>\n\t<meta name=\"twitter:data1\" content=\"1 minuto\" \/>\n<script type=\"application\/ld+json\" class=\"yoast-schema-graph\">{\"@context\":\"https:\/\/schema.org\",\"@graph\":[{\"@type\":\"WebPage\",\"@id\":\"https:\/\/demoweb.info\/sexshop001\/producto\/corazon-romanticoen-es\/\",\"url\":\"https:\/\/demoweb.info\/sexshop001\/producto\/corazon-romanticoen-es\/\",\"name\":\"CORAZ\u00d3N ROM\u00c1NTICO(EN-ES) - Tienda Er\u00f3tica\",\"isPartOf\":{\"@id\":\"https:\/\/demoweb.info\/sexshop001\/#website\"},\"datePublished\":\"2022-01-22T17:37:08+00:00\",\"dateModified\":\"2022-01-22T17:37:08+00:00\",\"breadcrumb\":{\"@id\":\"https:\/\/demoweb.info\/sexshop001\/producto\/corazon-romanticoen-es\/#breadcrumb\"},\"inLanguage\":\"es\",\"potentialAction\":[{\"@type\":\"ReadAction\",\"target\":[\"https:\/\/demoweb.info\/sexshop001\/producto\/corazon-romanticoen-es\/\"]}]},{\"@type\":\"BreadcrumbList\",\"@id\":\"https:\/\/demoweb.info\/sexshop001\/producto\/corazon-romanticoen-es\/#breadcrumb\",\"itemListElement\":[{\"@type\":\"ListItem\",\"position\":1,\"name\":\"Portada\",\"item\":\"https:\/\/demoweb.info\/sexshop001\/\"},{\"@type\":\"ListItem\",\"position\":2,\"name\":\"Tienda\",\"item\":\"https:\/\/demoweb.info\/sexshop001\/tienda\/\"},{\"@type\":\"ListItem\",\"position\":3,\"name\":\"CORAZ\u00d3N ROM\u00c1NTICO(EN-ES)\"}]},{\"@type\":\"WebSite\",\"@id\":\"https:\/\/demoweb.info\/sexshop001\/#website\",\"url\":\"https:\/\/demoweb.info\/sexshop001\/\",\"name\":\"Tienda Er\u00f3tica\",\"description\":\"DEMOWEB SL\",\"potentialAction\":[{\"@type\":\"SearchAction\",\"target\":{\"@type\":\"EntryPoint\",\"urlTemplate\":\"https:\/\/demoweb.info\/sexshop001\/?s={search_term_string}\"},\"query-input\":\"required name=search_term_string\"}],\"inLanguage\":\"es\"}]}<\/script>\n<!-- \/ Yoast SEO plugin. -->","yoast_head_json":{"title":"CORAZ\u00d3N ROM\u00c1NTICO(EN-ES) - Tienda Er\u00f3tica","robots":{"index":"noindex","follow":"follow","max-snippet":"max-snippet:-1","max-image-preview":"max-image-preview:large","max-video-preview":"max-video-preview:-1"},"og_locale":"es_ES","og_type":"article","og_title":"CORAZ\u00d3N ROM\u00c1NTICO(EN-ES) - Tienda Er\u00f3tica","og_description":"ROMANTIC HEART &#038; CORAZ\u00d3N ROM\u00c1NTICO (EN-ES) Coraz\u00f3n Rom\u00e1ntico \u00a1M\u00e1s de 100 pruebas llenas de romanticismo! Pide a tu pareja que","og_url":"https:\/\/demoweb.info\/sexshop001\/producto\/corazon-romanticoen-es\/","og_site_name":"Tienda Er\u00f3tica","og_image":[{"width":550,"height":550,"url":"https:\/\/demoweb.info\/sexshop001\/wp-content\/uploads\/2022\/01\/CORAZON-ROMANTICOEN-ES.jpg","type":"image\/jpeg"}],"twitter_card":"summary_large_image","twitter_misc":{"Tiempo de lectura":"1 minuto"},"schema":{"@context":"https:\/\/schema.org","@graph":[{"@type":"WebPage","@id":"https:\/\/demoweb.info\/sexshop001\/producto\/corazon-romanticoen-es\/","url":"https:\/\/demoweb.info\/sexshop001\/producto\/corazon-romanticoen-es\/","name":"CORAZ\u00d3N ROM\u00c1NTICO(EN-ES) - Tienda Er\u00f3tica","isPartOf":{"@id":"https:\/\/demoweb.info\/sexshop001\/#website"},"datePublished":"2022-01-22T17:37:08+00:00","dateModified":"2022-01-22T17:37:08+00:00","breadcrumb":{"@id":"https:\/\/demoweb.info\/sexshop001\/producto\/corazon-romanticoen-es\/#breadcrumb"},"inLanguage":"es","potentialAction":[{"@type":"ReadAction","target":["https:\/\/demoweb.info\/sexshop001\/producto\/corazon-romanticoen-es\/"]}]},{"@type":"BreadcrumbList","@id":"https:\/\/demoweb.info\/sexshop001\/producto\/corazon-romanticoen-es\/#breadcrumb","itemListElement":[{"@type":"ListItem","position":1,"name":"Portada","item":"https:\/\/demoweb.info\/sexshop001\/"},{"@type":"ListItem","position":2,"name":"Tienda","item":"https:\/\/demoweb.info\/sexshop001\/tienda\/"},{"@type":"ListItem","position":3,"name":"CORAZ\u00d3N ROM\u00c1NTICO(EN-ES)"}]},{"@type":"WebSite","@id":"https:\/\/demoweb.info\/sexshop001\/#website","url":"https:\/\/demoweb.info\/sexshop001\/","name":"Tienda Er\u00f3tica","description":"DEMOWEB SL","potentialAction":[{"@type":"SearchAction","target":{"@type":"EntryPoint","urlTemplate":"https:\/\/demoweb.info\/sexshop001\/?s={search_term_string}"},"query-input":"required name=search_term_string"}],"inLanguage":"es"}]}},"_links":{"self":[{"href":"https:\/\/demoweb.info\/sexshop001\/wp-json\/wp\/v3\/product\/63284","targetHints":{"allow":["GET"]}}],"collection":[{"href":"https:\/\/demoweb.info\/sexshop001\/wp-json\/wp\/v3\/product"}],"about":[{"href":"https:\/\/demoweb.info\/sexshop001\/wp-json\/wp\/v2\/types\/product"}],"replies":[{"embeddable":true,"href":"https:\/\/demoweb.info\/sexshop001\/wp-json\/wp\/v2\/comments?post=63284"}],"wp:featuredmedia":[{"embeddable":true,"href":"https:\/\/demoweb.info\/sexshop001\/wp-json\/wp\/v2\/media\/63285"}],"wp:attachment":[{"href":"https:\/\/demoweb.info\/sexshop001\/wp-json\/wp\/v2\/media?parent=63284"}],"wp:term":[{"taxonomy":"product_cat","embeddable":true,"href":"https:\/\/demoweb.info\/sexshop001\/wp-json\/wp\/v2\/product_cat?post=63284"},{"taxonomy":"product_tag","embeddable":true,"href":"https:\/\/demoweb.info\/sexshop001\/wp-json\/wp\/v2\/product_tag?post=63284"}],"curies":[{"name":"wp","href":"https:\/\/api.w.org\/{rel}","templated":true}]}}