{"id":63276,"date":"2022-01-22T18:36:45","date_gmt":"2022-01-22T17:36:45","guid":{"rendered":"https:\/\/demoweb.info\/sexshop001\/producto\/corazon-foreplay-eng-es\/"},"modified":"2022-01-22T18:37:00","modified_gmt":"2022-01-22T17:37:00","slug":"corazon-foreplay-eng-es","status":"publish","type":"product","link":"https:\/\/demoweb.info\/sexshop001\/producto\/corazon-foreplay-eng-es\/","title":{"rendered":"CORAZ\u00d3N FOREPLAY ENG\/ES"},"content":{"rendered":"<p><strong>HEART CORAZON FOREPLAY ENG\/ES<\/strong><\/p>\n<p>Coraz\u00f3n Preludio Sexual<br \/>\n\u00a1100 retos para un excitante calentamiento!<\/p>\n<p>Los 100 retos llenos de inspiraci\u00f3n que hallar\u00e1s en este coraz\u00f3n os har\u00e1n vivir un preludio sexual como debe ser: estimulante, sensual, constructivo el cual cada vez os sabr\u00e1 a m\u00e1s.<\/p>\n<p>El preludio sexual es el aperitivo que precede al \u201cgran banquete\u201d, y cada vez toma un papel m\u00e1s importante. Un buen calentamiento no s\u00f3lo te lleva a alcanzar el nivel justo sino que tambi\u00e9n ayuda a relajarte. La rutina diaria toma un segundo plano para dejar paso a prestar atenci\u00f3n completa al cuerpo del uno y del otro. Estudios demuestran que el \u00e9xito de alcanzar un sexo satisfactorio aumenta con un preludio sexual extenso. No s\u00f3lo aumenta el placer, sino que el sexo que le sigue es m\u00e1s \u00edntimo e intenso.<\/p>\n<p>Las pruebas, las cuales han sido confeccionadas especialmente para este Coraz\u00f3n preludio sexual forman una perfecta base para un calentamiento delicioso y excitante. Las papeles blancos consisten en pruebas para \u00e9l, los rosas para ella. Los papeles amarillos son pruebas que necesitan una preparaci\u00f3n especial, y algunas hasta se deben ejecutar algunos d\u00edas despu\u00e9s. \u00a1Disfruta del placer del preludio sexual!<\/p>\n","protected":false},"excerpt":{"rendered":"<p>HEART CORAZON FOREPLAY ENG\/ES Coraz\u00f3n Preludio Sexual \u00a1100 retos para un excitante calentamiento! Los 100 retos llenos de inspiraci\u00f3n que<\/p>\n","protected":false},"featured_media":63277,"comment_status":"open","ping_status":"open","template":"","meta":[],"product_cat":[367],"product_tag":[368],"class_list":["post-63276","product","type-product","status-publish","has-post-thumbnail","hentry","product_cat-juegos-pareja","product_tag-tease-and-please"],"bundled_by":[],"bundle_stock_status":"outofstock","bundle_stock_quantity":0,"bundle_virtual":false,"bundle_layout":"","bundle_add_to_cart_form_location":"","bundle_editable_in_cart":false,"bundle_sold_individually_context":"","bundle_item_grouping":"","bundle_min_size":"","bundle_max_size":"","bundled_items":[],"yoast_head":"<!-- This site is optimized with the Yoast SEO plugin v20.6 - https:\/\/yoast.com\/wordpress\/plugins\/seo\/ -->\n<title>CORAZ\u00d3N FOREPLAY ENG\/ES - Tienda Er\u00f3tica<\/title>\n<meta name=\"robots\" content=\"noindex, follow, max-snippet:-1, max-image-preview:large, max-video-preview:-1\" \/>\n<meta property=\"og:locale\" content=\"es_ES\" \/>\n<meta property=\"og:type\" content=\"article\" \/>\n<meta property=\"og:title\" content=\"CORAZ\u00d3N FOREPLAY ENG\/ES - Tienda Er\u00f3tica\" \/>\n<meta property=\"og:description\" content=\"HEART CORAZON FOREPLAY ENG\/ES Coraz\u00f3n Preludio Sexual \u00a1100 retos para un excitante calentamiento! Los 100 retos llenos de inspiraci\u00f3n que\" \/>\n<meta property=\"og:url\" content=\"https:\/\/demoweb.info\/sexshop001\/producto\/corazon-foreplay-eng-es\/\" \/>\n<meta property=\"og:site_name\" content=\"Tienda Er\u00f3tica\" \/>\n<meta property=\"article:modified_time\" content=\"2022-01-22T17:37:00+00:00\" \/>\n<meta property=\"og:image\" content=\"https:\/\/demoweb.info\/sexshop001\/wp-content\/uploads\/2022\/01\/CORAZON-FOREPLAY-ENGES.jpg\" \/>\n\t<meta property=\"og:image:width\" content=\"550\" \/>\n\t<meta property=\"og:image:height\" content=\"550\" \/>\n\t<meta property=\"og:image:type\" content=\"image\/jpeg\" \/>\n<meta name=\"twitter:card\" content=\"summary_large_image\" \/>\n<meta name=\"twitter:label1\" content=\"Tiempo de lectura\" \/>\n\t<meta name=\"twitter:data1\" content=\"1 minuto\" \/>\n<script type=\"application\/ld+json\" class=\"yoast-schema-graph\">{\"@context\":\"https:\/\/schema.org\",\"@graph\":[{\"@type\":\"WebPage\",\"@id\":\"https:\/\/demoweb.info\/sexshop001\/producto\/corazon-foreplay-eng-es\/\",\"url\":\"https:\/\/demoweb.info\/sexshop001\/producto\/corazon-foreplay-eng-es\/\",\"name\":\"CORAZ\u00d3N FOREPLAY ENG\/ES - Tienda Er\u00f3tica\",\"isPartOf\":{\"@id\":\"https:\/\/demoweb.info\/sexshop001\/#website\"},\"datePublished\":\"2022-01-22T17:36:45+00:00\",\"dateModified\":\"2022-01-22T17:37:00+00:00\",\"breadcrumb\":{\"@id\":\"https:\/\/demoweb.info\/sexshop001\/producto\/corazon-foreplay-eng-es\/#breadcrumb\"},\"inLanguage\":\"es\",\"potentialAction\":[{\"@type\":\"ReadAction\",\"target\":[\"https:\/\/demoweb.info\/sexshop001\/producto\/corazon-foreplay-eng-es\/\"]}]},{\"@type\":\"BreadcrumbList\",\"@id\":\"https:\/\/demoweb.info\/sexshop001\/producto\/corazon-foreplay-eng-es\/#breadcrumb\",\"itemListElement\":[{\"@type\":\"ListItem\",\"position\":1,\"name\":\"Portada\",\"item\":\"https:\/\/demoweb.info\/sexshop001\/\"},{\"@type\":\"ListItem\",\"position\":2,\"name\":\"Tienda\",\"item\":\"https:\/\/demoweb.info\/sexshop001\/tienda\/\"},{\"@type\":\"ListItem\",\"position\":3,\"name\":\"CORAZ\u00d3N FOREPLAY ENG\/ES\"}]},{\"@type\":\"WebSite\",\"@id\":\"https:\/\/demoweb.info\/sexshop001\/#website\",\"url\":\"https:\/\/demoweb.info\/sexshop001\/\",\"name\":\"Tienda Er\u00f3tica\",\"description\":\"DEMOWEB SL\",\"potentialAction\":[{\"@type\":\"SearchAction\",\"target\":{\"@type\":\"EntryPoint\",\"urlTemplate\":\"https:\/\/demoweb.info\/sexshop001\/?s={search_term_string}\"},\"query-input\":\"required name=search_term_string\"}],\"inLanguage\":\"es\"}]}<\/script>\n<!-- \/ Yoast SEO plugin. -->","yoast_head_json":{"title":"CORAZ\u00d3N FOREPLAY ENG\/ES - Tienda Er\u00f3tica","robots":{"index":"noindex","follow":"follow","max-snippet":"max-snippet:-1","max-image-preview":"max-image-preview:large","max-video-preview":"max-video-preview:-1"},"og_locale":"es_ES","og_type":"article","og_title":"CORAZ\u00d3N FOREPLAY ENG\/ES - Tienda Er\u00f3tica","og_description":"HEART CORAZON FOREPLAY ENG\/ES Coraz\u00f3n Preludio Sexual \u00a1100 retos para un excitante calentamiento! Los 100 retos llenos de inspiraci\u00f3n que","og_url":"https:\/\/demoweb.info\/sexshop001\/producto\/corazon-foreplay-eng-es\/","og_site_name":"Tienda Er\u00f3tica","article_modified_time":"2022-01-22T17:37:00+00:00","og_image":[{"width":550,"height":550,"url":"https:\/\/demoweb.info\/sexshop001\/wp-content\/uploads\/2022\/01\/CORAZON-FOREPLAY-ENGES.jpg","type":"image\/jpeg"}],"twitter_card":"summary_large_image","twitter_misc":{"Tiempo de lectura":"1 minuto"},"schema":{"@context":"https:\/\/schema.org","@graph":[{"@type":"WebPage","@id":"https:\/\/demoweb.info\/sexshop001\/producto\/corazon-foreplay-eng-es\/","url":"https:\/\/demoweb.info\/sexshop001\/producto\/corazon-foreplay-eng-es\/","name":"CORAZ\u00d3N FOREPLAY ENG\/ES - Tienda Er\u00f3tica","isPartOf":{"@id":"https:\/\/demoweb.info\/sexshop001\/#website"},"datePublished":"2022-01-22T17:36:45+00:00","dateModified":"2022-01-22T17:37:00+00:00","breadcrumb":{"@id":"https:\/\/demoweb.info\/sexshop001\/producto\/corazon-foreplay-eng-es\/#breadcrumb"},"inLanguage":"es","potentialAction":[{"@type":"ReadAction","target":["https:\/\/demoweb.info\/sexshop001\/producto\/corazon-foreplay-eng-es\/"]}]},{"@type":"BreadcrumbList","@id":"https:\/\/demoweb.info\/sexshop001\/producto\/corazon-foreplay-eng-es\/#breadcrumb","itemListElement":[{"@type":"ListItem","position":1,"name":"Portada","item":"https:\/\/demoweb.info\/sexshop001\/"},{"@type":"ListItem","position":2,"name":"Tienda","item":"https:\/\/demoweb.info\/sexshop001\/tienda\/"},{"@type":"ListItem","position":3,"name":"CORAZ\u00d3N FOREPLAY ENG\/ES"}]},{"@type":"WebSite","@id":"https:\/\/demoweb.info\/sexshop001\/#website","url":"https:\/\/demoweb.info\/sexshop001\/","name":"Tienda Er\u00f3tica","description":"DEMOWEB SL","potentialAction":[{"@type":"SearchAction","target":{"@type":"EntryPoint","urlTemplate":"https:\/\/demoweb.info\/sexshop001\/?s={search_term_string}"},"query-input":"required name=search_term_string"}],"inLanguage":"es"}]}},"_links":{"self":[{"href":"https:\/\/demoweb.info\/sexshop001\/wp-json\/wp\/v3\/product\/63276","targetHints":{"allow":["GET"]}}],"collection":[{"href":"https:\/\/demoweb.info\/sexshop001\/wp-json\/wp\/v3\/product"}],"about":[{"href":"https:\/\/demoweb.info\/sexshop001\/wp-json\/wp\/v2\/types\/product"}],"replies":[{"embeddable":true,"href":"https:\/\/demoweb.info\/sexshop001\/wp-json\/wp\/v2\/comments?post=63276"}],"wp:featuredmedia":[{"embeddable":true,"href":"https:\/\/demoweb.info\/sexshop001\/wp-json\/wp\/v2\/media\/63277"}],"wp:attachment":[{"href":"https:\/\/demoweb.info\/sexshop001\/wp-json\/wp\/v2\/media?parent=63276"}],"wp:term":[{"taxonomy":"product_cat","embeddable":true,"href":"https:\/\/demoweb.info\/sexshop001\/wp-json\/wp\/v2\/product_cat?post=63276"},{"taxonomy":"product_tag","embeddable":true,"href":"https:\/\/demoweb.info\/sexshop001\/wp-json\/wp\/v2\/product_tag?post=63276"}],"curies":[{"name":"wp","href":"https:\/\/api.w.org\/{rel}","templated":true}]}}