{"id":63269,"date":"2022-01-22T18:36:45","date_gmt":"2022-01-22T17:36:45","guid":{"rendered":"https:\/\/demoweb.info\/sexshop001\/producto\/tenga-flip-orb-masturbador-crash-naranja\/"},"modified":"2022-01-22T18:36:55","modified_gmt":"2022-01-22T17:36:55","slug":"tenga-flip-orb-masturbador-crash-naranja","status":"publish","type":"product","link":"https:\/\/demoweb.info\/sexshop001\/producto\/tenga-flip-orb-masturbador-crash-naranja\/","title":{"rendered":"TENGA &#8211; FLIP ORB MASTURBADOR CRASH NARANJA"},"content":{"rendered":"<p><strong>TENGA &#8211; FLIP ORB MASTURBATOR ORANGE CRASH<\/strong><\/p>\n<p>\u00a1Orbes delimitantes te esperan dentro!<\/p>\n<p><strong>Estructura flexible del orbe<\/strong><br \/>\nNuestra \u00faltima tecnolog\u00eda de ingenier\u00eda ha permitido la creaci\u00f3n de una estructura de orbe flexible.<br \/>\nLos orbes firmes en capas dentro del elast\u00f3mero suave chocan y estimulan para proporcionar una sensaci\u00f3n completamente nueva con el FLIP ORB.<\/p>\n<p><strong>Compacto y f\u00e1cil de sostener<\/strong><br \/>\nEl FLIP ORB ha simplificado los brazos deslizantes de los elementos anteriores de la serie FLIP en una tapa.<br \/>\nLa tapa puede usarse para mantener el art\u00edculo cerrado durante el uso y el almacenamiento, y tambi\u00e9n act\u00faa como soporte de secado.<br \/>\nCon la extracci\u00f3n de los brazos deslizantes, el FLIP ORB presenta una nueva forma de reloj de arena que es f\u00e1cil de sostener.<\/p>\n<p><strong>Art\u00edculos incluidos:<\/strong><br \/>\nBolsa de lubricante: 2 x 10 ml<br \/>\nBolsa de lubricante: 2 x 10 ml<\/p>\n<p><strong>Un nuevo estilo de masturbador<\/strong><br \/>\nEl primer art\u00edculo de la serie FLIP en forma de reloj de arena, en un dise\u00f1o compacto y f\u00e1cil de sostener.<\/p>\n<p><strong>Punto de inserci\u00f3n sin costuras<\/strong><br \/>\nEl punto de inserci\u00f3n presentado es el mismo punto de inserci\u00f3n sin costura que la serie FLIP ZERO.<br \/>\nEsto reduce las fugas de lubricante durante el uso.<\/p>\n<p><strong>Almohadillas de presi\u00f3n<\/strong><br \/>\nControle directamente las sensaciones con las almohadillas de presi\u00f3n, o apriete para crear un vac\u00edo interno.<br \/>\nTenga ha eliminado los brazos deslizantes del dise\u00f1o del cuerpo del producto.<br \/>\nComo resultado, la tapa es m\u00e1s f\u00e1cil de colocar tanto para uso como para almacenamiento, a la vez que funciona como soporte de secado.<\/p>\n<p><strong>Detalles internos<\/strong><br \/>\n\u00a1Orbes delimitados esperan dentro de filas de costillas onduladas! \u00a1Los orbes delimitados esperan dentro de innumerables protuberancias!<\/p>\n","protected":false},"excerpt":{"rendered":"<p>TENGA &#8211; FLIP ORB MASTURBATOR ORANGE CRASH \u00a1Orbes delimitantes te esperan dentro! Estructura flexible del orbe Nuestra \u00faltima tecnolog\u00eda de<\/p>\n","protected":false},"featured_media":63270,"comment_status":"open","ping_status":"open","template":"","meta":[],"product_cat":[364],"product_tag":[1058,584],"class_list":["post-63269","product","type-product","status-publish","has-post-thumbnail","hentry","product_cat-con-vibracion","product_tag-flip","product_tag-tenga"],"bundled_by":[],"bundle_stock_status":"outofstock","bundle_stock_quantity":0,"bundle_virtual":false,"bundle_layout":"","bundle_add_to_cart_form_location":"","bundle_editable_in_cart":false,"bundle_sold_individually_context":"","bundle_item_grouping":"","bundle_min_size":"","bundle_max_size":"","bundled_items":[],"yoast_head":"<!-- This site is optimized with the Yoast SEO plugin v20.6 - https:\/\/yoast.com\/wordpress\/plugins\/seo\/ -->\n<title>TENGA - FLIP ORB MASTURBADOR CRASH NARANJA - Tienda Er\u00f3tica<\/title>\n<meta name=\"robots\" content=\"noindex, follow, max-snippet:-1, max-image-preview:large, max-video-preview:-1\" \/>\n<meta property=\"og:locale\" content=\"es_ES\" \/>\n<meta property=\"og:type\" content=\"article\" \/>\n<meta property=\"og:title\" content=\"TENGA - FLIP ORB MASTURBADOR CRASH NARANJA - Tienda Er\u00f3tica\" \/>\n<meta property=\"og:description\" content=\"TENGA &#8211; FLIP ORB MASTURBATOR ORANGE CRASH \u00a1Orbes delimitantes te esperan dentro! Estructura flexible del orbe Nuestra \u00faltima tecnolog\u00eda de\" \/>\n<meta property=\"og:url\" content=\"https:\/\/demoweb.info\/sexshop001\/producto\/tenga-flip-orb-masturbador-crash-naranja\/\" \/>\n<meta property=\"og:site_name\" content=\"Tienda Er\u00f3tica\" \/>\n<meta property=\"article:modified_time\" content=\"2022-01-22T17:36:55+00:00\" \/>\n<meta property=\"og:image\" content=\"https:\/\/demoweb.info\/sexshop001\/wp-content\/uploads\/2022\/01\/TENGA-FLIP-ORB-MASTURBADOR-CRASH-NARANJA.jpg\" \/>\n\t<meta property=\"og:image:width\" content=\"550\" \/>\n\t<meta property=\"og:image:height\" content=\"550\" \/>\n\t<meta property=\"og:image:type\" content=\"image\/jpeg\" \/>\n<meta name=\"twitter:card\" content=\"summary_large_image\" \/>\n<meta name=\"twitter:label1\" content=\"Tiempo de lectura\" \/>\n\t<meta name=\"twitter:data1\" content=\"1 minuto\" \/>\n<script type=\"application\/ld+json\" class=\"yoast-schema-graph\">{\"@context\":\"https:\/\/schema.org\",\"@graph\":[{\"@type\":\"WebPage\",\"@id\":\"https:\/\/demoweb.info\/sexshop001\/producto\/tenga-flip-orb-masturbador-crash-naranja\/\",\"url\":\"https:\/\/demoweb.info\/sexshop001\/producto\/tenga-flip-orb-masturbador-crash-naranja\/\",\"name\":\"TENGA - FLIP ORB MASTURBADOR CRASH NARANJA - Tienda Er\u00f3tica\",\"isPartOf\":{\"@id\":\"https:\/\/demoweb.info\/sexshop001\/#website\"},\"datePublished\":\"2022-01-22T17:36:45+00:00\",\"dateModified\":\"2022-01-22T17:36:55+00:00\",\"breadcrumb\":{\"@id\":\"https:\/\/demoweb.info\/sexshop001\/producto\/tenga-flip-orb-masturbador-crash-naranja\/#breadcrumb\"},\"inLanguage\":\"es\",\"potentialAction\":[{\"@type\":\"ReadAction\",\"target\":[\"https:\/\/demoweb.info\/sexshop001\/producto\/tenga-flip-orb-masturbador-crash-naranja\/\"]}]},{\"@type\":\"BreadcrumbList\",\"@id\":\"https:\/\/demoweb.info\/sexshop001\/producto\/tenga-flip-orb-masturbador-crash-naranja\/#breadcrumb\",\"itemListElement\":[{\"@type\":\"ListItem\",\"position\":1,\"name\":\"Portada\",\"item\":\"https:\/\/demoweb.info\/sexshop001\/\"},{\"@type\":\"ListItem\",\"position\":2,\"name\":\"Tienda\",\"item\":\"https:\/\/demoweb.info\/sexshop001\/tienda\/\"},{\"@type\":\"ListItem\",\"position\":3,\"name\":\"TENGA &#8211; FLIP ORB MASTURBADOR CRASH NARANJA\"}]},{\"@type\":\"WebSite\",\"@id\":\"https:\/\/demoweb.info\/sexshop001\/#website\",\"url\":\"https:\/\/demoweb.info\/sexshop001\/\",\"name\":\"Tienda Er\u00f3tica\",\"description\":\"DEMOWEB SL\",\"potentialAction\":[{\"@type\":\"SearchAction\",\"target\":{\"@type\":\"EntryPoint\",\"urlTemplate\":\"https:\/\/demoweb.info\/sexshop001\/?s={search_term_string}\"},\"query-input\":\"required name=search_term_string\"}],\"inLanguage\":\"es\"}]}<\/script>\n<!-- \/ Yoast SEO plugin. -->","yoast_head_json":{"title":"TENGA - FLIP ORB MASTURBADOR CRASH NARANJA - Tienda Er\u00f3tica","robots":{"index":"noindex","follow":"follow","max-snippet":"max-snippet:-1","max-image-preview":"max-image-preview:large","max-video-preview":"max-video-preview:-1"},"og_locale":"es_ES","og_type":"article","og_title":"TENGA - FLIP ORB MASTURBADOR CRASH NARANJA - Tienda Er\u00f3tica","og_description":"TENGA &#8211; FLIP ORB MASTURBATOR ORANGE CRASH \u00a1Orbes delimitantes te esperan dentro! Estructura flexible del orbe Nuestra \u00faltima tecnolog\u00eda de","og_url":"https:\/\/demoweb.info\/sexshop001\/producto\/tenga-flip-orb-masturbador-crash-naranja\/","og_site_name":"Tienda Er\u00f3tica","article_modified_time":"2022-01-22T17:36:55+00:00","og_image":[{"width":550,"height":550,"url":"https:\/\/demoweb.info\/sexshop001\/wp-content\/uploads\/2022\/01\/TENGA-FLIP-ORB-MASTURBADOR-CRASH-NARANJA.jpg","type":"image\/jpeg"}],"twitter_card":"summary_large_image","twitter_misc":{"Tiempo de lectura":"1 minuto"},"schema":{"@context":"https:\/\/schema.org","@graph":[{"@type":"WebPage","@id":"https:\/\/demoweb.info\/sexshop001\/producto\/tenga-flip-orb-masturbador-crash-naranja\/","url":"https:\/\/demoweb.info\/sexshop001\/producto\/tenga-flip-orb-masturbador-crash-naranja\/","name":"TENGA - FLIP ORB MASTURBADOR CRASH NARANJA - Tienda Er\u00f3tica","isPartOf":{"@id":"https:\/\/demoweb.info\/sexshop001\/#website"},"datePublished":"2022-01-22T17:36:45+00:00","dateModified":"2022-01-22T17:36:55+00:00","breadcrumb":{"@id":"https:\/\/demoweb.info\/sexshop001\/producto\/tenga-flip-orb-masturbador-crash-naranja\/#breadcrumb"},"inLanguage":"es","potentialAction":[{"@type":"ReadAction","target":["https:\/\/demoweb.info\/sexshop001\/producto\/tenga-flip-orb-masturbador-crash-naranja\/"]}]},{"@type":"BreadcrumbList","@id":"https:\/\/demoweb.info\/sexshop001\/producto\/tenga-flip-orb-masturbador-crash-naranja\/#breadcrumb","itemListElement":[{"@type":"ListItem","position":1,"name":"Portada","item":"https:\/\/demoweb.info\/sexshop001\/"},{"@type":"ListItem","position":2,"name":"Tienda","item":"https:\/\/demoweb.info\/sexshop001\/tienda\/"},{"@type":"ListItem","position":3,"name":"TENGA &#8211; FLIP ORB MASTURBADOR CRASH NARANJA"}]},{"@type":"WebSite","@id":"https:\/\/demoweb.info\/sexshop001\/#website","url":"https:\/\/demoweb.info\/sexshop001\/","name":"Tienda Er\u00f3tica","description":"DEMOWEB SL","potentialAction":[{"@type":"SearchAction","target":{"@type":"EntryPoint","urlTemplate":"https:\/\/demoweb.info\/sexshop001\/?s={search_term_string}"},"query-input":"required name=search_term_string"}],"inLanguage":"es"}]}},"_links":{"self":[{"href":"https:\/\/demoweb.info\/sexshop001\/wp-json\/wp\/v3\/product\/63269","targetHints":{"allow":["GET"]}}],"collection":[{"href":"https:\/\/demoweb.info\/sexshop001\/wp-json\/wp\/v3\/product"}],"about":[{"href":"https:\/\/demoweb.info\/sexshop001\/wp-json\/wp\/v2\/types\/product"}],"replies":[{"embeddable":true,"href":"https:\/\/demoweb.info\/sexshop001\/wp-json\/wp\/v2\/comments?post=63269"}],"wp:featuredmedia":[{"embeddable":true,"href":"https:\/\/demoweb.info\/sexshop001\/wp-json\/wp\/v2\/media\/63270"}],"wp:attachment":[{"href":"https:\/\/demoweb.info\/sexshop001\/wp-json\/wp\/v2\/media?parent=63269"}],"wp:term":[{"taxonomy":"product_cat","embeddable":true,"href":"https:\/\/demoweb.info\/sexshop001\/wp-json\/wp\/v2\/product_cat?post=63269"},{"taxonomy":"product_tag","embeddable":true,"href":"https:\/\/demoweb.info\/sexshop001\/wp-json\/wp\/v2\/product_tag?post=63269"}],"curies":[{"name":"wp","href":"https:\/\/api.w.org\/{rel}","templated":true}]}}