{"id":63030,"date":"2022-01-22T18:33:50","date_gmt":"2022-01-22T17:33:50","guid":{"rendered":"https:\/\/demoweb.info\/sexshop001\/producto\/zalo-sweet-magic-courage-masajeador-punto-g-con-calor-rosa\/"},"modified":"2022-01-22T18:34:07","modified_gmt":"2022-01-22T17:34:07","slug":"zalo-sweet-magic-courage-masajeador-punto-g-con-calor-rosa","status":"publish","type":"product","link":"https:\/\/demoweb.info\/sexshop001\/producto\/zalo-sweet-magic-courage-masajeador-punto-g-con-calor-rosa\/","title":{"rendered":"ZALO SWEET MAGIC COURAGE MASAJEADOR PUNTO G CON CALOR &#8211; ROSA"},"content":{"rendered":"<p><strong>ZALO SWEET MAGIC COURAGE HEATING G-SPOT MASSAGER FAIRY PINK<\/strong><\/p>\n<p>Oportunidad, desaf\u00edo y un mundo desconocido que solo el coraje pudo conquistar. Pero se necesita m\u00e1s valor para enfrentar tu propio cuerpo y coraz\u00f3n. M\u00edmate a ti misma. Abre la puerta glamorosa al coraje.<\/p>\n<p>Caracteristicas:<\/p>\n<p>&#8211; Silicona premium segura para el cuerpo.<br \/>\nLa silicona de nivel Dow Corning cumple con los requisitos de la FDA. Exclusivo revestimiento de superficie Softek.<\/p>\n<p>&#8211; Apariencia suave.<br \/>\nExquisitos detalles en relieve. Embellecido con cristal SWAROVSKI.<\/p>\n<p>&#8211; Bot\u00f3n de control revolucionario push-pull.<br \/>\nBot\u00f3n m\u00e1gico revolucionario manipulado de manera push-pull, simple pero divertido.<\/p>\n<p>&#8211; Cabeza flexible.<br \/>\nCurva libre de 360 grados para complacer suavemente a tu cuerpo.<\/p>\n<p>&#8211; Potentes, silenciosas vibraciones.<br \/>\nEl potente motor trae toda la intensidad con vibraciones silenciosas.<\/p>\n<p>&#8211; USB recargable<br \/>\nBater\u00eda de iones de litio incorporada con capacidad de 530 mAh que se puede cargar completamente en solo 1 hora y proporciona aproximadamente 2-4 horas de placer continuo.<\/p>\n<p>&#8211; A prueba de salpicaduras.<br \/>\nEl producto est\u00e1 protegido contra salpicaduras de agua. No se recomienda sumergirse completamente en agua.<\/p>\n<p>&#8211; Funci\u00f3n de precalentamiento.<br \/>\nCourage est\u00e1 dise\u00f1ado para precalentarse de forma segura antes de su uso. Calentamiento r\u00e1pido a la temperatura del cuerpo humano en 2 minutos. M\u00e1s c\u00f3modo en invierno, m\u00e1s apasionado en verano.<\/p>\n<p>&#8211; Especificaciones t\u00e9cnicas.<\/p>\n<ul>\n<li>Nivel m\u00e1ximo de ruido: &lt;40dB<\/li>\n<li>Modos de estimulaci\u00f3n: 8 modos de vibraci\u00f3n (7 modos b\u00e1sicos, 1 modo de mezcla), funci\u00f3n de calefacci\u00f3n<\/li>\n<\/ul>\n<p>&#8211; Tama\u00f1o y peso:<\/p>\n<ul>\n<li>Longitud: 206mm<\/li>\n<li>Ancho: 38 mm (mango circular), 34 mm (lateral mayor)<\/li>\n<li>Peso: 110g<\/li>\n<\/ul>\n<p>&#8211; Bater\u00eda y energ\u00eda:<\/p>\n<ul>\n<li>Bater\u00eda incorporada de litio-lon, 530mAh.<\/li>\n<li>Carga r\u00e1pida USB de una hora para 2-4 horas de placer.<\/li>\n<\/ul>\n<p>&#8211; Contenido:<\/p>\n<ul>\n<li>Masajeador Courage<\/li>\n<li>Cable de carga USB<\/li>\n<li>Bolsa de almacenamiento de sat\u00e9n.<\/li>\n<li>Tarjeta de garant\u00eda<\/li>\n<li>Manual de instrucciones<\/li>\n<\/ul>\n","protected":false},"excerpt":{"rendered":"<p>ZALO SWEET MAGIC COURAGE HEATING G-SPOT MASSAGER FAIRY PINK Oportunidad, desaf\u00edo y un mundo desconocido que solo el coraje pudo<\/p>\n","protected":false},"featured_media":63031,"comment_status":"open","ping_status":"open","template":"","meta":[],"product_cat":[315],"product_tag":[503],"class_list":["post-63030","product","type-product","status-publish","has-post-thumbnail","hentry","product_cat-silicona-vibradores-juguetes-xxx","product_tag-zalo"],"bundled_by":[],"bundle_stock_status":"instock","bundle_stock_quantity":1,"bundle_virtual":false,"bundle_layout":"","bundle_add_to_cart_form_location":"","bundle_editable_in_cart":false,"bundle_sold_individually_context":"","bundle_item_grouping":"","bundle_min_size":"","bundle_max_size":"","bundled_items":[],"yoast_head":"<!-- This site is optimized with the Yoast SEO plugin v20.6 - https:\/\/yoast.com\/wordpress\/plugins\/seo\/ -->\n<title>ZALO SWEET MAGIC COURAGE MASAJEADOR PUNTO G CON CALOR - ROSA - Tienda Er\u00f3tica<\/title>\n<meta name=\"robots\" content=\"noindex, follow, max-snippet:-1, max-image-preview:large, max-video-preview:-1\" \/>\n<meta property=\"og:locale\" content=\"es_ES\" \/>\n<meta property=\"og:type\" content=\"article\" \/>\n<meta property=\"og:title\" content=\"ZALO SWEET MAGIC COURAGE MASAJEADOR PUNTO G CON CALOR - ROSA - Tienda Er\u00f3tica\" \/>\n<meta property=\"og:description\" content=\"ZALO SWEET MAGIC COURAGE HEATING G-SPOT MASSAGER FAIRY PINK Oportunidad, desaf\u00edo y un mundo desconocido que solo el coraje pudo\" \/>\n<meta property=\"og:url\" content=\"https:\/\/demoweb.info\/sexshop001\/producto\/zalo-sweet-magic-courage-masajeador-punto-g-con-calor-rosa\/\" \/>\n<meta property=\"og:site_name\" content=\"Tienda Er\u00f3tica\" \/>\n<meta property=\"article:modified_time\" content=\"2022-01-22T17:34:07+00:00\" \/>\n<meta property=\"og:image\" content=\"https:\/\/demoweb.info\/sexshop001\/wp-content\/uploads\/2022\/01\/ZALO-SWEET-MAGIC-COURAGE-MASAJEADOR-PUNTO-G-CON-CALOR-ROSA.jpg\" \/>\n\t<meta property=\"og:image:width\" content=\"550\" \/>\n\t<meta property=\"og:image:height\" content=\"550\" \/>\n\t<meta property=\"og:image:type\" content=\"image\/jpeg\" \/>\n<meta name=\"twitter:card\" content=\"summary_large_image\" \/>\n<meta name=\"twitter:label1\" content=\"Tiempo de lectura\" \/>\n\t<meta name=\"twitter:data1\" content=\"2 minutos\" \/>\n<script type=\"application\/ld+json\" class=\"yoast-schema-graph\">{\"@context\":\"https:\/\/schema.org\",\"@graph\":[{\"@type\":\"WebPage\",\"@id\":\"https:\/\/demoweb.info\/sexshop001\/producto\/zalo-sweet-magic-courage-masajeador-punto-g-con-calor-rosa\/\",\"url\":\"https:\/\/demoweb.info\/sexshop001\/producto\/zalo-sweet-magic-courage-masajeador-punto-g-con-calor-rosa\/\",\"name\":\"ZALO SWEET MAGIC COURAGE MASAJEADOR PUNTO G CON CALOR - ROSA - Tienda Er\u00f3tica\",\"isPartOf\":{\"@id\":\"https:\/\/demoweb.info\/sexshop001\/#website\"},\"datePublished\":\"2022-01-22T17:33:50+00:00\",\"dateModified\":\"2022-01-22T17:34:07+00:00\",\"breadcrumb\":{\"@id\":\"https:\/\/demoweb.info\/sexshop001\/producto\/zalo-sweet-magic-courage-masajeador-punto-g-con-calor-rosa\/#breadcrumb\"},\"inLanguage\":\"es\",\"potentialAction\":[{\"@type\":\"ReadAction\",\"target\":[\"https:\/\/demoweb.info\/sexshop001\/producto\/zalo-sweet-magic-courage-masajeador-punto-g-con-calor-rosa\/\"]}]},{\"@type\":\"BreadcrumbList\",\"@id\":\"https:\/\/demoweb.info\/sexshop001\/producto\/zalo-sweet-magic-courage-masajeador-punto-g-con-calor-rosa\/#breadcrumb\",\"itemListElement\":[{\"@type\":\"ListItem\",\"position\":1,\"name\":\"Portada\",\"item\":\"https:\/\/demoweb.info\/sexshop001\/\"},{\"@type\":\"ListItem\",\"position\":2,\"name\":\"Tienda\",\"item\":\"https:\/\/demoweb.info\/sexshop001\/tienda\/\"},{\"@type\":\"ListItem\",\"position\":3,\"name\":\"ZALO SWEET MAGIC COURAGE MASAJEADOR PUNTO G CON CALOR &#8211; ROSA\"}]},{\"@type\":\"WebSite\",\"@id\":\"https:\/\/demoweb.info\/sexshop001\/#website\",\"url\":\"https:\/\/demoweb.info\/sexshop001\/\",\"name\":\"Tienda Er\u00f3tica\",\"description\":\"DEMOWEB SL\",\"potentialAction\":[{\"@type\":\"SearchAction\",\"target\":{\"@type\":\"EntryPoint\",\"urlTemplate\":\"https:\/\/demoweb.info\/sexshop001\/?s={search_term_string}\"},\"query-input\":\"required name=search_term_string\"}],\"inLanguage\":\"es\"}]}<\/script>\n<!-- \/ Yoast SEO plugin. -->","yoast_head_json":{"title":"ZALO SWEET MAGIC COURAGE MASAJEADOR PUNTO G CON CALOR - ROSA - Tienda Er\u00f3tica","robots":{"index":"noindex","follow":"follow","max-snippet":"max-snippet:-1","max-image-preview":"max-image-preview:large","max-video-preview":"max-video-preview:-1"},"og_locale":"es_ES","og_type":"article","og_title":"ZALO SWEET MAGIC COURAGE MASAJEADOR PUNTO G CON CALOR - ROSA - Tienda Er\u00f3tica","og_description":"ZALO SWEET MAGIC COURAGE HEATING G-SPOT MASSAGER FAIRY PINK Oportunidad, desaf\u00edo y un mundo desconocido que solo el coraje pudo","og_url":"https:\/\/demoweb.info\/sexshop001\/producto\/zalo-sweet-magic-courage-masajeador-punto-g-con-calor-rosa\/","og_site_name":"Tienda Er\u00f3tica","article_modified_time":"2022-01-22T17:34:07+00:00","og_image":[{"width":550,"height":550,"url":"https:\/\/demoweb.info\/sexshop001\/wp-content\/uploads\/2022\/01\/ZALO-SWEET-MAGIC-COURAGE-MASAJEADOR-PUNTO-G-CON-CALOR-ROSA.jpg","type":"image\/jpeg"}],"twitter_card":"summary_large_image","twitter_misc":{"Tiempo de lectura":"2 minutos"},"schema":{"@context":"https:\/\/schema.org","@graph":[{"@type":"WebPage","@id":"https:\/\/demoweb.info\/sexshop001\/producto\/zalo-sweet-magic-courage-masajeador-punto-g-con-calor-rosa\/","url":"https:\/\/demoweb.info\/sexshop001\/producto\/zalo-sweet-magic-courage-masajeador-punto-g-con-calor-rosa\/","name":"ZALO SWEET MAGIC COURAGE MASAJEADOR PUNTO G CON CALOR - ROSA - Tienda Er\u00f3tica","isPartOf":{"@id":"https:\/\/demoweb.info\/sexshop001\/#website"},"datePublished":"2022-01-22T17:33:50+00:00","dateModified":"2022-01-22T17:34:07+00:00","breadcrumb":{"@id":"https:\/\/demoweb.info\/sexshop001\/producto\/zalo-sweet-magic-courage-masajeador-punto-g-con-calor-rosa\/#breadcrumb"},"inLanguage":"es","potentialAction":[{"@type":"ReadAction","target":["https:\/\/demoweb.info\/sexshop001\/producto\/zalo-sweet-magic-courage-masajeador-punto-g-con-calor-rosa\/"]}]},{"@type":"BreadcrumbList","@id":"https:\/\/demoweb.info\/sexshop001\/producto\/zalo-sweet-magic-courage-masajeador-punto-g-con-calor-rosa\/#breadcrumb","itemListElement":[{"@type":"ListItem","position":1,"name":"Portada","item":"https:\/\/demoweb.info\/sexshop001\/"},{"@type":"ListItem","position":2,"name":"Tienda","item":"https:\/\/demoweb.info\/sexshop001\/tienda\/"},{"@type":"ListItem","position":3,"name":"ZALO SWEET MAGIC COURAGE MASAJEADOR PUNTO G CON CALOR &#8211; ROSA"}]},{"@type":"WebSite","@id":"https:\/\/demoweb.info\/sexshop001\/#website","url":"https:\/\/demoweb.info\/sexshop001\/","name":"Tienda Er\u00f3tica","description":"DEMOWEB SL","potentialAction":[{"@type":"SearchAction","target":{"@type":"EntryPoint","urlTemplate":"https:\/\/demoweb.info\/sexshop001\/?s={search_term_string}"},"query-input":"required name=search_term_string"}],"inLanguage":"es"}]}},"_links":{"self":[{"href":"https:\/\/demoweb.info\/sexshop001\/wp-json\/wp\/v3\/product\/63030","targetHints":{"allow":["GET"]}}],"collection":[{"href":"https:\/\/demoweb.info\/sexshop001\/wp-json\/wp\/v3\/product"}],"about":[{"href":"https:\/\/demoweb.info\/sexshop001\/wp-json\/wp\/v2\/types\/product"}],"replies":[{"embeddable":true,"href":"https:\/\/demoweb.info\/sexshop001\/wp-json\/wp\/v2\/comments?post=63030"}],"wp:featuredmedia":[{"embeddable":true,"href":"https:\/\/demoweb.info\/sexshop001\/wp-json\/wp\/v2\/media\/63031"}],"wp:attachment":[{"href":"https:\/\/demoweb.info\/sexshop001\/wp-json\/wp\/v2\/media?parent=63030"}],"wp:term":[{"taxonomy":"product_cat","embeddable":true,"href":"https:\/\/demoweb.info\/sexshop001\/wp-json\/wp\/v2\/product_cat?post=63030"},{"taxonomy":"product_tag","embeddable":true,"href":"https:\/\/demoweb.info\/sexshop001\/wp-json\/wp\/v2\/product_tag?post=63030"}],"curies":[{"name":"wp","href":"https:\/\/api.w.org\/{rel}","templated":true}]}}