{"id":63025,"date":"2022-01-22T18:33:50","date_gmt":"2022-01-22T17:33:50","guid":{"rendered":"https:\/\/demoweb.info\/sexshop001\/producto\/loverspremium-vela-de-masaje-aroma-vainilla\/"},"modified":"2022-01-22T18:34:03","modified_gmt":"2022-01-22T17:34:03","slug":"loverspremium-vela-de-masaje-aroma-vainilla","status":"publish","type":"product","link":"https:\/\/demoweb.info\/sexshop001\/producto\/loverspremium-vela-de-masaje-aroma-vainilla\/","title":{"rendered":"LOVERSPREMIUM VELA DE MASAJE AROMA VAINILLA"},"content":{"rendered":"<p><strong>LOVERSPREMIUM &#8211; MASSAGE CANDLE VANILLA CREAM<\/strong><\/p>\n<p>LoversPremium 4-en-1 vela de masaje: vela, loci\u00f3n hidratante, aceite de masaje y b\u00e1lsamo para el cuerpo en uno.<\/p>\n<p>Las velas 4 en 1 son divertidas y f\u00e1ciles de usar. Disfrute de esta perfumada vela de masaje LoversPremium, que est\u00e1 enriquecida con ingredientes naturales.<\/p>\n<p>Una vez derretida, la temperatura de la vela es de solo 38\u00b0C, comparable con una ba\u00f1era de hidromasaje.<\/p>\n<p>Modo de empleo: como loci\u00f3n de masaje para el cuerpo, b\u00e1lsamo y crema hidratante. Enciende la mecha y espera hasta que la piscina en llamas est\u00e9 fluida. Apaga la llama, espera un poco y luego aplica un suave b\u00e1lsamo de bienestar en la piel.<\/p>\n<p>50 ml<\/p>\n<p>Perfume: Vainilla<\/p>\n","protected":false},"excerpt":{"rendered":"<p>LOVERSPREMIUM &#8211; MASSAGE CANDLE VANILLA CREAM LoversPremium 4-en-1 vela de masaje: vela, loci\u00f3n hidratante, aceite de masaje y b\u00e1lsamo para<\/p>\n","protected":false},"featured_media":63026,"comment_status":"open","ping_status":"open","template":"","meta":[],"product_cat":[730],"product_tag":[821],"class_list":["post-63025","product","type-product","status-publish","has-post-thumbnail","hentry","product_cat-velas-eroticas","product_tag-loverspremium"],"bundled_by":[],"bundle_stock_status":"instock","bundle_stock_quantity":2,"bundle_virtual":false,"bundle_layout":"","bundle_add_to_cart_form_location":"","bundle_editable_in_cart":false,"bundle_sold_individually_context":"","bundle_item_grouping":"","bundle_min_size":"","bundle_max_size":"","bundled_items":[],"yoast_head":"<!-- This site is optimized with the Yoast SEO plugin v20.6 - https:\/\/yoast.com\/wordpress\/plugins\/seo\/ -->\n<title>LOVERSPREMIUM VELA DE MASAJE AROMA VAINILLA - Tienda Er\u00f3tica<\/title>\n<meta name=\"robots\" content=\"noindex, follow, max-snippet:-1, max-image-preview:large, max-video-preview:-1\" \/>\n<meta property=\"og:locale\" content=\"es_ES\" \/>\n<meta property=\"og:type\" content=\"article\" \/>\n<meta property=\"og:title\" content=\"LOVERSPREMIUM VELA DE MASAJE AROMA VAINILLA - Tienda Er\u00f3tica\" \/>\n<meta property=\"og:description\" content=\"LOVERSPREMIUM &#8211; MASSAGE CANDLE VANILLA CREAM LoversPremium 4-en-1 vela de masaje: vela, loci\u00f3n hidratante, aceite de masaje y b\u00e1lsamo para\" \/>\n<meta property=\"og:url\" content=\"https:\/\/demoweb.info\/sexshop001\/producto\/loverspremium-vela-de-masaje-aroma-vainilla\/\" \/>\n<meta property=\"og:site_name\" content=\"Tienda Er\u00f3tica\" \/>\n<meta property=\"article:modified_time\" content=\"2022-01-22T17:34:03+00:00\" \/>\n<meta property=\"og:image\" content=\"https:\/\/demoweb.info\/sexshop001\/wp-content\/uploads\/2022\/01\/LOVERSPREMIUM-VELA-DE-MASAJE-AROMA-VAINILLA.jpg\" \/>\n\t<meta property=\"og:image:width\" content=\"550\" \/>\n\t<meta property=\"og:image:height\" content=\"550\" \/>\n\t<meta property=\"og:image:type\" content=\"image\/jpeg\" \/>\n<meta name=\"twitter:card\" content=\"summary_large_image\" \/>\n<meta name=\"twitter:label1\" content=\"Tiempo de lectura\" \/>\n\t<meta name=\"twitter:data1\" content=\"1 minuto\" \/>\n<script type=\"application\/ld+json\" class=\"yoast-schema-graph\">{\"@context\":\"https:\/\/schema.org\",\"@graph\":[{\"@type\":\"WebPage\",\"@id\":\"https:\/\/demoweb.info\/sexshop001\/producto\/loverspremium-vela-de-masaje-aroma-vainilla\/\",\"url\":\"https:\/\/demoweb.info\/sexshop001\/producto\/loverspremium-vela-de-masaje-aroma-vainilla\/\",\"name\":\"LOVERSPREMIUM VELA DE MASAJE AROMA VAINILLA - Tienda Er\u00f3tica\",\"isPartOf\":{\"@id\":\"https:\/\/demoweb.info\/sexshop001\/#website\"},\"datePublished\":\"2022-01-22T17:33:50+00:00\",\"dateModified\":\"2022-01-22T17:34:03+00:00\",\"breadcrumb\":{\"@id\":\"https:\/\/demoweb.info\/sexshop001\/producto\/loverspremium-vela-de-masaje-aroma-vainilla\/#breadcrumb\"},\"inLanguage\":\"es\",\"potentialAction\":[{\"@type\":\"ReadAction\",\"target\":[\"https:\/\/demoweb.info\/sexshop001\/producto\/loverspremium-vela-de-masaje-aroma-vainilla\/\"]}]},{\"@type\":\"BreadcrumbList\",\"@id\":\"https:\/\/demoweb.info\/sexshop001\/producto\/loverspremium-vela-de-masaje-aroma-vainilla\/#breadcrumb\",\"itemListElement\":[{\"@type\":\"ListItem\",\"position\":1,\"name\":\"Portada\",\"item\":\"https:\/\/demoweb.info\/sexshop001\/\"},{\"@type\":\"ListItem\",\"position\":2,\"name\":\"Tienda\",\"item\":\"https:\/\/demoweb.info\/sexshop001\/tienda\/\"},{\"@type\":\"ListItem\",\"position\":3,\"name\":\"LOVERSPREMIUM VELA DE MASAJE AROMA VAINILLA\"}]},{\"@type\":\"WebSite\",\"@id\":\"https:\/\/demoweb.info\/sexshop001\/#website\",\"url\":\"https:\/\/demoweb.info\/sexshop001\/\",\"name\":\"Tienda Er\u00f3tica\",\"description\":\"DEMOWEB SL\",\"potentialAction\":[{\"@type\":\"SearchAction\",\"target\":{\"@type\":\"EntryPoint\",\"urlTemplate\":\"https:\/\/demoweb.info\/sexshop001\/?s={search_term_string}\"},\"query-input\":\"required name=search_term_string\"}],\"inLanguage\":\"es\"}]}<\/script>\n<!-- \/ Yoast SEO plugin. -->","yoast_head_json":{"title":"LOVERSPREMIUM VELA DE MASAJE AROMA VAINILLA - Tienda Er\u00f3tica","robots":{"index":"noindex","follow":"follow","max-snippet":"max-snippet:-1","max-image-preview":"max-image-preview:large","max-video-preview":"max-video-preview:-1"},"og_locale":"es_ES","og_type":"article","og_title":"LOVERSPREMIUM VELA DE MASAJE AROMA VAINILLA - Tienda Er\u00f3tica","og_description":"LOVERSPREMIUM &#8211; MASSAGE CANDLE VANILLA CREAM LoversPremium 4-en-1 vela de masaje: vela, loci\u00f3n hidratante, aceite de masaje y b\u00e1lsamo para","og_url":"https:\/\/demoweb.info\/sexshop001\/producto\/loverspremium-vela-de-masaje-aroma-vainilla\/","og_site_name":"Tienda Er\u00f3tica","article_modified_time":"2022-01-22T17:34:03+00:00","og_image":[{"width":550,"height":550,"url":"https:\/\/demoweb.info\/sexshop001\/wp-content\/uploads\/2022\/01\/LOVERSPREMIUM-VELA-DE-MASAJE-AROMA-VAINILLA.jpg","type":"image\/jpeg"}],"twitter_card":"summary_large_image","twitter_misc":{"Tiempo de lectura":"1 minuto"},"schema":{"@context":"https:\/\/schema.org","@graph":[{"@type":"WebPage","@id":"https:\/\/demoweb.info\/sexshop001\/producto\/loverspremium-vela-de-masaje-aroma-vainilla\/","url":"https:\/\/demoweb.info\/sexshop001\/producto\/loverspremium-vela-de-masaje-aroma-vainilla\/","name":"LOVERSPREMIUM VELA DE MASAJE AROMA VAINILLA - Tienda Er\u00f3tica","isPartOf":{"@id":"https:\/\/demoweb.info\/sexshop001\/#website"},"datePublished":"2022-01-22T17:33:50+00:00","dateModified":"2022-01-22T17:34:03+00:00","breadcrumb":{"@id":"https:\/\/demoweb.info\/sexshop001\/producto\/loverspremium-vela-de-masaje-aroma-vainilla\/#breadcrumb"},"inLanguage":"es","potentialAction":[{"@type":"ReadAction","target":["https:\/\/demoweb.info\/sexshop001\/producto\/loverspremium-vela-de-masaje-aroma-vainilla\/"]}]},{"@type":"BreadcrumbList","@id":"https:\/\/demoweb.info\/sexshop001\/producto\/loverspremium-vela-de-masaje-aroma-vainilla\/#breadcrumb","itemListElement":[{"@type":"ListItem","position":1,"name":"Portada","item":"https:\/\/demoweb.info\/sexshop001\/"},{"@type":"ListItem","position":2,"name":"Tienda","item":"https:\/\/demoweb.info\/sexshop001\/tienda\/"},{"@type":"ListItem","position":3,"name":"LOVERSPREMIUM VELA DE MASAJE AROMA VAINILLA"}]},{"@type":"WebSite","@id":"https:\/\/demoweb.info\/sexshop001\/#website","url":"https:\/\/demoweb.info\/sexshop001\/","name":"Tienda Er\u00f3tica","description":"DEMOWEB SL","potentialAction":[{"@type":"SearchAction","target":{"@type":"EntryPoint","urlTemplate":"https:\/\/demoweb.info\/sexshop001\/?s={search_term_string}"},"query-input":"required name=search_term_string"}],"inLanguage":"es"}]}},"_links":{"self":[{"href":"https:\/\/demoweb.info\/sexshop001\/wp-json\/wp\/v3\/product\/63025","targetHints":{"allow":["GET"]}}],"collection":[{"href":"https:\/\/demoweb.info\/sexshop001\/wp-json\/wp\/v3\/product"}],"about":[{"href":"https:\/\/demoweb.info\/sexshop001\/wp-json\/wp\/v2\/types\/product"}],"replies":[{"embeddable":true,"href":"https:\/\/demoweb.info\/sexshop001\/wp-json\/wp\/v2\/comments?post=63025"}],"wp:featuredmedia":[{"embeddable":true,"href":"https:\/\/demoweb.info\/sexshop001\/wp-json\/wp\/v2\/media\/63026"}],"wp:attachment":[{"href":"https:\/\/demoweb.info\/sexshop001\/wp-json\/wp\/v2\/media?parent=63025"}],"wp:term":[{"taxonomy":"product_cat","embeddable":true,"href":"https:\/\/demoweb.info\/sexshop001\/wp-json\/wp\/v2\/product_cat?post=63025"},{"taxonomy":"product_tag","embeddable":true,"href":"https:\/\/demoweb.info\/sexshop001\/wp-json\/wp\/v2\/product_tag?post=63025"}],"curies":[{"name":"wp","href":"https:\/\/api.w.org\/{rel}","templated":true}]}}