{"id":63007,"date":"2022-01-22T18:33:50","date_gmt":"2022-01-22T17:33:50","guid":{"rendered":"https:\/\/demoweb.info\/sexshop001\/producto\/dazzled-brilliance-vibrador-rampante-turquesa\/"},"modified":"2022-01-22T18:33:50","modified_gmt":"2022-01-22T17:33:50","slug":"dazzled-brilliance-vibrador-rampante-turquesa","status":"publish","type":"product","link":"https:\/\/demoweb.info\/sexshop001\/producto\/dazzled-brilliance-vibrador-rampante-turquesa\/","title":{"rendered":"DAZZLED BRILLIANCE VIBRADOR RAMPANTE &#8211; TURQUESA"},"content":{"rendered":"<p><strong>DAZZLED BRILLIANCE  <\/strong><\/p>\n<p>El DazzLED Brilliance es el deslumbrante conejo LED de tus sue\u00f1os con un eje curvado ergon\u00f3mico, un teaser con parpadeo, motores dobles y 10 potentes funciones de vibraci\u00f3n para una experiencia de placer apasionado.<\/p>\n<p>Disfruta del placer personalizado mientras el suave conejito parpadea al ritmo de 10 vibraciones vivaces, pulsaciones apasionadas y escalada er\u00f3tica. Controla esta variedad de opciones org\u00e1smicas con el teclado de control f\u00e1cil de tocar.<\/p>\n<p>Env\u00eda placer de alta intensidad a todo tu cuerpo con los dos motores poderosamente estimulantes. Los botones f\u00e1ciles de tocar te permiten controlar independientemente los motores de vibraci\u00f3n con facilidad.<\/p>\n<p>El eje de este radiante est\u00e1 forrado con luces LED pulsantes para facilitar el tiempo de reproducci\u00f3n, incluso en las noches m\u00e1s oscuras. Ya sea que est\u00e9s tomando un ba\u00f1o con un amante o participando en una sesi\u00f3n individual de vapor, espera hasta 2 horas de vibraci\u00f3n impermeable.<\/p>\n<p>Recarga el placer y vuelve al tiempo de juego en solo 2 horas con el cable USB provisto. Este moderno juguete est\u00e1 hecho de silicona y pl\u00e1stico ABS con revestimiento met\u00e1lico hipoalerg\u00e9nico. Las luces LED pulsan y brillan cuando est\u00e1 en uso.<\/p>\n<p>Caracter\u00edsticas:<\/p>\n<ul>\n<li>Longitud total del vibrador: 12,75 cm<\/li>\n<li>Di\u00e1metro del vibrador: 3,25 cm<\/li>\n<li>Longitud del estimulador: 6,25 cm<\/li>\n<li>Di\u00e1metro del estimulador: 2,5 cm<\/li>\n<li>Recargable con USB<\/li>\n<li>Resistente al agua<\/li>\n<li>10 mods distintos de vibraci\u00f3n<\/li>\n<li>Material: Silicona y pl\u00e1stico ABS.<\/li>\n<\/ul>\n","protected":false},"excerpt":{"rendered":"<p>DAZZLED BRILLIANCE El DazzLED Brilliance es el deslumbrante conejo LED de tus sue\u00f1os con un eje curvado ergon\u00f3mico, un teaser<\/p>\n","protected":false},"featured_media":63008,"comment_status":"open","ping_status":"open","template":"","meta":[],"product_cat":[434],"product_tag":[660,1550],"class_list":["post-63007","product","type-product","status-publish","has-post-thumbnail","hentry","product_cat-doble-estimulacion-vibradores-juguetes-xxx","product_tag-calexotics","product_tag-dazzle"],"bundled_by":[],"bundle_stock_status":"instock","bundle_stock_quantity":4,"bundle_virtual":false,"bundle_layout":"","bundle_add_to_cart_form_location":"","bundle_editable_in_cart":false,"bundle_sold_individually_context":"","bundle_item_grouping":"","bundle_min_size":"","bundle_max_size":"","bundled_items":[],"yoast_head":"<!-- This site is optimized with the Yoast SEO plugin v20.6 - https:\/\/yoast.com\/wordpress\/plugins\/seo\/ -->\n<title>DAZZLED BRILLIANCE VIBRADOR RAMPANTE - TURQUESA - Tienda Er\u00f3tica<\/title>\n<meta name=\"robots\" content=\"noindex, follow, max-snippet:-1, max-image-preview:large, max-video-preview:-1\" \/>\n<meta property=\"og:locale\" content=\"es_ES\" \/>\n<meta property=\"og:type\" content=\"article\" \/>\n<meta property=\"og:title\" content=\"DAZZLED BRILLIANCE VIBRADOR RAMPANTE - TURQUESA - Tienda Er\u00f3tica\" \/>\n<meta property=\"og:description\" content=\"DAZZLED BRILLIANCE El DazzLED Brilliance es el deslumbrante conejo LED de tus sue\u00f1os con un eje curvado ergon\u00f3mico, un teaser\" \/>\n<meta property=\"og:url\" content=\"https:\/\/demoweb.info\/sexshop001\/producto\/dazzled-brilliance-vibrador-rampante-turquesa\/\" \/>\n<meta property=\"og:site_name\" content=\"Tienda Er\u00f3tica\" \/>\n<meta property=\"og:image\" content=\"https:\/\/demoweb.info\/sexshop001\/wp-content\/uploads\/2022\/01\/DAZZLED-BRILLIANCE-VIBRADOR-RAMPANTE-TURQUESA.jpg\" \/>\n\t<meta property=\"og:image:width\" content=\"550\" \/>\n\t<meta property=\"og:image:height\" content=\"550\" \/>\n\t<meta property=\"og:image:type\" content=\"image\/jpeg\" \/>\n<meta name=\"twitter:card\" content=\"summary_large_image\" \/>\n<meta name=\"twitter:label1\" content=\"Tiempo de lectura\" \/>\n\t<meta name=\"twitter:data1\" content=\"1 minuto\" \/>\n<script type=\"application\/ld+json\" class=\"yoast-schema-graph\">{\"@context\":\"https:\/\/schema.org\",\"@graph\":[{\"@type\":\"WebPage\",\"@id\":\"https:\/\/demoweb.info\/sexshop001\/producto\/dazzled-brilliance-vibrador-rampante-turquesa\/\",\"url\":\"https:\/\/demoweb.info\/sexshop001\/producto\/dazzled-brilliance-vibrador-rampante-turquesa\/\",\"name\":\"DAZZLED BRILLIANCE VIBRADOR RAMPANTE - TURQUESA - Tienda Er\u00f3tica\",\"isPartOf\":{\"@id\":\"https:\/\/demoweb.info\/sexshop001\/#website\"},\"datePublished\":\"2022-01-22T17:33:50+00:00\",\"dateModified\":\"2022-01-22T17:33:50+00:00\",\"breadcrumb\":{\"@id\":\"https:\/\/demoweb.info\/sexshop001\/producto\/dazzled-brilliance-vibrador-rampante-turquesa\/#breadcrumb\"},\"inLanguage\":\"es\",\"potentialAction\":[{\"@type\":\"ReadAction\",\"target\":[\"https:\/\/demoweb.info\/sexshop001\/producto\/dazzled-brilliance-vibrador-rampante-turquesa\/\"]}]},{\"@type\":\"BreadcrumbList\",\"@id\":\"https:\/\/demoweb.info\/sexshop001\/producto\/dazzled-brilliance-vibrador-rampante-turquesa\/#breadcrumb\",\"itemListElement\":[{\"@type\":\"ListItem\",\"position\":1,\"name\":\"Portada\",\"item\":\"https:\/\/demoweb.info\/sexshop001\/\"},{\"@type\":\"ListItem\",\"position\":2,\"name\":\"Tienda\",\"item\":\"https:\/\/demoweb.info\/sexshop001\/tienda\/\"},{\"@type\":\"ListItem\",\"position\":3,\"name\":\"DAZZLED BRILLIANCE VIBRADOR RAMPANTE &#8211; TURQUESA\"}]},{\"@type\":\"WebSite\",\"@id\":\"https:\/\/demoweb.info\/sexshop001\/#website\",\"url\":\"https:\/\/demoweb.info\/sexshop001\/\",\"name\":\"Tienda Er\u00f3tica\",\"description\":\"DEMOWEB SL\",\"potentialAction\":[{\"@type\":\"SearchAction\",\"target\":{\"@type\":\"EntryPoint\",\"urlTemplate\":\"https:\/\/demoweb.info\/sexshop001\/?s={search_term_string}\"},\"query-input\":\"required name=search_term_string\"}],\"inLanguage\":\"es\"}]}<\/script>\n<!-- \/ Yoast SEO plugin. -->","yoast_head_json":{"title":"DAZZLED BRILLIANCE VIBRADOR RAMPANTE - TURQUESA - Tienda Er\u00f3tica","robots":{"index":"noindex","follow":"follow","max-snippet":"max-snippet:-1","max-image-preview":"max-image-preview:large","max-video-preview":"max-video-preview:-1"},"og_locale":"es_ES","og_type":"article","og_title":"DAZZLED BRILLIANCE VIBRADOR RAMPANTE - TURQUESA - Tienda Er\u00f3tica","og_description":"DAZZLED BRILLIANCE El DazzLED Brilliance es el deslumbrante conejo LED de tus sue\u00f1os con un eje curvado ergon\u00f3mico, un teaser","og_url":"https:\/\/demoweb.info\/sexshop001\/producto\/dazzled-brilliance-vibrador-rampante-turquesa\/","og_site_name":"Tienda Er\u00f3tica","og_image":[{"width":550,"height":550,"url":"https:\/\/demoweb.info\/sexshop001\/wp-content\/uploads\/2022\/01\/DAZZLED-BRILLIANCE-VIBRADOR-RAMPANTE-TURQUESA.jpg","type":"image\/jpeg"}],"twitter_card":"summary_large_image","twitter_misc":{"Tiempo de lectura":"1 minuto"},"schema":{"@context":"https:\/\/schema.org","@graph":[{"@type":"WebPage","@id":"https:\/\/demoweb.info\/sexshop001\/producto\/dazzled-brilliance-vibrador-rampante-turquesa\/","url":"https:\/\/demoweb.info\/sexshop001\/producto\/dazzled-brilliance-vibrador-rampante-turquesa\/","name":"DAZZLED BRILLIANCE VIBRADOR RAMPANTE - TURQUESA - Tienda Er\u00f3tica","isPartOf":{"@id":"https:\/\/demoweb.info\/sexshop001\/#website"},"datePublished":"2022-01-22T17:33:50+00:00","dateModified":"2022-01-22T17:33:50+00:00","breadcrumb":{"@id":"https:\/\/demoweb.info\/sexshop001\/producto\/dazzled-brilliance-vibrador-rampante-turquesa\/#breadcrumb"},"inLanguage":"es","potentialAction":[{"@type":"ReadAction","target":["https:\/\/demoweb.info\/sexshop001\/producto\/dazzled-brilliance-vibrador-rampante-turquesa\/"]}]},{"@type":"BreadcrumbList","@id":"https:\/\/demoweb.info\/sexshop001\/producto\/dazzled-brilliance-vibrador-rampante-turquesa\/#breadcrumb","itemListElement":[{"@type":"ListItem","position":1,"name":"Portada","item":"https:\/\/demoweb.info\/sexshop001\/"},{"@type":"ListItem","position":2,"name":"Tienda","item":"https:\/\/demoweb.info\/sexshop001\/tienda\/"},{"@type":"ListItem","position":3,"name":"DAZZLED BRILLIANCE VIBRADOR RAMPANTE &#8211; TURQUESA"}]},{"@type":"WebSite","@id":"https:\/\/demoweb.info\/sexshop001\/#website","url":"https:\/\/demoweb.info\/sexshop001\/","name":"Tienda Er\u00f3tica","description":"DEMOWEB SL","potentialAction":[{"@type":"SearchAction","target":{"@type":"EntryPoint","urlTemplate":"https:\/\/demoweb.info\/sexshop001\/?s={search_term_string}"},"query-input":"required name=search_term_string"}],"inLanguage":"es"}]}},"_links":{"self":[{"href":"https:\/\/demoweb.info\/sexshop001\/wp-json\/wp\/v3\/product\/63007","targetHints":{"allow":["GET"]}}],"collection":[{"href":"https:\/\/demoweb.info\/sexshop001\/wp-json\/wp\/v3\/product"}],"about":[{"href":"https:\/\/demoweb.info\/sexshop001\/wp-json\/wp\/v2\/types\/product"}],"replies":[{"embeddable":true,"href":"https:\/\/demoweb.info\/sexshop001\/wp-json\/wp\/v2\/comments?post=63007"}],"wp:featuredmedia":[{"embeddable":true,"href":"https:\/\/demoweb.info\/sexshop001\/wp-json\/wp\/v2\/media\/63008"}],"wp:attachment":[{"href":"https:\/\/demoweb.info\/sexshop001\/wp-json\/wp\/v2\/media?parent=63007"}],"wp:term":[{"taxonomy":"product_cat","embeddable":true,"href":"https:\/\/demoweb.info\/sexshop001\/wp-json\/wp\/v2\/product_cat?post=63007"},{"taxonomy":"product_tag","embeddable":true,"href":"https:\/\/demoweb.info\/sexshop001\/wp-json\/wp\/v2\/product_tag?post=63007"}],"curies":[{"name":"wp","href":"https:\/\/api.w.org\/{rel}","templated":true}]}}