{"id":62544,"date":"2022-01-22T18:27:41","date_gmt":"2022-01-22T17:27:41","guid":{"rendered":"https:\/\/demoweb.info\/sexshop001\/producto\/e-stim-plug-extremo-negro\/"},"modified":"2022-01-22T18:28:01","modified_gmt":"2022-01-22T17:28:01","slug":"e-stim-plug-extremo-negro","status":"publish","type":"product","link":"https:\/\/demoweb.info\/sexshop001\/producto\/e-stim-plug-extremo-negro\/","title":{"rendered":"E-STIM PLUG EXTREMO NEGRO"},"content":{"rendered":"<p><strong>INTRUDER WITH TUNNER BUTTPLUG RING 45MM 4INCH X 1,5 INCH <\/strong><\/p>\n<p>\u00a1Date una patada extra a ti o a tu pareja o ve hasta el final!<\/p>\n<p>Este tickler trasero totalmente negro est\u00e1 hecho de ABS liso sin ftalatos y acero inoxidable. \u00a1La funci\u00f3n de electrochoque solo se activar\u00e1 cuando las partes de acero toquen la piel simult\u00e1neamente! Simplemente conecte este tap\u00f3n trasero ELECTROSHOCK al control remoto, inserte las dos bater\u00edas de triple A (incluidas), \u00a1y listo! Practicar electrosex con ELECTROSHOCK requiere precauci\u00f3n. \u00a1Mantenga el juego de electrosex debajo de la cintura! \u00a1NO use estos juguetes en combinaci\u00f3n con agua!<\/p>\n<ul>\n<li>Dimensiones del producto 8 x 2,8 x 2,7 cm<\/li>\n<li>Peso del producto 36 gramos<\/li>\n<li>Di\u00e1metro del producto 2,8 cm<\/li>\n<li>Longitud insertable 6,0 cm<\/li>\n<li>Se carga bater\u00edas 2<\/li>\n<li>Tipo de bater\u00edas AAA<\/li>\n<li>Bater\u00edas incluidas S\u00ed<\/li>\n<li>Libre de ftalato S\u00ed<\/li>\n<li>Materiales ABS + acero inoxidable<\/li>\n<\/ul>\n","protected":false},"excerpt":{"rendered":"<p>INTRUDER WITH TUNNER BUTTPLUG RING 45MM 4INCH X 1,5 INCH \u00a1Date una patada extra a ti o a tu pareja<\/p>\n","protected":false},"featured_media":62545,"comment_status":"open","ping_status":"open","template":"","meta":[],"product_cat":[295],"product_tag":[303,302],"class_list":["post-62544","product","type-product","status-publish","has-post-thumbnail","hentry","product_cat-vibradores-plugs","product_tag-electroshock","product_tag-shots"],"bundled_by":[],"bundle_stock_status":"instock","bundle_stock_quantity":1,"bundle_virtual":false,"bundle_layout":"","bundle_add_to_cart_form_location":"","bundle_editable_in_cart":false,"bundle_sold_individually_context":"","bundle_item_grouping":"","bundle_min_size":"","bundle_max_size":"","bundled_items":[],"yoast_head":"<!-- This site is optimized with the Yoast SEO plugin v20.6 - https:\/\/yoast.com\/wordpress\/plugins\/seo\/ -->\n<title>E-STIM PLUG EXTREMO NEGRO - Tienda Er\u00f3tica<\/title>\n<meta name=\"robots\" content=\"noindex, follow, max-snippet:-1, max-image-preview:large, max-video-preview:-1\" \/>\n<meta property=\"og:locale\" content=\"es_ES\" \/>\n<meta property=\"og:type\" content=\"article\" \/>\n<meta property=\"og:title\" content=\"E-STIM PLUG EXTREMO NEGRO - Tienda Er\u00f3tica\" \/>\n<meta property=\"og:description\" content=\"INTRUDER WITH TUNNER BUTTPLUG RING 45MM 4INCH X 1,5 INCH \u00a1Date una patada extra a ti o a tu pareja\" \/>\n<meta property=\"og:url\" content=\"https:\/\/demoweb.info\/sexshop001\/producto\/e-stim-plug-extremo-negro\/\" \/>\n<meta property=\"og:site_name\" content=\"Tienda Er\u00f3tica\" \/>\n<meta property=\"article:modified_time\" content=\"2022-01-22T17:28:01+00:00\" \/>\n<meta property=\"og:image\" content=\"https:\/\/demoweb.info\/sexshop001\/wp-content\/uploads\/2022\/01\/E-STIM-PLUG-EXTREMO-NEGRO.jpg\" \/>\n\t<meta property=\"og:image:width\" content=\"550\" \/>\n\t<meta property=\"og:image:height\" content=\"550\" \/>\n\t<meta property=\"og:image:type\" content=\"image\/jpeg\" \/>\n<meta name=\"twitter:card\" content=\"summary_large_image\" \/>\n<meta name=\"twitter:label1\" content=\"Tiempo de lectura\" \/>\n\t<meta name=\"twitter:data1\" content=\"1 minuto\" \/>\n<script type=\"application\/ld+json\" class=\"yoast-schema-graph\">{\"@context\":\"https:\/\/schema.org\",\"@graph\":[{\"@type\":\"WebPage\",\"@id\":\"https:\/\/demoweb.info\/sexshop001\/producto\/e-stim-plug-extremo-negro\/\",\"url\":\"https:\/\/demoweb.info\/sexshop001\/producto\/e-stim-plug-extremo-negro\/\",\"name\":\"E-STIM PLUG EXTREMO NEGRO - Tienda Er\u00f3tica\",\"isPartOf\":{\"@id\":\"https:\/\/demoweb.info\/sexshop001\/#website\"},\"datePublished\":\"2022-01-22T17:27:41+00:00\",\"dateModified\":\"2022-01-22T17:28:01+00:00\",\"breadcrumb\":{\"@id\":\"https:\/\/demoweb.info\/sexshop001\/producto\/e-stim-plug-extremo-negro\/#breadcrumb\"},\"inLanguage\":\"es\",\"potentialAction\":[{\"@type\":\"ReadAction\",\"target\":[\"https:\/\/demoweb.info\/sexshop001\/producto\/e-stim-plug-extremo-negro\/\"]}]},{\"@type\":\"BreadcrumbList\",\"@id\":\"https:\/\/demoweb.info\/sexshop001\/producto\/e-stim-plug-extremo-negro\/#breadcrumb\",\"itemListElement\":[{\"@type\":\"ListItem\",\"position\":1,\"name\":\"Portada\",\"item\":\"https:\/\/demoweb.info\/sexshop001\/\"},{\"@type\":\"ListItem\",\"position\":2,\"name\":\"Tienda\",\"item\":\"https:\/\/demoweb.info\/sexshop001\/tienda\/\"},{\"@type\":\"ListItem\",\"position\":3,\"name\":\"E-STIM PLUG EXTREMO NEGRO\"}]},{\"@type\":\"WebSite\",\"@id\":\"https:\/\/demoweb.info\/sexshop001\/#website\",\"url\":\"https:\/\/demoweb.info\/sexshop001\/\",\"name\":\"Tienda Er\u00f3tica\",\"description\":\"DEMOWEB SL\",\"potentialAction\":[{\"@type\":\"SearchAction\",\"target\":{\"@type\":\"EntryPoint\",\"urlTemplate\":\"https:\/\/demoweb.info\/sexshop001\/?s={search_term_string}\"},\"query-input\":\"required name=search_term_string\"}],\"inLanguage\":\"es\"}]}<\/script>\n<!-- \/ Yoast SEO plugin. -->","yoast_head_json":{"title":"E-STIM PLUG EXTREMO NEGRO - Tienda Er\u00f3tica","robots":{"index":"noindex","follow":"follow","max-snippet":"max-snippet:-1","max-image-preview":"max-image-preview:large","max-video-preview":"max-video-preview:-1"},"og_locale":"es_ES","og_type":"article","og_title":"E-STIM PLUG EXTREMO NEGRO - Tienda Er\u00f3tica","og_description":"INTRUDER WITH TUNNER BUTTPLUG RING 45MM 4INCH X 1,5 INCH \u00a1Date una patada extra a ti o a tu pareja","og_url":"https:\/\/demoweb.info\/sexshop001\/producto\/e-stim-plug-extremo-negro\/","og_site_name":"Tienda Er\u00f3tica","article_modified_time":"2022-01-22T17:28:01+00:00","og_image":[{"width":550,"height":550,"url":"https:\/\/demoweb.info\/sexshop001\/wp-content\/uploads\/2022\/01\/E-STIM-PLUG-EXTREMO-NEGRO.jpg","type":"image\/jpeg"}],"twitter_card":"summary_large_image","twitter_misc":{"Tiempo de lectura":"1 minuto"},"schema":{"@context":"https:\/\/schema.org","@graph":[{"@type":"WebPage","@id":"https:\/\/demoweb.info\/sexshop001\/producto\/e-stim-plug-extremo-negro\/","url":"https:\/\/demoweb.info\/sexshop001\/producto\/e-stim-plug-extremo-negro\/","name":"E-STIM PLUG EXTREMO NEGRO - Tienda Er\u00f3tica","isPartOf":{"@id":"https:\/\/demoweb.info\/sexshop001\/#website"},"datePublished":"2022-01-22T17:27:41+00:00","dateModified":"2022-01-22T17:28:01+00:00","breadcrumb":{"@id":"https:\/\/demoweb.info\/sexshop001\/producto\/e-stim-plug-extremo-negro\/#breadcrumb"},"inLanguage":"es","potentialAction":[{"@type":"ReadAction","target":["https:\/\/demoweb.info\/sexshop001\/producto\/e-stim-plug-extremo-negro\/"]}]},{"@type":"BreadcrumbList","@id":"https:\/\/demoweb.info\/sexshop001\/producto\/e-stim-plug-extremo-negro\/#breadcrumb","itemListElement":[{"@type":"ListItem","position":1,"name":"Portada","item":"https:\/\/demoweb.info\/sexshop001\/"},{"@type":"ListItem","position":2,"name":"Tienda","item":"https:\/\/demoweb.info\/sexshop001\/tienda\/"},{"@type":"ListItem","position":3,"name":"E-STIM PLUG EXTREMO NEGRO"}]},{"@type":"WebSite","@id":"https:\/\/demoweb.info\/sexshop001\/#website","url":"https:\/\/demoweb.info\/sexshop001\/","name":"Tienda Er\u00f3tica","description":"DEMOWEB SL","potentialAction":[{"@type":"SearchAction","target":{"@type":"EntryPoint","urlTemplate":"https:\/\/demoweb.info\/sexshop001\/?s={search_term_string}"},"query-input":"required name=search_term_string"}],"inLanguage":"es"}]}},"_links":{"self":[{"href":"https:\/\/demoweb.info\/sexshop001\/wp-json\/wp\/v3\/product\/62544","targetHints":{"allow":["GET"]}}],"collection":[{"href":"https:\/\/demoweb.info\/sexshop001\/wp-json\/wp\/v3\/product"}],"about":[{"href":"https:\/\/demoweb.info\/sexshop001\/wp-json\/wp\/v2\/types\/product"}],"replies":[{"embeddable":true,"href":"https:\/\/demoweb.info\/sexshop001\/wp-json\/wp\/v2\/comments?post=62544"}],"wp:featuredmedia":[{"embeddable":true,"href":"https:\/\/demoweb.info\/sexshop001\/wp-json\/wp\/v2\/media\/62545"}],"wp:attachment":[{"href":"https:\/\/demoweb.info\/sexshop001\/wp-json\/wp\/v2\/media?parent=62544"}],"wp:term":[{"taxonomy":"product_cat","embeddable":true,"href":"https:\/\/demoweb.info\/sexshop001\/wp-json\/wp\/v2\/product_cat?post=62544"},{"taxonomy":"product_tag","embeddable":true,"href":"https:\/\/demoweb.info\/sexshop001\/wp-json\/wp\/v2\/product_tag?post=62544"}],"curies":[{"name":"wp","href":"https:\/\/api.w.org\/{rel}","templated":true}]}}