{"id":62531,"date":"2022-01-22T18:27:41","date_gmt":"2022-01-22T17:27:41","guid":{"rendered":"https:\/\/demoweb.info\/sexshop001\/producto\/set-de-sondas-uretrales-negro\/"},"modified":"2022-01-22T18:27:51","modified_gmt":"2022-01-22T17:27:51","slug":"set-de-sondas-uretrales-negro","status":"publish","type":"product","link":"https:\/\/demoweb.info\/sexshop001\/producto\/set-de-sondas-uretrales-negro\/","title":{"rendered":"SET DE SONDAS URETRALES &#8211; NEGRO"},"content":{"rendered":"<p><strong>URETHRAL SOUNDING PLUG SET <\/strong><\/p>\n<p>El OUCH! El juego de conectores con sonda uretral consta de 3 dilatadores m\u00e9dicos de silicona de alto grado y sin ftalatos, que se pueden usar progresivamente para el juego uretral. Se pueden utilizar para crear una estimulaci\u00f3n inmensa y para abrir gradualmente nuevos dominios de placer.<\/p>\n<p>Estos dilatadores flexibles y texturizados pueden producir sensaciones incre\u00edbles y ayudar a realizar fuertes erecciones y orgasmos potentes. Son ideales para jugar BDSM y especiales para crear experiencias de juego m\u00e9dico. Cada uno de los dilatadores tiene un tama\u00f1o y una textura distinta para una sensaci\u00f3n adicional y una transici\u00f3n suave de un tama\u00f1o al que sigue.<\/p>\n<p>Vea las especificaciones para los tama\u00f1os exactos en la caja. El dise\u00f1o de tracci\u00f3n del anillo ofrece la seguridad de una f\u00e1cil extracci\u00f3n.<\/p>\n<p>Advertencia: Si no se usa con cuidado, la sonda puede tener el riesgo de causar irritaci\u00f3n, lagrimeo de la uretra, o infecci\u00f3n del tracto urinario.<\/p>\n<p>Medidas:<br \/>\n&#8211; Dilatador peque\u00f1o:<\/p>\n<ul>\n<li>10cm x 4,5cm x 0,5cm<\/li>\n<li>4,5 cm di\u00e1metro<\/li>\n<li>3,5 cm di\u00e1metro interno<\/li>\n<li>5,2 cm longitud insertable<\/li>\n<\/ul>\n<p>&#8211; Dilatador mediano:<\/p>\n<ul>\n<li>13,5cm x 4cm x 0,5cm<\/li>\n<li>4 cm di\u00e1metro<\/li>\n<li>3,1 cm di\u00e1metro interno<\/li>\n<li>9,5 cm longitud insertable<\/li>\n<\/ul>\n<p>&#8211; Dilatador grande:<\/p>\n<ul>\n<li>15,5cm x 4cm x 0,5cm<\/li>\n<li>4 cm di\u00e1metro<\/li>\n<li>3,1 cm di\u00e1metro interno<\/li>\n<li>11,5 cm longitud insertable<\/li>\n<\/ul>\n","protected":false},"excerpt":{"rendered":"<p>URETHRAL SOUNDING PLUG SET El OUCH! El juego de conectores con sonda uretral consta de 3 dilatadores m\u00e9dicos de silicona<\/p>\n","protected":false},"featured_media":62532,"comment_status":"open","ping_status":"open","template":"","meta":[],"product_cat":[290],"product_tag":[307,302],"class_list":["post-62531","product","type-product","status-publish","has-post-thumbnail","hentry","product_cat-penis-plug","product_tag-ouch","product_tag-shots"],"bundled_by":[],"bundle_stock_status":"instock","bundle_stock_quantity":1,"bundle_virtual":false,"bundle_layout":"","bundle_add_to_cart_form_location":"","bundle_editable_in_cart":false,"bundle_sold_individually_context":"","bundle_item_grouping":"","bundle_min_size":"","bundle_max_size":"","bundled_items":[],"yoast_head":"<!-- This site is optimized with the Yoast SEO plugin v20.6 - https:\/\/yoast.com\/wordpress\/plugins\/seo\/ -->\n<title>SET DE SONDAS URETRALES - NEGRO - Tienda Er\u00f3tica<\/title>\n<meta name=\"robots\" content=\"noindex, follow, max-snippet:-1, max-image-preview:large, max-video-preview:-1\" \/>\n<meta property=\"og:locale\" content=\"es_ES\" \/>\n<meta property=\"og:type\" content=\"article\" \/>\n<meta property=\"og:title\" content=\"SET DE SONDAS URETRALES - NEGRO - Tienda Er\u00f3tica\" \/>\n<meta property=\"og:description\" content=\"URETHRAL SOUNDING PLUG SET El OUCH! El juego de conectores con sonda uretral consta de 3 dilatadores m\u00e9dicos de silicona\" \/>\n<meta property=\"og:url\" content=\"https:\/\/demoweb.info\/sexshop001\/producto\/set-de-sondas-uretrales-negro\/\" \/>\n<meta property=\"og:site_name\" content=\"Tienda Er\u00f3tica\" \/>\n<meta property=\"article:modified_time\" content=\"2022-01-22T17:27:51+00:00\" \/>\n<meta property=\"og:image\" content=\"https:\/\/demoweb.info\/sexshop001\/wp-content\/uploads\/2022\/01\/SET-DE-SONDAS-URETRALES-NEGRO.jpg\" \/>\n\t<meta property=\"og:image:width\" content=\"550\" \/>\n\t<meta property=\"og:image:height\" content=\"550\" \/>\n\t<meta property=\"og:image:type\" content=\"image\/jpeg\" \/>\n<meta name=\"twitter:card\" content=\"summary_large_image\" \/>\n<meta name=\"twitter:label1\" content=\"Tiempo de lectura\" \/>\n\t<meta name=\"twitter:data1\" content=\"1 minuto\" \/>\n<script type=\"application\/ld+json\" class=\"yoast-schema-graph\">{\"@context\":\"https:\/\/schema.org\",\"@graph\":[{\"@type\":\"WebPage\",\"@id\":\"https:\/\/demoweb.info\/sexshop001\/producto\/set-de-sondas-uretrales-negro\/\",\"url\":\"https:\/\/demoweb.info\/sexshop001\/producto\/set-de-sondas-uretrales-negro\/\",\"name\":\"SET DE SONDAS URETRALES - NEGRO - Tienda Er\u00f3tica\",\"isPartOf\":{\"@id\":\"https:\/\/demoweb.info\/sexshop001\/#website\"},\"datePublished\":\"2022-01-22T17:27:41+00:00\",\"dateModified\":\"2022-01-22T17:27:51+00:00\",\"breadcrumb\":{\"@id\":\"https:\/\/demoweb.info\/sexshop001\/producto\/set-de-sondas-uretrales-negro\/#breadcrumb\"},\"inLanguage\":\"es\",\"potentialAction\":[{\"@type\":\"ReadAction\",\"target\":[\"https:\/\/demoweb.info\/sexshop001\/producto\/set-de-sondas-uretrales-negro\/\"]}]},{\"@type\":\"BreadcrumbList\",\"@id\":\"https:\/\/demoweb.info\/sexshop001\/producto\/set-de-sondas-uretrales-negro\/#breadcrumb\",\"itemListElement\":[{\"@type\":\"ListItem\",\"position\":1,\"name\":\"Portada\",\"item\":\"https:\/\/demoweb.info\/sexshop001\/\"},{\"@type\":\"ListItem\",\"position\":2,\"name\":\"Tienda\",\"item\":\"https:\/\/demoweb.info\/sexshop001\/tienda\/\"},{\"@type\":\"ListItem\",\"position\":3,\"name\":\"SET DE SONDAS URETRALES &#8211; NEGRO\"}]},{\"@type\":\"WebSite\",\"@id\":\"https:\/\/demoweb.info\/sexshop001\/#website\",\"url\":\"https:\/\/demoweb.info\/sexshop001\/\",\"name\":\"Tienda Er\u00f3tica\",\"description\":\"DEMOWEB SL\",\"potentialAction\":[{\"@type\":\"SearchAction\",\"target\":{\"@type\":\"EntryPoint\",\"urlTemplate\":\"https:\/\/demoweb.info\/sexshop001\/?s={search_term_string}\"},\"query-input\":\"required name=search_term_string\"}],\"inLanguage\":\"es\"}]}<\/script>\n<!-- \/ Yoast SEO plugin. -->","yoast_head_json":{"title":"SET DE SONDAS URETRALES - NEGRO - Tienda Er\u00f3tica","robots":{"index":"noindex","follow":"follow","max-snippet":"max-snippet:-1","max-image-preview":"max-image-preview:large","max-video-preview":"max-video-preview:-1"},"og_locale":"es_ES","og_type":"article","og_title":"SET DE SONDAS URETRALES - NEGRO - Tienda Er\u00f3tica","og_description":"URETHRAL SOUNDING PLUG SET El OUCH! El juego de conectores con sonda uretral consta de 3 dilatadores m\u00e9dicos de silicona","og_url":"https:\/\/demoweb.info\/sexshop001\/producto\/set-de-sondas-uretrales-negro\/","og_site_name":"Tienda Er\u00f3tica","article_modified_time":"2022-01-22T17:27:51+00:00","og_image":[{"width":550,"height":550,"url":"https:\/\/demoweb.info\/sexshop001\/wp-content\/uploads\/2022\/01\/SET-DE-SONDAS-URETRALES-NEGRO.jpg","type":"image\/jpeg"}],"twitter_card":"summary_large_image","twitter_misc":{"Tiempo de lectura":"1 minuto"},"schema":{"@context":"https:\/\/schema.org","@graph":[{"@type":"WebPage","@id":"https:\/\/demoweb.info\/sexshop001\/producto\/set-de-sondas-uretrales-negro\/","url":"https:\/\/demoweb.info\/sexshop001\/producto\/set-de-sondas-uretrales-negro\/","name":"SET DE SONDAS URETRALES - NEGRO - Tienda Er\u00f3tica","isPartOf":{"@id":"https:\/\/demoweb.info\/sexshop001\/#website"},"datePublished":"2022-01-22T17:27:41+00:00","dateModified":"2022-01-22T17:27:51+00:00","breadcrumb":{"@id":"https:\/\/demoweb.info\/sexshop001\/producto\/set-de-sondas-uretrales-negro\/#breadcrumb"},"inLanguage":"es","potentialAction":[{"@type":"ReadAction","target":["https:\/\/demoweb.info\/sexshop001\/producto\/set-de-sondas-uretrales-negro\/"]}]},{"@type":"BreadcrumbList","@id":"https:\/\/demoweb.info\/sexshop001\/producto\/set-de-sondas-uretrales-negro\/#breadcrumb","itemListElement":[{"@type":"ListItem","position":1,"name":"Portada","item":"https:\/\/demoweb.info\/sexshop001\/"},{"@type":"ListItem","position":2,"name":"Tienda","item":"https:\/\/demoweb.info\/sexshop001\/tienda\/"},{"@type":"ListItem","position":3,"name":"SET DE SONDAS URETRALES &#8211; NEGRO"}]},{"@type":"WebSite","@id":"https:\/\/demoweb.info\/sexshop001\/#website","url":"https:\/\/demoweb.info\/sexshop001\/","name":"Tienda Er\u00f3tica","description":"DEMOWEB SL","potentialAction":[{"@type":"SearchAction","target":{"@type":"EntryPoint","urlTemplate":"https:\/\/demoweb.info\/sexshop001\/?s={search_term_string}"},"query-input":"required name=search_term_string"}],"inLanguage":"es"}]}},"_links":{"self":[{"href":"https:\/\/demoweb.info\/sexshop001\/wp-json\/wp\/v3\/product\/62531","targetHints":{"allow":["GET"]}}],"collection":[{"href":"https:\/\/demoweb.info\/sexshop001\/wp-json\/wp\/v3\/product"}],"about":[{"href":"https:\/\/demoweb.info\/sexshop001\/wp-json\/wp\/v2\/types\/product"}],"replies":[{"embeddable":true,"href":"https:\/\/demoweb.info\/sexshop001\/wp-json\/wp\/v2\/comments?post=62531"}],"wp:featuredmedia":[{"embeddable":true,"href":"https:\/\/demoweb.info\/sexshop001\/wp-json\/wp\/v2\/media\/62532"}],"wp:attachment":[{"href":"https:\/\/demoweb.info\/sexshop001\/wp-json\/wp\/v2\/media?parent=62531"}],"wp:term":[{"taxonomy":"product_cat","embeddable":true,"href":"https:\/\/demoweb.info\/sexshop001\/wp-json\/wp\/v2\/product_cat?post=62531"},{"taxonomy":"product_tag","embeddable":true,"href":"https:\/\/demoweb.info\/sexshop001\/wp-json\/wp\/v2\/product_tag?post=62531"}],"curies":[{"name":"wp","href":"https:\/\/api.w.org\/{rel}","templated":true}]}}