{"id":62498,"date":"2022-01-22T18:27:05","date_gmt":"2022-01-22T17:27:05","guid":{"rendered":"https:\/\/demoweb.info\/sexshop001\/producto\/loverspremium-o-bunny-estimulador-rosa\/"},"modified":"2022-01-22T18:27:24","modified_gmt":"2022-01-22T17:27:24","slug":"loverspremium-o-bunny-estimulador-rosa","status":"publish","type":"product","link":"https:\/\/demoweb.info\/sexshop001\/producto\/loverspremium-o-bunny-estimulador-rosa\/","title":{"rendered":"LOVERSPREMIUM &#8211; O-BUNNY ESTIMULADOR &#8211; ROSA"},"content":{"rendered":"<p><strong>LOVERSPREMIUM &#8211; O-BUNNY<\/strong><\/p>\n<p>Un peque\u00f1o y atractivo masajeador LoversPremium. Elaborado en lujosa silicona cepillada. Tama\u00f1o factible para un f\u00e1cil manejo. Potente pero silencioso motor.<\/p>\n<p>El masajeador Honey O-Bunny ofrece 10 funciones de vibraci\u00f3n a trav\u00e9s de las orejas, a la vez que proporciona estimulaci\u00f3n a ambos lados del cl\u00edtoris simult\u00e1neamente. La luz LED integrada crea maravillosas expresiones faciales. Fabricado en silicona de alta calidad y ABS.<\/p>\n<p>No creas que sus orejas traviesas son solo para lucir bien, est\u00e1n colocadas con dos potentes motores para una gran diversi\u00f3n. Y su vientre abultado y redondo no solo es f\u00e1cil de manejar, sino tambi\u00e9n de tenacidad en posici\u00f3n vertical, al igual que un vaso. \u00bfPara qu\u00e9 son sus ojos curiosos? \u00a1Son botones para cambiar intensidad! Solo con 2 botones, puedes controlar 10 funciones.<\/p>\n<p>&#8211; Ojo izquierdo: Aumente la intensidad de la vibraci\u00f3n \/ cambie al siguiente modo de pulsaci\u00f3n (mantenga 2 segundos para apagar)<br \/>\n&#8211; Ojo derecho: Aumente la intensidad de la vibraci\u00f3n \/ cambie al siguiente modo de pulsaci\u00f3n (mantenga 2 segundos para apagar)<\/p>\n<p>Caracter\u00edsticas:<\/p>\n<ul>\n<li>N\u00famero de intensidades: 3<\/li>\n<li>N\u00famero de modos de pulsaci\u00f3n: 7<\/li>\n<li>Recargable<\/li>\n<li>A prueba de salpicaduras<\/li>\n<li>Material: silicona \/ ABS<\/li>\n<li>Tama\u00f1o: 90 x 51 x 15 mm.<\/li>\n<\/ul>\n","protected":false},"excerpt":{"rendered":"<p>LOVERSPREMIUM &#8211; O-BUNNY Un peque\u00f1o y atractivo masajeador LoversPremium. Elaborado en lujosa silicona cepillada. Tama\u00f1o factible para un f\u00e1cil manejo.<\/p>\n","protected":false},"featured_media":62499,"comment_status":"open","ping_status":"open","template":"","meta":[],"product_cat":[370],"product_tag":[821],"class_list":["post-62498","product","type-product","status-publish","has-post-thumbnail","hentry","product_cat-clitoris","product_tag-loverspremium"],"bundled_by":[],"bundle_stock_status":"outofstock","bundle_stock_quantity":0,"bundle_virtual":false,"bundle_layout":"","bundle_add_to_cart_form_location":"","bundle_editable_in_cart":false,"bundle_sold_individually_context":"","bundle_item_grouping":"","bundle_min_size":"","bundle_max_size":"","bundled_items":[],"yoast_head":"<!-- This site is optimized with the Yoast SEO plugin v20.6 - https:\/\/yoast.com\/wordpress\/plugins\/seo\/ -->\n<title>LOVERSPREMIUM - O-BUNNY ESTIMULADOR - ROSA - Tienda Er\u00f3tica<\/title>\n<meta name=\"robots\" content=\"noindex, follow, max-snippet:-1, max-image-preview:large, max-video-preview:-1\" \/>\n<meta property=\"og:locale\" content=\"es_ES\" \/>\n<meta property=\"og:type\" content=\"article\" \/>\n<meta property=\"og:title\" content=\"LOVERSPREMIUM - O-BUNNY ESTIMULADOR - ROSA - Tienda Er\u00f3tica\" \/>\n<meta property=\"og:description\" content=\"LOVERSPREMIUM &#8211; O-BUNNY Un peque\u00f1o y atractivo masajeador LoversPremium. Elaborado en lujosa silicona cepillada. Tama\u00f1o factible para un f\u00e1cil manejo.\" \/>\n<meta property=\"og:url\" content=\"https:\/\/demoweb.info\/sexshop001\/producto\/loverspremium-o-bunny-estimulador-rosa\/\" \/>\n<meta property=\"og:site_name\" content=\"Tienda Er\u00f3tica\" \/>\n<meta property=\"article:modified_time\" content=\"2022-01-22T17:27:24+00:00\" \/>\n<meta property=\"og:image\" content=\"https:\/\/demoweb.info\/sexshop001\/wp-content\/uploads\/2022\/01\/LOVERSPREMIUM-O-BUNNY-ESTIMULADOR-ROSA.jpg\" \/>\n\t<meta property=\"og:image:width\" content=\"550\" \/>\n\t<meta property=\"og:image:height\" content=\"550\" \/>\n\t<meta property=\"og:image:type\" content=\"image\/jpeg\" \/>\n<meta name=\"twitter:card\" content=\"summary_large_image\" \/>\n<meta name=\"twitter:label1\" content=\"Tiempo de lectura\" \/>\n\t<meta name=\"twitter:data1\" content=\"1 minuto\" \/>\n<script type=\"application\/ld+json\" class=\"yoast-schema-graph\">{\"@context\":\"https:\/\/schema.org\",\"@graph\":[{\"@type\":\"WebPage\",\"@id\":\"https:\/\/demoweb.info\/sexshop001\/producto\/loverspremium-o-bunny-estimulador-rosa\/\",\"url\":\"https:\/\/demoweb.info\/sexshop001\/producto\/loverspremium-o-bunny-estimulador-rosa\/\",\"name\":\"LOVERSPREMIUM - O-BUNNY ESTIMULADOR - ROSA - Tienda Er\u00f3tica\",\"isPartOf\":{\"@id\":\"https:\/\/demoweb.info\/sexshop001\/#website\"},\"datePublished\":\"2022-01-22T17:27:05+00:00\",\"dateModified\":\"2022-01-22T17:27:24+00:00\",\"breadcrumb\":{\"@id\":\"https:\/\/demoweb.info\/sexshop001\/producto\/loverspremium-o-bunny-estimulador-rosa\/#breadcrumb\"},\"inLanguage\":\"es\",\"potentialAction\":[{\"@type\":\"ReadAction\",\"target\":[\"https:\/\/demoweb.info\/sexshop001\/producto\/loverspremium-o-bunny-estimulador-rosa\/\"]}]},{\"@type\":\"BreadcrumbList\",\"@id\":\"https:\/\/demoweb.info\/sexshop001\/producto\/loverspremium-o-bunny-estimulador-rosa\/#breadcrumb\",\"itemListElement\":[{\"@type\":\"ListItem\",\"position\":1,\"name\":\"Portada\",\"item\":\"https:\/\/demoweb.info\/sexshop001\/\"},{\"@type\":\"ListItem\",\"position\":2,\"name\":\"Tienda\",\"item\":\"https:\/\/demoweb.info\/sexshop001\/tienda\/\"},{\"@type\":\"ListItem\",\"position\":3,\"name\":\"LOVERSPREMIUM &#8211; O-BUNNY ESTIMULADOR &#8211; ROSA\"}]},{\"@type\":\"WebSite\",\"@id\":\"https:\/\/demoweb.info\/sexshop001\/#website\",\"url\":\"https:\/\/demoweb.info\/sexshop001\/\",\"name\":\"Tienda Er\u00f3tica\",\"description\":\"DEMOWEB SL\",\"potentialAction\":[{\"@type\":\"SearchAction\",\"target\":{\"@type\":\"EntryPoint\",\"urlTemplate\":\"https:\/\/demoweb.info\/sexshop001\/?s={search_term_string}\"},\"query-input\":\"required name=search_term_string\"}],\"inLanguage\":\"es\"}]}<\/script>\n<!-- \/ Yoast SEO plugin. -->","yoast_head_json":{"title":"LOVERSPREMIUM - O-BUNNY ESTIMULADOR - ROSA - Tienda Er\u00f3tica","robots":{"index":"noindex","follow":"follow","max-snippet":"max-snippet:-1","max-image-preview":"max-image-preview:large","max-video-preview":"max-video-preview:-1"},"og_locale":"es_ES","og_type":"article","og_title":"LOVERSPREMIUM - O-BUNNY ESTIMULADOR - ROSA - Tienda Er\u00f3tica","og_description":"LOVERSPREMIUM &#8211; O-BUNNY Un peque\u00f1o y atractivo masajeador LoversPremium. Elaborado en lujosa silicona cepillada. Tama\u00f1o factible para un f\u00e1cil manejo.","og_url":"https:\/\/demoweb.info\/sexshop001\/producto\/loverspremium-o-bunny-estimulador-rosa\/","og_site_name":"Tienda Er\u00f3tica","article_modified_time":"2022-01-22T17:27:24+00:00","og_image":[{"width":550,"height":550,"url":"https:\/\/demoweb.info\/sexshop001\/wp-content\/uploads\/2022\/01\/LOVERSPREMIUM-O-BUNNY-ESTIMULADOR-ROSA.jpg","type":"image\/jpeg"}],"twitter_card":"summary_large_image","twitter_misc":{"Tiempo de lectura":"1 minuto"},"schema":{"@context":"https:\/\/schema.org","@graph":[{"@type":"WebPage","@id":"https:\/\/demoweb.info\/sexshop001\/producto\/loverspremium-o-bunny-estimulador-rosa\/","url":"https:\/\/demoweb.info\/sexshop001\/producto\/loverspremium-o-bunny-estimulador-rosa\/","name":"LOVERSPREMIUM - O-BUNNY ESTIMULADOR - ROSA - Tienda Er\u00f3tica","isPartOf":{"@id":"https:\/\/demoweb.info\/sexshop001\/#website"},"datePublished":"2022-01-22T17:27:05+00:00","dateModified":"2022-01-22T17:27:24+00:00","breadcrumb":{"@id":"https:\/\/demoweb.info\/sexshop001\/producto\/loverspremium-o-bunny-estimulador-rosa\/#breadcrumb"},"inLanguage":"es","potentialAction":[{"@type":"ReadAction","target":["https:\/\/demoweb.info\/sexshop001\/producto\/loverspremium-o-bunny-estimulador-rosa\/"]}]},{"@type":"BreadcrumbList","@id":"https:\/\/demoweb.info\/sexshop001\/producto\/loverspremium-o-bunny-estimulador-rosa\/#breadcrumb","itemListElement":[{"@type":"ListItem","position":1,"name":"Portada","item":"https:\/\/demoweb.info\/sexshop001\/"},{"@type":"ListItem","position":2,"name":"Tienda","item":"https:\/\/demoweb.info\/sexshop001\/tienda\/"},{"@type":"ListItem","position":3,"name":"LOVERSPREMIUM &#8211; O-BUNNY ESTIMULADOR &#8211; ROSA"}]},{"@type":"WebSite","@id":"https:\/\/demoweb.info\/sexshop001\/#website","url":"https:\/\/demoweb.info\/sexshop001\/","name":"Tienda Er\u00f3tica","description":"DEMOWEB SL","potentialAction":[{"@type":"SearchAction","target":{"@type":"EntryPoint","urlTemplate":"https:\/\/demoweb.info\/sexshop001\/?s={search_term_string}"},"query-input":"required name=search_term_string"}],"inLanguage":"es"}]}},"_links":{"self":[{"href":"https:\/\/demoweb.info\/sexshop001\/wp-json\/wp\/v3\/product\/62498","targetHints":{"allow":["GET"]}}],"collection":[{"href":"https:\/\/demoweb.info\/sexshop001\/wp-json\/wp\/v3\/product"}],"about":[{"href":"https:\/\/demoweb.info\/sexshop001\/wp-json\/wp\/v2\/types\/product"}],"replies":[{"embeddable":true,"href":"https:\/\/demoweb.info\/sexshop001\/wp-json\/wp\/v2\/comments?post=62498"}],"wp:featuredmedia":[{"embeddable":true,"href":"https:\/\/demoweb.info\/sexshop001\/wp-json\/wp\/v2\/media\/62499"}],"wp:attachment":[{"href":"https:\/\/demoweb.info\/sexshop001\/wp-json\/wp\/v2\/media?parent=62498"}],"wp:term":[{"taxonomy":"product_cat","embeddable":true,"href":"https:\/\/demoweb.info\/sexshop001\/wp-json\/wp\/v2\/product_cat?post=62498"},{"taxonomy":"product_tag","embeddable":true,"href":"https:\/\/demoweb.info\/sexshop001\/wp-json\/wp\/v2\/product_tag?post=62498"}],"curies":[{"name":"wp","href":"https:\/\/api.w.org\/{rel}","templated":true}]}}