{"id":62438,"date":"2022-01-22T18:26:27","date_gmt":"2022-01-22T17:26:27","guid":{"rendered":"https:\/\/demoweb.info\/sexshop001\/producto\/feelztoys-clitella-oral-estimulador-de-clitoris-morado\/"},"modified":"2022-01-22T18:26:32","modified_gmt":"2022-01-22T17:26:32","slug":"feelztoys-clitella-oral-estimulador-de-clitoris-morado","status":"publish","type":"product","link":"https:\/\/demoweb.info\/sexshop001\/producto\/feelztoys-clitella-oral-estimulador-de-clitoris-morado\/","title":{"rendered":"FEELZTOYS &#8211; CLITELLA ORAL ESTIMULADOR DE CL\u00cdTORIS &#8211; MORADO"},"content":{"rendered":"<p><strong>FEELZTOYS &#8211; CLITELLA ORAL CLITORAL STIMULATOR<\/strong><\/p>\n<p>Clitella es un estimulador de cl\u00edtoris oral que estimula y excita el cl\u00edtoris con diferentes velocidades, patrones y accesorios.<\/p>\n<p>El sentimiento del sexo oral est\u00e1 ahora a tu alcance.<\/p>\n<p>Los accesorios de Clitella proporcionan diferentes est\u00edmulos y sensaciones, en combinaci\u00f3n con las tres velocidades diferentes y los cuatro movimientos distintos que ofrece, este peque\u00f1o dispositivo proporciona orgasmos impresionantes.<\/p>\n<p>Las bolas y los puntos estimulan, acarician, cosquillean y excitan. Clitella tambi\u00e9n se puede utilizar para estimular sensualmente otras \u00e1reas sensibles del cuerpo.<\/p>\n<p>Debido a que este vibrador del cl\u00edtoris tiene un tama\u00f1o pr\u00e1ctico y se puede cargar con un cable USB, es un juguete perfecto para viajar.<\/p>\n<p>Caracter\u00edsticas:<\/p>\n<p>&#8211; Los accesorios adjuntos se pueden cambiar f\u00e1cilmente.<br \/>\n&#8211; Las diferentes estructuras proporcionan sensaciones variables.<br \/>\n&#8211; 7 combinaciones diferentes<br \/>\n&#8211; 3 velocidades diferentes.<br \/>\n&#8211; 4 patrones de movimiento diferentes<br \/>\n&#8211; Tama\u00f1o: 41,5 x 50 x 111 mm.<br \/>\n&#8211; Peso: 51,5 g<br \/>\n&#8211; Material: carcasa de de ABS \/ silicona libre de ftalato<br \/>\n&#8211; Bater\u00eda: litio recargable.<br \/>\n&#8211; Tiempo de carga: 3 h.<br \/>\n&#8211; Sonido: &lt;70 db<br \/>\n&#8211; Impermeable: no<\/p>\n","protected":false},"excerpt":{"rendered":"<p>FEELZTOYS &#8211; CLITELLA ORAL CLITORAL STIMULATOR Clitella es un estimulador de cl\u00edtoris oral que estimula y excita el cl\u00edtoris con<\/p>\n","protected":false},"featured_media":62439,"comment_status":"open","ping_status":"open","template":"","meta":[],"product_cat":[370],"product_tag":[373],"class_list":["post-62438","product","type-product","status-publish","has-post-thumbnail","hentry","product_cat-clitoris","product_tag-feelztoys"],"bundled_by":[],"bundle_stock_status":"instock","bundle_stock_quantity":2,"bundle_virtual":false,"bundle_layout":"","bundle_add_to_cart_form_location":"","bundle_editable_in_cart":false,"bundle_sold_individually_context":"","bundle_item_grouping":"","bundle_min_size":"","bundle_max_size":"","bundled_items":[],"yoast_head":"<!-- This site is optimized with the Yoast SEO plugin v20.6 - https:\/\/yoast.com\/wordpress\/plugins\/seo\/ -->\n<title>FEELZTOYS - CLITELLA ORAL ESTIMULADOR DE CL\u00cdTORIS - MORADO - Tienda Er\u00f3tica<\/title>\n<meta name=\"robots\" content=\"noindex, follow, max-snippet:-1, max-image-preview:large, max-video-preview:-1\" \/>\n<meta property=\"og:locale\" content=\"es_ES\" \/>\n<meta property=\"og:type\" content=\"article\" \/>\n<meta property=\"og:title\" content=\"FEELZTOYS - CLITELLA ORAL ESTIMULADOR DE CL\u00cdTORIS - MORADO - Tienda Er\u00f3tica\" \/>\n<meta property=\"og:description\" content=\"FEELZTOYS &#8211; CLITELLA ORAL CLITORAL STIMULATOR Clitella es un estimulador de cl\u00edtoris oral que estimula y excita el cl\u00edtoris con\" \/>\n<meta property=\"og:url\" content=\"https:\/\/demoweb.info\/sexshop001\/producto\/feelztoys-clitella-oral-estimulador-de-clitoris-morado\/\" \/>\n<meta property=\"og:site_name\" content=\"Tienda Er\u00f3tica\" \/>\n<meta property=\"article:modified_time\" content=\"2022-01-22T17:26:32+00:00\" \/>\n<meta property=\"og:image\" content=\"https:\/\/demoweb.info\/sexshop001\/wp-content\/uploads\/2022\/01\/FEELZTOYS-CLITELLA-ORAL-ESTIMULADOR-DE-CLITORIS-MORADO.jpg\" \/>\n\t<meta property=\"og:image:width\" content=\"550\" \/>\n\t<meta property=\"og:image:height\" content=\"550\" \/>\n\t<meta property=\"og:image:type\" content=\"image\/jpeg\" \/>\n<meta name=\"twitter:card\" content=\"summary_large_image\" \/>\n<meta name=\"twitter:label1\" content=\"Tiempo de lectura\" \/>\n\t<meta name=\"twitter:data1\" content=\"1 minuto\" \/>\n<script type=\"application\/ld+json\" class=\"yoast-schema-graph\">{\"@context\":\"https:\/\/schema.org\",\"@graph\":[{\"@type\":\"WebPage\",\"@id\":\"https:\/\/demoweb.info\/sexshop001\/producto\/feelztoys-clitella-oral-estimulador-de-clitoris-morado\/\",\"url\":\"https:\/\/demoweb.info\/sexshop001\/producto\/feelztoys-clitella-oral-estimulador-de-clitoris-morado\/\",\"name\":\"FEELZTOYS - CLITELLA ORAL ESTIMULADOR DE CL\u00cdTORIS - MORADO - Tienda Er\u00f3tica\",\"isPartOf\":{\"@id\":\"https:\/\/demoweb.info\/sexshop001\/#website\"},\"datePublished\":\"2022-01-22T17:26:27+00:00\",\"dateModified\":\"2022-01-22T17:26:32+00:00\",\"breadcrumb\":{\"@id\":\"https:\/\/demoweb.info\/sexshop001\/producto\/feelztoys-clitella-oral-estimulador-de-clitoris-morado\/#breadcrumb\"},\"inLanguage\":\"es\",\"potentialAction\":[{\"@type\":\"ReadAction\",\"target\":[\"https:\/\/demoweb.info\/sexshop001\/producto\/feelztoys-clitella-oral-estimulador-de-clitoris-morado\/\"]}]},{\"@type\":\"BreadcrumbList\",\"@id\":\"https:\/\/demoweb.info\/sexshop001\/producto\/feelztoys-clitella-oral-estimulador-de-clitoris-morado\/#breadcrumb\",\"itemListElement\":[{\"@type\":\"ListItem\",\"position\":1,\"name\":\"Portada\",\"item\":\"https:\/\/demoweb.info\/sexshop001\/\"},{\"@type\":\"ListItem\",\"position\":2,\"name\":\"Tienda\",\"item\":\"https:\/\/demoweb.info\/sexshop001\/tienda\/\"},{\"@type\":\"ListItem\",\"position\":3,\"name\":\"FEELZTOYS &#8211; CLITELLA ORAL ESTIMULADOR DE CL\u00cdTORIS &#8211; MORADO\"}]},{\"@type\":\"WebSite\",\"@id\":\"https:\/\/demoweb.info\/sexshop001\/#website\",\"url\":\"https:\/\/demoweb.info\/sexshop001\/\",\"name\":\"Tienda Er\u00f3tica\",\"description\":\"DEMOWEB SL\",\"potentialAction\":[{\"@type\":\"SearchAction\",\"target\":{\"@type\":\"EntryPoint\",\"urlTemplate\":\"https:\/\/demoweb.info\/sexshop001\/?s={search_term_string}\"},\"query-input\":\"required name=search_term_string\"}],\"inLanguage\":\"es\"}]}<\/script>\n<!-- \/ Yoast SEO plugin. -->","yoast_head_json":{"title":"FEELZTOYS - CLITELLA ORAL ESTIMULADOR DE CL\u00cdTORIS - MORADO - Tienda Er\u00f3tica","robots":{"index":"noindex","follow":"follow","max-snippet":"max-snippet:-1","max-image-preview":"max-image-preview:large","max-video-preview":"max-video-preview:-1"},"og_locale":"es_ES","og_type":"article","og_title":"FEELZTOYS - CLITELLA ORAL ESTIMULADOR DE CL\u00cdTORIS - MORADO - Tienda Er\u00f3tica","og_description":"FEELZTOYS &#8211; CLITELLA ORAL CLITORAL STIMULATOR Clitella es un estimulador de cl\u00edtoris oral que estimula y excita el cl\u00edtoris con","og_url":"https:\/\/demoweb.info\/sexshop001\/producto\/feelztoys-clitella-oral-estimulador-de-clitoris-morado\/","og_site_name":"Tienda Er\u00f3tica","article_modified_time":"2022-01-22T17:26:32+00:00","og_image":[{"width":550,"height":550,"url":"https:\/\/demoweb.info\/sexshop001\/wp-content\/uploads\/2022\/01\/FEELZTOYS-CLITELLA-ORAL-ESTIMULADOR-DE-CLITORIS-MORADO.jpg","type":"image\/jpeg"}],"twitter_card":"summary_large_image","twitter_misc":{"Tiempo de lectura":"1 minuto"},"schema":{"@context":"https:\/\/schema.org","@graph":[{"@type":"WebPage","@id":"https:\/\/demoweb.info\/sexshop001\/producto\/feelztoys-clitella-oral-estimulador-de-clitoris-morado\/","url":"https:\/\/demoweb.info\/sexshop001\/producto\/feelztoys-clitella-oral-estimulador-de-clitoris-morado\/","name":"FEELZTOYS - CLITELLA ORAL ESTIMULADOR DE CL\u00cdTORIS - MORADO - Tienda Er\u00f3tica","isPartOf":{"@id":"https:\/\/demoweb.info\/sexshop001\/#website"},"datePublished":"2022-01-22T17:26:27+00:00","dateModified":"2022-01-22T17:26:32+00:00","breadcrumb":{"@id":"https:\/\/demoweb.info\/sexshop001\/producto\/feelztoys-clitella-oral-estimulador-de-clitoris-morado\/#breadcrumb"},"inLanguage":"es","potentialAction":[{"@type":"ReadAction","target":["https:\/\/demoweb.info\/sexshop001\/producto\/feelztoys-clitella-oral-estimulador-de-clitoris-morado\/"]}]},{"@type":"BreadcrumbList","@id":"https:\/\/demoweb.info\/sexshop001\/producto\/feelztoys-clitella-oral-estimulador-de-clitoris-morado\/#breadcrumb","itemListElement":[{"@type":"ListItem","position":1,"name":"Portada","item":"https:\/\/demoweb.info\/sexshop001\/"},{"@type":"ListItem","position":2,"name":"Tienda","item":"https:\/\/demoweb.info\/sexshop001\/tienda\/"},{"@type":"ListItem","position":3,"name":"FEELZTOYS &#8211; CLITELLA ORAL ESTIMULADOR DE CL\u00cdTORIS &#8211; MORADO"}]},{"@type":"WebSite","@id":"https:\/\/demoweb.info\/sexshop001\/#website","url":"https:\/\/demoweb.info\/sexshop001\/","name":"Tienda Er\u00f3tica","description":"DEMOWEB SL","potentialAction":[{"@type":"SearchAction","target":{"@type":"EntryPoint","urlTemplate":"https:\/\/demoweb.info\/sexshop001\/?s={search_term_string}"},"query-input":"required name=search_term_string"}],"inLanguage":"es"}]}},"_links":{"self":[{"href":"https:\/\/demoweb.info\/sexshop001\/wp-json\/wp\/v3\/product\/62438","targetHints":{"allow":["GET"]}}],"collection":[{"href":"https:\/\/demoweb.info\/sexshop001\/wp-json\/wp\/v3\/product"}],"about":[{"href":"https:\/\/demoweb.info\/sexshop001\/wp-json\/wp\/v2\/types\/product"}],"replies":[{"embeddable":true,"href":"https:\/\/demoweb.info\/sexshop001\/wp-json\/wp\/v2\/comments?post=62438"}],"wp:featuredmedia":[{"embeddable":true,"href":"https:\/\/demoweb.info\/sexshop001\/wp-json\/wp\/v2\/media\/62439"}],"wp:attachment":[{"href":"https:\/\/demoweb.info\/sexshop001\/wp-json\/wp\/v2\/media?parent=62438"}],"wp:term":[{"taxonomy":"product_cat","embeddable":true,"href":"https:\/\/demoweb.info\/sexshop001\/wp-json\/wp\/v2\/product_cat?post=62438"},{"taxonomy":"product_tag","embeddable":true,"href":"https:\/\/demoweb.info\/sexshop001\/wp-json\/wp\/v2\/product_tag?post=62438"}],"curies":[{"name":"wp","href":"https:\/\/api.w.org\/{rel}","templated":true}]}}