{"id":62426,"date":"2022-01-22T18:26:08","date_gmt":"2022-01-22T17:26:08","guid":{"rendered":"https:\/\/demoweb.info\/sexshop001\/producto\/fleshlight-girls-janice-griffith-eden\/"},"modified":"2022-01-22T18:26:24","modified_gmt":"2022-01-22T17:26:24","slug":"fleshlight-girls-janice-griffith-eden","status":"publish","type":"product","link":"https:\/\/demoweb.info\/sexshop001\/producto\/fleshlight-girls-janice-griffith-eden\/","title":{"rendered":"FLESHLIGHT GIRLS JANICE GRIFFITH EDEN"},"content":{"rendered":"<p><strong>FLESHLIGHT GIRLS JANICE GRIFFITH EDEN <\/strong><\/p>\n<p>Janice Griffith es la personificaci\u00f3n de la mujer joven, vibrante y sexualmente activa con la que los fans del porno de todo el mundo fantasean hoy en d\u00eda. Creci\u00f3 y desarroll\u00f3 sus habilidades de supervivencia en la ciudad de Nueva York y se mud\u00f3 a Los \u00c1ngeles en 2013, donde comenz\u00f3 su carrera en el porno y donde desde entonces ha pasado su vida adulta. Adem\u00e1s de tener un cuerpo atl\u00e9tico con una cara hermosa, grandes pechos naturales y una afici\u00f3n por iluminar la pantalla con sus aut\u00e9nticas escenas de sexo, Janice Griffith posee una mente brillante y un hermoso interior que no solo entretiene a sus fans con sus habilidades er\u00f3ticas, sino que se ha convertido en una abanderada del cambio en la forma en que la industria del entretenimiento para adultos y las trabajadoras sexuales no solo son vistas, sino tambi\u00e9n c\u00f3mo hacen negocios.  <\/p>\n<p>Seguramente conocer\u00e1 a Janice por su trabajo en Brazzers, Mofos, Twistys, Babes, Reality Kings, BangBros, PornPros, Evil Angel, Jules Jordan, Vixen, Tushy, Penthouse, ATK, Girlsway, WebYoung Kink, Sweetheart Vids, Filly Films, Digital Playground, Wicked Pictures y otros lanzamientos de compa\u00f1\u00edas para adultos. Su interior y actitud ante la vida son los atributos m\u00e1s atractivos de esta estrella, cuya cautivadora sonrisa es dif\u00edcil de resistir.<\/p>\n<p>Ahora puede sentir lo que es disfrutar a Janice Griffith de manera \u00edntima. Su realista Eden Fleshlight, no es solo una r\u00e9plica exacta y realista de su co\u00f1o perfecto, sino que es el primero que reproduce a la perfecci\u00f3n el tono de piel natural de una de nuestras estrellas del porno. \u00a1D\u00e9jese amar por Janice!<\/p>\n<p>SENSACI\u00d3N FLESHLIGHT: EDEN<br \/>\nEden es el primer lanzamiento de Fleshlight con una nueva y hermosa manga de Fleshskin en tono medio. Este realista juguete es una reproducci\u00f3n perfecta del co\u00f1o de Janice y es tan estrecho como la peque\u00f1a estrella en la que se inspira. Con una combinaci\u00f3n de excitantes puntos de placer en su interior, Eden envolver\u00e1 su pene con una serie de anillos y giros alucinantes que le har\u00e1n desear que esta experiencia no termine nunca.<\/p>\n","protected":false},"excerpt":{"rendered":"<p>FLESHLIGHT GIRLS JANICE GRIFFITH EDEN Janice Griffith es la personificaci\u00f3n de la mujer joven, vibrante y sexualmente activa con la<\/p>\n","protected":false},"featured_media":62427,"comment_status":"open","ping_status":"open","template":"","meta":[],"product_cat":[541],"product_tag":[576,690],"class_list":["post-62426","product","type-product","status-publish","has-post-thumbnail","hentry","product_cat-vaginas","product_tag-fleshlight","product_tag-fleshlight-girls"],"bundled_by":[],"bundle_stock_status":"instock","bundle_stock_quantity":4,"bundle_virtual":false,"bundle_layout":"","bundle_add_to_cart_form_location":"","bundle_editable_in_cart":false,"bundle_sold_individually_context":"","bundle_item_grouping":"","bundle_min_size":"","bundle_max_size":"","bundled_items":[],"yoast_head":"<!-- This site is optimized with the Yoast SEO plugin v20.6 - https:\/\/yoast.com\/wordpress\/plugins\/seo\/ -->\n<title>FLESHLIGHT GIRLS JANICE GRIFFITH EDEN - Tienda Er\u00f3tica<\/title>\n<meta name=\"robots\" content=\"noindex, follow, max-snippet:-1, max-image-preview:large, max-video-preview:-1\" \/>\n<meta property=\"og:locale\" content=\"es_ES\" \/>\n<meta property=\"og:type\" content=\"article\" \/>\n<meta property=\"og:title\" content=\"FLESHLIGHT GIRLS JANICE GRIFFITH EDEN - Tienda Er\u00f3tica\" \/>\n<meta property=\"og:description\" content=\"FLESHLIGHT GIRLS JANICE GRIFFITH EDEN Janice Griffith es la personificaci\u00f3n de la mujer joven, vibrante y sexualmente activa con la\" \/>\n<meta property=\"og:url\" content=\"https:\/\/demoweb.info\/sexshop001\/producto\/fleshlight-girls-janice-griffith-eden\/\" \/>\n<meta property=\"og:site_name\" content=\"Tienda Er\u00f3tica\" \/>\n<meta property=\"article:modified_time\" content=\"2022-01-22T17:26:24+00:00\" \/>\n<meta property=\"og:image\" content=\"https:\/\/demoweb.info\/sexshop001\/wp-content\/uploads\/2022\/01\/FLESHLIGHT-GIRLS-JANICE-GRIFFITH-EDEN.jpg\" \/>\n\t<meta property=\"og:image:width\" content=\"550\" \/>\n\t<meta property=\"og:image:height\" content=\"550\" \/>\n\t<meta property=\"og:image:type\" content=\"image\/jpeg\" \/>\n<meta name=\"twitter:card\" content=\"summary_large_image\" \/>\n<meta name=\"twitter:label1\" content=\"Tiempo de lectura\" \/>\n\t<meta name=\"twitter:data1\" content=\"2 minutos\" \/>\n<script type=\"application\/ld+json\" class=\"yoast-schema-graph\">{\"@context\":\"https:\/\/schema.org\",\"@graph\":[{\"@type\":\"WebPage\",\"@id\":\"https:\/\/demoweb.info\/sexshop001\/producto\/fleshlight-girls-janice-griffith-eden\/\",\"url\":\"https:\/\/demoweb.info\/sexshop001\/producto\/fleshlight-girls-janice-griffith-eden\/\",\"name\":\"FLESHLIGHT GIRLS JANICE GRIFFITH EDEN - Tienda Er\u00f3tica\",\"isPartOf\":{\"@id\":\"https:\/\/demoweb.info\/sexshop001\/#website\"},\"datePublished\":\"2022-01-22T17:26:08+00:00\",\"dateModified\":\"2022-01-22T17:26:24+00:00\",\"breadcrumb\":{\"@id\":\"https:\/\/demoweb.info\/sexshop001\/producto\/fleshlight-girls-janice-griffith-eden\/#breadcrumb\"},\"inLanguage\":\"es\",\"potentialAction\":[{\"@type\":\"ReadAction\",\"target\":[\"https:\/\/demoweb.info\/sexshop001\/producto\/fleshlight-girls-janice-griffith-eden\/\"]}]},{\"@type\":\"BreadcrumbList\",\"@id\":\"https:\/\/demoweb.info\/sexshop001\/producto\/fleshlight-girls-janice-griffith-eden\/#breadcrumb\",\"itemListElement\":[{\"@type\":\"ListItem\",\"position\":1,\"name\":\"Portada\",\"item\":\"https:\/\/demoweb.info\/sexshop001\/\"},{\"@type\":\"ListItem\",\"position\":2,\"name\":\"Tienda\",\"item\":\"https:\/\/demoweb.info\/sexshop001\/tienda\/\"},{\"@type\":\"ListItem\",\"position\":3,\"name\":\"FLESHLIGHT GIRLS JANICE GRIFFITH EDEN\"}]},{\"@type\":\"WebSite\",\"@id\":\"https:\/\/demoweb.info\/sexshop001\/#website\",\"url\":\"https:\/\/demoweb.info\/sexshop001\/\",\"name\":\"Tienda Er\u00f3tica\",\"description\":\"DEMOWEB SL\",\"potentialAction\":[{\"@type\":\"SearchAction\",\"target\":{\"@type\":\"EntryPoint\",\"urlTemplate\":\"https:\/\/demoweb.info\/sexshop001\/?s={search_term_string}\"},\"query-input\":\"required name=search_term_string\"}],\"inLanguage\":\"es\"}]}<\/script>\n<!-- \/ Yoast SEO plugin. -->","yoast_head_json":{"title":"FLESHLIGHT GIRLS JANICE GRIFFITH EDEN - Tienda Er\u00f3tica","robots":{"index":"noindex","follow":"follow","max-snippet":"max-snippet:-1","max-image-preview":"max-image-preview:large","max-video-preview":"max-video-preview:-1"},"og_locale":"es_ES","og_type":"article","og_title":"FLESHLIGHT GIRLS JANICE GRIFFITH EDEN - Tienda Er\u00f3tica","og_description":"FLESHLIGHT GIRLS JANICE GRIFFITH EDEN Janice Griffith es la personificaci\u00f3n de la mujer joven, vibrante y sexualmente activa con la","og_url":"https:\/\/demoweb.info\/sexshop001\/producto\/fleshlight-girls-janice-griffith-eden\/","og_site_name":"Tienda Er\u00f3tica","article_modified_time":"2022-01-22T17:26:24+00:00","og_image":[{"width":550,"height":550,"url":"https:\/\/demoweb.info\/sexshop001\/wp-content\/uploads\/2022\/01\/FLESHLIGHT-GIRLS-JANICE-GRIFFITH-EDEN.jpg","type":"image\/jpeg"}],"twitter_card":"summary_large_image","twitter_misc":{"Tiempo de lectura":"2 minutos"},"schema":{"@context":"https:\/\/schema.org","@graph":[{"@type":"WebPage","@id":"https:\/\/demoweb.info\/sexshop001\/producto\/fleshlight-girls-janice-griffith-eden\/","url":"https:\/\/demoweb.info\/sexshop001\/producto\/fleshlight-girls-janice-griffith-eden\/","name":"FLESHLIGHT GIRLS JANICE GRIFFITH EDEN - Tienda Er\u00f3tica","isPartOf":{"@id":"https:\/\/demoweb.info\/sexshop001\/#website"},"datePublished":"2022-01-22T17:26:08+00:00","dateModified":"2022-01-22T17:26:24+00:00","breadcrumb":{"@id":"https:\/\/demoweb.info\/sexshop001\/producto\/fleshlight-girls-janice-griffith-eden\/#breadcrumb"},"inLanguage":"es","potentialAction":[{"@type":"ReadAction","target":["https:\/\/demoweb.info\/sexshop001\/producto\/fleshlight-girls-janice-griffith-eden\/"]}]},{"@type":"BreadcrumbList","@id":"https:\/\/demoweb.info\/sexshop001\/producto\/fleshlight-girls-janice-griffith-eden\/#breadcrumb","itemListElement":[{"@type":"ListItem","position":1,"name":"Portada","item":"https:\/\/demoweb.info\/sexshop001\/"},{"@type":"ListItem","position":2,"name":"Tienda","item":"https:\/\/demoweb.info\/sexshop001\/tienda\/"},{"@type":"ListItem","position":3,"name":"FLESHLIGHT GIRLS JANICE GRIFFITH EDEN"}]},{"@type":"WebSite","@id":"https:\/\/demoweb.info\/sexshop001\/#website","url":"https:\/\/demoweb.info\/sexshop001\/","name":"Tienda Er\u00f3tica","description":"DEMOWEB SL","potentialAction":[{"@type":"SearchAction","target":{"@type":"EntryPoint","urlTemplate":"https:\/\/demoweb.info\/sexshop001\/?s={search_term_string}"},"query-input":"required name=search_term_string"}],"inLanguage":"es"}]}},"_links":{"self":[{"href":"https:\/\/demoweb.info\/sexshop001\/wp-json\/wp\/v3\/product\/62426","targetHints":{"allow":["GET"]}}],"collection":[{"href":"https:\/\/demoweb.info\/sexshop001\/wp-json\/wp\/v3\/product"}],"about":[{"href":"https:\/\/demoweb.info\/sexshop001\/wp-json\/wp\/v2\/types\/product"}],"replies":[{"embeddable":true,"href":"https:\/\/demoweb.info\/sexshop001\/wp-json\/wp\/v2\/comments?post=62426"}],"wp:featuredmedia":[{"embeddable":true,"href":"https:\/\/demoweb.info\/sexshop001\/wp-json\/wp\/v2\/media\/62427"}],"wp:attachment":[{"href":"https:\/\/demoweb.info\/sexshop001\/wp-json\/wp\/v2\/media?parent=62426"}],"wp:term":[{"taxonomy":"product_cat","embeddable":true,"href":"https:\/\/demoweb.info\/sexshop001\/wp-json\/wp\/v2\/product_cat?post=62426"},{"taxonomy":"product_tag","embeddable":true,"href":"https:\/\/demoweb.info\/sexshop001\/wp-json\/wp\/v2\/product_tag?post=62426"}],"curies":[{"name":"wp","href":"https:\/\/api.w.org\/{rel}","templated":true}]}}