{"id":62396,"date":"2022-01-22T18:25:32","date_gmt":"2022-01-22T17:25:32","guid":{"rendered":"https:\/\/demoweb.info\/sexshop001\/producto\/main-squeeze-iryna-masturbador-vagina\/"},"modified":"2022-01-22T18:26:02","modified_gmt":"2022-01-22T17:26:02","slug":"main-squeeze-iryna-masturbador-vagina","status":"publish","type":"product","link":"https:\/\/demoweb.info\/sexshop001\/producto\/main-squeeze-iryna-masturbador-vagina\/","title":{"rendered":"MAIN SQUEEZE IRYNA MASTURBADOR VAGINA"},"content":{"rendered":"<p><strong>MAIN SQUEEZE IRYNA<\/strong><\/p>\n<p>Ella podr\u00e1 tener millones de seguidores, pero esta noche es toda tuya.<\/p>\n<p>La sexy modelo de Instagram @playmateiryna se une a la l\u00ednea Main Squeeze con un stroker de estuche r\u00edgido de presi\u00f3n variable moldeado directamente de su cuerpo.<\/p>\n<p>Hecho a mano en ULTRASKYN realista, el Main Squeeze de @playmateiryna presenta un interior apretado y texturizado que se calienta al tacto y se siente como si fuera real.<\/p>\n<p>Cada funda ULTRASKYN presenta un interior texturizado diferente, lo que hace que su experiencia sea tan \u00fanica como cada una de nuestras sexys chicas Main Squeeze.<\/p>\n<p>El dise\u00f1o r\u00edgido de doble tapa se dobla como un discreto estuche de viaje y almacenamiento, manteniendo tu Main Squeeze fresco y listo para cuando quieras deslizarte en ella.<\/p>\n<p>Caracter\u00edsticas:<\/p>\n<ul>\n<li>Masturbador ULTRASKYN \u2122 texturado con estuche externo r\u00edgido<\/li>\n<li> Moldeado directamente de la Instagram&#39;s Star @playmateiryna<\/li>\n<li>La placa de compresi\u00f3n permite al usuario controlar la presi\u00f3n<\/li>\n<li>La tapa del extremo crea una succi\u00f3n intensa<\/li>\n<li>Giros de la base para ajustar la fuerza de la succi\u00f3n<\/li>\n<li>Se desmonta completamente para su limpieza<\/li>\n<li>Incluye instrucciones completas de uso y cuidado<\/li>\n<li>Medidas: 20,32 x 7,62 cm<\/li>\n<\/ul>\n","protected":false},"excerpt":{"rendered":"<p>MAIN SQUEEZE IRYNA Ella podr\u00e1 tener millones de seguidores, pero esta noche es toda tuya. La sexy modelo de Instagram<\/p>\n","protected":false},"featured_media":62397,"comment_status":"open","ping_status":"open","template":"","meta":[],"product_cat":[541],"product_tag":[460,652],"class_list":["post-62396","product","type-product","status-publish","has-post-thumbnail","hentry","product_cat-vaginas","product_tag-doc-johnson","product_tag-main-squeeze"],"bundled_by":[],"bundle_stock_status":"instock","bundle_stock_quantity":3,"bundle_virtual":false,"bundle_layout":"","bundle_add_to_cart_form_location":"","bundle_editable_in_cart":false,"bundle_sold_individually_context":"","bundle_item_grouping":"","bundle_min_size":"","bundle_max_size":"","bundled_items":[],"yoast_head":"<!-- This site is optimized with the Yoast SEO plugin v20.6 - https:\/\/yoast.com\/wordpress\/plugins\/seo\/ -->\n<title>MAIN SQUEEZE IRYNA MASTURBADOR VAGINA - Tienda Er\u00f3tica<\/title>\n<meta name=\"robots\" content=\"noindex, follow, max-snippet:-1, max-image-preview:large, max-video-preview:-1\" \/>\n<meta property=\"og:locale\" content=\"es_ES\" \/>\n<meta property=\"og:type\" content=\"article\" \/>\n<meta property=\"og:title\" content=\"MAIN SQUEEZE IRYNA MASTURBADOR VAGINA - Tienda Er\u00f3tica\" \/>\n<meta property=\"og:description\" content=\"MAIN SQUEEZE IRYNA Ella podr\u00e1 tener millones de seguidores, pero esta noche es toda tuya. La sexy modelo de Instagram\" \/>\n<meta property=\"og:url\" content=\"https:\/\/demoweb.info\/sexshop001\/producto\/main-squeeze-iryna-masturbador-vagina\/\" \/>\n<meta property=\"og:site_name\" content=\"Tienda Er\u00f3tica\" \/>\n<meta property=\"article:modified_time\" content=\"2022-01-22T17:26:02+00:00\" \/>\n<meta property=\"og:image\" content=\"https:\/\/demoweb.info\/sexshop001\/wp-content\/uploads\/2022\/01\/MAIN-SQUEEZE-IRYNA-MASTURBADOR-VAGINA.jpg\" \/>\n\t<meta property=\"og:image:width\" content=\"550\" \/>\n\t<meta property=\"og:image:height\" content=\"550\" \/>\n\t<meta property=\"og:image:type\" content=\"image\/jpeg\" \/>\n<meta name=\"twitter:card\" content=\"summary_large_image\" \/>\n<meta name=\"twitter:label1\" content=\"Tiempo de lectura\" \/>\n\t<meta name=\"twitter:data1\" content=\"1 minuto\" \/>\n<script type=\"application\/ld+json\" class=\"yoast-schema-graph\">{\"@context\":\"https:\/\/schema.org\",\"@graph\":[{\"@type\":\"WebPage\",\"@id\":\"https:\/\/demoweb.info\/sexshop001\/producto\/main-squeeze-iryna-masturbador-vagina\/\",\"url\":\"https:\/\/demoweb.info\/sexshop001\/producto\/main-squeeze-iryna-masturbador-vagina\/\",\"name\":\"MAIN SQUEEZE IRYNA MASTURBADOR VAGINA - Tienda Er\u00f3tica\",\"isPartOf\":{\"@id\":\"https:\/\/demoweb.info\/sexshop001\/#website\"},\"datePublished\":\"2022-01-22T17:25:32+00:00\",\"dateModified\":\"2022-01-22T17:26:02+00:00\",\"breadcrumb\":{\"@id\":\"https:\/\/demoweb.info\/sexshop001\/producto\/main-squeeze-iryna-masturbador-vagina\/#breadcrumb\"},\"inLanguage\":\"es\",\"potentialAction\":[{\"@type\":\"ReadAction\",\"target\":[\"https:\/\/demoweb.info\/sexshop001\/producto\/main-squeeze-iryna-masturbador-vagina\/\"]}]},{\"@type\":\"BreadcrumbList\",\"@id\":\"https:\/\/demoweb.info\/sexshop001\/producto\/main-squeeze-iryna-masturbador-vagina\/#breadcrumb\",\"itemListElement\":[{\"@type\":\"ListItem\",\"position\":1,\"name\":\"Portada\",\"item\":\"https:\/\/demoweb.info\/sexshop001\/\"},{\"@type\":\"ListItem\",\"position\":2,\"name\":\"Tienda\",\"item\":\"https:\/\/demoweb.info\/sexshop001\/tienda\/\"},{\"@type\":\"ListItem\",\"position\":3,\"name\":\"MAIN SQUEEZE IRYNA MASTURBADOR VAGINA\"}]},{\"@type\":\"WebSite\",\"@id\":\"https:\/\/demoweb.info\/sexshop001\/#website\",\"url\":\"https:\/\/demoweb.info\/sexshop001\/\",\"name\":\"Tienda Er\u00f3tica\",\"description\":\"DEMOWEB SL\",\"potentialAction\":[{\"@type\":\"SearchAction\",\"target\":{\"@type\":\"EntryPoint\",\"urlTemplate\":\"https:\/\/demoweb.info\/sexshop001\/?s={search_term_string}\"},\"query-input\":\"required name=search_term_string\"}],\"inLanguage\":\"es\"}]}<\/script>\n<!-- \/ Yoast SEO plugin. -->","yoast_head_json":{"title":"MAIN SQUEEZE IRYNA MASTURBADOR VAGINA - Tienda Er\u00f3tica","robots":{"index":"noindex","follow":"follow","max-snippet":"max-snippet:-1","max-image-preview":"max-image-preview:large","max-video-preview":"max-video-preview:-1"},"og_locale":"es_ES","og_type":"article","og_title":"MAIN SQUEEZE IRYNA MASTURBADOR VAGINA - Tienda Er\u00f3tica","og_description":"MAIN SQUEEZE IRYNA Ella podr\u00e1 tener millones de seguidores, pero esta noche es toda tuya. La sexy modelo de Instagram","og_url":"https:\/\/demoweb.info\/sexshop001\/producto\/main-squeeze-iryna-masturbador-vagina\/","og_site_name":"Tienda Er\u00f3tica","article_modified_time":"2022-01-22T17:26:02+00:00","og_image":[{"width":550,"height":550,"url":"https:\/\/demoweb.info\/sexshop001\/wp-content\/uploads\/2022\/01\/MAIN-SQUEEZE-IRYNA-MASTURBADOR-VAGINA.jpg","type":"image\/jpeg"}],"twitter_card":"summary_large_image","twitter_misc":{"Tiempo de lectura":"1 minuto"},"schema":{"@context":"https:\/\/schema.org","@graph":[{"@type":"WebPage","@id":"https:\/\/demoweb.info\/sexshop001\/producto\/main-squeeze-iryna-masturbador-vagina\/","url":"https:\/\/demoweb.info\/sexshop001\/producto\/main-squeeze-iryna-masturbador-vagina\/","name":"MAIN SQUEEZE IRYNA MASTURBADOR VAGINA - Tienda Er\u00f3tica","isPartOf":{"@id":"https:\/\/demoweb.info\/sexshop001\/#website"},"datePublished":"2022-01-22T17:25:32+00:00","dateModified":"2022-01-22T17:26:02+00:00","breadcrumb":{"@id":"https:\/\/demoweb.info\/sexshop001\/producto\/main-squeeze-iryna-masturbador-vagina\/#breadcrumb"},"inLanguage":"es","potentialAction":[{"@type":"ReadAction","target":["https:\/\/demoweb.info\/sexshop001\/producto\/main-squeeze-iryna-masturbador-vagina\/"]}]},{"@type":"BreadcrumbList","@id":"https:\/\/demoweb.info\/sexshop001\/producto\/main-squeeze-iryna-masturbador-vagina\/#breadcrumb","itemListElement":[{"@type":"ListItem","position":1,"name":"Portada","item":"https:\/\/demoweb.info\/sexshop001\/"},{"@type":"ListItem","position":2,"name":"Tienda","item":"https:\/\/demoweb.info\/sexshop001\/tienda\/"},{"@type":"ListItem","position":3,"name":"MAIN SQUEEZE IRYNA MASTURBADOR VAGINA"}]},{"@type":"WebSite","@id":"https:\/\/demoweb.info\/sexshop001\/#website","url":"https:\/\/demoweb.info\/sexshop001\/","name":"Tienda Er\u00f3tica","description":"DEMOWEB SL","potentialAction":[{"@type":"SearchAction","target":{"@type":"EntryPoint","urlTemplate":"https:\/\/demoweb.info\/sexshop001\/?s={search_term_string}"},"query-input":"required name=search_term_string"}],"inLanguage":"es"}]}},"_links":{"self":[{"href":"https:\/\/demoweb.info\/sexshop001\/wp-json\/wp\/v3\/product\/62396","targetHints":{"allow":["GET"]}}],"collection":[{"href":"https:\/\/demoweb.info\/sexshop001\/wp-json\/wp\/v3\/product"}],"about":[{"href":"https:\/\/demoweb.info\/sexshop001\/wp-json\/wp\/v2\/types\/product"}],"replies":[{"embeddable":true,"href":"https:\/\/demoweb.info\/sexshop001\/wp-json\/wp\/v2\/comments?post=62396"}],"wp:featuredmedia":[{"embeddable":true,"href":"https:\/\/demoweb.info\/sexshop001\/wp-json\/wp\/v2\/media\/62397"}],"wp:attachment":[{"href":"https:\/\/demoweb.info\/sexshop001\/wp-json\/wp\/v2\/media?parent=62396"}],"wp:term":[{"taxonomy":"product_cat","embeddable":true,"href":"https:\/\/demoweb.info\/sexshop001\/wp-json\/wp\/v2\/product_cat?post=62396"},{"taxonomy":"product_tag","embeddable":true,"href":"https:\/\/demoweb.info\/sexshop001\/wp-json\/wp\/v2\/product_tag?post=62396"}],"curies":[{"name":"wp","href":"https:\/\/api.w.org\/{rel}","templated":true}]}}