{"id":62378,"date":"2022-01-22T18:25:32","date_gmt":"2022-01-22T17:25:32","guid":{"rendered":"https:\/\/demoweb.info\/sexshop001\/producto\/vac-u-lock-arnes-suspension-con-mayor-agarre-y-plug\/"},"modified":"2022-01-22T18:25:49","modified_gmt":"2022-01-22T17:25:49","slug":"vac-u-lock-arnes-suspension-con-mayor-agarre-y-plug","status":"publish","type":"product","link":"https:\/\/demoweb.info\/sexshop001\/producto\/vac-u-lock-arnes-suspension-con-mayor-agarre-y-plug\/","title":{"rendered":"VAC-U-LOCK ARN\u00c9S SUSPENSI\u00d3N CON MAYOR AGARRE Y PLUG"},"content":{"rendered":"<p><strong>VAC-U-LOCK CHEST-SUSPENDER HARNESS W PLUG<\/strong><\/p>\n<p>El confiado arn\u00e9s Supreme de Vac-U-Lock adquiere un nuevo aspecto vanguardista con la adici\u00f3n de correas de liga convertibles y extra\u00edbles.<\/p>\n<p>Estas correas ajustables tambi\u00e9n agregan a\u00fan m\u00e1s estabilidad y soporte a su arn\u00e9s, lo que hace que este producto sea ideal para usar con accesorios m\u00e1s grandes y pesados.<\/p>\n<p>Desenganche y coloque las correas en cualquier lugar de la correa para m\u00faltiples apariencias, o qu\u00edtelas completamente seg\u00fan sea necesario.<\/p>\n<p>Vac-U-Lock es el primer y \u00fanico sistema de placer patentado del mundo, que revoluciona el juego del arn\u00e9s y ofrece infinitas posibilidades para mezclar y combinar dentro de su colecci\u00f3n para construir el juguete perfecto.<\/p>\n<p>Caracter\u00edsticas:<\/p>\n<ul>\n<li>Arn\u00e9s unisex ajustable con suspender extra\u00edble y correas de pecho<\/li>\n<li>Sexy correa con espalda cruzada y dise\u00f1o de cadera con espalda abierta<\/li>\n<li>Parte delantera y cintur\u00f3n acolchados para mayor comodidad<\/li>\n<li>Se puede usar con cualquier accesorio compatible con Vac-U-Lock \u2122<\/li>\n<li>Incluye junta t\u00f3rica de silicona para m\u00faltiples usos<\/li>\n<\/ul>\n","protected":false},"excerpt":{"rendered":"<p>VAC-U-LOCK CHEST-SUSPENDER HARNESS W PLUG El confiado arn\u00e9s Supreme de Vac-U-Lock adquiere un nuevo aspecto vanguardista con la adici\u00f3n de<\/p>\n","protected":false},"featured_media":62379,"comment_status":"open","ping_status":"open","template":"","meta":[],"product_cat":[780],"product_tag":[460],"class_list":["post-62378","product","type-product","status-publish","has-post-thumbnail","hentry","product_cat-basicos-arneses","product_tag-doc-johnson"],"bundled_by":[],"bundle_stock_status":"outofstock","bundle_stock_quantity":0,"bundle_virtual":false,"bundle_layout":"","bundle_add_to_cart_form_location":"","bundle_editable_in_cart":false,"bundle_sold_individually_context":"","bundle_item_grouping":"","bundle_min_size":"","bundle_max_size":"","bundled_items":[],"yoast_head":"<!-- This site is optimized with the Yoast SEO plugin v20.6 - https:\/\/yoast.com\/wordpress\/plugins\/seo\/ -->\n<title>VAC-U-LOCK ARN\u00c9S SUSPENSI\u00d3N CON MAYOR AGARRE Y PLUG - Tienda Er\u00f3tica<\/title>\n<meta name=\"robots\" content=\"noindex, follow, max-snippet:-1, max-image-preview:large, max-video-preview:-1\" \/>\n<meta property=\"og:locale\" content=\"es_ES\" \/>\n<meta property=\"og:type\" content=\"article\" \/>\n<meta property=\"og:title\" content=\"VAC-U-LOCK ARN\u00c9S SUSPENSI\u00d3N CON MAYOR AGARRE Y PLUG - Tienda Er\u00f3tica\" \/>\n<meta property=\"og:description\" content=\"VAC-U-LOCK CHEST-SUSPENDER HARNESS W PLUG El confiado arn\u00e9s Supreme de Vac-U-Lock adquiere un nuevo aspecto vanguardista con la adici\u00f3n de\" \/>\n<meta property=\"og:url\" content=\"https:\/\/demoweb.info\/sexshop001\/producto\/vac-u-lock-arnes-suspension-con-mayor-agarre-y-plug\/\" \/>\n<meta property=\"og:site_name\" content=\"Tienda Er\u00f3tica\" \/>\n<meta property=\"article:modified_time\" content=\"2022-01-22T17:25:49+00:00\" \/>\n<meta property=\"og:image\" content=\"https:\/\/demoweb.info\/sexshop001\/wp-content\/uploads\/2022\/01\/VAC-U-LOCK-ARNES-SUSPENSION-CON-MAYOR-AGARRE-Y-PLUG.jpg\" \/>\n\t<meta property=\"og:image:width\" content=\"550\" \/>\n\t<meta property=\"og:image:height\" content=\"550\" \/>\n\t<meta property=\"og:image:type\" content=\"image\/jpeg\" \/>\n<meta name=\"twitter:card\" content=\"summary_large_image\" \/>\n<meta name=\"twitter:label1\" content=\"Tiempo de lectura\" \/>\n\t<meta name=\"twitter:data1\" content=\"1 minuto\" \/>\n<script type=\"application\/ld+json\" class=\"yoast-schema-graph\">{\"@context\":\"https:\/\/schema.org\",\"@graph\":[{\"@type\":\"WebPage\",\"@id\":\"https:\/\/demoweb.info\/sexshop001\/producto\/vac-u-lock-arnes-suspension-con-mayor-agarre-y-plug\/\",\"url\":\"https:\/\/demoweb.info\/sexshop001\/producto\/vac-u-lock-arnes-suspension-con-mayor-agarre-y-plug\/\",\"name\":\"VAC-U-LOCK ARN\u00c9S SUSPENSI\u00d3N CON MAYOR AGARRE Y PLUG - Tienda Er\u00f3tica\",\"isPartOf\":{\"@id\":\"https:\/\/demoweb.info\/sexshop001\/#website\"},\"datePublished\":\"2022-01-22T17:25:32+00:00\",\"dateModified\":\"2022-01-22T17:25:49+00:00\",\"breadcrumb\":{\"@id\":\"https:\/\/demoweb.info\/sexshop001\/producto\/vac-u-lock-arnes-suspension-con-mayor-agarre-y-plug\/#breadcrumb\"},\"inLanguage\":\"es\",\"potentialAction\":[{\"@type\":\"ReadAction\",\"target\":[\"https:\/\/demoweb.info\/sexshop001\/producto\/vac-u-lock-arnes-suspension-con-mayor-agarre-y-plug\/\"]}]},{\"@type\":\"BreadcrumbList\",\"@id\":\"https:\/\/demoweb.info\/sexshop001\/producto\/vac-u-lock-arnes-suspension-con-mayor-agarre-y-plug\/#breadcrumb\",\"itemListElement\":[{\"@type\":\"ListItem\",\"position\":1,\"name\":\"Portada\",\"item\":\"https:\/\/demoweb.info\/sexshop001\/\"},{\"@type\":\"ListItem\",\"position\":2,\"name\":\"Tienda\",\"item\":\"https:\/\/demoweb.info\/sexshop001\/tienda\/\"},{\"@type\":\"ListItem\",\"position\":3,\"name\":\"VAC-U-LOCK ARN\u00c9S SUSPENSI\u00d3N CON MAYOR AGARRE Y PLUG\"}]},{\"@type\":\"WebSite\",\"@id\":\"https:\/\/demoweb.info\/sexshop001\/#website\",\"url\":\"https:\/\/demoweb.info\/sexshop001\/\",\"name\":\"Tienda Er\u00f3tica\",\"description\":\"DEMOWEB SL\",\"potentialAction\":[{\"@type\":\"SearchAction\",\"target\":{\"@type\":\"EntryPoint\",\"urlTemplate\":\"https:\/\/demoweb.info\/sexshop001\/?s={search_term_string}\"},\"query-input\":\"required name=search_term_string\"}],\"inLanguage\":\"es\"}]}<\/script>\n<!-- \/ Yoast SEO plugin. -->","yoast_head_json":{"title":"VAC-U-LOCK ARN\u00c9S SUSPENSI\u00d3N CON MAYOR AGARRE Y PLUG - Tienda Er\u00f3tica","robots":{"index":"noindex","follow":"follow","max-snippet":"max-snippet:-1","max-image-preview":"max-image-preview:large","max-video-preview":"max-video-preview:-1"},"og_locale":"es_ES","og_type":"article","og_title":"VAC-U-LOCK ARN\u00c9S SUSPENSI\u00d3N CON MAYOR AGARRE Y PLUG - Tienda Er\u00f3tica","og_description":"VAC-U-LOCK CHEST-SUSPENDER HARNESS W PLUG El confiado arn\u00e9s Supreme de Vac-U-Lock adquiere un nuevo aspecto vanguardista con la adici\u00f3n de","og_url":"https:\/\/demoweb.info\/sexshop001\/producto\/vac-u-lock-arnes-suspension-con-mayor-agarre-y-plug\/","og_site_name":"Tienda Er\u00f3tica","article_modified_time":"2022-01-22T17:25:49+00:00","og_image":[{"width":550,"height":550,"url":"https:\/\/demoweb.info\/sexshop001\/wp-content\/uploads\/2022\/01\/VAC-U-LOCK-ARNES-SUSPENSION-CON-MAYOR-AGARRE-Y-PLUG.jpg","type":"image\/jpeg"}],"twitter_card":"summary_large_image","twitter_misc":{"Tiempo de lectura":"1 minuto"},"schema":{"@context":"https:\/\/schema.org","@graph":[{"@type":"WebPage","@id":"https:\/\/demoweb.info\/sexshop001\/producto\/vac-u-lock-arnes-suspension-con-mayor-agarre-y-plug\/","url":"https:\/\/demoweb.info\/sexshop001\/producto\/vac-u-lock-arnes-suspension-con-mayor-agarre-y-plug\/","name":"VAC-U-LOCK ARN\u00c9S SUSPENSI\u00d3N CON MAYOR AGARRE Y PLUG - Tienda Er\u00f3tica","isPartOf":{"@id":"https:\/\/demoweb.info\/sexshop001\/#website"},"datePublished":"2022-01-22T17:25:32+00:00","dateModified":"2022-01-22T17:25:49+00:00","breadcrumb":{"@id":"https:\/\/demoweb.info\/sexshop001\/producto\/vac-u-lock-arnes-suspension-con-mayor-agarre-y-plug\/#breadcrumb"},"inLanguage":"es","potentialAction":[{"@type":"ReadAction","target":["https:\/\/demoweb.info\/sexshop001\/producto\/vac-u-lock-arnes-suspension-con-mayor-agarre-y-plug\/"]}]},{"@type":"BreadcrumbList","@id":"https:\/\/demoweb.info\/sexshop001\/producto\/vac-u-lock-arnes-suspension-con-mayor-agarre-y-plug\/#breadcrumb","itemListElement":[{"@type":"ListItem","position":1,"name":"Portada","item":"https:\/\/demoweb.info\/sexshop001\/"},{"@type":"ListItem","position":2,"name":"Tienda","item":"https:\/\/demoweb.info\/sexshop001\/tienda\/"},{"@type":"ListItem","position":3,"name":"VAC-U-LOCK ARN\u00c9S SUSPENSI\u00d3N CON MAYOR AGARRE Y PLUG"}]},{"@type":"WebSite","@id":"https:\/\/demoweb.info\/sexshop001\/#website","url":"https:\/\/demoweb.info\/sexshop001\/","name":"Tienda Er\u00f3tica","description":"DEMOWEB SL","potentialAction":[{"@type":"SearchAction","target":{"@type":"EntryPoint","urlTemplate":"https:\/\/demoweb.info\/sexshop001\/?s={search_term_string}"},"query-input":"required name=search_term_string"}],"inLanguage":"es"}]}},"_links":{"self":[{"href":"https:\/\/demoweb.info\/sexshop001\/wp-json\/wp\/v3\/product\/62378","targetHints":{"allow":["GET"]}}],"collection":[{"href":"https:\/\/demoweb.info\/sexshop001\/wp-json\/wp\/v3\/product"}],"about":[{"href":"https:\/\/demoweb.info\/sexshop001\/wp-json\/wp\/v2\/types\/product"}],"replies":[{"embeddable":true,"href":"https:\/\/demoweb.info\/sexshop001\/wp-json\/wp\/v2\/comments?post=62378"}],"wp:featuredmedia":[{"embeddable":true,"href":"https:\/\/demoweb.info\/sexshop001\/wp-json\/wp\/v2\/media\/62379"}],"wp:attachment":[{"href":"https:\/\/demoweb.info\/sexshop001\/wp-json\/wp\/v2\/media?parent=62378"}],"wp:term":[{"taxonomy":"product_cat","embeddable":true,"href":"https:\/\/demoweb.info\/sexshop001\/wp-json\/wp\/v2\/product_cat?post=62378"},{"taxonomy":"product_tag","embeddable":true,"href":"https:\/\/demoweb.info\/sexshop001\/wp-json\/wp\/v2\/product_tag?post=62378"}],"curies":[{"name":"wp","href":"https:\/\/api.w.org\/{rel}","templated":true}]}}