{"id":62326,"date":"2022-01-22T18:25:03","date_gmt":"2022-01-22T17:25:03","guid":{"rendered":"https:\/\/demoweb.info\/sexshop001\/producto\/jason-luv-pene-realistico-20cm-marron\/"},"modified":"2022-01-22T18:25:09","modified_gmt":"2022-01-22T17:25:09","slug":"jason-luv-pene-realistico-20cm-marron","status":"publish","type":"product","link":"https:\/\/demoweb.info\/sexshop001\/producto\/jason-luv-pene-realistico-20cm-marron\/","title":{"rendered":"JASON LUV PENE REAL\u00cdSTICO 20CM &#8211; MARR\u00d3N"},"content":{"rendered":"<p><strong>JASON LUV 10 INCH COCK <\/strong><\/p>\n<p>Siente el Luv&#8230; 20cm masivas de \u00e9l, moldeados directamente del pene erecto de la estrella porno Jason Luv.<\/p>\n<p>Capturamos cada cresta, veta y detalle en ULTRASKYN para proporcionarte la experiencia m\u00e1s realista que se pueda imaginar, e incluimos una ventosa extra\u00edble Vac-U-Lock para la diversi\u00f3n con manos libres.<\/p>\n<p>Caracter\u00edsticas:<\/p>\n<ul>\n<li>Moldeado directamente de Jason Luv<\/li>\n<li>El dise\u00f1o de doble densidad se siente real<\/li>\n<li>Exterior suave y flexible; Base firme<\/li>\n<li>Ventosa extra\u00edble Vac-U-Lock \u2122 para mayor estabilidad<\/li>\n<li>Compatible con cualquier arn\u00e9s o accesorio Vac-U-Lock \u2122<\/li>\n<li>Compatible con arn\u00e9s de junta t\u00f3rica<\/li>\n<li>Hecho a mano de ULTRASKYN \u2122, para la m\u00e1xima sensaci\u00f3n<\/li>\n<li>Sin ftalatos, cuerpo -Seguro<\/li>\n<\/ul>\n<p>Medidas:<\/p>\n<ul>\n<li>Di\u00e1metro: 5,08<\/li>\n<li>Longitud insertable: 20,3 cm<\/li>\n<li>Longitud total: 25,4 cm<\/li>\n<\/ul>\n","protected":false},"excerpt":{"rendered":"<p>JASON LUV 10 INCH COCK Siente el Luv&#8230; 20cm masivas de \u00e9l, moldeados directamente del pene erecto de la estrella<\/p>\n","protected":false},"featured_media":62327,"comment_status":"open","ping_status":"open","template":"","meta":[],"product_cat":[386],"product_tag":[460],"class_list":["post-62326","product","type-product","status-publish","has-post-thumbnail","hentry","product_cat-realisticos","product_tag-doc-johnson"],"bundled_by":[],"bundle_stock_status":"outofstock","bundle_stock_quantity":0,"bundle_virtual":false,"bundle_layout":"","bundle_add_to_cart_form_location":"","bundle_editable_in_cart":false,"bundle_sold_individually_context":"","bundle_item_grouping":"","bundle_min_size":"","bundle_max_size":"","bundled_items":[],"yoast_head":"<!-- This site is optimized with the Yoast SEO plugin v20.6 - https:\/\/yoast.com\/wordpress\/plugins\/seo\/ -->\n<title>JASON LUV PENE REAL\u00cdSTICO 20CM - MARR\u00d3N - Tienda Er\u00f3tica<\/title>\n<meta name=\"robots\" content=\"noindex, follow, max-snippet:-1, max-image-preview:large, max-video-preview:-1\" \/>\n<meta property=\"og:locale\" content=\"es_ES\" \/>\n<meta property=\"og:type\" content=\"article\" \/>\n<meta property=\"og:title\" content=\"JASON LUV PENE REAL\u00cdSTICO 20CM - MARR\u00d3N - Tienda Er\u00f3tica\" \/>\n<meta property=\"og:description\" content=\"JASON LUV 10 INCH COCK Siente el Luv&#8230; 20cm masivas de \u00e9l, moldeados directamente del pene erecto de la estrella\" \/>\n<meta property=\"og:url\" content=\"https:\/\/demoweb.info\/sexshop001\/producto\/jason-luv-pene-realistico-20cm-marron\/\" \/>\n<meta property=\"og:site_name\" content=\"Tienda Er\u00f3tica\" \/>\n<meta property=\"article:modified_time\" content=\"2022-01-22T17:25:09+00:00\" \/>\n<meta property=\"og:image\" content=\"https:\/\/demoweb.info\/sexshop001\/wp-content\/uploads\/2022\/01\/JASON-LUV-PENE-REALISTICO-20CM-MARRON.jpg\" \/>\n\t<meta property=\"og:image:width\" content=\"550\" \/>\n\t<meta property=\"og:image:height\" content=\"550\" \/>\n\t<meta property=\"og:image:type\" content=\"image\/jpeg\" \/>\n<meta name=\"twitter:card\" content=\"summary_large_image\" \/>\n<meta name=\"twitter:label1\" content=\"Tiempo de lectura\" \/>\n\t<meta name=\"twitter:data1\" content=\"1 minuto\" \/>\n<script type=\"application\/ld+json\" class=\"yoast-schema-graph\">{\"@context\":\"https:\/\/schema.org\",\"@graph\":[{\"@type\":\"WebPage\",\"@id\":\"https:\/\/demoweb.info\/sexshop001\/producto\/jason-luv-pene-realistico-20cm-marron\/\",\"url\":\"https:\/\/demoweb.info\/sexshop001\/producto\/jason-luv-pene-realistico-20cm-marron\/\",\"name\":\"JASON LUV PENE REAL\u00cdSTICO 20CM - MARR\u00d3N - Tienda Er\u00f3tica\",\"isPartOf\":{\"@id\":\"https:\/\/demoweb.info\/sexshop001\/#website\"},\"datePublished\":\"2022-01-22T17:25:03+00:00\",\"dateModified\":\"2022-01-22T17:25:09+00:00\",\"breadcrumb\":{\"@id\":\"https:\/\/demoweb.info\/sexshop001\/producto\/jason-luv-pene-realistico-20cm-marron\/#breadcrumb\"},\"inLanguage\":\"es\",\"potentialAction\":[{\"@type\":\"ReadAction\",\"target\":[\"https:\/\/demoweb.info\/sexshop001\/producto\/jason-luv-pene-realistico-20cm-marron\/\"]}]},{\"@type\":\"BreadcrumbList\",\"@id\":\"https:\/\/demoweb.info\/sexshop001\/producto\/jason-luv-pene-realistico-20cm-marron\/#breadcrumb\",\"itemListElement\":[{\"@type\":\"ListItem\",\"position\":1,\"name\":\"Portada\",\"item\":\"https:\/\/demoweb.info\/sexshop001\/\"},{\"@type\":\"ListItem\",\"position\":2,\"name\":\"Tienda\",\"item\":\"https:\/\/demoweb.info\/sexshop001\/tienda\/\"},{\"@type\":\"ListItem\",\"position\":3,\"name\":\"JASON LUV PENE REAL\u00cdSTICO 20CM &#8211; MARR\u00d3N\"}]},{\"@type\":\"WebSite\",\"@id\":\"https:\/\/demoweb.info\/sexshop001\/#website\",\"url\":\"https:\/\/demoweb.info\/sexshop001\/\",\"name\":\"Tienda Er\u00f3tica\",\"description\":\"DEMOWEB SL\",\"potentialAction\":[{\"@type\":\"SearchAction\",\"target\":{\"@type\":\"EntryPoint\",\"urlTemplate\":\"https:\/\/demoweb.info\/sexshop001\/?s={search_term_string}\"},\"query-input\":\"required name=search_term_string\"}],\"inLanguage\":\"es\"}]}<\/script>\n<!-- \/ Yoast SEO plugin. -->","yoast_head_json":{"title":"JASON LUV PENE REAL\u00cdSTICO 20CM - MARR\u00d3N - Tienda Er\u00f3tica","robots":{"index":"noindex","follow":"follow","max-snippet":"max-snippet:-1","max-image-preview":"max-image-preview:large","max-video-preview":"max-video-preview:-1"},"og_locale":"es_ES","og_type":"article","og_title":"JASON LUV PENE REAL\u00cdSTICO 20CM - MARR\u00d3N - Tienda Er\u00f3tica","og_description":"JASON LUV 10 INCH COCK Siente el Luv&#8230; 20cm masivas de \u00e9l, moldeados directamente del pene erecto de la estrella","og_url":"https:\/\/demoweb.info\/sexshop001\/producto\/jason-luv-pene-realistico-20cm-marron\/","og_site_name":"Tienda Er\u00f3tica","article_modified_time":"2022-01-22T17:25:09+00:00","og_image":[{"width":550,"height":550,"url":"https:\/\/demoweb.info\/sexshop001\/wp-content\/uploads\/2022\/01\/JASON-LUV-PENE-REALISTICO-20CM-MARRON.jpg","type":"image\/jpeg"}],"twitter_card":"summary_large_image","twitter_misc":{"Tiempo de lectura":"1 minuto"},"schema":{"@context":"https:\/\/schema.org","@graph":[{"@type":"WebPage","@id":"https:\/\/demoweb.info\/sexshop001\/producto\/jason-luv-pene-realistico-20cm-marron\/","url":"https:\/\/demoweb.info\/sexshop001\/producto\/jason-luv-pene-realistico-20cm-marron\/","name":"JASON LUV PENE REAL\u00cdSTICO 20CM - MARR\u00d3N - Tienda Er\u00f3tica","isPartOf":{"@id":"https:\/\/demoweb.info\/sexshop001\/#website"},"datePublished":"2022-01-22T17:25:03+00:00","dateModified":"2022-01-22T17:25:09+00:00","breadcrumb":{"@id":"https:\/\/demoweb.info\/sexshop001\/producto\/jason-luv-pene-realistico-20cm-marron\/#breadcrumb"},"inLanguage":"es","potentialAction":[{"@type":"ReadAction","target":["https:\/\/demoweb.info\/sexshop001\/producto\/jason-luv-pene-realistico-20cm-marron\/"]}]},{"@type":"BreadcrumbList","@id":"https:\/\/demoweb.info\/sexshop001\/producto\/jason-luv-pene-realistico-20cm-marron\/#breadcrumb","itemListElement":[{"@type":"ListItem","position":1,"name":"Portada","item":"https:\/\/demoweb.info\/sexshop001\/"},{"@type":"ListItem","position":2,"name":"Tienda","item":"https:\/\/demoweb.info\/sexshop001\/tienda\/"},{"@type":"ListItem","position":3,"name":"JASON LUV PENE REAL\u00cdSTICO 20CM &#8211; MARR\u00d3N"}]},{"@type":"WebSite","@id":"https:\/\/demoweb.info\/sexshop001\/#website","url":"https:\/\/demoweb.info\/sexshop001\/","name":"Tienda Er\u00f3tica","description":"DEMOWEB SL","potentialAction":[{"@type":"SearchAction","target":{"@type":"EntryPoint","urlTemplate":"https:\/\/demoweb.info\/sexshop001\/?s={search_term_string}"},"query-input":"required name=search_term_string"}],"inLanguage":"es"}]}},"_links":{"self":[{"href":"https:\/\/demoweb.info\/sexshop001\/wp-json\/wp\/v3\/product\/62326","targetHints":{"allow":["GET"]}}],"collection":[{"href":"https:\/\/demoweb.info\/sexshop001\/wp-json\/wp\/v3\/product"}],"about":[{"href":"https:\/\/demoweb.info\/sexshop001\/wp-json\/wp\/v2\/types\/product"}],"replies":[{"embeddable":true,"href":"https:\/\/demoweb.info\/sexshop001\/wp-json\/wp\/v2\/comments?post=62326"}],"wp:featuredmedia":[{"embeddable":true,"href":"https:\/\/demoweb.info\/sexshop001\/wp-json\/wp\/v2\/media\/62327"}],"wp:attachment":[{"href":"https:\/\/demoweb.info\/sexshop001\/wp-json\/wp\/v2\/media?parent=62326"}],"wp:term":[{"taxonomy":"product_cat","embeddable":true,"href":"https:\/\/demoweb.info\/sexshop001\/wp-json\/wp\/v2\/product_cat?post=62326"},{"taxonomy":"product_tag","embeddable":true,"href":"https:\/\/demoweb.info\/sexshop001\/wp-json\/wp\/v2\/product_tag?post=62326"}],"curies":[{"name":"wp","href":"https:\/\/api.w.org\/{rel}","templated":true}]}}