{"id":62314,"date":"2022-01-22T18:24:37","date_gmt":"2022-01-22T17:24:37","guid":{"rendered":"https:\/\/demoweb.info\/sexshop001\/producto\/satisfyer-love-beads-negro\/"},"modified":"2022-01-22T18:24:58","modified_gmt":"2022-01-22T17:24:58","slug":"satisfyer-love-beads-negro","status":"publish","type":"product","link":"https:\/\/demoweb.info\/sexshop001\/producto\/satisfyer-love-beads-negro\/","title":{"rendered":"SATISFYER LOVE BEADS NEGRO"},"content":{"rendered":"<p><strong>SATISFYER LOVE BEADS BLACK <\/strong><\/p>\n<p><strong>Nueva edici\u00f3n 2020<\/strong><\/p>\n<p>Love Beads<br \/>\nCon nuestras cadenas anales, no hay miembro que se resista<\/p>\n<p>Bead it!<br \/>\nIncorpora las cuentas a tus juegos amorosos y sum\u00e9rgete con Love Beads en un universo de sensuales aventuras anales. Tanto si las utilizas en tus juegos en solitario como si las incorporas a tus momentos de placer en compa\u00f1\u00eda: con estas sensuales fuentes de placer te lo pasar\u00e1s en grande, ya que esta sensual pareja viene para haceros feliz a ti y a tu oscura caverna.<\/p>\n<p>Estructuras variadas<br \/>\nCon una estructura ascendente y extremos redondeados, estas cadenas de 5 elementos son ideales para exploradores del placer anal y principiantes en el sexo anal: el elemento m\u00e1s peque\u00f1o de la cadena en forma de esfera tiene un di\u00e1metro de 2 cm, y el m\u00e1s grande de 3,4 cm. La cadena en forma de diamante te ofrece di\u00e1metros desde 2,1 cm hasta 3,7 cm, por lo que las cadenas son perfectas para ir calentando progresivamente. Experimenta un excitante cosquilleo mientras vas sacando la cadena bola tras bola y estimulas tu puerta trasera de forma apasionante. Gracias a su pr\u00e1ctico lazo, podr\u00e1s entregarte a tu aventura con total tranquilidad.<\/p>\n<ul>\n<li>Forma ascendente<\/li>\n<li>2 sensuales texturas<\/li>\n<li>Muy flexible. Lazo de sujeci\u00f3n seguro<\/li>\n<li>Silicona m\u00e9dica supersuave<\/li>\n<li>Ideal para principiantes y entrenamiento anal<\/li>\n<li><strong>Nueva edici\u00f3n 2020<\/strong><\/li>\n<li><strong><strong>Nuevo embalaje acorde con la nueva imagen de la marca<\/strong><\/strong><\/li>\n<li><strong><strong><strong><strong>GARANT\u00cdA DE HIGIENE: Tendr\u00e1s 100% asegurado que eres la primera persona en abrir tu nuevo juguete.<\/strong><\/strong><\/strong><\/strong><\/li>\n<\/ul>\n<p>2 juguetones dise\u00f1os que te har\u00e1n disfrutar por la puerta trasera con su delicada superficie de silicona hipoalerg\u00e9nica y supersuave; para un deslizamiento perfecto durante la penetraci\u00f3n y la extracci\u00f3n. T\u00fa decides si prefieres la cl\u00e1sica forma de bola o si te atreves con la estructura piramidal de elegante dise\u00f1o de diamante.<\/p>\n<p>Material: Las cadenas anales son de silicona m\u00e9dica lisa y sedosa. Estos juguetes se limpian f\u00e1cilmente con un poco de jab\u00f3n y agua templada. Si adem\u00e1s terminas la limpieza con un desinfectante para juguetes sexuales, la higiene est\u00e1 garantizada, sobre todo si utilizas el espray desinfectante espec\u00edfico de Satisfyer.<\/p>\n<p>Caracter\u00edsticas:<\/p>\n<ul>\n<li>Incluye 2 cadenas anales<\/li>\n<li>Material: Silicona suave<\/li>\n<li>Ideal para principiantes y profesionales<\/li>\n<li>F\u00e1cil de limpiar<\/li>\n<li>Anillas de extracci\u00f3n f\u00e1cil<\/li>\n<li>Longitud: 205 mm<\/li>\n<li>Anchura: 28 &#8211; 33 mm<\/li>\n<\/ul>\n","protected":false},"excerpt":{"rendered":"<p>SATISFYER LOVE BEADS BLACK Nueva edici\u00f3n 2020 Love Beads Con nuestras cadenas anales, no hay miembro que se resista Bead<\/p>\n","protected":false},"featured_media":62315,"comment_status":"open","ping_status":"open","template":"","meta":[],"product_cat":[440],"product_tag":[1571,442],"class_list":["post-62314","product","type-product","status-publish","has-post-thumbnail","hentry","product_cat-anales","product_tag-beads","product_tag-satisfyer"],"bundled_by":[],"bundle_stock_status":"outofstock","bundle_stock_quantity":0,"bundle_virtual":false,"bundle_layout":"","bundle_add_to_cart_form_location":"","bundle_editable_in_cart":false,"bundle_sold_individually_context":"","bundle_item_grouping":"","bundle_min_size":"","bundle_max_size":"","bundled_items":[],"yoast_head":"<!-- This site is optimized with the Yoast SEO plugin v20.6 - https:\/\/yoast.com\/wordpress\/plugins\/seo\/ -->\n<title>SATISFYER LOVE BEADS NEGRO - Tienda Er\u00f3tica<\/title>\n<meta name=\"robots\" content=\"noindex, follow, max-snippet:-1, max-image-preview:large, max-video-preview:-1\" \/>\n<meta property=\"og:locale\" content=\"es_ES\" \/>\n<meta property=\"og:type\" content=\"article\" \/>\n<meta property=\"og:title\" content=\"SATISFYER LOVE BEADS NEGRO - Tienda Er\u00f3tica\" \/>\n<meta property=\"og:description\" content=\"SATISFYER LOVE BEADS BLACK Nueva edici\u00f3n 2020 Love Beads Con nuestras cadenas anales, no hay miembro que se resista Bead\" \/>\n<meta property=\"og:url\" content=\"https:\/\/demoweb.info\/sexshop001\/producto\/satisfyer-love-beads-negro\/\" \/>\n<meta property=\"og:site_name\" content=\"Tienda Er\u00f3tica\" \/>\n<meta property=\"article:modified_time\" content=\"2022-01-22T17:24:58+00:00\" \/>\n<meta property=\"og:image\" content=\"https:\/\/demoweb.info\/sexshop001\/wp-content\/uploads\/2022\/01\/SATISFYER-LOVE-BEADS-NEGRO.jpg\" \/>\n\t<meta property=\"og:image:width\" content=\"550\" \/>\n\t<meta property=\"og:image:height\" content=\"550\" \/>\n\t<meta property=\"og:image:type\" content=\"image\/jpeg\" \/>\n<meta name=\"twitter:card\" content=\"summary_large_image\" \/>\n<meta name=\"twitter:label1\" content=\"Tiempo de lectura\" \/>\n\t<meta name=\"twitter:data1\" content=\"2 minutos\" \/>\n<script type=\"application\/ld+json\" class=\"yoast-schema-graph\">{\"@context\":\"https:\/\/schema.org\",\"@graph\":[{\"@type\":\"WebPage\",\"@id\":\"https:\/\/demoweb.info\/sexshop001\/producto\/satisfyer-love-beads-negro\/\",\"url\":\"https:\/\/demoweb.info\/sexshop001\/producto\/satisfyer-love-beads-negro\/\",\"name\":\"SATISFYER LOVE BEADS NEGRO - Tienda Er\u00f3tica\",\"isPartOf\":{\"@id\":\"https:\/\/demoweb.info\/sexshop001\/#website\"},\"datePublished\":\"2022-01-22T17:24:37+00:00\",\"dateModified\":\"2022-01-22T17:24:58+00:00\",\"breadcrumb\":{\"@id\":\"https:\/\/demoweb.info\/sexshop001\/producto\/satisfyer-love-beads-negro\/#breadcrumb\"},\"inLanguage\":\"es\",\"potentialAction\":[{\"@type\":\"ReadAction\",\"target\":[\"https:\/\/demoweb.info\/sexshop001\/producto\/satisfyer-love-beads-negro\/\"]}]},{\"@type\":\"BreadcrumbList\",\"@id\":\"https:\/\/demoweb.info\/sexshop001\/producto\/satisfyer-love-beads-negro\/#breadcrumb\",\"itemListElement\":[{\"@type\":\"ListItem\",\"position\":1,\"name\":\"Portada\",\"item\":\"https:\/\/demoweb.info\/sexshop001\/\"},{\"@type\":\"ListItem\",\"position\":2,\"name\":\"Tienda\",\"item\":\"https:\/\/demoweb.info\/sexshop001\/tienda\/\"},{\"@type\":\"ListItem\",\"position\":3,\"name\":\"SATISFYER LOVE BEADS NEGRO\"}]},{\"@type\":\"WebSite\",\"@id\":\"https:\/\/demoweb.info\/sexshop001\/#website\",\"url\":\"https:\/\/demoweb.info\/sexshop001\/\",\"name\":\"Tienda Er\u00f3tica\",\"description\":\"DEMOWEB SL\",\"potentialAction\":[{\"@type\":\"SearchAction\",\"target\":{\"@type\":\"EntryPoint\",\"urlTemplate\":\"https:\/\/demoweb.info\/sexshop001\/?s={search_term_string}\"},\"query-input\":\"required name=search_term_string\"}],\"inLanguage\":\"es\"}]}<\/script>\n<!-- \/ Yoast SEO plugin. -->","yoast_head_json":{"title":"SATISFYER LOVE BEADS NEGRO - Tienda Er\u00f3tica","robots":{"index":"noindex","follow":"follow","max-snippet":"max-snippet:-1","max-image-preview":"max-image-preview:large","max-video-preview":"max-video-preview:-1"},"og_locale":"es_ES","og_type":"article","og_title":"SATISFYER LOVE BEADS NEGRO - Tienda Er\u00f3tica","og_description":"SATISFYER LOVE BEADS BLACK Nueva edici\u00f3n 2020 Love Beads Con nuestras cadenas anales, no hay miembro que se resista Bead","og_url":"https:\/\/demoweb.info\/sexshop001\/producto\/satisfyer-love-beads-negro\/","og_site_name":"Tienda Er\u00f3tica","article_modified_time":"2022-01-22T17:24:58+00:00","og_image":[{"width":550,"height":550,"url":"https:\/\/demoweb.info\/sexshop001\/wp-content\/uploads\/2022\/01\/SATISFYER-LOVE-BEADS-NEGRO.jpg","type":"image\/jpeg"}],"twitter_card":"summary_large_image","twitter_misc":{"Tiempo de lectura":"2 minutos"},"schema":{"@context":"https:\/\/schema.org","@graph":[{"@type":"WebPage","@id":"https:\/\/demoweb.info\/sexshop001\/producto\/satisfyer-love-beads-negro\/","url":"https:\/\/demoweb.info\/sexshop001\/producto\/satisfyer-love-beads-negro\/","name":"SATISFYER LOVE BEADS NEGRO - Tienda Er\u00f3tica","isPartOf":{"@id":"https:\/\/demoweb.info\/sexshop001\/#website"},"datePublished":"2022-01-22T17:24:37+00:00","dateModified":"2022-01-22T17:24:58+00:00","breadcrumb":{"@id":"https:\/\/demoweb.info\/sexshop001\/producto\/satisfyer-love-beads-negro\/#breadcrumb"},"inLanguage":"es","potentialAction":[{"@type":"ReadAction","target":["https:\/\/demoweb.info\/sexshop001\/producto\/satisfyer-love-beads-negro\/"]}]},{"@type":"BreadcrumbList","@id":"https:\/\/demoweb.info\/sexshop001\/producto\/satisfyer-love-beads-negro\/#breadcrumb","itemListElement":[{"@type":"ListItem","position":1,"name":"Portada","item":"https:\/\/demoweb.info\/sexshop001\/"},{"@type":"ListItem","position":2,"name":"Tienda","item":"https:\/\/demoweb.info\/sexshop001\/tienda\/"},{"@type":"ListItem","position":3,"name":"SATISFYER LOVE BEADS NEGRO"}]},{"@type":"WebSite","@id":"https:\/\/demoweb.info\/sexshop001\/#website","url":"https:\/\/demoweb.info\/sexshop001\/","name":"Tienda Er\u00f3tica","description":"DEMOWEB SL","potentialAction":[{"@type":"SearchAction","target":{"@type":"EntryPoint","urlTemplate":"https:\/\/demoweb.info\/sexshop001\/?s={search_term_string}"},"query-input":"required name=search_term_string"}],"inLanguage":"es"}]}},"_links":{"self":[{"href":"https:\/\/demoweb.info\/sexshop001\/wp-json\/wp\/v3\/product\/62314","targetHints":{"allow":["GET"]}}],"collection":[{"href":"https:\/\/demoweb.info\/sexshop001\/wp-json\/wp\/v3\/product"}],"about":[{"href":"https:\/\/demoweb.info\/sexshop001\/wp-json\/wp\/v2\/types\/product"}],"replies":[{"embeddable":true,"href":"https:\/\/demoweb.info\/sexshop001\/wp-json\/wp\/v2\/comments?post=62314"}],"wp:featuredmedia":[{"embeddable":true,"href":"https:\/\/demoweb.info\/sexshop001\/wp-json\/wp\/v2\/media\/62315"}],"wp:attachment":[{"href":"https:\/\/demoweb.info\/sexshop001\/wp-json\/wp\/v2\/media?parent=62314"}],"wp:term":[{"taxonomy":"product_cat","embeddable":true,"href":"https:\/\/demoweb.info\/sexshop001\/wp-json\/wp\/v2\/product_cat?post=62314"},{"taxonomy":"product_tag","embeddable":true,"href":"https:\/\/demoweb.info\/sexshop001\/wp-json\/wp\/v2\/product_tag?post=62314"}],"curies":[{"name":"wp","href":"https:\/\/api.w.org\/{rel}","templated":true}]}}