{"id":62307,"date":"2022-01-22T18:24:37","date_gmt":"2022-01-22T17:24:37","guid":{"rendered":"https:\/\/demoweb.info\/sexshop001\/producto\/satisfyer-rocket-ring\/"},"modified":"2022-01-22T18:24:52","modified_gmt":"2022-01-22T17:24:52","slug":"satisfyer-rocket-ring","status":"publish","type":"product","link":"https:\/\/demoweb.info\/sexshop001\/producto\/satisfyer-rocket-ring\/","title":{"rendered":"SATISFYER ROCKET RING"},"content":{"rendered":"<p><strong>SATISFYER ROCKET RING &#8211; NUEVA EDICI\u00d3N 2020<\/strong><\/p>\n<p>Rocket Ring<br \/>\nErecciones m\u00e1s firmes para una vida amorosa satisfactoria.<\/p>\n<p>M\u00e1s resistencia<br \/>\nEste d\u00f3nut camuflado como anillo para el pene solo quiere endulzar vuestros momentos m\u00e1s c\u00e1lidos. Equipa bien tu espada del amor con el Rocket Ring para que tanto t\u00fa como tu pareja disfrut\u00e9is de un est\u00edmulo chispeante. El estimulador del cl\u00edtoris abarca una gran superficie y estimula su bot\u00f3n del amor con 10 intensos modos de vibraci\u00f3n simplemente pulsando un bot\u00f3n. Pero sus intensas vibraciones tambi\u00e9n cuidan de tus cascabeles durante tus t\u00f3rridas andanzas en solitario y te catapultan hacia el inevitable orgasmo.<\/p>\n<p>Excitante estrechura<br \/>\nCon su suave y delicada superficie azul profundo de silicona m\u00e9dica, este juguete sexual te arrastra a un \u00e9xtasis celestial con solo pon\u00e9rtelo. Adem\u00e1s el anillo es agradablemente flexible, lo que le permite adaptarse a cualquier tama\u00f1o con el \u00fanico objetivo de apretarse contra tu pene en un c\u00e1lido abrazo. Su agridulce efecto de retenci\u00f3n sangu\u00ednea retrasa con eficacia tu orgasmo y te regala no solo una fant\u00e1stica erecci\u00f3n, sino tambi\u00e9n una m\u00e1xima resistencia, \u00a1algo que no solo te har\u00e1 feliz a ti!<\/p>\n<ul>\n<li>Impermeable. Resistencia definitiva<\/li>\n<li>Para juegos en solitario y en pareja<\/li>\n<li>Silicona m\u00e9dica<\/li>\n<li>10 programas de vibraci\u00f3n<\/li>\n<li>Recargable, incluye cable de carga USB<\/li>\n<\/ul>\n<p>\u00a1Su acabado impermeable te permite disfrutar sin l\u00edmites incluso en la ducha! \u00bfY qu\u00e9 tal disfrutar de un ronroneante concierto er\u00f3tico en la ba\u00f1era junto a tu pareja&#8230;?<\/p>\n<p>Material: El anillo es de silicona m\u00e9dica lisa y sedosa. El juguete se limpia f\u00e1cilmente con un poco de jab\u00f3n y agua templada. Si adem\u00e1s terminas la limpieza con un desinfectante para juguetes sexuales, la higiene est\u00e1 garantizada, sobre todo si utilizas el espray desinfectante espec\u00edfico de Satisfyer.<\/p>\n<p><strong>Caracter\u00edsticas:<\/strong><\/p>\n<ul>\n<li>10 funciones de vibraci\u00f3n<\/li>\n<li>Recargable por USB magn\u00e9tico<\/li>\n<li>Material: Silicona y pl\u00e1stico ABS<\/li>\n<li>Impermeable F\u00e1cil de limpiar<\/li>\n<li>Medidas: 7.5 cm<\/li>\n<li><strong>Nueva edici\u00f3n 2020<\/strong><\/li>\n<li><strong>Con tecnolog\u00eda MEJORADA<\/strong><\/li>\n<li><strong>Nuevo embalaje acorde con la nueva imagen de la marca<\/strong><\/li>\n<li><strong>GARANT\u00cdA DE HIGIENE: Tendr\u00e1s 100% asegurado que eres la primera persona en abrir tu nuevo juguete.<\/strong><\/li>\n<\/ul>\n","protected":false},"excerpt":{"rendered":"<p>SATISFYER ROCKET RING &#8211; NUEVA EDICI\u00d3N 2020 Rocket Ring Erecciones m\u00e1s firmes para una vida amorosa satisfactoria. M\u00e1s resistencia Este<\/p>\n","protected":false},"featured_media":62308,"comment_status":"open","ping_status":"open","template":"","meta":[],"product_cat":[323],"product_tag":[1611,442],"class_list":["post-62307","product","type-product","status-publish","has-post-thumbnail","hentry","product_cat-silicona-anillos","product_tag-ring","product_tag-satisfyer"],"bundled_by":[],"bundle_stock_status":"instock","bundle_stock_quantity":25,"bundle_virtual":false,"bundle_layout":"","bundle_add_to_cart_form_location":"","bundle_editable_in_cart":false,"bundle_sold_individually_context":"","bundle_item_grouping":"","bundle_min_size":"","bundle_max_size":"","bundled_items":[],"yoast_head":"<!-- This site is optimized with the Yoast SEO plugin v20.6 - https:\/\/yoast.com\/wordpress\/plugins\/seo\/ -->\n<title>SATISFYER ROCKET RING - Tienda Er\u00f3tica<\/title>\n<meta name=\"robots\" content=\"noindex, follow, max-snippet:-1, max-image-preview:large, max-video-preview:-1\" \/>\n<meta property=\"og:locale\" content=\"es_ES\" \/>\n<meta property=\"og:type\" content=\"article\" \/>\n<meta property=\"og:title\" content=\"SATISFYER ROCKET RING - Tienda Er\u00f3tica\" \/>\n<meta property=\"og:description\" content=\"SATISFYER ROCKET RING &#8211; NUEVA EDICI\u00d3N 2020 Rocket Ring Erecciones m\u00e1s firmes para una vida amorosa satisfactoria. M\u00e1s resistencia Este\" \/>\n<meta property=\"og:url\" content=\"https:\/\/demoweb.info\/sexshop001\/producto\/satisfyer-rocket-ring\/\" \/>\n<meta property=\"og:site_name\" content=\"Tienda Er\u00f3tica\" \/>\n<meta property=\"article:modified_time\" content=\"2022-01-22T17:24:52+00:00\" \/>\n<meta property=\"og:image\" content=\"https:\/\/demoweb.info\/sexshop001\/wp-content\/uploads\/2022\/01\/SATISFYER-ROCKET-RING.jpg\" \/>\n\t<meta property=\"og:image:width\" content=\"550\" \/>\n\t<meta property=\"og:image:height\" content=\"550\" \/>\n\t<meta property=\"og:image:type\" content=\"image\/jpeg\" \/>\n<meta name=\"twitter:card\" content=\"summary_large_image\" \/>\n<meta name=\"twitter:label1\" content=\"Tiempo de lectura\" \/>\n\t<meta name=\"twitter:data1\" content=\"2 minutos\" \/>\n<script type=\"application\/ld+json\" class=\"yoast-schema-graph\">{\"@context\":\"https:\/\/schema.org\",\"@graph\":[{\"@type\":\"WebPage\",\"@id\":\"https:\/\/demoweb.info\/sexshop001\/producto\/satisfyer-rocket-ring\/\",\"url\":\"https:\/\/demoweb.info\/sexshop001\/producto\/satisfyer-rocket-ring\/\",\"name\":\"SATISFYER ROCKET RING - Tienda Er\u00f3tica\",\"isPartOf\":{\"@id\":\"https:\/\/demoweb.info\/sexshop001\/#website\"},\"datePublished\":\"2022-01-22T17:24:37+00:00\",\"dateModified\":\"2022-01-22T17:24:52+00:00\",\"breadcrumb\":{\"@id\":\"https:\/\/demoweb.info\/sexshop001\/producto\/satisfyer-rocket-ring\/#breadcrumb\"},\"inLanguage\":\"es\",\"potentialAction\":[{\"@type\":\"ReadAction\",\"target\":[\"https:\/\/demoweb.info\/sexshop001\/producto\/satisfyer-rocket-ring\/\"]}]},{\"@type\":\"BreadcrumbList\",\"@id\":\"https:\/\/demoweb.info\/sexshop001\/producto\/satisfyer-rocket-ring\/#breadcrumb\",\"itemListElement\":[{\"@type\":\"ListItem\",\"position\":1,\"name\":\"Portada\",\"item\":\"https:\/\/demoweb.info\/sexshop001\/\"},{\"@type\":\"ListItem\",\"position\":2,\"name\":\"Tienda\",\"item\":\"https:\/\/demoweb.info\/sexshop001\/tienda\/\"},{\"@type\":\"ListItem\",\"position\":3,\"name\":\"SATISFYER ROCKET RING\"}]},{\"@type\":\"WebSite\",\"@id\":\"https:\/\/demoweb.info\/sexshop001\/#website\",\"url\":\"https:\/\/demoweb.info\/sexshop001\/\",\"name\":\"Tienda Er\u00f3tica\",\"description\":\"DEMOWEB SL\",\"potentialAction\":[{\"@type\":\"SearchAction\",\"target\":{\"@type\":\"EntryPoint\",\"urlTemplate\":\"https:\/\/demoweb.info\/sexshop001\/?s={search_term_string}\"},\"query-input\":\"required name=search_term_string\"}],\"inLanguage\":\"es\"}]}<\/script>\n<!-- \/ Yoast SEO plugin. -->","yoast_head_json":{"title":"SATISFYER ROCKET RING - Tienda Er\u00f3tica","robots":{"index":"noindex","follow":"follow","max-snippet":"max-snippet:-1","max-image-preview":"max-image-preview:large","max-video-preview":"max-video-preview:-1"},"og_locale":"es_ES","og_type":"article","og_title":"SATISFYER ROCKET RING - Tienda Er\u00f3tica","og_description":"SATISFYER ROCKET RING &#8211; NUEVA EDICI\u00d3N 2020 Rocket Ring Erecciones m\u00e1s firmes para una vida amorosa satisfactoria. M\u00e1s resistencia Este","og_url":"https:\/\/demoweb.info\/sexshop001\/producto\/satisfyer-rocket-ring\/","og_site_name":"Tienda Er\u00f3tica","article_modified_time":"2022-01-22T17:24:52+00:00","og_image":[{"width":550,"height":550,"url":"https:\/\/demoweb.info\/sexshop001\/wp-content\/uploads\/2022\/01\/SATISFYER-ROCKET-RING.jpg","type":"image\/jpeg"}],"twitter_card":"summary_large_image","twitter_misc":{"Tiempo de lectura":"2 minutos"},"schema":{"@context":"https:\/\/schema.org","@graph":[{"@type":"WebPage","@id":"https:\/\/demoweb.info\/sexshop001\/producto\/satisfyer-rocket-ring\/","url":"https:\/\/demoweb.info\/sexshop001\/producto\/satisfyer-rocket-ring\/","name":"SATISFYER ROCKET RING - Tienda Er\u00f3tica","isPartOf":{"@id":"https:\/\/demoweb.info\/sexshop001\/#website"},"datePublished":"2022-01-22T17:24:37+00:00","dateModified":"2022-01-22T17:24:52+00:00","breadcrumb":{"@id":"https:\/\/demoweb.info\/sexshop001\/producto\/satisfyer-rocket-ring\/#breadcrumb"},"inLanguage":"es","potentialAction":[{"@type":"ReadAction","target":["https:\/\/demoweb.info\/sexshop001\/producto\/satisfyer-rocket-ring\/"]}]},{"@type":"BreadcrumbList","@id":"https:\/\/demoweb.info\/sexshop001\/producto\/satisfyer-rocket-ring\/#breadcrumb","itemListElement":[{"@type":"ListItem","position":1,"name":"Portada","item":"https:\/\/demoweb.info\/sexshop001\/"},{"@type":"ListItem","position":2,"name":"Tienda","item":"https:\/\/demoweb.info\/sexshop001\/tienda\/"},{"@type":"ListItem","position":3,"name":"SATISFYER ROCKET RING"}]},{"@type":"WebSite","@id":"https:\/\/demoweb.info\/sexshop001\/#website","url":"https:\/\/demoweb.info\/sexshop001\/","name":"Tienda Er\u00f3tica","description":"DEMOWEB SL","potentialAction":[{"@type":"SearchAction","target":{"@type":"EntryPoint","urlTemplate":"https:\/\/demoweb.info\/sexshop001\/?s={search_term_string}"},"query-input":"required name=search_term_string"}],"inLanguage":"es"}]}},"_links":{"self":[{"href":"https:\/\/demoweb.info\/sexshop001\/wp-json\/wp\/v3\/product\/62307","targetHints":{"allow":["GET"]}}],"collection":[{"href":"https:\/\/demoweb.info\/sexshop001\/wp-json\/wp\/v3\/product"}],"about":[{"href":"https:\/\/demoweb.info\/sexshop001\/wp-json\/wp\/v2\/types\/product"}],"replies":[{"embeddable":true,"href":"https:\/\/demoweb.info\/sexshop001\/wp-json\/wp\/v2\/comments?post=62307"}],"wp:featuredmedia":[{"embeddable":true,"href":"https:\/\/demoweb.info\/sexshop001\/wp-json\/wp\/v2\/media\/62308"}],"wp:attachment":[{"href":"https:\/\/demoweb.info\/sexshop001\/wp-json\/wp\/v2\/media?parent=62307"}],"wp:term":[{"taxonomy":"product_cat","embeddable":true,"href":"https:\/\/demoweb.info\/sexshop001\/wp-json\/wp\/v2\/product_cat?post=62307"},{"taxonomy":"product_tag","embeddable":true,"href":"https:\/\/demoweb.info\/sexshop001\/wp-json\/wp\/v2\/product_tag?post=62307"}],"curies":[{"name":"wp","href":"https:\/\/api.w.org\/{rel}","templated":true}]}}