{"id":62282,"date":"2022-01-22T18:24:17","date_gmt":"2022-01-22T17:24:17","guid":{"rendered":"https:\/\/demoweb.info\/sexshop001\/producto\/saninex-multiorgasmic-woman-extreme-plus-100ml\/"},"modified":"2022-01-22T18:24:34","modified_gmt":"2022-01-22T17:24:34","slug":"saninex-multiorgasmic-woman-extreme-plus-100ml","status":"publish","type":"product","link":"https:\/\/demoweb.info\/sexshop001\/producto\/saninex-multiorgasmic-woman-extreme-plus-100ml\/","title":{"rendered":"SANINEX MULTIORGASMIC WOMAN EXTREME PLUS 100ML"},"content":{"rendered":"<p><strong>SANINEX MULTIORGASMIC WOMAN EXTREME PLUS 100ML<\/strong><\/p>\n<p>Lubricante Saninex MULTIORGASMIC WOMAN EXTREME PLUS. Base aqua.<\/p>\n<p>APHRODISIAC POWER<\/p>\n<p>Gel MULTIORG\u00c1SMICO lubricante concentrado, de extrema acci\u00f3n afrodis\u00edaca. Formulado y dise\u00f1ado para obtener repetidos momentos de cl\u00edmax, potenciando el deseo sexual.<\/p>\n<p>Obt\u00e9n de manera c\u00f3moda, r\u00e1pida, limpia y 100% natural la lubricaci\u00f3n sexual perfecta que deseas.<\/p>\n<p>Siente tu placer siempre h\u00famedo y muy deslizante.<\/p>\n<p>Saninex MULTIORGASMIC WOMAN EXTREME PLUS. Base agua. 100ml e Made in Spain.<\/p>\n<p>Siente c\u00f3mo tu interior genera m\u00e1s y m\u00e1s deseo con el gel lubricante MULTIORGASMIC WOMAN EXTREME PLUS . V\u00edvete a ti misma con extremo placer. Saninex crea para ti un nuevo concepto y forma de lubricante multiorgasmico sexual concentrado.<\/p>\n<p>Elige tu modelo y siente un estallido de ti.<\/p>\n","protected":false},"excerpt":{"rendered":"<p>SANINEX MULTIORGASMIC WOMAN EXTREME PLUS 100ML Lubricante Saninex MULTIORGASMIC WOMAN EXTREME PLUS. Base aqua. APHRODISIAC POWER Gel MULTIORG\u00c1SMICO lubricante concentrado,<\/p>\n","protected":false},"featured_media":62283,"comment_status":"open","ping_status":"open","template":"","meta":[],"product_cat":[268],"product_tag":[673],"class_list":["post-62282","product","type-product","status-publish","has-post-thumbnail","hentry","product_cat-base-agua-lubricantes-aceites-y-lubricantes","product_tag-saninex"],"bundled_by":[],"bundle_stock_status":"instock","bundle_stock_quantity":9,"bundle_virtual":false,"bundle_layout":"","bundle_add_to_cart_form_location":"","bundle_editable_in_cart":false,"bundle_sold_individually_context":"","bundle_item_grouping":"","bundle_min_size":"","bundle_max_size":"","bundled_items":[],"yoast_head":"<!-- This site is optimized with the Yoast SEO plugin v20.6 - https:\/\/yoast.com\/wordpress\/plugins\/seo\/ -->\n<title>SANINEX MULTIORGASMIC WOMAN EXTREME PLUS 100ML - Tienda Er\u00f3tica<\/title>\n<meta name=\"robots\" content=\"noindex, follow, max-snippet:-1, max-image-preview:large, max-video-preview:-1\" \/>\n<meta property=\"og:locale\" content=\"es_ES\" \/>\n<meta property=\"og:type\" content=\"article\" \/>\n<meta property=\"og:title\" content=\"SANINEX MULTIORGASMIC WOMAN EXTREME PLUS 100ML - Tienda Er\u00f3tica\" \/>\n<meta property=\"og:description\" content=\"SANINEX MULTIORGASMIC WOMAN EXTREME PLUS 100ML Lubricante Saninex MULTIORGASMIC WOMAN EXTREME PLUS. Base aqua. APHRODISIAC POWER Gel MULTIORG\u00c1SMICO lubricante concentrado,\" \/>\n<meta property=\"og:url\" content=\"https:\/\/demoweb.info\/sexshop001\/producto\/saninex-multiorgasmic-woman-extreme-plus-100ml\/\" \/>\n<meta property=\"og:site_name\" content=\"Tienda Er\u00f3tica\" \/>\n<meta property=\"article:modified_time\" content=\"2022-01-22T17:24:34+00:00\" \/>\n<meta property=\"og:image\" content=\"https:\/\/demoweb.info\/sexshop001\/wp-content\/uploads\/2022\/01\/SANINEX-MULTIORGASMIC-WOMAN-EXTREME-PLUS-100ML.jpg\" \/>\n\t<meta property=\"og:image:width\" content=\"550\" \/>\n\t<meta property=\"og:image:height\" content=\"550\" \/>\n\t<meta property=\"og:image:type\" content=\"image\/jpeg\" \/>\n<meta name=\"twitter:card\" content=\"summary_large_image\" \/>\n<meta name=\"twitter:label1\" content=\"Tiempo de lectura\" \/>\n\t<meta name=\"twitter:data1\" content=\"1 minuto\" \/>\n<script type=\"application\/ld+json\" class=\"yoast-schema-graph\">{\"@context\":\"https:\/\/schema.org\",\"@graph\":[{\"@type\":\"WebPage\",\"@id\":\"https:\/\/demoweb.info\/sexshop001\/producto\/saninex-multiorgasmic-woman-extreme-plus-100ml\/\",\"url\":\"https:\/\/demoweb.info\/sexshop001\/producto\/saninex-multiorgasmic-woman-extreme-plus-100ml\/\",\"name\":\"SANINEX MULTIORGASMIC WOMAN EXTREME PLUS 100ML - Tienda Er\u00f3tica\",\"isPartOf\":{\"@id\":\"https:\/\/demoweb.info\/sexshop001\/#website\"},\"datePublished\":\"2022-01-22T17:24:17+00:00\",\"dateModified\":\"2022-01-22T17:24:34+00:00\",\"breadcrumb\":{\"@id\":\"https:\/\/demoweb.info\/sexshop001\/producto\/saninex-multiorgasmic-woman-extreme-plus-100ml\/#breadcrumb\"},\"inLanguage\":\"es\",\"potentialAction\":[{\"@type\":\"ReadAction\",\"target\":[\"https:\/\/demoweb.info\/sexshop001\/producto\/saninex-multiorgasmic-woman-extreme-plus-100ml\/\"]}]},{\"@type\":\"BreadcrumbList\",\"@id\":\"https:\/\/demoweb.info\/sexshop001\/producto\/saninex-multiorgasmic-woman-extreme-plus-100ml\/#breadcrumb\",\"itemListElement\":[{\"@type\":\"ListItem\",\"position\":1,\"name\":\"Portada\",\"item\":\"https:\/\/demoweb.info\/sexshop001\/\"},{\"@type\":\"ListItem\",\"position\":2,\"name\":\"Tienda\",\"item\":\"https:\/\/demoweb.info\/sexshop001\/tienda\/\"},{\"@type\":\"ListItem\",\"position\":3,\"name\":\"SANINEX MULTIORGASMIC WOMAN EXTREME PLUS 100ML\"}]},{\"@type\":\"WebSite\",\"@id\":\"https:\/\/demoweb.info\/sexshop001\/#website\",\"url\":\"https:\/\/demoweb.info\/sexshop001\/\",\"name\":\"Tienda Er\u00f3tica\",\"description\":\"DEMOWEB SL\",\"potentialAction\":[{\"@type\":\"SearchAction\",\"target\":{\"@type\":\"EntryPoint\",\"urlTemplate\":\"https:\/\/demoweb.info\/sexshop001\/?s={search_term_string}\"},\"query-input\":\"required name=search_term_string\"}],\"inLanguage\":\"es\"}]}<\/script>\n<!-- \/ Yoast SEO plugin. -->","yoast_head_json":{"title":"SANINEX MULTIORGASMIC WOMAN EXTREME PLUS 100ML - Tienda Er\u00f3tica","robots":{"index":"noindex","follow":"follow","max-snippet":"max-snippet:-1","max-image-preview":"max-image-preview:large","max-video-preview":"max-video-preview:-1"},"og_locale":"es_ES","og_type":"article","og_title":"SANINEX MULTIORGASMIC WOMAN EXTREME PLUS 100ML - Tienda Er\u00f3tica","og_description":"SANINEX MULTIORGASMIC WOMAN EXTREME PLUS 100ML Lubricante Saninex MULTIORGASMIC WOMAN EXTREME PLUS. Base aqua. APHRODISIAC POWER Gel MULTIORG\u00c1SMICO lubricante concentrado,","og_url":"https:\/\/demoweb.info\/sexshop001\/producto\/saninex-multiorgasmic-woman-extreme-plus-100ml\/","og_site_name":"Tienda Er\u00f3tica","article_modified_time":"2022-01-22T17:24:34+00:00","og_image":[{"width":550,"height":550,"url":"https:\/\/demoweb.info\/sexshop001\/wp-content\/uploads\/2022\/01\/SANINEX-MULTIORGASMIC-WOMAN-EXTREME-PLUS-100ML.jpg","type":"image\/jpeg"}],"twitter_card":"summary_large_image","twitter_misc":{"Tiempo de lectura":"1 minuto"},"schema":{"@context":"https:\/\/schema.org","@graph":[{"@type":"WebPage","@id":"https:\/\/demoweb.info\/sexshop001\/producto\/saninex-multiorgasmic-woman-extreme-plus-100ml\/","url":"https:\/\/demoweb.info\/sexshop001\/producto\/saninex-multiorgasmic-woman-extreme-plus-100ml\/","name":"SANINEX MULTIORGASMIC WOMAN EXTREME PLUS 100ML - Tienda Er\u00f3tica","isPartOf":{"@id":"https:\/\/demoweb.info\/sexshop001\/#website"},"datePublished":"2022-01-22T17:24:17+00:00","dateModified":"2022-01-22T17:24:34+00:00","breadcrumb":{"@id":"https:\/\/demoweb.info\/sexshop001\/producto\/saninex-multiorgasmic-woman-extreme-plus-100ml\/#breadcrumb"},"inLanguage":"es","potentialAction":[{"@type":"ReadAction","target":["https:\/\/demoweb.info\/sexshop001\/producto\/saninex-multiorgasmic-woman-extreme-plus-100ml\/"]}]},{"@type":"BreadcrumbList","@id":"https:\/\/demoweb.info\/sexshop001\/producto\/saninex-multiorgasmic-woman-extreme-plus-100ml\/#breadcrumb","itemListElement":[{"@type":"ListItem","position":1,"name":"Portada","item":"https:\/\/demoweb.info\/sexshop001\/"},{"@type":"ListItem","position":2,"name":"Tienda","item":"https:\/\/demoweb.info\/sexshop001\/tienda\/"},{"@type":"ListItem","position":3,"name":"SANINEX MULTIORGASMIC WOMAN EXTREME PLUS 100ML"}]},{"@type":"WebSite","@id":"https:\/\/demoweb.info\/sexshop001\/#website","url":"https:\/\/demoweb.info\/sexshop001\/","name":"Tienda Er\u00f3tica","description":"DEMOWEB SL","potentialAction":[{"@type":"SearchAction","target":{"@type":"EntryPoint","urlTemplate":"https:\/\/demoweb.info\/sexshop001\/?s={search_term_string}"},"query-input":"required name=search_term_string"}],"inLanguage":"es"}]}},"_links":{"self":[{"href":"https:\/\/demoweb.info\/sexshop001\/wp-json\/wp\/v3\/product\/62282","targetHints":{"allow":["GET"]}}],"collection":[{"href":"https:\/\/demoweb.info\/sexshop001\/wp-json\/wp\/v3\/product"}],"about":[{"href":"https:\/\/demoweb.info\/sexshop001\/wp-json\/wp\/v2\/types\/product"}],"replies":[{"embeddable":true,"href":"https:\/\/demoweb.info\/sexshop001\/wp-json\/wp\/v2\/comments?post=62282"}],"wp:featuredmedia":[{"embeddable":true,"href":"https:\/\/demoweb.info\/sexshop001\/wp-json\/wp\/v2\/media\/62283"}],"wp:attachment":[{"href":"https:\/\/demoweb.info\/sexshop001\/wp-json\/wp\/v2\/media?parent=62282"}],"wp:term":[{"taxonomy":"product_cat","embeddable":true,"href":"https:\/\/demoweb.info\/sexshop001\/wp-json\/wp\/v2\/product_cat?post=62282"},{"taxonomy":"product_tag","embeddable":true,"href":"https:\/\/demoweb.info\/sexshop001\/wp-json\/wp\/v2\/product_tag?post=62282"}],"curies":[{"name":"wp","href":"https:\/\/api.w.org\/{rel}","templated":true}]}}