{"id":62237,"date":"2022-01-22T18:23:56","date_gmt":"2022-01-22T17:23:56","guid":{"rendered":"https:\/\/demoweb.info\/sexshop001\/producto\/super-sweet-bullets-bala-multiples-velocidades-negro\/"},"modified":"2022-01-22T18:24:03","modified_gmt":"2022-01-22T17:24:03","slug":"super-sweet-bullets-bala-multiples-velocidades-negro","status":"publish","type":"product","link":"https:\/\/demoweb.info\/sexshop001\/producto\/super-sweet-bullets-bala-multiples-velocidades-negro\/","title":{"rendered":"SUPER SWEET BULLETS &#8211; BALA M\u00daLTIPLES VELOCIDADES &#8211; NEGRO"},"content":{"rendered":"<p><strong>SUPER SWEET BULLETS &#8211; MULTI-SPEED<\/strong><\/p>\n<p>\u00bfQu\u00e9 es m\u00e1s dulce que las balas vibrantes de color caramelo? Balas de varias velocidades por supuesto.<\/p>\n<p>Nos complace anunciar la evoluci\u00f3n m\u00e1s reciente de Rock Candy Toys, \u00a1las NUEVAS Balas Vibratorias Mini Multifunci\u00f3n Super Sweet 4X!<\/p>\n<p>La segunda generaci\u00f3n de balas Rock Candy presenta cuatro modos de funcionalidad, que incluyen tres velocidades de vibraci\u00f3n incrementales y un patr\u00f3n pulsante.<\/p>\n<p>El dise\u00f1o de bala multiusos permite un rendimiento personalizado que puede modificarse para adaptarse a una variedad de preferencias \u00edntimas.<\/p>\n<p>Las balas Super Sweet est\u00e1n disponibles en distintos colores: Negro, Azul, Rosa y Morado.<\/p>\n<p>Caracter\u00edsticas:<\/p>\n<ul>\n<li>Dimensiones del producto: 7.62 x 2.54 cm<\/li>\n<li>Peso del producto: 25 gram<\/li>\n<li>Di\u00e1metro del producto: 2.5 cm<\/li>\n<li>Longitud insertable: 2.5 cm<\/li>\n<li>Tipos de velocidad: 3<\/li>\n<li>Se requieren bater\u00edas: 3<\/li>\n<li>Tipo de bater\u00edas: LR44<\/li>\n<li>Bater\u00edas incluidas: S\u00ed<\/li>\n<li>A prueba de agua: S\u00ed<\/li>\n<li>Materiales: PVC<\/li>\n<\/ul>\n","protected":false},"excerpt":{"rendered":"<p>SUPER SWEET BULLETS &#8211; MULTI-SPEED \u00bfQu\u00e9 es m\u00e1s dulce que las balas vibrantes de color caramelo? Balas de varias velocidades<\/p>\n","protected":false},"featured_media":62238,"comment_status":"open","ping_status":"open","template":"","meta":[],"product_cat":[313],"product_tag":[1610],"class_list":["post-62237","product","type-product","status-publish","has-post-thumbnail","hentry","product_cat-balas-y-huevos","product_tag-rock-candy"],"bundled_by":[],"bundle_stock_status":"instock","bundle_stock_quantity":1,"bundle_virtual":false,"bundle_layout":"","bundle_add_to_cart_form_location":"","bundle_editable_in_cart":false,"bundle_sold_individually_context":"","bundle_item_grouping":"","bundle_min_size":"","bundle_max_size":"","bundled_items":[],"yoast_head":"<!-- This site is optimized with the Yoast SEO plugin v20.6 - https:\/\/yoast.com\/wordpress\/plugins\/seo\/ -->\n<title>SUPER SWEET BULLETS - BALA M\u00daLTIPLES VELOCIDADES - NEGRO - Tienda Er\u00f3tica<\/title>\n<meta name=\"robots\" content=\"noindex, follow, max-snippet:-1, max-image-preview:large, max-video-preview:-1\" \/>\n<meta property=\"og:locale\" content=\"es_ES\" \/>\n<meta property=\"og:type\" content=\"article\" \/>\n<meta property=\"og:title\" content=\"SUPER SWEET BULLETS - BALA M\u00daLTIPLES VELOCIDADES - NEGRO - Tienda Er\u00f3tica\" \/>\n<meta property=\"og:description\" content=\"SUPER SWEET BULLETS &#8211; MULTI-SPEED \u00bfQu\u00e9 es m\u00e1s dulce que las balas vibrantes de color caramelo? Balas de varias velocidades\" \/>\n<meta property=\"og:url\" content=\"https:\/\/demoweb.info\/sexshop001\/producto\/super-sweet-bullets-bala-multiples-velocidades-negro\/\" \/>\n<meta property=\"og:site_name\" content=\"Tienda Er\u00f3tica\" \/>\n<meta property=\"article:modified_time\" content=\"2022-01-22T17:24:03+00:00\" \/>\n<meta property=\"og:image\" content=\"https:\/\/demoweb.info\/sexshop001\/wp-content\/uploads\/2022\/01\/SUPER-SWEET-BULLETS-BALA-MULTIPLES-VELOCIDADES-NEGRO.jpg\" \/>\n\t<meta property=\"og:image:width\" content=\"550\" \/>\n\t<meta property=\"og:image:height\" content=\"550\" \/>\n\t<meta property=\"og:image:type\" content=\"image\/jpeg\" \/>\n<meta name=\"twitter:card\" content=\"summary_large_image\" \/>\n<meta name=\"twitter:label1\" content=\"Tiempo de lectura\" \/>\n\t<meta name=\"twitter:data1\" content=\"1 minuto\" \/>\n<script type=\"application\/ld+json\" class=\"yoast-schema-graph\">{\"@context\":\"https:\/\/schema.org\",\"@graph\":[{\"@type\":\"WebPage\",\"@id\":\"https:\/\/demoweb.info\/sexshop001\/producto\/super-sweet-bullets-bala-multiples-velocidades-negro\/\",\"url\":\"https:\/\/demoweb.info\/sexshop001\/producto\/super-sweet-bullets-bala-multiples-velocidades-negro\/\",\"name\":\"SUPER SWEET BULLETS - BALA M\u00daLTIPLES VELOCIDADES - NEGRO - Tienda Er\u00f3tica\",\"isPartOf\":{\"@id\":\"https:\/\/demoweb.info\/sexshop001\/#website\"},\"datePublished\":\"2022-01-22T17:23:56+00:00\",\"dateModified\":\"2022-01-22T17:24:03+00:00\",\"breadcrumb\":{\"@id\":\"https:\/\/demoweb.info\/sexshop001\/producto\/super-sweet-bullets-bala-multiples-velocidades-negro\/#breadcrumb\"},\"inLanguage\":\"es\",\"potentialAction\":[{\"@type\":\"ReadAction\",\"target\":[\"https:\/\/demoweb.info\/sexshop001\/producto\/super-sweet-bullets-bala-multiples-velocidades-negro\/\"]}]},{\"@type\":\"BreadcrumbList\",\"@id\":\"https:\/\/demoweb.info\/sexshop001\/producto\/super-sweet-bullets-bala-multiples-velocidades-negro\/#breadcrumb\",\"itemListElement\":[{\"@type\":\"ListItem\",\"position\":1,\"name\":\"Portada\",\"item\":\"https:\/\/demoweb.info\/sexshop001\/\"},{\"@type\":\"ListItem\",\"position\":2,\"name\":\"Tienda\",\"item\":\"https:\/\/demoweb.info\/sexshop001\/tienda\/\"},{\"@type\":\"ListItem\",\"position\":3,\"name\":\"SUPER SWEET BULLETS &#8211; BALA M\u00daLTIPLES VELOCIDADES &#8211; NEGRO\"}]},{\"@type\":\"WebSite\",\"@id\":\"https:\/\/demoweb.info\/sexshop001\/#website\",\"url\":\"https:\/\/demoweb.info\/sexshop001\/\",\"name\":\"Tienda Er\u00f3tica\",\"description\":\"DEMOWEB SL\",\"potentialAction\":[{\"@type\":\"SearchAction\",\"target\":{\"@type\":\"EntryPoint\",\"urlTemplate\":\"https:\/\/demoweb.info\/sexshop001\/?s={search_term_string}\"},\"query-input\":\"required name=search_term_string\"}],\"inLanguage\":\"es\"}]}<\/script>\n<!-- \/ Yoast SEO plugin. -->","yoast_head_json":{"title":"SUPER SWEET BULLETS - BALA M\u00daLTIPLES VELOCIDADES - NEGRO - Tienda Er\u00f3tica","robots":{"index":"noindex","follow":"follow","max-snippet":"max-snippet:-1","max-image-preview":"max-image-preview:large","max-video-preview":"max-video-preview:-1"},"og_locale":"es_ES","og_type":"article","og_title":"SUPER SWEET BULLETS - BALA M\u00daLTIPLES VELOCIDADES - NEGRO - Tienda Er\u00f3tica","og_description":"SUPER SWEET BULLETS &#8211; MULTI-SPEED \u00bfQu\u00e9 es m\u00e1s dulce que las balas vibrantes de color caramelo? Balas de varias velocidades","og_url":"https:\/\/demoweb.info\/sexshop001\/producto\/super-sweet-bullets-bala-multiples-velocidades-negro\/","og_site_name":"Tienda Er\u00f3tica","article_modified_time":"2022-01-22T17:24:03+00:00","og_image":[{"width":550,"height":550,"url":"https:\/\/demoweb.info\/sexshop001\/wp-content\/uploads\/2022\/01\/SUPER-SWEET-BULLETS-BALA-MULTIPLES-VELOCIDADES-NEGRO.jpg","type":"image\/jpeg"}],"twitter_card":"summary_large_image","twitter_misc":{"Tiempo de lectura":"1 minuto"},"schema":{"@context":"https:\/\/schema.org","@graph":[{"@type":"WebPage","@id":"https:\/\/demoweb.info\/sexshop001\/producto\/super-sweet-bullets-bala-multiples-velocidades-negro\/","url":"https:\/\/demoweb.info\/sexshop001\/producto\/super-sweet-bullets-bala-multiples-velocidades-negro\/","name":"SUPER SWEET BULLETS - BALA M\u00daLTIPLES VELOCIDADES - NEGRO - Tienda Er\u00f3tica","isPartOf":{"@id":"https:\/\/demoweb.info\/sexshop001\/#website"},"datePublished":"2022-01-22T17:23:56+00:00","dateModified":"2022-01-22T17:24:03+00:00","breadcrumb":{"@id":"https:\/\/demoweb.info\/sexshop001\/producto\/super-sweet-bullets-bala-multiples-velocidades-negro\/#breadcrumb"},"inLanguage":"es","potentialAction":[{"@type":"ReadAction","target":["https:\/\/demoweb.info\/sexshop001\/producto\/super-sweet-bullets-bala-multiples-velocidades-negro\/"]}]},{"@type":"BreadcrumbList","@id":"https:\/\/demoweb.info\/sexshop001\/producto\/super-sweet-bullets-bala-multiples-velocidades-negro\/#breadcrumb","itemListElement":[{"@type":"ListItem","position":1,"name":"Portada","item":"https:\/\/demoweb.info\/sexshop001\/"},{"@type":"ListItem","position":2,"name":"Tienda","item":"https:\/\/demoweb.info\/sexshop001\/tienda\/"},{"@type":"ListItem","position":3,"name":"SUPER SWEET BULLETS &#8211; BALA M\u00daLTIPLES VELOCIDADES &#8211; NEGRO"}]},{"@type":"WebSite","@id":"https:\/\/demoweb.info\/sexshop001\/#website","url":"https:\/\/demoweb.info\/sexshop001\/","name":"Tienda Er\u00f3tica","description":"DEMOWEB SL","potentialAction":[{"@type":"SearchAction","target":{"@type":"EntryPoint","urlTemplate":"https:\/\/demoweb.info\/sexshop001\/?s={search_term_string}"},"query-input":"required name=search_term_string"}],"inLanguage":"es"}]}},"_links":{"self":[{"href":"https:\/\/demoweb.info\/sexshop001\/wp-json\/wp\/v3\/product\/62237","targetHints":{"allow":["GET"]}}],"collection":[{"href":"https:\/\/demoweb.info\/sexshop001\/wp-json\/wp\/v3\/product"}],"about":[{"href":"https:\/\/demoweb.info\/sexshop001\/wp-json\/wp\/v2\/types\/product"}],"replies":[{"embeddable":true,"href":"https:\/\/demoweb.info\/sexshop001\/wp-json\/wp\/v2\/comments?post=62237"}],"wp:featuredmedia":[{"embeddable":true,"href":"https:\/\/demoweb.info\/sexshop001\/wp-json\/wp\/v2\/media\/62238"}],"wp:attachment":[{"href":"https:\/\/demoweb.info\/sexshop001\/wp-json\/wp\/v2\/media?parent=62237"}],"wp:term":[{"taxonomy":"product_cat","embeddable":true,"href":"https:\/\/demoweb.info\/sexshop001\/wp-json\/wp\/v2\/product_cat?post=62237"},{"taxonomy":"product_tag","embeddable":true,"href":"https:\/\/demoweb.info\/sexshop001\/wp-json\/wp\/v2\/product_tag?post=62237"}],"curies":[{"name":"wp","href":"https:\/\/api.w.org\/{rel}","templated":true}]}}