{"id":62223,"date":"2022-01-22T18:23:45","date_gmt":"2022-01-22T17:23:45","guid":{"rendered":"https:\/\/demoweb.info\/sexshop001\/producto\/lala-pop-estimulador-rojo\/"},"modified":"2022-01-22T18:23:50","modified_gmt":"2022-01-22T17:23:50","slug":"lala-pop-estimulador-rojo","status":"publish","type":"product","link":"https:\/\/demoweb.info\/sexshop001\/producto\/lala-pop-estimulador-rojo\/","title":{"rendered":"LALA POP ESTIMULADOR &#8211; ROJO"},"content":{"rendered":"<p><strong>LALA POP <\/strong><\/p>\n<p>Como parte de la colecci\u00f3n Sweet Spot, los cient\u00edficos sensuales de Rock Candy han inventado el Rock Candy\u00ae Lala Pop\u00ae, un vibrador en forma de piruleta que ofrece un delicioso toque de placer a tus zonas er\u00f3genas con solo presionar un bot\u00f3n.<\/p>\n<p>No te dejes enga\u00f1ar por su apariencia discreta y dulce: este estimulador de 5 funciones para los sentidos seguramente te enganchar\u00e1.<\/p>\n<p>El motor incluye 3 velocidades intensas y 2 patrones pulsantes para deleitarte y complacer. Su cuello semiflexible y su punta redonda y bulbosa satisfar\u00e1n sus ansias sensuales desde cualquier posici\u00f3n sexual, en cualquier parte del cuerpo.<\/p>\n<p>El vers\u00e1til Lala Pop est\u00e1 hecho de pl\u00e1stico ABS seguro para el cuerpo con un revestimiento exterior liso. El material firme y no poroso es seguro, higi\u00e9nico y compatible con todos los lubricantes. Con un dise\u00f1o resistente al agua, puedes usarlo dentro o fuera de la ducha.<\/p>\n<p>Disponible en m\u00faltiples colores de caramelo, irresistibles y brillantes, elige tu sabor y date un capricho.<\/p>\n<p>Caracter\u00edsticas:<\/p>\n<ul>\n<li>Dimensiones del producto: 17.78 x 3.81 cm<\/li>\n<li>Peso del producto: 60 gram<\/li>\n<li>Di\u00e1metro del producto: 5.1 cm<\/li>\n<li>Tipos de velocidad: 3<\/li>\n<li>Se requieren bater\u00edas: 2 x AAA (no incluidas)<\/li>\n<li>A prueba de salpicaduras<\/li>\n<li>Materiales: pl\u00e1stico ABS<\/li>\n<\/ul>\n","protected":false},"excerpt":{"rendered":"<p>LALA POP Como parte de la colecci\u00f3n Sweet Spot, los cient\u00edficos sensuales de Rock Candy han inventado el Rock Candy\u00ae<\/p>\n","protected":false},"featured_media":62224,"comment_status":"open","ping_status":"open","template":"","meta":[],"product_cat":[370],"product_tag":[1610],"class_list":["post-62223","product","type-product","status-publish","has-post-thumbnail","hentry","product_cat-clitoris","product_tag-rock-candy"],"bundled_by":[],"bundle_stock_status":"instock","bundle_stock_quantity":1,"bundle_virtual":false,"bundle_layout":"","bundle_add_to_cart_form_location":"","bundle_editable_in_cart":false,"bundle_sold_individually_context":"","bundle_item_grouping":"","bundle_min_size":"","bundle_max_size":"","bundled_items":[],"yoast_head":"<!-- This site is optimized with the Yoast SEO plugin v20.6 - https:\/\/yoast.com\/wordpress\/plugins\/seo\/ -->\n<title>LALA POP ESTIMULADOR - ROJO - Tienda Er\u00f3tica<\/title>\n<meta name=\"robots\" content=\"noindex, follow, max-snippet:-1, max-image-preview:large, max-video-preview:-1\" \/>\n<meta property=\"og:locale\" content=\"es_ES\" \/>\n<meta property=\"og:type\" content=\"article\" \/>\n<meta property=\"og:title\" content=\"LALA POP ESTIMULADOR - ROJO - Tienda Er\u00f3tica\" \/>\n<meta property=\"og:description\" content=\"LALA POP Como parte de la colecci\u00f3n Sweet Spot, los cient\u00edficos sensuales de Rock Candy han inventado el Rock Candy\u00ae\" \/>\n<meta property=\"og:url\" content=\"https:\/\/demoweb.info\/sexshop001\/producto\/lala-pop-estimulador-rojo\/\" \/>\n<meta property=\"og:site_name\" content=\"Tienda Er\u00f3tica\" \/>\n<meta property=\"article:modified_time\" content=\"2022-01-22T17:23:50+00:00\" \/>\n<meta property=\"og:image\" content=\"https:\/\/demoweb.info\/sexshop001\/wp-content\/uploads\/2022\/01\/LALA-POP-ESTIMULADOR-ROJO.jpg\" \/>\n\t<meta property=\"og:image:width\" content=\"550\" \/>\n\t<meta property=\"og:image:height\" content=\"550\" \/>\n\t<meta property=\"og:image:type\" content=\"image\/jpeg\" \/>\n<meta name=\"twitter:card\" content=\"summary_large_image\" \/>\n<meta name=\"twitter:label1\" content=\"Tiempo de lectura\" \/>\n\t<meta name=\"twitter:data1\" content=\"1 minuto\" \/>\n<script type=\"application\/ld+json\" class=\"yoast-schema-graph\">{\"@context\":\"https:\/\/schema.org\",\"@graph\":[{\"@type\":\"WebPage\",\"@id\":\"https:\/\/demoweb.info\/sexshop001\/producto\/lala-pop-estimulador-rojo\/\",\"url\":\"https:\/\/demoweb.info\/sexshop001\/producto\/lala-pop-estimulador-rojo\/\",\"name\":\"LALA POP ESTIMULADOR - ROJO - Tienda Er\u00f3tica\",\"isPartOf\":{\"@id\":\"https:\/\/demoweb.info\/sexshop001\/#website\"},\"datePublished\":\"2022-01-22T17:23:45+00:00\",\"dateModified\":\"2022-01-22T17:23:50+00:00\",\"breadcrumb\":{\"@id\":\"https:\/\/demoweb.info\/sexshop001\/producto\/lala-pop-estimulador-rojo\/#breadcrumb\"},\"inLanguage\":\"es\",\"potentialAction\":[{\"@type\":\"ReadAction\",\"target\":[\"https:\/\/demoweb.info\/sexshop001\/producto\/lala-pop-estimulador-rojo\/\"]}]},{\"@type\":\"BreadcrumbList\",\"@id\":\"https:\/\/demoweb.info\/sexshop001\/producto\/lala-pop-estimulador-rojo\/#breadcrumb\",\"itemListElement\":[{\"@type\":\"ListItem\",\"position\":1,\"name\":\"Portada\",\"item\":\"https:\/\/demoweb.info\/sexshop001\/\"},{\"@type\":\"ListItem\",\"position\":2,\"name\":\"Tienda\",\"item\":\"https:\/\/demoweb.info\/sexshop001\/tienda\/\"},{\"@type\":\"ListItem\",\"position\":3,\"name\":\"LALA POP ESTIMULADOR &#8211; ROJO\"}]},{\"@type\":\"WebSite\",\"@id\":\"https:\/\/demoweb.info\/sexshop001\/#website\",\"url\":\"https:\/\/demoweb.info\/sexshop001\/\",\"name\":\"Tienda Er\u00f3tica\",\"description\":\"DEMOWEB SL\",\"potentialAction\":[{\"@type\":\"SearchAction\",\"target\":{\"@type\":\"EntryPoint\",\"urlTemplate\":\"https:\/\/demoweb.info\/sexshop001\/?s={search_term_string}\"},\"query-input\":\"required name=search_term_string\"}],\"inLanguage\":\"es\"}]}<\/script>\n<!-- \/ Yoast SEO plugin. -->","yoast_head_json":{"title":"LALA POP ESTIMULADOR - ROJO - Tienda Er\u00f3tica","robots":{"index":"noindex","follow":"follow","max-snippet":"max-snippet:-1","max-image-preview":"max-image-preview:large","max-video-preview":"max-video-preview:-1"},"og_locale":"es_ES","og_type":"article","og_title":"LALA POP ESTIMULADOR - ROJO - Tienda Er\u00f3tica","og_description":"LALA POP Como parte de la colecci\u00f3n Sweet Spot, los cient\u00edficos sensuales de Rock Candy han inventado el Rock Candy\u00ae","og_url":"https:\/\/demoweb.info\/sexshop001\/producto\/lala-pop-estimulador-rojo\/","og_site_name":"Tienda Er\u00f3tica","article_modified_time":"2022-01-22T17:23:50+00:00","og_image":[{"width":550,"height":550,"url":"https:\/\/demoweb.info\/sexshop001\/wp-content\/uploads\/2022\/01\/LALA-POP-ESTIMULADOR-ROJO.jpg","type":"image\/jpeg"}],"twitter_card":"summary_large_image","twitter_misc":{"Tiempo de lectura":"1 minuto"},"schema":{"@context":"https:\/\/schema.org","@graph":[{"@type":"WebPage","@id":"https:\/\/demoweb.info\/sexshop001\/producto\/lala-pop-estimulador-rojo\/","url":"https:\/\/demoweb.info\/sexshop001\/producto\/lala-pop-estimulador-rojo\/","name":"LALA POP ESTIMULADOR - ROJO - Tienda Er\u00f3tica","isPartOf":{"@id":"https:\/\/demoweb.info\/sexshop001\/#website"},"datePublished":"2022-01-22T17:23:45+00:00","dateModified":"2022-01-22T17:23:50+00:00","breadcrumb":{"@id":"https:\/\/demoweb.info\/sexshop001\/producto\/lala-pop-estimulador-rojo\/#breadcrumb"},"inLanguage":"es","potentialAction":[{"@type":"ReadAction","target":["https:\/\/demoweb.info\/sexshop001\/producto\/lala-pop-estimulador-rojo\/"]}]},{"@type":"BreadcrumbList","@id":"https:\/\/demoweb.info\/sexshop001\/producto\/lala-pop-estimulador-rojo\/#breadcrumb","itemListElement":[{"@type":"ListItem","position":1,"name":"Portada","item":"https:\/\/demoweb.info\/sexshop001\/"},{"@type":"ListItem","position":2,"name":"Tienda","item":"https:\/\/demoweb.info\/sexshop001\/tienda\/"},{"@type":"ListItem","position":3,"name":"LALA POP ESTIMULADOR &#8211; ROJO"}]},{"@type":"WebSite","@id":"https:\/\/demoweb.info\/sexshop001\/#website","url":"https:\/\/demoweb.info\/sexshop001\/","name":"Tienda Er\u00f3tica","description":"DEMOWEB SL","potentialAction":[{"@type":"SearchAction","target":{"@type":"EntryPoint","urlTemplate":"https:\/\/demoweb.info\/sexshop001\/?s={search_term_string}"},"query-input":"required name=search_term_string"}],"inLanguage":"es"}]}},"_links":{"self":[{"href":"https:\/\/demoweb.info\/sexshop001\/wp-json\/wp\/v3\/product\/62223","targetHints":{"allow":["GET"]}}],"collection":[{"href":"https:\/\/demoweb.info\/sexshop001\/wp-json\/wp\/v3\/product"}],"about":[{"href":"https:\/\/demoweb.info\/sexshop001\/wp-json\/wp\/v2\/types\/product"}],"replies":[{"embeddable":true,"href":"https:\/\/demoweb.info\/sexshop001\/wp-json\/wp\/v2\/comments?post=62223"}],"wp:featuredmedia":[{"embeddable":true,"href":"https:\/\/demoweb.info\/sexshop001\/wp-json\/wp\/v2\/media\/62224"}],"wp:attachment":[{"href":"https:\/\/demoweb.info\/sexshop001\/wp-json\/wp\/v2\/media?parent=62223"}],"wp:term":[{"taxonomy":"product_cat","embeddable":true,"href":"https:\/\/demoweb.info\/sexshop001\/wp-json\/wp\/v2\/product_cat?post=62223"},{"taxonomy":"product_tag","embeddable":true,"href":"https:\/\/demoweb.info\/sexshop001\/wp-json\/wp\/v2\/product_tag?post=62223"}],"curies":[{"name":"wp","href":"https:\/\/api.w.org\/{rel}","templated":true}]}}