{"id":62221,"date":"2022-01-22T18:23:45","date_gmt":"2022-01-22T17:23:45","guid":{"rendered":"https:\/\/demoweb.info\/sexshop001\/producto\/gummy-vibes-osito-vibrador-azul\/"},"modified":"2022-01-22T18:23:49","modified_gmt":"2022-01-22T17:23:49","slug":"gummy-vibes-osito-vibrador-azul","status":"publish","type":"product","link":"https:\/\/demoweb.info\/sexshop001\/producto\/gummy-vibes-osito-vibrador-azul\/","title":{"rendered":"GUMMY VIBES OSITO VIBRADOR &#8211; AZUL"},"content":{"rendered":"<p><strong>GUMMY VIBES <\/strong><\/p>\n<p>\u00a1Los dulces sue\u00f1os est\u00e1n hechos de esto! Los cient\u00edficos de Rock Candy\u00ae han preparado el Gummy Vibe\u00ae, un potente vibrador de bolsillo que tiene la forma de un adorable oso gomoso.<\/p>\n<p>El Rock Candy Gummy Vibe pone una cara dulce en un poderoso estimulador de cl\u00edtoris que es tan bueno que querr\u00e1s saltarte la cena y saltar directamente al postre. El oso suave y acicalado acaricia el cl\u00edtoris con una &#39;nariz acolchada&#39; texturizada, que proporciona vibraciones discretas pero intensas y potentes directamente a su punto dulce.<\/p>\n<p>La textura gomosa realista y el dise\u00f1o l\u00fadico aportan un elemento de fantas\u00eda al juego en solitario o en pareja.<\/p>\n<p>Sost\u00e9n un suave y blando Oso Gomoso en los pezones para una estimulaci\u00f3n extra er\u00f3gena, o contra el lado de la boca durante el sexo oral.<\/p>\n<p>Prueba un Gummy Vibe de tama\u00f1o divertido y te dar\u00e1s cuenta de que una habitaci\u00f3n sin una de las golosinas m\u00e1s populares del mundo es simplemente insoportable.<\/p>\n<p>Caracter\u00edsticas:<\/p>\n<ul>\n<li>Dimensiones del producto: 7.62 x 5.72 cm<\/li>\n<li>Peso del producto: 35 gram<\/li>\n<li>Di\u00e1metro del producto: 3.8 cm<\/li>\n<li>Longitud insertable:  2.5 cm<\/li>\n<li>Se requieren bater\u00edas: 3<\/li>\n<li>Tipo de bater\u00edas; LR44<\/li>\n<li>Bater\u00edas incluidas   <\/li>\n<li>A prueba de agua  <\/li>\n<li>Materiales: TPR en el exterior. La bala es de pl\u00e1stico ABS.<\/li>\n<\/ul>\n","protected":false},"excerpt":{"rendered":"<p>GUMMY VIBES \u00a1Los dulces sue\u00f1os est\u00e1n hechos de esto! Los cient\u00edficos de Rock Candy\u00ae han preparado el Gummy Vibe\u00ae, un<\/p>\n","protected":false},"featured_media":62222,"comment_status":"open","ping_status":"open","template":"","meta":[],"product_cat":[313],"product_tag":[1610],"class_list":["post-62221","product","type-product","status-publish","has-post-thumbnail","hentry","product_cat-balas-y-huevos","product_tag-rock-candy"],"bundled_by":[],"bundle_stock_status":"outofstock","bundle_stock_quantity":0,"bundle_virtual":false,"bundle_layout":"","bundle_add_to_cart_form_location":"","bundle_editable_in_cart":false,"bundle_sold_individually_context":"","bundle_item_grouping":"","bundle_min_size":"","bundle_max_size":"","bundled_items":[],"yoast_head":"<!-- This site is optimized with the Yoast SEO plugin v20.6 - https:\/\/yoast.com\/wordpress\/plugins\/seo\/ -->\n<title>GUMMY VIBES OSITO VIBRADOR - AZUL - Tienda Er\u00f3tica<\/title>\n<meta name=\"robots\" content=\"noindex, follow, max-snippet:-1, max-image-preview:large, max-video-preview:-1\" \/>\n<meta property=\"og:locale\" content=\"es_ES\" \/>\n<meta property=\"og:type\" content=\"article\" \/>\n<meta property=\"og:title\" content=\"GUMMY VIBES OSITO VIBRADOR - AZUL - Tienda Er\u00f3tica\" \/>\n<meta property=\"og:description\" content=\"GUMMY VIBES \u00a1Los dulces sue\u00f1os est\u00e1n hechos de esto! Los cient\u00edficos de Rock Candy\u00ae han preparado el Gummy Vibe\u00ae, un\" \/>\n<meta property=\"og:url\" content=\"https:\/\/demoweb.info\/sexshop001\/producto\/gummy-vibes-osito-vibrador-azul\/\" \/>\n<meta property=\"og:site_name\" content=\"Tienda Er\u00f3tica\" \/>\n<meta property=\"article:modified_time\" content=\"2022-01-22T17:23:49+00:00\" \/>\n<meta property=\"og:image\" content=\"https:\/\/demoweb.info\/sexshop001\/wp-content\/uploads\/2022\/01\/GUMMY-VIBES-OSITO-VIBRADOR-AZUL.jpg\" \/>\n\t<meta property=\"og:image:width\" content=\"550\" \/>\n\t<meta property=\"og:image:height\" content=\"550\" \/>\n\t<meta property=\"og:image:type\" content=\"image\/jpeg\" \/>\n<meta name=\"twitter:card\" content=\"summary_large_image\" \/>\n<meta name=\"twitter:label1\" content=\"Tiempo de lectura\" \/>\n\t<meta name=\"twitter:data1\" content=\"1 minuto\" \/>\n<script type=\"application\/ld+json\" class=\"yoast-schema-graph\">{\"@context\":\"https:\/\/schema.org\",\"@graph\":[{\"@type\":\"WebPage\",\"@id\":\"https:\/\/demoweb.info\/sexshop001\/producto\/gummy-vibes-osito-vibrador-azul\/\",\"url\":\"https:\/\/demoweb.info\/sexshop001\/producto\/gummy-vibes-osito-vibrador-azul\/\",\"name\":\"GUMMY VIBES OSITO VIBRADOR - AZUL - Tienda Er\u00f3tica\",\"isPartOf\":{\"@id\":\"https:\/\/demoweb.info\/sexshop001\/#website\"},\"datePublished\":\"2022-01-22T17:23:45+00:00\",\"dateModified\":\"2022-01-22T17:23:49+00:00\",\"breadcrumb\":{\"@id\":\"https:\/\/demoweb.info\/sexshop001\/producto\/gummy-vibes-osito-vibrador-azul\/#breadcrumb\"},\"inLanguage\":\"es\",\"potentialAction\":[{\"@type\":\"ReadAction\",\"target\":[\"https:\/\/demoweb.info\/sexshop001\/producto\/gummy-vibes-osito-vibrador-azul\/\"]}]},{\"@type\":\"BreadcrumbList\",\"@id\":\"https:\/\/demoweb.info\/sexshop001\/producto\/gummy-vibes-osito-vibrador-azul\/#breadcrumb\",\"itemListElement\":[{\"@type\":\"ListItem\",\"position\":1,\"name\":\"Portada\",\"item\":\"https:\/\/demoweb.info\/sexshop001\/\"},{\"@type\":\"ListItem\",\"position\":2,\"name\":\"Tienda\",\"item\":\"https:\/\/demoweb.info\/sexshop001\/tienda\/\"},{\"@type\":\"ListItem\",\"position\":3,\"name\":\"GUMMY VIBES OSITO VIBRADOR &#8211; AZUL\"}]},{\"@type\":\"WebSite\",\"@id\":\"https:\/\/demoweb.info\/sexshop001\/#website\",\"url\":\"https:\/\/demoweb.info\/sexshop001\/\",\"name\":\"Tienda Er\u00f3tica\",\"description\":\"DEMOWEB SL\",\"potentialAction\":[{\"@type\":\"SearchAction\",\"target\":{\"@type\":\"EntryPoint\",\"urlTemplate\":\"https:\/\/demoweb.info\/sexshop001\/?s={search_term_string}\"},\"query-input\":\"required name=search_term_string\"}],\"inLanguage\":\"es\"}]}<\/script>\n<!-- \/ Yoast SEO plugin. -->","yoast_head_json":{"title":"GUMMY VIBES OSITO VIBRADOR - AZUL - Tienda Er\u00f3tica","robots":{"index":"noindex","follow":"follow","max-snippet":"max-snippet:-1","max-image-preview":"max-image-preview:large","max-video-preview":"max-video-preview:-1"},"og_locale":"es_ES","og_type":"article","og_title":"GUMMY VIBES OSITO VIBRADOR - AZUL - Tienda Er\u00f3tica","og_description":"GUMMY VIBES \u00a1Los dulces sue\u00f1os est\u00e1n hechos de esto! Los cient\u00edficos de Rock Candy\u00ae han preparado el Gummy Vibe\u00ae, un","og_url":"https:\/\/demoweb.info\/sexshop001\/producto\/gummy-vibes-osito-vibrador-azul\/","og_site_name":"Tienda Er\u00f3tica","article_modified_time":"2022-01-22T17:23:49+00:00","og_image":[{"width":550,"height":550,"url":"https:\/\/demoweb.info\/sexshop001\/wp-content\/uploads\/2022\/01\/GUMMY-VIBES-OSITO-VIBRADOR-AZUL.jpg","type":"image\/jpeg"}],"twitter_card":"summary_large_image","twitter_misc":{"Tiempo de lectura":"1 minuto"},"schema":{"@context":"https:\/\/schema.org","@graph":[{"@type":"WebPage","@id":"https:\/\/demoweb.info\/sexshop001\/producto\/gummy-vibes-osito-vibrador-azul\/","url":"https:\/\/demoweb.info\/sexshop001\/producto\/gummy-vibes-osito-vibrador-azul\/","name":"GUMMY VIBES OSITO VIBRADOR - AZUL - Tienda Er\u00f3tica","isPartOf":{"@id":"https:\/\/demoweb.info\/sexshop001\/#website"},"datePublished":"2022-01-22T17:23:45+00:00","dateModified":"2022-01-22T17:23:49+00:00","breadcrumb":{"@id":"https:\/\/demoweb.info\/sexshop001\/producto\/gummy-vibes-osito-vibrador-azul\/#breadcrumb"},"inLanguage":"es","potentialAction":[{"@type":"ReadAction","target":["https:\/\/demoweb.info\/sexshop001\/producto\/gummy-vibes-osito-vibrador-azul\/"]}]},{"@type":"BreadcrumbList","@id":"https:\/\/demoweb.info\/sexshop001\/producto\/gummy-vibes-osito-vibrador-azul\/#breadcrumb","itemListElement":[{"@type":"ListItem","position":1,"name":"Portada","item":"https:\/\/demoweb.info\/sexshop001\/"},{"@type":"ListItem","position":2,"name":"Tienda","item":"https:\/\/demoweb.info\/sexshop001\/tienda\/"},{"@type":"ListItem","position":3,"name":"GUMMY VIBES OSITO VIBRADOR &#8211; AZUL"}]},{"@type":"WebSite","@id":"https:\/\/demoweb.info\/sexshop001\/#website","url":"https:\/\/demoweb.info\/sexshop001\/","name":"Tienda Er\u00f3tica","description":"DEMOWEB SL","potentialAction":[{"@type":"SearchAction","target":{"@type":"EntryPoint","urlTemplate":"https:\/\/demoweb.info\/sexshop001\/?s={search_term_string}"},"query-input":"required name=search_term_string"}],"inLanguage":"es"}]}},"_links":{"self":[{"href":"https:\/\/demoweb.info\/sexshop001\/wp-json\/wp\/v3\/product\/62221","targetHints":{"allow":["GET"]}}],"collection":[{"href":"https:\/\/demoweb.info\/sexshop001\/wp-json\/wp\/v3\/product"}],"about":[{"href":"https:\/\/demoweb.info\/sexshop001\/wp-json\/wp\/v2\/types\/product"}],"replies":[{"embeddable":true,"href":"https:\/\/demoweb.info\/sexshop001\/wp-json\/wp\/v2\/comments?post=62221"}],"wp:featuredmedia":[{"embeddable":true,"href":"https:\/\/demoweb.info\/sexshop001\/wp-json\/wp\/v2\/media\/62222"}],"wp:attachment":[{"href":"https:\/\/demoweb.info\/sexshop001\/wp-json\/wp\/v2\/media?parent=62221"}],"wp:term":[{"taxonomy":"product_cat","embeddable":true,"href":"https:\/\/demoweb.info\/sexshop001\/wp-json\/wp\/v2\/product_cat?post=62221"},{"taxonomy":"product_tag","embeddable":true,"href":"https:\/\/demoweb.info\/sexshop001\/wp-json\/wp\/v2\/product_tag?post=62221"}],"curies":[{"name":"wp","href":"https:\/\/api.w.org\/{rel}","templated":true}]}}