{"id":62214,"date":"2022-01-22T18:23:45","date_gmt":"2022-01-22T17:23:45","guid":{"rendered":"https:\/\/demoweb.info\/sexshop001\/producto\/candy-stick-vibrador-rosa\/"},"modified":"2022-01-22T18:23:46","modified_gmt":"2022-01-22T17:23:46","slug":"candy-stick-vibrador-rosa","status":"publish","type":"product","link":"https:\/\/demoweb.info\/sexshop001\/producto\/candy-stick-vibrador-rosa\/","title":{"rendered":"CANDY STICK VIBRADOR &#8211; ROSA"},"content":{"rendered":"<p><strong>CANDY STICK<\/strong><\/p>\n<p>Como parte de la colecci\u00f3n Sweet Spot, \u00a1consi\u00e9ntete con un Candy!<\/p>\n<p>Envuelto en una c\u00e1scara de color caramelo remolinada, este vibrador s\u00faper elegante te convertir\u00e1 en un <em>overdrive <\/em>sensual. Dise\u00f1ado para ser f\u00e1cil de usar y vers\u00e1til, \u00a1el eje extra largo se siente delicioso en cada punto dulce!<\/p>\n<p>Un motor de alta potencia cuenta con tres velocidades de vibraci\u00f3n y dos patrones pulsantes para complacerte, que satisfacen los antojos m\u00e1s decadentes. Las velocidades se controlan f\u00e1cilmente con solo presionar un bot\u00f3n, ubicado en la parte inferior del eje.<\/p>\n<p>El Candy Stick es un caprichoso regreso a la diversi\u00f3n atemporal de los llamativos colores de caramelo.<\/p>\n<p>\u00a1Elige tu sabor y reg\u00e1late!<\/p>\n<p>Caracter\u00edsticas:<\/p>\n<ul>\n<li>Dimensiones del producto: 15.24 x 2.54 cm<\/li>\n<li>Peso del producto: 50 gram<\/li>\n<li>Di\u00e1metro del producto: 5.1 cm<\/li>\n<li>Longitud insertable: 10.2 cm<\/li>\n<li>Tipos de velocidad: 3<\/li>\n<li>Se requieren bater\u00edas: 2<\/li>\n<li>Tipo de bater\u00edas: AAA<\/li>\n<li>Bater\u00edas incluidas: No<\/li>\n<li>A prueba de salpicaduras<\/li>\n<li>Materiales: Pl\u00e1stico ABS<\/li>\n<\/ul>\n","protected":false},"excerpt":{"rendered":"<p>CANDY STICK Como parte de la colecci\u00f3n Sweet Spot, \u00a1consi\u00e9ntete con un Candy! Envuelto en una c\u00e1scara de color caramelo<\/p>\n","protected":false},"featured_media":62215,"comment_status":"open","ping_status":"open","template":"","meta":[],"product_cat":[795],"product_tag":[1610],"class_list":["post-62214","product","type-product","status-publish","has-post-thumbnail","hentry","product_cat-basicos-vibradores-juguetes-xxx","product_tag-rock-candy"],"bundled_by":[],"bundle_stock_status":"instock","bundle_stock_quantity":2,"bundle_virtual":false,"bundle_layout":"","bundle_add_to_cart_form_location":"","bundle_editable_in_cart":false,"bundle_sold_individually_context":"","bundle_item_grouping":"","bundle_min_size":"","bundle_max_size":"","bundled_items":[],"yoast_head":"<!-- This site is optimized with the Yoast SEO plugin v20.6 - https:\/\/yoast.com\/wordpress\/plugins\/seo\/ -->\n<title>CANDY STICK VIBRADOR - ROSA - Tienda Er\u00f3tica<\/title>\n<meta name=\"robots\" content=\"noindex, follow, max-snippet:-1, max-image-preview:large, max-video-preview:-1\" \/>\n<meta property=\"og:locale\" content=\"es_ES\" \/>\n<meta property=\"og:type\" content=\"article\" \/>\n<meta property=\"og:title\" content=\"CANDY STICK VIBRADOR - ROSA - Tienda Er\u00f3tica\" \/>\n<meta property=\"og:description\" content=\"CANDY STICK Como parte de la colecci\u00f3n Sweet Spot, \u00a1consi\u00e9ntete con un Candy! Envuelto en una c\u00e1scara de color caramelo\" \/>\n<meta property=\"og:url\" content=\"https:\/\/demoweb.info\/sexshop001\/producto\/candy-stick-vibrador-rosa\/\" \/>\n<meta property=\"og:site_name\" content=\"Tienda Er\u00f3tica\" \/>\n<meta property=\"article:modified_time\" content=\"2022-01-22T17:23:46+00:00\" \/>\n<meta property=\"og:image\" content=\"https:\/\/demoweb.info\/sexshop001\/wp-content\/uploads\/2022\/01\/CANDY-STICK-VIBRADOR-ROSA.jpg\" \/>\n\t<meta property=\"og:image:width\" content=\"550\" \/>\n\t<meta property=\"og:image:height\" content=\"550\" \/>\n\t<meta property=\"og:image:type\" content=\"image\/jpeg\" \/>\n<meta name=\"twitter:card\" content=\"summary_large_image\" \/>\n<meta name=\"twitter:label1\" content=\"Tiempo de lectura\" \/>\n\t<meta name=\"twitter:data1\" content=\"1 minuto\" \/>\n<script type=\"application\/ld+json\" class=\"yoast-schema-graph\">{\"@context\":\"https:\/\/schema.org\",\"@graph\":[{\"@type\":\"WebPage\",\"@id\":\"https:\/\/demoweb.info\/sexshop001\/producto\/candy-stick-vibrador-rosa\/\",\"url\":\"https:\/\/demoweb.info\/sexshop001\/producto\/candy-stick-vibrador-rosa\/\",\"name\":\"CANDY STICK VIBRADOR - ROSA - Tienda Er\u00f3tica\",\"isPartOf\":{\"@id\":\"https:\/\/demoweb.info\/sexshop001\/#website\"},\"datePublished\":\"2022-01-22T17:23:45+00:00\",\"dateModified\":\"2022-01-22T17:23:46+00:00\",\"breadcrumb\":{\"@id\":\"https:\/\/demoweb.info\/sexshop001\/producto\/candy-stick-vibrador-rosa\/#breadcrumb\"},\"inLanguage\":\"es\",\"potentialAction\":[{\"@type\":\"ReadAction\",\"target\":[\"https:\/\/demoweb.info\/sexshop001\/producto\/candy-stick-vibrador-rosa\/\"]}]},{\"@type\":\"BreadcrumbList\",\"@id\":\"https:\/\/demoweb.info\/sexshop001\/producto\/candy-stick-vibrador-rosa\/#breadcrumb\",\"itemListElement\":[{\"@type\":\"ListItem\",\"position\":1,\"name\":\"Portada\",\"item\":\"https:\/\/demoweb.info\/sexshop001\/\"},{\"@type\":\"ListItem\",\"position\":2,\"name\":\"Tienda\",\"item\":\"https:\/\/demoweb.info\/sexshop001\/tienda\/\"},{\"@type\":\"ListItem\",\"position\":3,\"name\":\"CANDY STICK VIBRADOR &#8211; ROSA\"}]},{\"@type\":\"WebSite\",\"@id\":\"https:\/\/demoweb.info\/sexshop001\/#website\",\"url\":\"https:\/\/demoweb.info\/sexshop001\/\",\"name\":\"Tienda Er\u00f3tica\",\"description\":\"DEMOWEB SL\",\"potentialAction\":[{\"@type\":\"SearchAction\",\"target\":{\"@type\":\"EntryPoint\",\"urlTemplate\":\"https:\/\/demoweb.info\/sexshop001\/?s={search_term_string}\"},\"query-input\":\"required name=search_term_string\"}],\"inLanguage\":\"es\"}]}<\/script>\n<!-- \/ Yoast SEO plugin. -->","yoast_head_json":{"title":"CANDY STICK VIBRADOR - ROSA - Tienda Er\u00f3tica","robots":{"index":"noindex","follow":"follow","max-snippet":"max-snippet:-1","max-image-preview":"max-image-preview:large","max-video-preview":"max-video-preview:-1"},"og_locale":"es_ES","og_type":"article","og_title":"CANDY STICK VIBRADOR - ROSA - Tienda Er\u00f3tica","og_description":"CANDY STICK Como parte de la colecci\u00f3n Sweet Spot, \u00a1consi\u00e9ntete con un Candy! Envuelto en una c\u00e1scara de color caramelo","og_url":"https:\/\/demoweb.info\/sexshop001\/producto\/candy-stick-vibrador-rosa\/","og_site_name":"Tienda Er\u00f3tica","article_modified_time":"2022-01-22T17:23:46+00:00","og_image":[{"width":550,"height":550,"url":"https:\/\/demoweb.info\/sexshop001\/wp-content\/uploads\/2022\/01\/CANDY-STICK-VIBRADOR-ROSA.jpg","type":"image\/jpeg"}],"twitter_card":"summary_large_image","twitter_misc":{"Tiempo de lectura":"1 minuto"},"schema":{"@context":"https:\/\/schema.org","@graph":[{"@type":"WebPage","@id":"https:\/\/demoweb.info\/sexshop001\/producto\/candy-stick-vibrador-rosa\/","url":"https:\/\/demoweb.info\/sexshop001\/producto\/candy-stick-vibrador-rosa\/","name":"CANDY STICK VIBRADOR - ROSA - Tienda Er\u00f3tica","isPartOf":{"@id":"https:\/\/demoweb.info\/sexshop001\/#website"},"datePublished":"2022-01-22T17:23:45+00:00","dateModified":"2022-01-22T17:23:46+00:00","breadcrumb":{"@id":"https:\/\/demoweb.info\/sexshop001\/producto\/candy-stick-vibrador-rosa\/#breadcrumb"},"inLanguage":"es","potentialAction":[{"@type":"ReadAction","target":["https:\/\/demoweb.info\/sexshop001\/producto\/candy-stick-vibrador-rosa\/"]}]},{"@type":"BreadcrumbList","@id":"https:\/\/demoweb.info\/sexshop001\/producto\/candy-stick-vibrador-rosa\/#breadcrumb","itemListElement":[{"@type":"ListItem","position":1,"name":"Portada","item":"https:\/\/demoweb.info\/sexshop001\/"},{"@type":"ListItem","position":2,"name":"Tienda","item":"https:\/\/demoweb.info\/sexshop001\/tienda\/"},{"@type":"ListItem","position":3,"name":"CANDY STICK VIBRADOR &#8211; ROSA"}]},{"@type":"WebSite","@id":"https:\/\/demoweb.info\/sexshop001\/#website","url":"https:\/\/demoweb.info\/sexshop001\/","name":"Tienda Er\u00f3tica","description":"DEMOWEB SL","potentialAction":[{"@type":"SearchAction","target":{"@type":"EntryPoint","urlTemplate":"https:\/\/demoweb.info\/sexshop001\/?s={search_term_string}"},"query-input":"required name=search_term_string"}],"inLanguage":"es"}]}},"_links":{"self":[{"href":"https:\/\/demoweb.info\/sexshop001\/wp-json\/wp\/v3\/product\/62214","targetHints":{"allow":["GET"]}}],"collection":[{"href":"https:\/\/demoweb.info\/sexshop001\/wp-json\/wp\/v3\/product"}],"about":[{"href":"https:\/\/demoweb.info\/sexshop001\/wp-json\/wp\/v2\/types\/product"}],"replies":[{"embeddable":true,"href":"https:\/\/demoweb.info\/sexshop001\/wp-json\/wp\/v2\/comments?post=62214"}],"wp:featuredmedia":[{"embeddable":true,"href":"https:\/\/demoweb.info\/sexshop001\/wp-json\/wp\/v2\/media\/62215"}],"wp:attachment":[{"href":"https:\/\/demoweb.info\/sexshop001\/wp-json\/wp\/v2\/media?parent=62214"}],"wp:term":[{"taxonomy":"product_cat","embeddable":true,"href":"https:\/\/demoweb.info\/sexshop001\/wp-json\/wp\/v2\/product_cat?post=62214"},{"taxonomy":"product_tag","embeddable":true,"href":"https:\/\/demoweb.info\/sexshop001\/wp-json\/wp\/v2\/product_tag?post=62214"}],"curies":[{"name":"wp","href":"https:\/\/api.w.org\/{rel}","templated":true}]}}