{"id":62208,"date":"2022-01-22T18:23:28","date_gmt":"2022-01-22T17:23:28","guid":{"rendered":"https:\/\/demoweb.info\/sexshop001\/producto\/rock-candy-bala-vibradora-morado\/"},"modified":"2022-01-22T18:23:41","modified_gmt":"2022-01-22T17:23:41","slug":"rock-candy-bala-vibradora-morado","status":"publish","type":"product","link":"https:\/\/demoweb.info\/sexshop001\/producto\/rock-candy-bala-vibradora-morado\/","title":{"rendered":"ROCK CANDY BALA VIBRADORA &#8211; MORADO"},"content":{"rendered":"<p><strong>ROCK CANDY BULLETS <\/strong><\/p>\n<p>Disfruta de orgasmos interminables siempre que quieras con la adictiva Mega Mini Candy Bullet de Rock Candy\u00ae Toys.<\/p>\n<p>Emprende la dulce tentaci\u00f3n en cualquier momento y en cualquier lugar con un vibrador de de tama\u00f1o bolsillo que tambi\u00e9n es impermeable para divertirse en la ba\u00f1era.<\/p>\n<p>Con una forma perfecta para atacar el cl\u00edtoris o los pezones, esta poderosa bala vibra con una sensaci\u00f3n suave y flexible es una indulgencia de cero calor\u00edas para sus sentidos.<\/p>\n<p>Caracter\u00edsticas:<\/p>\n<ul>\n<li>Dimensiones del producto: 7.62 x 2.54 cm<\/li>\n<li>Peso del producto: 25 gram<\/li>\n<li>Di\u00e1metro del producto: 5.8 cm<\/li>\n<li>Longitud insertable: 2.5 cm<\/li>\n<li>Se requieren bater\u00edas: 3<\/li>\n<li>Tipo de bater\u00edas: LR44<\/li>\n<li>Bater\u00edas incluidas: S\u00ed<\/li>\n<li>A prueba de agua<\/li>\n<li>Materiales: PVC<\/li>\n<\/ul>\n","protected":false},"excerpt":{"rendered":"<p>ROCK CANDY BULLETS Disfruta de orgasmos interminables siempre que quieras con la adictiva Mega Mini Candy Bullet de Rock Candy\u00ae<\/p>\n","protected":false},"featured_media":62209,"comment_status":"open","ping_status":"open","template":"","meta":[],"product_cat":[313],"product_tag":[1610],"class_list":["post-62208","product","type-product","status-publish","has-post-thumbnail","hentry","product_cat-balas-y-huevos","product_tag-rock-candy"],"bundled_by":[],"bundle_stock_status":"outofstock","bundle_stock_quantity":0,"bundle_virtual":false,"bundle_layout":"","bundle_add_to_cart_form_location":"","bundle_editable_in_cart":false,"bundle_sold_individually_context":"","bundle_item_grouping":"","bundle_min_size":"","bundle_max_size":"","bundled_items":[],"yoast_head":"<!-- This site is optimized with the Yoast SEO plugin v20.6 - https:\/\/yoast.com\/wordpress\/plugins\/seo\/ -->\n<title>ROCK CANDY BALA VIBRADORA - MORADO - Tienda Er\u00f3tica<\/title>\n<meta name=\"robots\" content=\"noindex, follow, max-snippet:-1, max-image-preview:large, max-video-preview:-1\" \/>\n<meta property=\"og:locale\" content=\"es_ES\" \/>\n<meta property=\"og:type\" content=\"article\" \/>\n<meta property=\"og:title\" content=\"ROCK CANDY BALA VIBRADORA - MORADO - Tienda Er\u00f3tica\" \/>\n<meta property=\"og:description\" content=\"ROCK CANDY BULLETS Disfruta de orgasmos interminables siempre que quieras con la adictiva Mega Mini Candy Bullet de Rock Candy\u00ae\" \/>\n<meta property=\"og:url\" content=\"https:\/\/demoweb.info\/sexshop001\/producto\/rock-candy-bala-vibradora-morado\/\" \/>\n<meta property=\"og:site_name\" content=\"Tienda Er\u00f3tica\" \/>\n<meta property=\"article:modified_time\" content=\"2022-01-22T17:23:41+00:00\" \/>\n<meta property=\"og:image\" content=\"https:\/\/demoweb.info\/sexshop001\/wp-content\/uploads\/2022\/01\/ROCK-CANDY-BALA-VIBRADORA-MORADO.jpg\" \/>\n\t<meta property=\"og:image:width\" content=\"550\" \/>\n\t<meta property=\"og:image:height\" content=\"550\" \/>\n\t<meta property=\"og:image:type\" content=\"image\/jpeg\" \/>\n<meta name=\"twitter:card\" content=\"summary_large_image\" \/>\n<meta name=\"twitter:label1\" content=\"Tiempo de lectura\" \/>\n\t<meta name=\"twitter:data1\" content=\"1 minuto\" \/>\n<script type=\"application\/ld+json\" class=\"yoast-schema-graph\">{\"@context\":\"https:\/\/schema.org\",\"@graph\":[{\"@type\":\"WebPage\",\"@id\":\"https:\/\/demoweb.info\/sexshop001\/producto\/rock-candy-bala-vibradora-morado\/\",\"url\":\"https:\/\/demoweb.info\/sexshop001\/producto\/rock-candy-bala-vibradora-morado\/\",\"name\":\"ROCK CANDY BALA VIBRADORA - MORADO - Tienda Er\u00f3tica\",\"isPartOf\":{\"@id\":\"https:\/\/demoweb.info\/sexshop001\/#website\"},\"datePublished\":\"2022-01-22T17:23:28+00:00\",\"dateModified\":\"2022-01-22T17:23:41+00:00\",\"breadcrumb\":{\"@id\":\"https:\/\/demoweb.info\/sexshop001\/producto\/rock-candy-bala-vibradora-morado\/#breadcrumb\"},\"inLanguage\":\"es\",\"potentialAction\":[{\"@type\":\"ReadAction\",\"target\":[\"https:\/\/demoweb.info\/sexshop001\/producto\/rock-candy-bala-vibradora-morado\/\"]}]},{\"@type\":\"BreadcrumbList\",\"@id\":\"https:\/\/demoweb.info\/sexshop001\/producto\/rock-candy-bala-vibradora-morado\/#breadcrumb\",\"itemListElement\":[{\"@type\":\"ListItem\",\"position\":1,\"name\":\"Portada\",\"item\":\"https:\/\/demoweb.info\/sexshop001\/\"},{\"@type\":\"ListItem\",\"position\":2,\"name\":\"Tienda\",\"item\":\"https:\/\/demoweb.info\/sexshop001\/tienda\/\"},{\"@type\":\"ListItem\",\"position\":3,\"name\":\"ROCK CANDY BALA VIBRADORA &#8211; MORADO\"}]},{\"@type\":\"WebSite\",\"@id\":\"https:\/\/demoweb.info\/sexshop001\/#website\",\"url\":\"https:\/\/demoweb.info\/sexshop001\/\",\"name\":\"Tienda Er\u00f3tica\",\"description\":\"DEMOWEB SL\",\"potentialAction\":[{\"@type\":\"SearchAction\",\"target\":{\"@type\":\"EntryPoint\",\"urlTemplate\":\"https:\/\/demoweb.info\/sexshop001\/?s={search_term_string}\"},\"query-input\":\"required name=search_term_string\"}],\"inLanguage\":\"es\"}]}<\/script>\n<!-- \/ Yoast SEO plugin. -->","yoast_head_json":{"title":"ROCK CANDY BALA VIBRADORA - MORADO - Tienda Er\u00f3tica","robots":{"index":"noindex","follow":"follow","max-snippet":"max-snippet:-1","max-image-preview":"max-image-preview:large","max-video-preview":"max-video-preview:-1"},"og_locale":"es_ES","og_type":"article","og_title":"ROCK CANDY BALA VIBRADORA - MORADO - Tienda Er\u00f3tica","og_description":"ROCK CANDY BULLETS Disfruta de orgasmos interminables siempre que quieras con la adictiva Mega Mini Candy Bullet de Rock Candy\u00ae","og_url":"https:\/\/demoweb.info\/sexshop001\/producto\/rock-candy-bala-vibradora-morado\/","og_site_name":"Tienda Er\u00f3tica","article_modified_time":"2022-01-22T17:23:41+00:00","og_image":[{"width":550,"height":550,"url":"https:\/\/demoweb.info\/sexshop001\/wp-content\/uploads\/2022\/01\/ROCK-CANDY-BALA-VIBRADORA-MORADO.jpg","type":"image\/jpeg"}],"twitter_card":"summary_large_image","twitter_misc":{"Tiempo de lectura":"1 minuto"},"schema":{"@context":"https:\/\/schema.org","@graph":[{"@type":"WebPage","@id":"https:\/\/demoweb.info\/sexshop001\/producto\/rock-candy-bala-vibradora-morado\/","url":"https:\/\/demoweb.info\/sexshop001\/producto\/rock-candy-bala-vibradora-morado\/","name":"ROCK CANDY BALA VIBRADORA - MORADO - Tienda Er\u00f3tica","isPartOf":{"@id":"https:\/\/demoweb.info\/sexshop001\/#website"},"datePublished":"2022-01-22T17:23:28+00:00","dateModified":"2022-01-22T17:23:41+00:00","breadcrumb":{"@id":"https:\/\/demoweb.info\/sexshop001\/producto\/rock-candy-bala-vibradora-morado\/#breadcrumb"},"inLanguage":"es","potentialAction":[{"@type":"ReadAction","target":["https:\/\/demoweb.info\/sexshop001\/producto\/rock-candy-bala-vibradora-morado\/"]}]},{"@type":"BreadcrumbList","@id":"https:\/\/demoweb.info\/sexshop001\/producto\/rock-candy-bala-vibradora-morado\/#breadcrumb","itemListElement":[{"@type":"ListItem","position":1,"name":"Portada","item":"https:\/\/demoweb.info\/sexshop001\/"},{"@type":"ListItem","position":2,"name":"Tienda","item":"https:\/\/demoweb.info\/sexshop001\/tienda\/"},{"@type":"ListItem","position":3,"name":"ROCK CANDY BALA VIBRADORA &#8211; MORADO"}]},{"@type":"WebSite","@id":"https:\/\/demoweb.info\/sexshop001\/#website","url":"https:\/\/demoweb.info\/sexshop001\/","name":"Tienda Er\u00f3tica","description":"DEMOWEB SL","potentialAction":[{"@type":"SearchAction","target":{"@type":"EntryPoint","urlTemplate":"https:\/\/demoweb.info\/sexshop001\/?s={search_term_string}"},"query-input":"required name=search_term_string"}],"inLanguage":"es"}]}},"_links":{"self":[{"href":"https:\/\/demoweb.info\/sexshop001\/wp-json\/wp\/v3\/product\/62208","targetHints":{"allow":["GET"]}}],"collection":[{"href":"https:\/\/demoweb.info\/sexshop001\/wp-json\/wp\/v3\/product"}],"about":[{"href":"https:\/\/demoweb.info\/sexshop001\/wp-json\/wp\/v2\/types\/product"}],"replies":[{"embeddable":true,"href":"https:\/\/demoweb.info\/sexshop001\/wp-json\/wp\/v2\/comments?post=62208"}],"wp:featuredmedia":[{"embeddable":true,"href":"https:\/\/demoweb.info\/sexshop001\/wp-json\/wp\/v2\/media\/62209"}],"wp:attachment":[{"href":"https:\/\/demoweb.info\/sexshop001\/wp-json\/wp\/v2\/media?parent=62208"}],"wp:term":[{"taxonomy":"product_cat","embeddable":true,"href":"https:\/\/demoweb.info\/sexshop001\/wp-json\/wp\/v2\/product_cat?post=62208"},{"taxonomy":"product_tag","embeddable":true,"href":"https:\/\/demoweb.info\/sexshop001\/wp-json\/wp\/v2\/product_tag?post=62208"}],"curies":[{"name":"wp","href":"https:\/\/api.w.org\/{rel}","templated":true}]}}