{"id":62199,"date":"2022-01-22T18:23:28","date_gmt":"2022-01-22T17:23:28","guid":{"rendered":"https:\/\/demoweb.info\/sexshop001\/producto\/vivi-vibrador-para-parejas-rojo\/"},"modified":"2022-01-22T18:23:36","modified_gmt":"2022-01-22T17:23:36","slug":"vivi-vibrador-para-parejas-rojo","status":"publish","type":"product","link":"https:\/\/demoweb.info\/sexshop001\/producto\/vivi-vibrador-para-parejas-rojo\/","title":{"rendered":"VIVI VIBRADOR PARA PAREJAS &#8211; ROJO"},"content":{"rendered":"<p><strong>VIVI &#8211; RED<\/strong><\/p>\n<p>Descubre el placer de la estimulaci\u00f3n simult\u00e1nea del punto G y del cl\u00edtoris con Vivi. La forma anat\u00f3mica patentada de Vivi est\u00e1 dise\u00f1ada para estimular con precisi\u00f3n los puntos correctos, y con sus potentes motores, te introducir\u00e1 a nuevas alturas del placer org\u00e1smico.<\/p>\n<p>Una vez insertado, los m\u00fasculos del suelo p\u00e9lvico de una mujer agarran a Vivi, ayud\u00e1ndola a descubrir y ejercitar los m\u00fasculos esenciales para el placer sexual y el control de la vejiga.<\/p>\n<p>El acondicionamiento f\u00edsico de Kegel es beneficioso para las mujeres de todas las edades, especialmente para aquellas despu\u00e9s del parto. El dise\u00f1o ergon\u00f3mico y manos libres de Vivi permite llevarlo c\u00f3modamente durante todo el d\u00eda, y la funci\u00f3n de recordatorio Kegel de la aplicaci\u00f3n Vivi te permitir\u00e1 saber cu\u00e1ndo es el momento de un entrenamiento r\u00e1pido de medio d\u00eda. El Vivi es perfecto para tonificar y fortalecer estos m\u00fasculos importantes.<\/p>\n<p>Usa la aplicaci\u00f3n Vivi para tel\u00e9fonos iOS o Android para elegir entre 12 patrones de vibraci\u00f3n diferentes o para controlar cada uno de los dos motores de forma independiente. Para Kegel fitness, la aplicaci\u00f3n tiene una funci\u00f3n de recordatorio de entrenamiento, que le permite aprovechar al m\u00e1ximo sus sesiones de ejercicio.<\/p>\n<p>Caracter\u00edsticas:<\/p>\n<ul>\n<li>Dimensiones del producto: 14 x 7,9 cm<\/li>\n<li>Peso del producto: 90 gram<\/li>\n<li>Longitud insertable: 4 cm<\/li>\n<li>Tipos de velocidad: 3<\/li>\n<li>Recargable: S\u00ed<\/li>\n<li>Vida de la recarga de las bater\u00edas: 300 min<\/li>\n<li>A prueba de agua<\/li>\n<\/ul>\n","protected":false},"excerpt":{"rendered":"<p>VIVI &#8211; RED Descubre el placer de la estimulaci\u00f3n simult\u00e1nea del punto G y del cl\u00edtoris con Vivi. La forma<\/p>\n","protected":false},"featured_media":62200,"comment_status":"open","ping_status":"open","template":"","meta":[],"product_cat":[639],"product_tag":[1464],"class_list":["post-62199","product","type-product","status-publish","has-post-thumbnail","hentry","product_cat-punto-g","product_tag-aneros"],"bundled_by":[],"bundle_stock_status":"instock","bundle_stock_quantity":1,"bundle_virtual":false,"bundle_layout":"","bundle_add_to_cart_form_location":"","bundle_editable_in_cart":false,"bundle_sold_individually_context":"","bundle_item_grouping":"","bundle_min_size":"","bundle_max_size":"","bundled_items":[],"yoast_head":"<!-- This site is optimized with the Yoast SEO plugin v20.6 - https:\/\/yoast.com\/wordpress\/plugins\/seo\/ -->\n<title>VIVI VIBRADOR PARA PAREJAS - ROJO - Tienda Er\u00f3tica<\/title>\n<meta name=\"robots\" content=\"noindex, follow, max-snippet:-1, max-image-preview:large, max-video-preview:-1\" \/>\n<meta property=\"og:locale\" content=\"es_ES\" \/>\n<meta property=\"og:type\" content=\"article\" \/>\n<meta property=\"og:title\" content=\"VIVI VIBRADOR PARA PAREJAS - ROJO - Tienda Er\u00f3tica\" \/>\n<meta property=\"og:description\" content=\"VIVI &#8211; RED Descubre el placer de la estimulaci\u00f3n simult\u00e1nea del punto G y del cl\u00edtoris con Vivi. La forma\" \/>\n<meta property=\"og:url\" content=\"https:\/\/demoweb.info\/sexshop001\/producto\/vivi-vibrador-para-parejas-rojo\/\" \/>\n<meta property=\"og:site_name\" content=\"Tienda Er\u00f3tica\" \/>\n<meta property=\"article:modified_time\" content=\"2022-01-22T17:23:36+00:00\" \/>\n<meta property=\"og:image\" content=\"https:\/\/demoweb.info\/sexshop001\/wp-content\/uploads\/2022\/01\/VIVI-VIBRADOR-PARA-PAREJAS-ROJO.jpg\" \/>\n\t<meta property=\"og:image:width\" content=\"550\" \/>\n\t<meta property=\"og:image:height\" content=\"550\" \/>\n\t<meta property=\"og:image:type\" content=\"image\/jpeg\" \/>\n<meta name=\"twitter:card\" content=\"summary_large_image\" \/>\n<meta name=\"twitter:label1\" content=\"Tiempo de lectura\" \/>\n\t<meta name=\"twitter:data1\" content=\"1 minuto\" \/>\n<script type=\"application\/ld+json\" class=\"yoast-schema-graph\">{\"@context\":\"https:\/\/schema.org\",\"@graph\":[{\"@type\":\"WebPage\",\"@id\":\"https:\/\/demoweb.info\/sexshop001\/producto\/vivi-vibrador-para-parejas-rojo\/\",\"url\":\"https:\/\/demoweb.info\/sexshop001\/producto\/vivi-vibrador-para-parejas-rojo\/\",\"name\":\"VIVI VIBRADOR PARA PAREJAS - ROJO - Tienda Er\u00f3tica\",\"isPartOf\":{\"@id\":\"https:\/\/demoweb.info\/sexshop001\/#website\"},\"datePublished\":\"2022-01-22T17:23:28+00:00\",\"dateModified\":\"2022-01-22T17:23:36+00:00\",\"breadcrumb\":{\"@id\":\"https:\/\/demoweb.info\/sexshop001\/producto\/vivi-vibrador-para-parejas-rojo\/#breadcrumb\"},\"inLanguage\":\"es\",\"potentialAction\":[{\"@type\":\"ReadAction\",\"target\":[\"https:\/\/demoweb.info\/sexshop001\/producto\/vivi-vibrador-para-parejas-rojo\/\"]}]},{\"@type\":\"BreadcrumbList\",\"@id\":\"https:\/\/demoweb.info\/sexshop001\/producto\/vivi-vibrador-para-parejas-rojo\/#breadcrumb\",\"itemListElement\":[{\"@type\":\"ListItem\",\"position\":1,\"name\":\"Portada\",\"item\":\"https:\/\/demoweb.info\/sexshop001\/\"},{\"@type\":\"ListItem\",\"position\":2,\"name\":\"Tienda\",\"item\":\"https:\/\/demoweb.info\/sexshop001\/tienda\/\"},{\"@type\":\"ListItem\",\"position\":3,\"name\":\"VIVI VIBRADOR PARA PAREJAS &#8211; ROJO\"}]},{\"@type\":\"WebSite\",\"@id\":\"https:\/\/demoweb.info\/sexshop001\/#website\",\"url\":\"https:\/\/demoweb.info\/sexshop001\/\",\"name\":\"Tienda Er\u00f3tica\",\"description\":\"DEMOWEB SL\",\"potentialAction\":[{\"@type\":\"SearchAction\",\"target\":{\"@type\":\"EntryPoint\",\"urlTemplate\":\"https:\/\/demoweb.info\/sexshop001\/?s={search_term_string}\"},\"query-input\":\"required name=search_term_string\"}],\"inLanguage\":\"es\"}]}<\/script>\n<!-- \/ Yoast SEO plugin. -->","yoast_head_json":{"title":"VIVI VIBRADOR PARA PAREJAS - ROJO - Tienda Er\u00f3tica","robots":{"index":"noindex","follow":"follow","max-snippet":"max-snippet:-1","max-image-preview":"max-image-preview:large","max-video-preview":"max-video-preview:-1"},"og_locale":"es_ES","og_type":"article","og_title":"VIVI VIBRADOR PARA PAREJAS - ROJO - Tienda Er\u00f3tica","og_description":"VIVI &#8211; RED Descubre el placer de la estimulaci\u00f3n simult\u00e1nea del punto G y del cl\u00edtoris con Vivi. La forma","og_url":"https:\/\/demoweb.info\/sexshop001\/producto\/vivi-vibrador-para-parejas-rojo\/","og_site_name":"Tienda Er\u00f3tica","article_modified_time":"2022-01-22T17:23:36+00:00","og_image":[{"width":550,"height":550,"url":"https:\/\/demoweb.info\/sexshop001\/wp-content\/uploads\/2022\/01\/VIVI-VIBRADOR-PARA-PAREJAS-ROJO.jpg","type":"image\/jpeg"}],"twitter_card":"summary_large_image","twitter_misc":{"Tiempo de lectura":"1 minuto"},"schema":{"@context":"https:\/\/schema.org","@graph":[{"@type":"WebPage","@id":"https:\/\/demoweb.info\/sexshop001\/producto\/vivi-vibrador-para-parejas-rojo\/","url":"https:\/\/demoweb.info\/sexshop001\/producto\/vivi-vibrador-para-parejas-rojo\/","name":"VIVI VIBRADOR PARA PAREJAS - ROJO - Tienda Er\u00f3tica","isPartOf":{"@id":"https:\/\/demoweb.info\/sexshop001\/#website"},"datePublished":"2022-01-22T17:23:28+00:00","dateModified":"2022-01-22T17:23:36+00:00","breadcrumb":{"@id":"https:\/\/demoweb.info\/sexshop001\/producto\/vivi-vibrador-para-parejas-rojo\/#breadcrumb"},"inLanguage":"es","potentialAction":[{"@type":"ReadAction","target":["https:\/\/demoweb.info\/sexshop001\/producto\/vivi-vibrador-para-parejas-rojo\/"]}]},{"@type":"BreadcrumbList","@id":"https:\/\/demoweb.info\/sexshop001\/producto\/vivi-vibrador-para-parejas-rojo\/#breadcrumb","itemListElement":[{"@type":"ListItem","position":1,"name":"Portada","item":"https:\/\/demoweb.info\/sexshop001\/"},{"@type":"ListItem","position":2,"name":"Tienda","item":"https:\/\/demoweb.info\/sexshop001\/tienda\/"},{"@type":"ListItem","position":3,"name":"VIVI VIBRADOR PARA PAREJAS &#8211; ROJO"}]},{"@type":"WebSite","@id":"https:\/\/demoweb.info\/sexshop001\/#website","url":"https:\/\/demoweb.info\/sexshop001\/","name":"Tienda Er\u00f3tica","description":"DEMOWEB SL","potentialAction":[{"@type":"SearchAction","target":{"@type":"EntryPoint","urlTemplate":"https:\/\/demoweb.info\/sexshop001\/?s={search_term_string}"},"query-input":"required name=search_term_string"}],"inLanguage":"es"}]}},"_links":{"self":[{"href":"https:\/\/demoweb.info\/sexshop001\/wp-json\/wp\/v3\/product\/62199","targetHints":{"allow":["GET"]}}],"collection":[{"href":"https:\/\/demoweb.info\/sexshop001\/wp-json\/wp\/v3\/product"}],"about":[{"href":"https:\/\/demoweb.info\/sexshop001\/wp-json\/wp\/v2\/types\/product"}],"replies":[{"embeddable":true,"href":"https:\/\/demoweb.info\/sexshop001\/wp-json\/wp\/v2\/comments?post=62199"}],"wp:featuredmedia":[{"embeddable":true,"href":"https:\/\/demoweb.info\/sexshop001\/wp-json\/wp\/v2\/media\/62200"}],"wp:attachment":[{"href":"https:\/\/demoweb.info\/sexshop001\/wp-json\/wp\/v2\/media?parent=62199"}],"wp:term":[{"taxonomy":"product_cat","embeddable":true,"href":"https:\/\/demoweb.info\/sexshop001\/wp-json\/wp\/v2\/product_cat?post=62199"},{"taxonomy":"product_tag","embeddable":true,"href":"https:\/\/demoweb.info\/sexshop001\/wp-json\/wp\/v2\/product_tag?post=62199"}],"curies":[{"name":"wp","href":"https:\/\/api.w.org\/{rel}","templated":true}]}}