{"id":62195,"date":"2022-01-22T18:23:28","date_gmt":"2022-01-22T17:23:28","guid":{"rendered":"https:\/\/demoweb.info\/sexshop001\/producto\/arnes-vibrador-de-silicona-sin-sujecion-negro\/"},"modified":"2022-01-22T18:23:33","modified_gmt":"2022-01-22T17:23:33","slug":"arnes-vibrador-de-silicona-sin-sujecion-negro","status":"publish","type":"product","link":"https:\/\/demoweb.info\/sexshop001\/producto\/arnes-vibrador-de-silicona-sin-sujecion-negro\/","title":{"rendered":"ARN\u00c9S VIBRADOR DE SILICONA SIN SUJECI\u00d3N &#8211; NEGRO"},"content":{"rendered":"<p><strong>STRAPLESS STRAP ON WITH REMOTE<\/strong><\/p>\n<p>El primer juego de arn\u00e9s sin tirantes con un control remoto. Este juguete para parejas proporciona un placer de vibraci\u00f3n m\u00e1s conveniente durante la fijaci\u00f3n o penetraci\u00f3n que no involucra un pene.<\/p>\n<p>La forma permite que un compa\u00f1ero inserte el extremo m\u00e1s peque\u00f1o por la vagina, sosteni\u00e9ndolo con sus m\u00fasculos de Kegel o agregando un arn\u00e9s para apoyo adicional.<\/p>\n<p>Una almohadilla con crestas proporciona la dicha del cl\u00edtoris mientras se mueven contra ella. Mientras tanto, cada empuje enviar\u00e1 el eje largo y suave a su compa\u00f1ero.<\/p>\n<p>Las curvas en ambos extremos apuntan al punto G o al punto P para la estimulaci\u00f3n directa. Los motores duales independientes se controlan f\u00e1cilmente a trav\u00e9s del panel en la parte frontal, o con el pr\u00e1ctico control remoto.<\/p>\n<p>Explora 3 velocidades de vibraci\u00f3n y 5 patrones de pulsaci\u00f3n para cada pareja. Incluso es impermeable para la diversi\u00f3n h\u00fameda y caliente en el ba\u00f1o, la ducha o la piscina.<\/p>\n<p>Hecho de silicona de primera calidad, este arn\u00e9s no es poroso, no contiene ftalatos y se lava con jab\u00f3n suave y agua tibia. Conservar el material evitando su uso con lubricante de silicona.<\/p>\n<p>Medidas:<\/p>\n<ul>\n<li>24,1 cm de longitud total.<\/li>\n<li>El bulbo vaginal es de 10,1 cm de longitud insertable, 3,8 cm en el di\u00e1metro m\u00e1s ancho<\/li>\n<li>El eje es de 15,2 cm de longitud insertable, 4,2 en el di\u00e1metro m\u00e1s ancho.<\/li>\n<\/ul>\n","protected":false},"excerpt":{"rendered":"<p>STRAPLESS STRAP ON WITH REMOTE El primer juego de arn\u00e9s sin tirantes con un control remoto. Este juguete para parejas<\/p>\n","protected":false},"featured_media":62196,"comment_status":"open","ping_status":"open","template":"","meta":[],"product_cat":[273],"product_tag":[275,274],"class_list":["post-62195","product","type-product","status-publish","has-post-thumbnail","hentry","product_cat-silicona-sin-sujecion","product_tag-strap-u","product_tag-xr-brands"],"bundled_by":[],"bundle_stock_status":"instock","bundle_stock_quantity":1,"bundle_virtual":false,"bundle_layout":"","bundle_add_to_cart_form_location":"","bundle_editable_in_cart":false,"bundle_sold_individually_context":"","bundle_item_grouping":"","bundle_min_size":"","bundle_max_size":"","bundled_items":[],"yoast_head":"<!-- This site is optimized with the Yoast SEO plugin v20.6 - https:\/\/yoast.com\/wordpress\/plugins\/seo\/ -->\n<title>ARN\u00c9S VIBRADOR DE SILICONA SIN SUJECI\u00d3N - NEGRO - Tienda Er\u00f3tica<\/title>\n<meta name=\"robots\" content=\"noindex, follow, max-snippet:-1, max-image-preview:large, max-video-preview:-1\" \/>\n<meta property=\"og:locale\" content=\"es_ES\" \/>\n<meta property=\"og:type\" content=\"article\" \/>\n<meta property=\"og:title\" content=\"ARN\u00c9S VIBRADOR DE SILICONA SIN SUJECI\u00d3N - NEGRO - Tienda Er\u00f3tica\" \/>\n<meta property=\"og:description\" content=\"STRAPLESS STRAP ON WITH REMOTE El primer juego de arn\u00e9s sin tirantes con un control remoto. Este juguete para parejas\" \/>\n<meta property=\"og:url\" content=\"https:\/\/demoweb.info\/sexshop001\/producto\/arnes-vibrador-de-silicona-sin-sujecion-negro\/\" \/>\n<meta property=\"og:site_name\" content=\"Tienda Er\u00f3tica\" \/>\n<meta property=\"article:modified_time\" content=\"2022-01-22T17:23:33+00:00\" \/>\n<meta property=\"og:image\" content=\"https:\/\/demoweb.info\/sexshop001\/wp-content\/uploads\/2022\/01\/ARNES-VIBRADOR-DE-SILICONA-SIN-SUJECION-NEGRO.jpg\" \/>\n\t<meta property=\"og:image:width\" content=\"550\" \/>\n\t<meta property=\"og:image:height\" content=\"550\" \/>\n\t<meta property=\"og:image:type\" content=\"image\/jpeg\" \/>\n<meta name=\"twitter:card\" content=\"summary_large_image\" \/>\n<meta name=\"twitter:label1\" content=\"Tiempo de lectura\" \/>\n\t<meta name=\"twitter:data1\" content=\"1 minuto\" \/>\n<script type=\"application\/ld+json\" class=\"yoast-schema-graph\">{\"@context\":\"https:\/\/schema.org\",\"@graph\":[{\"@type\":\"WebPage\",\"@id\":\"https:\/\/demoweb.info\/sexshop001\/producto\/arnes-vibrador-de-silicona-sin-sujecion-negro\/\",\"url\":\"https:\/\/demoweb.info\/sexshop001\/producto\/arnes-vibrador-de-silicona-sin-sujecion-negro\/\",\"name\":\"ARN\u00c9S VIBRADOR DE SILICONA SIN SUJECI\u00d3N - NEGRO - Tienda Er\u00f3tica\",\"isPartOf\":{\"@id\":\"https:\/\/demoweb.info\/sexshop001\/#website\"},\"datePublished\":\"2022-01-22T17:23:28+00:00\",\"dateModified\":\"2022-01-22T17:23:33+00:00\",\"breadcrumb\":{\"@id\":\"https:\/\/demoweb.info\/sexshop001\/producto\/arnes-vibrador-de-silicona-sin-sujecion-negro\/#breadcrumb\"},\"inLanguage\":\"es\",\"potentialAction\":[{\"@type\":\"ReadAction\",\"target\":[\"https:\/\/demoweb.info\/sexshop001\/producto\/arnes-vibrador-de-silicona-sin-sujecion-negro\/\"]}]},{\"@type\":\"BreadcrumbList\",\"@id\":\"https:\/\/demoweb.info\/sexshop001\/producto\/arnes-vibrador-de-silicona-sin-sujecion-negro\/#breadcrumb\",\"itemListElement\":[{\"@type\":\"ListItem\",\"position\":1,\"name\":\"Portada\",\"item\":\"https:\/\/demoweb.info\/sexshop001\/\"},{\"@type\":\"ListItem\",\"position\":2,\"name\":\"Tienda\",\"item\":\"https:\/\/demoweb.info\/sexshop001\/tienda\/\"},{\"@type\":\"ListItem\",\"position\":3,\"name\":\"ARN\u00c9S VIBRADOR DE SILICONA SIN SUJECI\u00d3N &#8211; NEGRO\"}]},{\"@type\":\"WebSite\",\"@id\":\"https:\/\/demoweb.info\/sexshop001\/#website\",\"url\":\"https:\/\/demoweb.info\/sexshop001\/\",\"name\":\"Tienda Er\u00f3tica\",\"description\":\"DEMOWEB SL\",\"potentialAction\":[{\"@type\":\"SearchAction\",\"target\":{\"@type\":\"EntryPoint\",\"urlTemplate\":\"https:\/\/demoweb.info\/sexshop001\/?s={search_term_string}\"},\"query-input\":\"required name=search_term_string\"}],\"inLanguage\":\"es\"}]}<\/script>\n<!-- \/ Yoast SEO plugin. -->","yoast_head_json":{"title":"ARN\u00c9S VIBRADOR DE SILICONA SIN SUJECI\u00d3N - NEGRO - Tienda Er\u00f3tica","robots":{"index":"noindex","follow":"follow","max-snippet":"max-snippet:-1","max-image-preview":"max-image-preview:large","max-video-preview":"max-video-preview:-1"},"og_locale":"es_ES","og_type":"article","og_title":"ARN\u00c9S VIBRADOR DE SILICONA SIN SUJECI\u00d3N - NEGRO - Tienda Er\u00f3tica","og_description":"STRAPLESS STRAP ON WITH REMOTE El primer juego de arn\u00e9s sin tirantes con un control remoto. Este juguete para parejas","og_url":"https:\/\/demoweb.info\/sexshop001\/producto\/arnes-vibrador-de-silicona-sin-sujecion-negro\/","og_site_name":"Tienda Er\u00f3tica","article_modified_time":"2022-01-22T17:23:33+00:00","og_image":[{"width":550,"height":550,"url":"https:\/\/demoweb.info\/sexshop001\/wp-content\/uploads\/2022\/01\/ARNES-VIBRADOR-DE-SILICONA-SIN-SUJECION-NEGRO.jpg","type":"image\/jpeg"}],"twitter_card":"summary_large_image","twitter_misc":{"Tiempo de lectura":"1 minuto"},"schema":{"@context":"https:\/\/schema.org","@graph":[{"@type":"WebPage","@id":"https:\/\/demoweb.info\/sexshop001\/producto\/arnes-vibrador-de-silicona-sin-sujecion-negro\/","url":"https:\/\/demoweb.info\/sexshop001\/producto\/arnes-vibrador-de-silicona-sin-sujecion-negro\/","name":"ARN\u00c9S VIBRADOR DE SILICONA SIN SUJECI\u00d3N - NEGRO - Tienda Er\u00f3tica","isPartOf":{"@id":"https:\/\/demoweb.info\/sexshop001\/#website"},"datePublished":"2022-01-22T17:23:28+00:00","dateModified":"2022-01-22T17:23:33+00:00","breadcrumb":{"@id":"https:\/\/demoweb.info\/sexshop001\/producto\/arnes-vibrador-de-silicona-sin-sujecion-negro\/#breadcrumb"},"inLanguage":"es","potentialAction":[{"@type":"ReadAction","target":["https:\/\/demoweb.info\/sexshop001\/producto\/arnes-vibrador-de-silicona-sin-sujecion-negro\/"]}]},{"@type":"BreadcrumbList","@id":"https:\/\/demoweb.info\/sexshop001\/producto\/arnes-vibrador-de-silicona-sin-sujecion-negro\/#breadcrumb","itemListElement":[{"@type":"ListItem","position":1,"name":"Portada","item":"https:\/\/demoweb.info\/sexshop001\/"},{"@type":"ListItem","position":2,"name":"Tienda","item":"https:\/\/demoweb.info\/sexshop001\/tienda\/"},{"@type":"ListItem","position":3,"name":"ARN\u00c9S VIBRADOR DE SILICONA SIN SUJECI\u00d3N &#8211; NEGRO"}]},{"@type":"WebSite","@id":"https:\/\/demoweb.info\/sexshop001\/#website","url":"https:\/\/demoweb.info\/sexshop001\/","name":"Tienda Er\u00f3tica","description":"DEMOWEB SL","potentialAction":[{"@type":"SearchAction","target":{"@type":"EntryPoint","urlTemplate":"https:\/\/demoweb.info\/sexshop001\/?s={search_term_string}"},"query-input":"required name=search_term_string"}],"inLanguage":"es"}]}},"_links":{"self":[{"href":"https:\/\/demoweb.info\/sexshop001\/wp-json\/wp\/v3\/product\/62195","targetHints":{"allow":["GET"]}}],"collection":[{"href":"https:\/\/demoweb.info\/sexshop001\/wp-json\/wp\/v3\/product"}],"about":[{"href":"https:\/\/demoweb.info\/sexshop001\/wp-json\/wp\/v2\/types\/product"}],"replies":[{"embeddable":true,"href":"https:\/\/demoweb.info\/sexshop001\/wp-json\/wp\/v2\/comments?post=62195"}],"wp:featuredmedia":[{"embeddable":true,"href":"https:\/\/demoweb.info\/sexshop001\/wp-json\/wp\/v2\/media\/62196"}],"wp:attachment":[{"href":"https:\/\/demoweb.info\/sexshop001\/wp-json\/wp\/v2\/media?parent=62195"}],"wp:term":[{"taxonomy":"product_cat","embeddable":true,"href":"https:\/\/demoweb.info\/sexshop001\/wp-json\/wp\/v2\/product_cat?post=62195"},{"taxonomy":"product_tag","embeddable":true,"href":"https:\/\/demoweb.info\/sexshop001\/wp-json\/wp\/v2\/product_tag?post=62195"}],"curies":[{"name":"wp","href":"https:\/\/api.w.org\/{rel}","templated":true}]}}