{"id":62159,"date":"2022-01-22T18:22:51","date_gmt":"2022-01-22T17:22:51","guid":{"rendered":"https:\/\/demoweb.info\/sexshop001\/producto\/extreme-twilight-comb-acople-peine-de-silicona-electroestimulacion\/"},"modified":"2022-01-22T18:23:05","modified_gmt":"2022-01-22T17:23:05","slug":"extreme-twilight-comb-acople-peine-de-silicona-electroestimulacion","status":"publish","type":"product","link":"https:\/\/demoweb.info\/sexshop001\/producto\/extreme-twilight-comb-acople-peine-de-silicona-electroestimulacion\/","title":{"rendered":"EXTREME TWILIGHT COMB ACOPLE PEINE DE SILICONA ELECTROESTIMULACI\u00d3N"},"content":{"rendered":"<p><strong>EXTREME TWILIGHT COMB SILICONE E STIM ATTACHMENT<\/strong><\/p>\n<p>Olv\u00eddate del vidrio fr\u00e1gil y opta por un accesorio electrosex que resiste el juego rudo y los viajes. Si solo has usado vidrio en tu varita Twilight, prep\u00e1rate para experimentar la intensidad sensual de la silicona.<\/p>\n<p>Este peine suave y flexible se enchufa en tu varita TWILIGHT, extendiendo la electroestimulaci\u00f3n intensa a cualquier parte del cuerpo que elijas a trav\u00e9s de cada uno de los 9 dientes.<\/p>\n<p>Este accesorio extremo ofrece una intensidad estimada sin la preocupaci\u00f3n que el manejo del vidrio delicado puede aportar, lo que lo hace perfecto para viajes o juegos bruscos.<\/p>\n<p>La silicona premium es un conductor intenso y se limpia f\u00e1cilmente despu\u00e9s del uso.<\/p>\n<p>Compatible con el Zeus Twilight Violet Wand. (ref. 64618)<\/p>\n<p>Longitud de la varita: 14 cm<\/p>\n","protected":false},"excerpt":{"rendered":"<p>EXTREME TWILIGHT COMB SILICONE E STIM ATTACHMENT Olv\u00eddate del vidrio fr\u00e1gil y opta por un accesorio electrosex que resiste el<\/p>\n","protected":false},"featured_media":62160,"comment_status":"open","ping_status":"open","template":"","meta":[],"product_cat":[492],"product_tag":[274,493],"class_list":["post-62159","product","type-product","status-publish","has-post-thumbnail","hentry","product_cat-electroestimulacion","product_tag-xr-brands","product_tag-zeus-electrosex"],"bundled_by":[],"bundle_stock_status":"instock","bundle_stock_quantity":2,"bundle_virtual":false,"bundle_layout":"","bundle_add_to_cart_form_location":"","bundle_editable_in_cart":false,"bundle_sold_individually_context":"","bundle_item_grouping":"","bundle_min_size":"","bundle_max_size":"","bundled_items":[],"yoast_head":"<!-- This site is optimized with the Yoast SEO plugin v20.6 - https:\/\/yoast.com\/wordpress\/plugins\/seo\/ -->\n<title>EXTREME TWILIGHT COMB ACOPLE PEINE DE SILICONA ELECTROESTIMULACI\u00d3N - Tienda Er\u00f3tica<\/title>\n<meta name=\"robots\" content=\"noindex, follow, max-snippet:-1, max-image-preview:large, max-video-preview:-1\" \/>\n<meta property=\"og:locale\" content=\"es_ES\" \/>\n<meta property=\"og:type\" content=\"article\" \/>\n<meta property=\"og:title\" content=\"EXTREME TWILIGHT COMB ACOPLE PEINE DE SILICONA ELECTROESTIMULACI\u00d3N - Tienda Er\u00f3tica\" \/>\n<meta property=\"og:description\" content=\"EXTREME TWILIGHT COMB SILICONE E STIM ATTACHMENT Olv\u00eddate del vidrio fr\u00e1gil y opta por un accesorio electrosex que resiste el\" \/>\n<meta property=\"og:url\" content=\"https:\/\/demoweb.info\/sexshop001\/producto\/extreme-twilight-comb-acople-peine-de-silicona-electroestimulacion\/\" \/>\n<meta property=\"og:site_name\" content=\"Tienda Er\u00f3tica\" \/>\n<meta property=\"article:modified_time\" content=\"2022-01-22T17:23:05+00:00\" \/>\n<meta property=\"og:image\" content=\"https:\/\/demoweb.info\/sexshop001\/wp-content\/uploads\/2022\/01\/EXTREME-TWILIGHT-COMB-ACOPLE-PEINE-DE-SILICONA-ELECTROESTIMULACION.jpg\" \/>\n\t<meta property=\"og:image:width\" content=\"550\" \/>\n\t<meta property=\"og:image:height\" content=\"550\" \/>\n\t<meta property=\"og:image:type\" content=\"image\/jpeg\" \/>\n<meta name=\"twitter:card\" content=\"summary_large_image\" \/>\n<meta name=\"twitter:label1\" content=\"Tiempo de lectura\" \/>\n\t<meta name=\"twitter:data1\" content=\"1 minuto\" \/>\n<script type=\"application\/ld+json\" class=\"yoast-schema-graph\">{\"@context\":\"https:\/\/schema.org\",\"@graph\":[{\"@type\":\"WebPage\",\"@id\":\"https:\/\/demoweb.info\/sexshop001\/producto\/extreme-twilight-comb-acople-peine-de-silicona-electroestimulacion\/\",\"url\":\"https:\/\/demoweb.info\/sexshop001\/producto\/extreme-twilight-comb-acople-peine-de-silicona-electroestimulacion\/\",\"name\":\"EXTREME TWILIGHT COMB ACOPLE PEINE DE SILICONA ELECTROESTIMULACI\u00d3N - Tienda Er\u00f3tica\",\"isPartOf\":{\"@id\":\"https:\/\/demoweb.info\/sexshop001\/#website\"},\"datePublished\":\"2022-01-22T17:22:51+00:00\",\"dateModified\":\"2022-01-22T17:23:05+00:00\",\"breadcrumb\":{\"@id\":\"https:\/\/demoweb.info\/sexshop001\/producto\/extreme-twilight-comb-acople-peine-de-silicona-electroestimulacion\/#breadcrumb\"},\"inLanguage\":\"es\",\"potentialAction\":[{\"@type\":\"ReadAction\",\"target\":[\"https:\/\/demoweb.info\/sexshop001\/producto\/extreme-twilight-comb-acople-peine-de-silicona-electroestimulacion\/\"]}]},{\"@type\":\"BreadcrumbList\",\"@id\":\"https:\/\/demoweb.info\/sexshop001\/producto\/extreme-twilight-comb-acople-peine-de-silicona-electroestimulacion\/#breadcrumb\",\"itemListElement\":[{\"@type\":\"ListItem\",\"position\":1,\"name\":\"Portada\",\"item\":\"https:\/\/demoweb.info\/sexshop001\/\"},{\"@type\":\"ListItem\",\"position\":2,\"name\":\"Tienda\",\"item\":\"https:\/\/demoweb.info\/sexshop001\/tienda\/\"},{\"@type\":\"ListItem\",\"position\":3,\"name\":\"EXTREME TWILIGHT COMB ACOPLE PEINE DE SILICONA ELECTROESTIMULACI\u00d3N\"}]},{\"@type\":\"WebSite\",\"@id\":\"https:\/\/demoweb.info\/sexshop001\/#website\",\"url\":\"https:\/\/demoweb.info\/sexshop001\/\",\"name\":\"Tienda Er\u00f3tica\",\"description\":\"DEMOWEB SL\",\"potentialAction\":[{\"@type\":\"SearchAction\",\"target\":{\"@type\":\"EntryPoint\",\"urlTemplate\":\"https:\/\/demoweb.info\/sexshop001\/?s={search_term_string}\"},\"query-input\":\"required name=search_term_string\"}],\"inLanguage\":\"es\"}]}<\/script>\n<!-- \/ Yoast SEO plugin. -->","yoast_head_json":{"title":"EXTREME TWILIGHT COMB ACOPLE PEINE DE SILICONA ELECTROESTIMULACI\u00d3N - Tienda Er\u00f3tica","robots":{"index":"noindex","follow":"follow","max-snippet":"max-snippet:-1","max-image-preview":"max-image-preview:large","max-video-preview":"max-video-preview:-1"},"og_locale":"es_ES","og_type":"article","og_title":"EXTREME TWILIGHT COMB ACOPLE PEINE DE SILICONA ELECTROESTIMULACI\u00d3N - Tienda Er\u00f3tica","og_description":"EXTREME TWILIGHT COMB SILICONE E STIM ATTACHMENT Olv\u00eddate del vidrio fr\u00e1gil y opta por un accesorio electrosex que resiste el","og_url":"https:\/\/demoweb.info\/sexshop001\/producto\/extreme-twilight-comb-acople-peine-de-silicona-electroestimulacion\/","og_site_name":"Tienda Er\u00f3tica","article_modified_time":"2022-01-22T17:23:05+00:00","og_image":[{"width":550,"height":550,"url":"https:\/\/demoweb.info\/sexshop001\/wp-content\/uploads\/2022\/01\/EXTREME-TWILIGHT-COMB-ACOPLE-PEINE-DE-SILICONA-ELECTROESTIMULACION.jpg","type":"image\/jpeg"}],"twitter_card":"summary_large_image","twitter_misc":{"Tiempo de lectura":"1 minuto"},"schema":{"@context":"https:\/\/schema.org","@graph":[{"@type":"WebPage","@id":"https:\/\/demoweb.info\/sexshop001\/producto\/extreme-twilight-comb-acople-peine-de-silicona-electroestimulacion\/","url":"https:\/\/demoweb.info\/sexshop001\/producto\/extreme-twilight-comb-acople-peine-de-silicona-electroestimulacion\/","name":"EXTREME TWILIGHT COMB ACOPLE PEINE DE SILICONA ELECTROESTIMULACI\u00d3N - Tienda Er\u00f3tica","isPartOf":{"@id":"https:\/\/demoweb.info\/sexshop001\/#website"},"datePublished":"2022-01-22T17:22:51+00:00","dateModified":"2022-01-22T17:23:05+00:00","breadcrumb":{"@id":"https:\/\/demoweb.info\/sexshop001\/producto\/extreme-twilight-comb-acople-peine-de-silicona-electroestimulacion\/#breadcrumb"},"inLanguage":"es","potentialAction":[{"@type":"ReadAction","target":["https:\/\/demoweb.info\/sexshop001\/producto\/extreme-twilight-comb-acople-peine-de-silicona-electroestimulacion\/"]}]},{"@type":"BreadcrumbList","@id":"https:\/\/demoweb.info\/sexshop001\/producto\/extreme-twilight-comb-acople-peine-de-silicona-electroestimulacion\/#breadcrumb","itemListElement":[{"@type":"ListItem","position":1,"name":"Portada","item":"https:\/\/demoweb.info\/sexshop001\/"},{"@type":"ListItem","position":2,"name":"Tienda","item":"https:\/\/demoweb.info\/sexshop001\/tienda\/"},{"@type":"ListItem","position":3,"name":"EXTREME TWILIGHT COMB ACOPLE PEINE DE SILICONA ELECTROESTIMULACI\u00d3N"}]},{"@type":"WebSite","@id":"https:\/\/demoweb.info\/sexshop001\/#website","url":"https:\/\/demoweb.info\/sexshop001\/","name":"Tienda Er\u00f3tica","description":"DEMOWEB SL","potentialAction":[{"@type":"SearchAction","target":{"@type":"EntryPoint","urlTemplate":"https:\/\/demoweb.info\/sexshop001\/?s={search_term_string}"},"query-input":"required name=search_term_string"}],"inLanguage":"es"}]}},"_links":{"self":[{"href":"https:\/\/demoweb.info\/sexshop001\/wp-json\/wp\/v3\/product\/62159","targetHints":{"allow":["GET"]}}],"collection":[{"href":"https:\/\/demoweb.info\/sexshop001\/wp-json\/wp\/v3\/product"}],"about":[{"href":"https:\/\/demoweb.info\/sexshop001\/wp-json\/wp\/v2\/types\/product"}],"replies":[{"embeddable":true,"href":"https:\/\/demoweb.info\/sexshop001\/wp-json\/wp\/v2\/comments?post=62159"}],"wp:featuredmedia":[{"embeddable":true,"href":"https:\/\/demoweb.info\/sexshop001\/wp-json\/wp\/v2\/media\/62160"}],"wp:attachment":[{"href":"https:\/\/demoweb.info\/sexshop001\/wp-json\/wp\/v2\/media?parent=62159"}],"wp:term":[{"taxonomy":"product_cat","embeddable":true,"href":"https:\/\/demoweb.info\/sexshop001\/wp-json\/wp\/v2\/product_cat?post=62159"},{"taxonomy":"product_tag","embeddable":true,"href":"https:\/\/demoweb.info\/sexshop001\/wp-json\/wp\/v2\/product_tag?post=62159"}],"curies":[{"name":"wp","href":"https:\/\/api.w.org\/{rel}","templated":true}]}}