{"id":62156,"date":"2022-01-22T18:22:51","date_gmt":"2022-01-22T17:22:51","guid":{"rendered":"https:\/\/demoweb.info\/sexshop001\/producto\/plug-con-anillo\/"},"modified":"2022-01-22T18:23:03","modified_gmt":"2022-01-22T17:23:03","slug":"plug-con-anillo","status":"publish","type":"product","link":"https:\/\/demoweb.info\/sexshop001\/producto\/plug-con-anillo\/","title":{"rendered":"PLUG CON ANILLO"},"content":{"rendered":"<p><strong>INTRUDER WITH TUNNER BUTTPLUG RING 45MM 4INCH X 1,5 INCH <\/strong><\/p>\n<p>Una vez que haya subido los tapones de t\u00fanel, seguramente experimentar\u00e1 la impresionante cumbre del placer. Sienta el doble de placer cuando usa esta combinaci\u00f3n de tap\u00f3n de tope y anillo de martillo de dise\u00f1o \u00fanico. Debido a que este plug es hueco, es perfecto para aquellos que practican deportes acu\u00e1ticos o BDSM. La punta bulbosa proporciona un estiramiento desviado, mientras que el eje m\u00e1s estrecho permite que los m\u00fasculos del esf\u00ednter mantengan el tap\u00f3n firmemente en su lugar. Con una base acampanada para mayor comodidad y seguridad, el Steel Tunnel Plug se ve y se siente incre\u00edble.<\/p>\n<ul>\n<li>Dimensiones del producto 15,5 x 10,2 x 3,8 cm<\/li>\n<li>Peso del producto 603 gramos<\/li>\n<li>Di\u00e1metro del producto 6,3 cm<\/li>\n<li>Di\u00e1metro interno 4,6 cm<\/li>\n<li>Presupuesto Di\u00e1metro cockring: 4,6 cm<\/li>\n<li>Formato Buttplug: 10,2&#215;3,8 cm<\/li>\n<li>Materiales de acero inoxidable<\/li>\n<\/ul>\n","protected":false},"excerpt":{"rendered":"<p>INTRUDER WITH TUNNER BUTTPLUG RING 45MM 4INCH X 1,5 INCH Una vez que haya subido los tapones de t\u00fanel, seguramente<\/p>\n","protected":false},"featured_media":62157,"comment_status":"open","ping_status":"open","template":"","meta":[],"product_cat":[287],"product_tag":[283],"class_list":["post-62156","product","type-product","status-publish","has-post-thumbnail","hentry","product_cat-extreme-bdsm","product_tag-triune"],"bundled_by":[],"bundle_stock_status":"instock","bundle_stock_quantity":1,"bundle_virtual":false,"bundle_layout":"","bundle_add_to_cart_form_location":"","bundle_editable_in_cart":false,"bundle_sold_individually_context":"","bundle_item_grouping":"","bundle_min_size":"","bundle_max_size":"","bundled_items":[],"yoast_head":"<!-- This site is optimized with the Yoast SEO plugin v20.6 - https:\/\/yoast.com\/wordpress\/plugins\/seo\/ -->\n<title>PLUG CON ANILLO - Tienda Er\u00f3tica<\/title>\n<meta name=\"robots\" content=\"noindex, follow, max-snippet:-1, max-image-preview:large, max-video-preview:-1\" \/>\n<meta property=\"og:locale\" content=\"es_ES\" \/>\n<meta property=\"og:type\" content=\"article\" \/>\n<meta property=\"og:title\" content=\"PLUG CON ANILLO - Tienda Er\u00f3tica\" \/>\n<meta property=\"og:description\" content=\"INTRUDER WITH TUNNER BUTTPLUG RING 45MM 4INCH X 1,5 INCH Una vez que haya subido los tapones de t\u00fanel, seguramente\" \/>\n<meta property=\"og:url\" content=\"https:\/\/demoweb.info\/sexshop001\/producto\/plug-con-anillo\/\" \/>\n<meta property=\"og:site_name\" content=\"Tienda Er\u00f3tica\" \/>\n<meta property=\"article:modified_time\" content=\"2022-01-22T17:23:03+00:00\" \/>\n<meta property=\"og:image\" content=\"https:\/\/demoweb.info\/sexshop001\/wp-content\/uploads\/2022\/01\/PLUG-CON-ANILLO.jpg\" \/>\n\t<meta property=\"og:image:width\" content=\"550\" \/>\n\t<meta property=\"og:image:height\" content=\"550\" \/>\n\t<meta property=\"og:image:type\" content=\"image\/jpeg\" \/>\n<meta name=\"twitter:card\" content=\"summary_large_image\" \/>\n<meta name=\"twitter:label1\" content=\"Tiempo de lectura\" \/>\n\t<meta name=\"twitter:data1\" content=\"1 minuto\" \/>\n<script type=\"application\/ld+json\" class=\"yoast-schema-graph\">{\"@context\":\"https:\/\/schema.org\",\"@graph\":[{\"@type\":\"WebPage\",\"@id\":\"https:\/\/demoweb.info\/sexshop001\/producto\/plug-con-anillo\/\",\"url\":\"https:\/\/demoweb.info\/sexshop001\/producto\/plug-con-anillo\/\",\"name\":\"PLUG CON ANILLO - Tienda Er\u00f3tica\",\"isPartOf\":{\"@id\":\"https:\/\/demoweb.info\/sexshop001\/#website\"},\"datePublished\":\"2022-01-22T17:22:51+00:00\",\"dateModified\":\"2022-01-22T17:23:03+00:00\",\"breadcrumb\":{\"@id\":\"https:\/\/demoweb.info\/sexshop001\/producto\/plug-con-anillo\/#breadcrumb\"},\"inLanguage\":\"es\",\"potentialAction\":[{\"@type\":\"ReadAction\",\"target\":[\"https:\/\/demoweb.info\/sexshop001\/producto\/plug-con-anillo\/\"]}]},{\"@type\":\"BreadcrumbList\",\"@id\":\"https:\/\/demoweb.info\/sexshop001\/producto\/plug-con-anillo\/#breadcrumb\",\"itemListElement\":[{\"@type\":\"ListItem\",\"position\":1,\"name\":\"Portada\",\"item\":\"https:\/\/demoweb.info\/sexshop001\/\"},{\"@type\":\"ListItem\",\"position\":2,\"name\":\"Tienda\",\"item\":\"https:\/\/demoweb.info\/sexshop001\/tienda\/\"},{\"@type\":\"ListItem\",\"position\":3,\"name\":\"PLUG CON ANILLO\"}]},{\"@type\":\"WebSite\",\"@id\":\"https:\/\/demoweb.info\/sexshop001\/#website\",\"url\":\"https:\/\/demoweb.info\/sexshop001\/\",\"name\":\"Tienda Er\u00f3tica\",\"description\":\"DEMOWEB SL\",\"potentialAction\":[{\"@type\":\"SearchAction\",\"target\":{\"@type\":\"EntryPoint\",\"urlTemplate\":\"https:\/\/demoweb.info\/sexshop001\/?s={search_term_string}\"},\"query-input\":\"required name=search_term_string\"}],\"inLanguage\":\"es\"}]}<\/script>\n<!-- \/ Yoast SEO plugin. -->","yoast_head_json":{"title":"PLUG CON ANILLO - Tienda Er\u00f3tica","robots":{"index":"noindex","follow":"follow","max-snippet":"max-snippet:-1","max-image-preview":"max-image-preview:large","max-video-preview":"max-video-preview:-1"},"og_locale":"es_ES","og_type":"article","og_title":"PLUG CON ANILLO - Tienda Er\u00f3tica","og_description":"INTRUDER WITH TUNNER BUTTPLUG RING 45MM 4INCH X 1,5 INCH Una vez que haya subido los tapones de t\u00fanel, seguramente","og_url":"https:\/\/demoweb.info\/sexshop001\/producto\/plug-con-anillo\/","og_site_name":"Tienda Er\u00f3tica","article_modified_time":"2022-01-22T17:23:03+00:00","og_image":[{"width":550,"height":550,"url":"https:\/\/demoweb.info\/sexshop001\/wp-content\/uploads\/2022\/01\/PLUG-CON-ANILLO.jpg","type":"image\/jpeg"}],"twitter_card":"summary_large_image","twitter_misc":{"Tiempo de lectura":"1 minuto"},"schema":{"@context":"https:\/\/schema.org","@graph":[{"@type":"WebPage","@id":"https:\/\/demoweb.info\/sexshop001\/producto\/plug-con-anillo\/","url":"https:\/\/demoweb.info\/sexshop001\/producto\/plug-con-anillo\/","name":"PLUG CON ANILLO - Tienda Er\u00f3tica","isPartOf":{"@id":"https:\/\/demoweb.info\/sexshop001\/#website"},"datePublished":"2022-01-22T17:22:51+00:00","dateModified":"2022-01-22T17:23:03+00:00","breadcrumb":{"@id":"https:\/\/demoweb.info\/sexshop001\/producto\/plug-con-anillo\/#breadcrumb"},"inLanguage":"es","potentialAction":[{"@type":"ReadAction","target":["https:\/\/demoweb.info\/sexshop001\/producto\/plug-con-anillo\/"]}]},{"@type":"BreadcrumbList","@id":"https:\/\/demoweb.info\/sexshop001\/producto\/plug-con-anillo\/#breadcrumb","itemListElement":[{"@type":"ListItem","position":1,"name":"Portada","item":"https:\/\/demoweb.info\/sexshop001\/"},{"@type":"ListItem","position":2,"name":"Tienda","item":"https:\/\/demoweb.info\/sexshop001\/tienda\/"},{"@type":"ListItem","position":3,"name":"PLUG CON ANILLO"}]},{"@type":"WebSite","@id":"https:\/\/demoweb.info\/sexshop001\/#website","url":"https:\/\/demoweb.info\/sexshop001\/","name":"Tienda Er\u00f3tica","description":"DEMOWEB SL","potentialAction":[{"@type":"SearchAction","target":{"@type":"EntryPoint","urlTemplate":"https:\/\/demoweb.info\/sexshop001\/?s={search_term_string}"},"query-input":"required name=search_term_string"}],"inLanguage":"es"}]}},"_links":{"self":[{"href":"https:\/\/demoweb.info\/sexshop001\/wp-json\/wp\/v3\/product\/62156","targetHints":{"allow":["GET"]}}],"collection":[{"href":"https:\/\/demoweb.info\/sexshop001\/wp-json\/wp\/v3\/product"}],"about":[{"href":"https:\/\/demoweb.info\/sexshop001\/wp-json\/wp\/v2\/types\/product"}],"replies":[{"embeddable":true,"href":"https:\/\/demoweb.info\/sexshop001\/wp-json\/wp\/v2\/comments?post=62156"}],"wp:featuredmedia":[{"embeddable":true,"href":"https:\/\/demoweb.info\/sexshop001\/wp-json\/wp\/v2\/media\/62157"}],"wp:attachment":[{"href":"https:\/\/demoweb.info\/sexshop001\/wp-json\/wp\/v2\/media?parent=62156"}],"wp:term":[{"taxonomy":"product_cat","embeddable":true,"href":"https:\/\/demoweb.info\/sexshop001\/wp-json\/wp\/v2\/product_cat?post=62156"},{"taxonomy":"product_tag","embeddable":true,"href":"https:\/\/demoweb.info\/sexshop001\/wp-json\/wp\/v2\/product_tag?post=62156"}],"curies":[{"name":"wp","href":"https:\/\/api.w.org\/{rel}","templated":true}]}}