{"id":62102,"date":"2022-01-22T18:22:16","date_gmt":"2022-01-22T17:22:16","guid":{"rendered":"https:\/\/demoweb.info\/sexshop001\/producto\/pene-silicona-con-rotacion-y-vibracion\/"},"modified":"2022-01-22T18:22:28","modified_gmt":"2022-01-22T17:22:28","slug":"pene-silicona-con-rotacion-y-vibracion","status":"publish","type":"product","link":"https:\/\/demoweb.info\/sexshop001\/producto\/pene-silicona-con-rotacion-y-vibracion\/","title":{"rendered":"PENE SILICONA CON ROTACI\u00d3N Y VIBRACI\u00d3N"},"content":{"rendered":"<p><strong>ROTATING &#038; VIBRATING DONG<\/strong><\/p>\n<p>La nueva colecci\u00f3n Naked Addiction\u2122 cuenta con tecnolog\u00eda IncrediFeel \u2122, esta silicona superior tiene una sensaci\u00f3n ultra realista. Incre\u00edblemente suave al tacto, pero firme cuando sea necesario, estar\u00e1s obsesionado con la sensaci\u00f3n que transmite.<\/p>\n<p>Con una estructura de doble densidad, el dong Naked Addiction\u2122 tiene un n\u00facleo s\u00f3lido y una capa externa flexible para mayor realismo.<\/p>\n<p>Caracter\u00edsticas:<\/p>\n<ul>\n<li>Libre de ftalatos y l\u00e1tex.<\/li>\n<li>Textura realista.<\/li>\n<li>Compatible con arn\u00e9s.<\/li>\n<li>Base de succi\u00f3n fuerte.<\/li>\n<li>Recargable con USB<\/li>\n<li>Distintas funciones de vibraci\u00f3n y rotaci\u00f3n.<\/li>\n<\/ul>\n<p>Medidas:<\/p>\n<ul>\n<li>Di\u00e1metro: 4,5 cm<\/li>\n<li>Longitud insertable: 14 cm<\/li>\n<li>Longitud total: 17,8 cm<\/li>\n<\/ul>\n","protected":false},"excerpt":{"rendered":"<p>ROTATING &#038; VIBRATING DONG La nueva colecci\u00f3n Naked Addiction\u2122 cuenta con tecnolog\u00eda IncrediFeel \u2122, esta silicona superior tiene una sensaci\u00f3n<\/p>\n","protected":false},"featured_media":62103,"comment_status":"open","ping_status":"open","template":"","meta":[],"product_cat":[277],"product_tag":[905],"class_list":["post-62102","product","type-product","status-publish","has-post-thumbnail","hentry","product_cat-silicona-penes","product_tag-naked-addiction"],"bundled_by":[],"bundle_stock_status":"instock","bundle_stock_quantity":1,"bundle_virtual":false,"bundle_layout":"","bundle_add_to_cart_form_location":"","bundle_editable_in_cart":false,"bundle_sold_individually_context":"","bundle_item_grouping":"","bundle_min_size":"","bundle_max_size":"","bundled_items":[],"yoast_head":"<!-- This site is optimized with the Yoast SEO plugin v20.6 - https:\/\/yoast.com\/wordpress\/plugins\/seo\/ -->\n<title>PENE SILICONA CON ROTACI\u00d3N Y VIBRACI\u00d3N - Tienda Er\u00f3tica<\/title>\n<meta name=\"robots\" content=\"noindex, follow, max-snippet:-1, max-image-preview:large, max-video-preview:-1\" \/>\n<meta property=\"og:locale\" content=\"es_ES\" \/>\n<meta property=\"og:type\" content=\"article\" \/>\n<meta property=\"og:title\" content=\"PENE SILICONA CON ROTACI\u00d3N Y VIBRACI\u00d3N - Tienda Er\u00f3tica\" \/>\n<meta property=\"og:description\" content=\"ROTATING &#038; VIBRATING DONG La nueva colecci\u00f3n Naked Addiction\u2122 cuenta con tecnolog\u00eda IncrediFeel \u2122, esta silicona superior tiene una sensaci\u00f3n\" \/>\n<meta property=\"og:url\" content=\"https:\/\/demoweb.info\/sexshop001\/producto\/pene-silicona-con-rotacion-y-vibracion\/\" \/>\n<meta property=\"og:site_name\" content=\"Tienda Er\u00f3tica\" \/>\n<meta property=\"article:modified_time\" content=\"2022-01-22T17:22:28+00:00\" \/>\n<meta property=\"og:image\" content=\"https:\/\/demoweb.info\/sexshop001\/wp-content\/uploads\/2022\/01\/PENE-SILICONA-CON-ROTACION-Y-VIBRACION.jpg\" \/>\n\t<meta property=\"og:image:width\" content=\"550\" \/>\n\t<meta property=\"og:image:height\" content=\"550\" \/>\n\t<meta property=\"og:image:type\" content=\"image\/jpeg\" \/>\n<meta name=\"twitter:card\" content=\"summary_large_image\" \/>\n<meta name=\"twitter:label1\" content=\"Tiempo de lectura\" \/>\n\t<meta name=\"twitter:data1\" content=\"1 minuto\" \/>\n<script type=\"application\/ld+json\" class=\"yoast-schema-graph\">{\"@context\":\"https:\/\/schema.org\",\"@graph\":[{\"@type\":\"WebPage\",\"@id\":\"https:\/\/demoweb.info\/sexshop001\/producto\/pene-silicona-con-rotacion-y-vibracion\/\",\"url\":\"https:\/\/demoweb.info\/sexshop001\/producto\/pene-silicona-con-rotacion-y-vibracion\/\",\"name\":\"PENE SILICONA CON ROTACI\u00d3N Y VIBRACI\u00d3N - Tienda Er\u00f3tica\",\"isPartOf\":{\"@id\":\"https:\/\/demoweb.info\/sexshop001\/#website\"},\"datePublished\":\"2022-01-22T17:22:16+00:00\",\"dateModified\":\"2022-01-22T17:22:28+00:00\",\"breadcrumb\":{\"@id\":\"https:\/\/demoweb.info\/sexshop001\/producto\/pene-silicona-con-rotacion-y-vibracion\/#breadcrumb\"},\"inLanguage\":\"es\",\"potentialAction\":[{\"@type\":\"ReadAction\",\"target\":[\"https:\/\/demoweb.info\/sexshop001\/producto\/pene-silicona-con-rotacion-y-vibracion\/\"]}]},{\"@type\":\"BreadcrumbList\",\"@id\":\"https:\/\/demoweb.info\/sexshop001\/producto\/pene-silicona-con-rotacion-y-vibracion\/#breadcrumb\",\"itemListElement\":[{\"@type\":\"ListItem\",\"position\":1,\"name\":\"Portada\",\"item\":\"https:\/\/demoweb.info\/sexshop001\/\"},{\"@type\":\"ListItem\",\"position\":2,\"name\":\"Tienda\",\"item\":\"https:\/\/demoweb.info\/sexshop001\/tienda\/\"},{\"@type\":\"ListItem\",\"position\":3,\"name\":\"PENE SILICONA CON ROTACI\u00d3N Y VIBRACI\u00d3N\"}]},{\"@type\":\"WebSite\",\"@id\":\"https:\/\/demoweb.info\/sexshop001\/#website\",\"url\":\"https:\/\/demoweb.info\/sexshop001\/\",\"name\":\"Tienda Er\u00f3tica\",\"description\":\"DEMOWEB SL\",\"potentialAction\":[{\"@type\":\"SearchAction\",\"target\":{\"@type\":\"EntryPoint\",\"urlTemplate\":\"https:\/\/demoweb.info\/sexshop001\/?s={search_term_string}\"},\"query-input\":\"required name=search_term_string\"}],\"inLanguage\":\"es\"}]}<\/script>\n<!-- \/ Yoast SEO plugin. -->","yoast_head_json":{"title":"PENE SILICONA CON ROTACI\u00d3N Y VIBRACI\u00d3N - Tienda Er\u00f3tica","robots":{"index":"noindex","follow":"follow","max-snippet":"max-snippet:-1","max-image-preview":"max-image-preview:large","max-video-preview":"max-video-preview:-1"},"og_locale":"es_ES","og_type":"article","og_title":"PENE SILICONA CON ROTACI\u00d3N Y VIBRACI\u00d3N - Tienda Er\u00f3tica","og_description":"ROTATING &#038; VIBRATING DONG La nueva colecci\u00f3n Naked Addiction\u2122 cuenta con tecnolog\u00eda IncrediFeel \u2122, esta silicona superior tiene una sensaci\u00f3n","og_url":"https:\/\/demoweb.info\/sexshop001\/producto\/pene-silicona-con-rotacion-y-vibracion\/","og_site_name":"Tienda Er\u00f3tica","article_modified_time":"2022-01-22T17:22:28+00:00","og_image":[{"width":550,"height":550,"url":"https:\/\/demoweb.info\/sexshop001\/wp-content\/uploads\/2022\/01\/PENE-SILICONA-CON-ROTACION-Y-VIBRACION.jpg","type":"image\/jpeg"}],"twitter_card":"summary_large_image","twitter_misc":{"Tiempo de lectura":"1 minuto"},"schema":{"@context":"https:\/\/schema.org","@graph":[{"@type":"WebPage","@id":"https:\/\/demoweb.info\/sexshop001\/producto\/pene-silicona-con-rotacion-y-vibracion\/","url":"https:\/\/demoweb.info\/sexshop001\/producto\/pene-silicona-con-rotacion-y-vibracion\/","name":"PENE SILICONA CON ROTACI\u00d3N Y VIBRACI\u00d3N - Tienda Er\u00f3tica","isPartOf":{"@id":"https:\/\/demoweb.info\/sexshop001\/#website"},"datePublished":"2022-01-22T17:22:16+00:00","dateModified":"2022-01-22T17:22:28+00:00","breadcrumb":{"@id":"https:\/\/demoweb.info\/sexshop001\/producto\/pene-silicona-con-rotacion-y-vibracion\/#breadcrumb"},"inLanguage":"es","potentialAction":[{"@type":"ReadAction","target":["https:\/\/demoweb.info\/sexshop001\/producto\/pene-silicona-con-rotacion-y-vibracion\/"]}]},{"@type":"BreadcrumbList","@id":"https:\/\/demoweb.info\/sexshop001\/producto\/pene-silicona-con-rotacion-y-vibracion\/#breadcrumb","itemListElement":[{"@type":"ListItem","position":1,"name":"Portada","item":"https:\/\/demoweb.info\/sexshop001\/"},{"@type":"ListItem","position":2,"name":"Tienda","item":"https:\/\/demoweb.info\/sexshop001\/tienda\/"},{"@type":"ListItem","position":3,"name":"PENE SILICONA CON ROTACI\u00d3N Y VIBRACI\u00d3N"}]},{"@type":"WebSite","@id":"https:\/\/demoweb.info\/sexshop001\/#website","url":"https:\/\/demoweb.info\/sexshop001\/","name":"Tienda Er\u00f3tica","description":"DEMOWEB SL","potentialAction":[{"@type":"SearchAction","target":{"@type":"EntryPoint","urlTemplate":"https:\/\/demoweb.info\/sexshop001\/?s={search_term_string}"},"query-input":"required name=search_term_string"}],"inLanguage":"es"}]}},"_links":{"self":[{"href":"https:\/\/demoweb.info\/sexshop001\/wp-json\/wp\/v3\/product\/62102","targetHints":{"allow":["GET"]}}],"collection":[{"href":"https:\/\/demoweb.info\/sexshop001\/wp-json\/wp\/v3\/product"}],"about":[{"href":"https:\/\/demoweb.info\/sexshop001\/wp-json\/wp\/v2\/types\/product"}],"replies":[{"embeddable":true,"href":"https:\/\/demoweb.info\/sexshop001\/wp-json\/wp\/v2\/comments?post=62102"}],"wp:featuredmedia":[{"embeddable":true,"href":"https:\/\/demoweb.info\/sexshop001\/wp-json\/wp\/v2\/media\/62103"}],"wp:attachment":[{"href":"https:\/\/demoweb.info\/sexshop001\/wp-json\/wp\/v2\/media?parent=62102"}],"wp:term":[{"taxonomy":"product_cat","embeddable":true,"href":"https:\/\/demoweb.info\/sexshop001\/wp-json\/wp\/v2\/product_cat?post=62102"},{"taxonomy":"product_tag","embeddable":true,"href":"https:\/\/demoweb.info\/sexshop001\/wp-json\/wp\/v2\/product_tag?post=62102"}],"curies":[{"name":"wp","href":"https:\/\/api.w.org\/{rel}","templated":true}]}}