{"id":62094,"date":"2022-01-22T18:22:16","date_gmt":"2022-01-22T17:22:16","guid":{"rendered":"https:\/\/demoweb.info\/sexshop001\/producto\/pump-worx-bomba-desarrolladora-pro-gauge-power\/"},"modified":"2022-01-22T18:22:23","modified_gmt":"2022-01-22T17:22:23","slug":"pump-worx-bomba-desarrolladora-pro-gauge-power","status":"publish","type":"product","link":"https:\/\/demoweb.info\/sexshop001\/producto\/pump-worx-bomba-desarrolladora-pro-gauge-power\/","title":{"rendered":"PUMP WORX BOMBA DESARROLLADORA PRO-GAUGE POWER"},"content":{"rendered":"<p><strong>PUMP WORX PRO-GAUGE POWER PUMP<\/strong><\/p>\n<p>\u00a1Aumenta tu rendimiento!<\/p>\n<p>Descubre erecciones gruesas y palpitantes que duran y duran con esta bomba de potencia Pro-Gauge de nivel profesional.<\/p>\n<p>Desarrollada como una alternativa segura, asequible y no quir\u00fargica a procedimientos m\u00e9dicos y p\u00edldoras costosas, esta bomba para el pene de estilo gatillo es la manera f\u00e1cil de agrandar instant\u00e1neamente tu pene sin efectos secundarios negativos.<\/p>\n<p>Simplemente inserta el pene en el tubo del cilindro de vac\u00edo, aprieta el mango EZ-grip y observa c\u00f3mo tu barra de placer se hace m\u00e1s grande y m\u00e1s gruesa que nunca.<\/p>\n<p>La funda de PVC suave forma un sello perfectamente apretado contra la piel y crea un poderoso vac\u00edo dentro de la c\u00e1mara, lo que obliga a tu erecci\u00f3n a expandirse e hincharse r\u00e1pidamente con poder. El cilindro de vac\u00edo transparente permite ver el crecimiento con cada apret\u00f3n de la palanca, mientras que el indicador de f\u00e1cil lectura te permite saber cu\u00e1nta presi\u00f3n has bombeado.<\/p>\n<p>El tubo est\u00e1 hecho de acr\u00edlico grueso de grado pesado y marcado con graduaciones m\u00e9tricas y est\u00e1ndars. El medidor de presi\u00f3n de precisi\u00f3n te permite monitorear el progreso de su bombeo y ver la cantidad de presi\u00f3n de vac\u00edo.<\/p>\n<p>Cuando hayas alcanzado el tama\u00f1o deseado, simplemente presiona el gatillo de liberaci\u00f3n r\u00e1pida en la parte superior del mango para aliviar la presi\u00f3n instant\u00e1neamente y \u00a1est\u00e1s listo para jugar!<\/p>\n<p>Usa el anillo de mejora incluido para ayudar a mantener la erecci\u00f3n y prolongar la eyaculaci\u00f3n. Cuando termines, simplemente retira el cilindro de la manguera y la limpieza es muy f\u00e1cil con el limpiador de juguetes Pump Worx y agua tibia.<\/p>\n<p>Medidas: <\/p>\n<ul>\n<li>Di\u00e1metro: 2,5 cm<\/li>\n<li>Longitud insertable: 19,7 cm<\/li>\n<li>Medidas totales del cilindro: 21,6 x 6,4 cm<\/li>\n<li>Medidas totales del trigger: 15,2 x 17,1 cm<\/li>\n<li>Medidas totales de la manguera: 60,3 x 0,8 cm<\/li>\n<\/ul>\n","protected":false},"excerpt":{"rendered":"<p>PUMP WORX PRO-GAUGE POWER PUMP \u00a1Aumenta tu rendimiento! Descubre erecciones gruesas y palpitantes que duran y duran con esta bomba<\/p>\n","protected":false},"featured_media":62095,"comment_status":"open","ping_status":"open","template":"","meta":[],"product_cat":[495],"product_tag":[259,865],"class_list":["post-62094","product","type-product","status-publish","has-post-thumbnail","hentry","product_cat-basicos","product_tag-pipedream","product_tag-pump-worx"],"bundled_by":[],"bundle_stock_status":"instock","bundle_stock_quantity":1,"bundle_virtual":false,"bundle_layout":"","bundle_add_to_cart_form_location":"","bundle_editable_in_cart":false,"bundle_sold_individually_context":"","bundle_item_grouping":"","bundle_min_size":"","bundle_max_size":"","bundled_items":[],"yoast_head":"<!-- This site is optimized with the Yoast SEO plugin v20.6 - https:\/\/yoast.com\/wordpress\/plugins\/seo\/ -->\n<title>PUMP WORX BOMBA DESARROLLADORA PRO-GAUGE POWER - Tienda Er\u00f3tica<\/title>\n<meta name=\"robots\" content=\"noindex, follow, max-snippet:-1, max-image-preview:large, max-video-preview:-1\" \/>\n<meta property=\"og:locale\" content=\"es_ES\" \/>\n<meta property=\"og:type\" content=\"article\" \/>\n<meta property=\"og:title\" content=\"PUMP WORX BOMBA DESARROLLADORA PRO-GAUGE POWER - Tienda Er\u00f3tica\" \/>\n<meta property=\"og:description\" content=\"PUMP WORX PRO-GAUGE POWER PUMP \u00a1Aumenta tu rendimiento! Descubre erecciones gruesas y palpitantes que duran y duran con esta bomba\" \/>\n<meta property=\"og:url\" content=\"https:\/\/demoweb.info\/sexshop001\/producto\/pump-worx-bomba-desarrolladora-pro-gauge-power\/\" \/>\n<meta property=\"og:site_name\" content=\"Tienda Er\u00f3tica\" \/>\n<meta property=\"article:modified_time\" content=\"2022-01-22T17:22:23+00:00\" \/>\n<meta property=\"og:image\" content=\"https:\/\/demoweb.info\/sexshop001\/wp-content\/uploads\/2022\/01\/PUMP-WORX-BOMBA-DESARROLLADORA-PRO-GAUGE-POWER.jpg\" \/>\n\t<meta property=\"og:image:width\" content=\"550\" \/>\n\t<meta property=\"og:image:height\" content=\"550\" \/>\n\t<meta property=\"og:image:type\" content=\"image\/jpeg\" \/>\n<meta name=\"twitter:card\" content=\"summary_large_image\" \/>\n<meta name=\"twitter:label1\" content=\"Tiempo de lectura\" \/>\n\t<meta name=\"twitter:data1\" content=\"2 minutos\" \/>\n<script type=\"application\/ld+json\" class=\"yoast-schema-graph\">{\"@context\":\"https:\/\/schema.org\",\"@graph\":[{\"@type\":\"WebPage\",\"@id\":\"https:\/\/demoweb.info\/sexshop001\/producto\/pump-worx-bomba-desarrolladora-pro-gauge-power\/\",\"url\":\"https:\/\/demoweb.info\/sexshop001\/producto\/pump-worx-bomba-desarrolladora-pro-gauge-power\/\",\"name\":\"PUMP WORX BOMBA DESARROLLADORA PRO-GAUGE POWER - Tienda Er\u00f3tica\",\"isPartOf\":{\"@id\":\"https:\/\/demoweb.info\/sexshop001\/#website\"},\"datePublished\":\"2022-01-22T17:22:16+00:00\",\"dateModified\":\"2022-01-22T17:22:23+00:00\",\"breadcrumb\":{\"@id\":\"https:\/\/demoweb.info\/sexshop001\/producto\/pump-worx-bomba-desarrolladora-pro-gauge-power\/#breadcrumb\"},\"inLanguage\":\"es\",\"potentialAction\":[{\"@type\":\"ReadAction\",\"target\":[\"https:\/\/demoweb.info\/sexshop001\/producto\/pump-worx-bomba-desarrolladora-pro-gauge-power\/\"]}]},{\"@type\":\"BreadcrumbList\",\"@id\":\"https:\/\/demoweb.info\/sexshop001\/producto\/pump-worx-bomba-desarrolladora-pro-gauge-power\/#breadcrumb\",\"itemListElement\":[{\"@type\":\"ListItem\",\"position\":1,\"name\":\"Portada\",\"item\":\"https:\/\/demoweb.info\/sexshop001\/\"},{\"@type\":\"ListItem\",\"position\":2,\"name\":\"Tienda\",\"item\":\"https:\/\/demoweb.info\/sexshop001\/tienda\/\"},{\"@type\":\"ListItem\",\"position\":3,\"name\":\"PUMP WORX BOMBA DESARROLLADORA PRO-GAUGE POWER\"}]},{\"@type\":\"WebSite\",\"@id\":\"https:\/\/demoweb.info\/sexshop001\/#website\",\"url\":\"https:\/\/demoweb.info\/sexshop001\/\",\"name\":\"Tienda Er\u00f3tica\",\"description\":\"DEMOWEB SL\",\"potentialAction\":[{\"@type\":\"SearchAction\",\"target\":{\"@type\":\"EntryPoint\",\"urlTemplate\":\"https:\/\/demoweb.info\/sexshop001\/?s={search_term_string}\"},\"query-input\":\"required name=search_term_string\"}],\"inLanguage\":\"es\"}]}<\/script>\n<!-- \/ Yoast SEO plugin. -->","yoast_head_json":{"title":"PUMP WORX BOMBA DESARROLLADORA PRO-GAUGE POWER - Tienda Er\u00f3tica","robots":{"index":"noindex","follow":"follow","max-snippet":"max-snippet:-1","max-image-preview":"max-image-preview:large","max-video-preview":"max-video-preview:-1"},"og_locale":"es_ES","og_type":"article","og_title":"PUMP WORX BOMBA DESARROLLADORA PRO-GAUGE POWER - Tienda Er\u00f3tica","og_description":"PUMP WORX PRO-GAUGE POWER PUMP \u00a1Aumenta tu rendimiento! Descubre erecciones gruesas y palpitantes que duran y duran con esta bomba","og_url":"https:\/\/demoweb.info\/sexshop001\/producto\/pump-worx-bomba-desarrolladora-pro-gauge-power\/","og_site_name":"Tienda Er\u00f3tica","article_modified_time":"2022-01-22T17:22:23+00:00","og_image":[{"width":550,"height":550,"url":"https:\/\/demoweb.info\/sexshop001\/wp-content\/uploads\/2022\/01\/PUMP-WORX-BOMBA-DESARROLLADORA-PRO-GAUGE-POWER.jpg","type":"image\/jpeg"}],"twitter_card":"summary_large_image","twitter_misc":{"Tiempo de lectura":"2 minutos"},"schema":{"@context":"https:\/\/schema.org","@graph":[{"@type":"WebPage","@id":"https:\/\/demoweb.info\/sexshop001\/producto\/pump-worx-bomba-desarrolladora-pro-gauge-power\/","url":"https:\/\/demoweb.info\/sexshop001\/producto\/pump-worx-bomba-desarrolladora-pro-gauge-power\/","name":"PUMP WORX BOMBA DESARROLLADORA PRO-GAUGE POWER - Tienda Er\u00f3tica","isPartOf":{"@id":"https:\/\/demoweb.info\/sexshop001\/#website"},"datePublished":"2022-01-22T17:22:16+00:00","dateModified":"2022-01-22T17:22:23+00:00","breadcrumb":{"@id":"https:\/\/demoweb.info\/sexshop001\/producto\/pump-worx-bomba-desarrolladora-pro-gauge-power\/#breadcrumb"},"inLanguage":"es","potentialAction":[{"@type":"ReadAction","target":["https:\/\/demoweb.info\/sexshop001\/producto\/pump-worx-bomba-desarrolladora-pro-gauge-power\/"]}]},{"@type":"BreadcrumbList","@id":"https:\/\/demoweb.info\/sexshop001\/producto\/pump-worx-bomba-desarrolladora-pro-gauge-power\/#breadcrumb","itemListElement":[{"@type":"ListItem","position":1,"name":"Portada","item":"https:\/\/demoweb.info\/sexshop001\/"},{"@type":"ListItem","position":2,"name":"Tienda","item":"https:\/\/demoweb.info\/sexshop001\/tienda\/"},{"@type":"ListItem","position":3,"name":"PUMP WORX BOMBA DESARROLLADORA PRO-GAUGE POWER"}]},{"@type":"WebSite","@id":"https:\/\/demoweb.info\/sexshop001\/#website","url":"https:\/\/demoweb.info\/sexshop001\/","name":"Tienda Er\u00f3tica","description":"DEMOWEB SL","potentialAction":[{"@type":"SearchAction","target":{"@type":"EntryPoint","urlTemplate":"https:\/\/demoweb.info\/sexshop001\/?s={search_term_string}"},"query-input":"required name=search_term_string"}],"inLanguage":"es"}]}},"_links":{"self":[{"href":"https:\/\/demoweb.info\/sexshop001\/wp-json\/wp\/v3\/product\/62094","targetHints":{"allow":["GET"]}}],"collection":[{"href":"https:\/\/demoweb.info\/sexshop001\/wp-json\/wp\/v3\/product"}],"about":[{"href":"https:\/\/demoweb.info\/sexshop001\/wp-json\/wp\/v2\/types\/product"}],"replies":[{"embeddable":true,"href":"https:\/\/demoweb.info\/sexshop001\/wp-json\/wp\/v2\/comments?post=62094"}],"wp:featuredmedia":[{"embeddable":true,"href":"https:\/\/demoweb.info\/sexshop001\/wp-json\/wp\/v2\/media\/62095"}],"wp:attachment":[{"href":"https:\/\/demoweb.info\/sexshop001\/wp-json\/wp\/v2\/media?parent=62094"}],"wp:term":[{"taxonomy":"product_cat","embeddable":true,"href":"https:\/\/demoweb.info\/sexshop001\/wp-json\/wp\/v2\/product_cat?post=62094"},{"taxonomy":"product_tag","embeddable":true,"href":"https:\/\/demoweb.info\/sexshop001\/wp-json\/wp\/v2\/product_tag?post=62094"}],"curies":[{"name":"wp","href":"https:\/\/api.w.org\/{rel}","templated":true}]}}