{"id":62082,"date":"2022-01-22T18:22:16","date_gmt":"2022-01-22T17:22:16","guid":{"rendered":"https:\/\/demoweb.info\/sexshop001\/producto\/ivory-duo-pene-doble-realistico-31cm-negro\/"},"modified":"2022-01-22T18:22:16","modified_gmt":"2022-01-22T17:22:16","slug":"ivory-duo-pene-doble-realistico-31cm-negro","status":"publish","type":"product","link":"https:\/\/demoweb.info\/sexshop001\/producto\/ivory-duo-pene-doble-realistico-31cm-negro\/","title":{"rendered":"IVORY DUO PENE DOBLE REAL\u00cdSTICO 31CM &#8211; NEGRO"},"content":{"rendered":"<p><strong>IVORY DUO VEINED DOUBLE DONG 12 INCH<\/strong><\/p>\n<p>Obt\u00e9n la mejor experiencia org\u00e1smica para dos y dupl\u00edcate con este Veined Double Dong de 31 cm.<\/p>\n<p>Creado para aumentar el placer y la pasi\u00f3n en los momentos m\u00e1s \u00edntimos, este juguete de tama\u00f1o considerable puede brindarte los placeres m\u00e1s preciados y una incre\u00edble estimulaci\u00f3n del punto G.<\/p>\n<p>Con un cabezal y un eje de doble extremo y venas, este dong brinda un aspecto y una sensaci\u00f3n totalmente realistas.<\/p>\n<p>Hecho de un Poly-Melt \u2122 (PVC) antibacteriano de alta calidad, es seguro y es higi\u00e9nico para usar en cualquier parte del cuerpo y se hace que se sienta suave, mullido y flexible para una conducci\u00f3n realista.<\/p>\n<p>No solo las venas imitan a las reales, sino que se han agregado todas las crestas para aumentar el placer y la estimulaci\u00f3n en el contacto.<\/p>\n<p>El juguete perfecto para compartir, o para usarlo solo. Extremadamente vers\u00e1til, este dong doble flexible ofrece un uso f\u00e1cil desde cualquier posici\u00f3n y \u00e1ngulo.<\/p>\n<p>Medidas:<\/p>\n<ul>\n<li>Di\u00e1metro: 4 cm<\/li>\n<li>Longitud insertable: 30 cm<\/li>\n<li>Longitud total: 31 cm<\/li>\n<\/ul>\n","protected":false},"excerpt":{"rendered":"<p>IVORY DUO VEINED DOUBLE DONG 12 INCH Obt\u00e9n la mejor experiencia org\u00e1smica para dos y dupl\u00edcate con este Veined Double<\/p>\n","protected":false},"featured_media":62083,"comment_status":"open","ping_status":"open","template":"","meta":[],"product_cat":[437],"product_tag":[660,1608],"class_list":["post-62082","product","type-product","status-publish","has-post-thumbnail","hentry","product_cat-dobles","product_tag-calexotics","product_tag-ivory-duo"],"bundled_by":[],"bundle_stock_status":"instock","bundle_stock_quantity":1,"bundle_virtual":false,"bundle_layout":"","bundle_add_to_cart_form_location":"","bundle_editable_in_cart":false,"bundle_sold_individually_context":"","bundle_item_grouping":"","bundle_min_size":"","bundle_max_size":"","bundled_items":[],"yoast_head":"<!-- This site is optimized with the Yoast SEO plugin v20.6 - https:\/\/yoast.com\/wordpress\/plugins\/seo\/ -->\n<title>IVORY DUO PENE DOBLE REAL\u00cdSTICO 31CM - NEGRO - Tienda Er\u00f3tica<\/title>\n<meta name=\"robots\" content=\"noindex, follow, max-snippet:-1, max-image-preview:large, max-video-preview:-1\" \/>\n<meta property=\"og:locale\" content=\"es_ES\" \/>\n<meta property=\"og:type\" content=\"article\" \/>\n<meta property=\"og:title\" content=\"IVORY DUO PENE DOBLE REAL\u00cdSTICO 31CM - NEGRO - Tienda Er\u00f3tica\" \/>\n<meta property=\"og:description\" content=\"IVORY DUO VEINED DOUBLE DONG 12 INCH Obt\u00e9n la mejor experiencia org\u00e1smica para dos y dupl\u00edcate con este Veined Double\" \/>\n<meta property=\"og:url\" content=\"https:\/\/demoweb.info\/sexshop001\/producto\/ivory-duo-pene-doble-realistico-31cm-negro\/\" \/>\n<meta property=\"og:site_name\" content=\"Tienda Er\u00f3tica\" \/>\n<meta property=\"og:image\" content=\"https:\/\/demoweb.info\/sexshop001\/wp-content\/uploads\/2022\/01\/IVORY-DUO-PENE-DOBLE-REALISTICO-31CM-NEGRO.jpg\" \/>\n\t<meta property=\"og:image:width\" content=\"550\" \/>\n\t<meta property=\"og:image:height\" content=\"550\" \/>\n\t<meta property=\"og:image:type\" content=\"image\/jpeg\" \/>\n<meta name=\"twitter:card\" content=\"summary_large_image\" \/>\n<meta name=\"twitter:label1\" content=\"Tiempo de lectura\" \/>\n\t<meta name=\"twitter:data1\" content=\"1 minuto\" \/>\n<script type=\"application\/ld+json\" class=\"yoast-schema-graph\">{\"@context\":\"https:\/\/schema.org\",\"@graph\":[{\"@type\":\"WebPage\",\"@id\":\"https:\/\/demoweb.info\/sexshop001\/producto\/ivory-duo-pene-doble-realistico-31cm-negro\/\",\"url\":\"https:\/\/demoweb.info\/sexshop001\/producto\/ivory-duo-pene-doble-realistico-31cm-negro\/\",\"name\":\"IVORY DUO PENE DOBLE REAL\u00cdSTICO 31CM - NEGRO - Tienda Er\u00f3tica\",\"isPartOf\":{\"@id\":\"https:\/\/demoweb.info\/sexshop001\/#website\"},\"datePublished\":\"2022-01-22T17:22:16+00:00\",\"dateModified\":\"2022-01-22T17:22:16+00:00\",\"breadcrumb\":{\"@id\":\"https:\/\/demoweb.info\/sexshop001\/producto\/ivory-duo-pene-doble-realistico-31cm-negro\/#breadcrumb\"},\"inLanguage\":\"es\",\"potentialAction\":[{\"@type\":\"ReadAction\",\"target\":[\"https:\/\/demoweb.info\/sexshop001\/producto\/ivory-duo-pene-doble-realistico-31cm-negro\/\"]}]},{\"@type\":\"BreadcrumbList\",\"@id\":\"https:\/\/demoweb.info\/sexshop001\/producto\/ivory-duo-pene-doble-realistico-31cm-negro\/#breadcrumb\",\"itemListElement\":[{\"@type\":\"ListItem\",\"position\":1,\"name\":\"Portada\",\"item\":\"https:\/\/demoweb.info\/sexshop001\/\"},{\"@type\":\"ListItem\",\"position\":2,\"name\":\"Tienda\",\"item\":\"https:\/\/demoweb.info\/sexshop001\/tienda\/\"},{\"@type\":\"ListItem\",\"position\":3,\"name\":\"IVORY DUO PENE DOBLE REAL\u00cdSTICO 31CM &#8211; NEGRO\"}]},{\"@type\":\"WebSite\",\"@id\":\"https:\/\/demoweb.info\/sexshop001\/#website\",\"url\":\"https:\/\/demoweb.info\/sexshop001\/\",\"name\":\"Tienda Er\u00f3tica\",\"description\":\"DEMOWEB SL\",\"potentialAction\":[{\"@type\":\"SearchAction\",\"target\":{\"@type\":\"EntryPoint\",\"urlTemplate\":\"https:\/\/demoweb.info\/sexshop001\/?s={search_term_string}\"},\"query-input\":\"required name=search_term_string\"}],\"inLanguage\":\"es\"}]}<\/script>\n<!-- \/ Yoast SEO plugin. -->","yoast_head_json":{"title":"IVORY DUO PENE DOBLE REAL\u00cdSTICO 31CM - NEGRO - Tienda Er\u00f3tica","robots":{"index":"noindex","follow":"follow","max-snippet":"max-snippet:-1","max-image-preview":"max-image-preview:large","max-video-preview":"max-video-preview:-1"},"og_locale":"es_ES","og_type":"article","og_title":"IVORY DUO PENE DOBLE REAL\u00cdSTICO 31CM - NEGRO - Tienda Er\u00f3tica","og_description":"IVORY DUO VEINED DOUBLE DONG 12 INCH Obt\u00e9n la mejor experiencia org\u00e1smica para dos y dupl\u00edcate con este Veined Double","og_url":"https:\/\/demoweb.info\/sexshop001\/producto\/ivory-duo-pene-doble-realistico-31cm-negro\/","og_site_name":"Tienda Er\u00f3tica","og_image":[{"width":550,"height":550,"url":"https:\/\/demoweb.info\/sexshop001\/wp-content\/uploads\/2022\/01\/IVORY-DUO-PENE-DOBLE-REALISTICO-31CM-NEGRO.jpg","type":"image\/jpeg"}],"twitter_card":"summary_large_image","twitter_misc":{"Tiempo de lectura":"1 minuto"},"schema":{"@context":"https:\/\/schema.org","@graph":[{"@type":"WebPage","@id":"https:\/\/demoweb.info\/sexshop001\/producto\/ivory-duo-pene-doble-realistico-31cm-negro\/","url":"https:\/\/demoweb.info\/sexshop001\/producto\/ivory-duo-pene-doble-realistico-31cm-negro\/","name":"IVORY DUO PENE DOBLE REAL\u00cdSTICO 31CM - NEGRO - Tienda Er\u00f3tica","isPartOf":{"@id":"https:\/\/demoweb.info\/sexshop001\/#website"},"datePublished":"2022-01-22T17:22:16+00:00","dateModified":"2022-01-22T17:22:16+00:00","breadcrumb":{"@id":"https:\/\/demoweb.info\/sexshop001\/producto\/ivory-duo-pene-doble-realistico-31cm-negro\/#breadcrumb"},"inLanguage":"es","potentialAction":[{"@type":"ReadAction","target":["https:\/\/demoweb.info\/sexshop001\/producto\/ivory-duo-pene-doble-realistico-31cm-negro\/"]}]},{"@type":"BreadcrumbList","@id":"https:\/\/demoweb.info\/sexshop001\/producto\/ivory-duo-pene-doble-realistico-31cm-negro\/#breadcrumb","itemListElement":[{"@type":"ListItem","position":1,"name":"Portada","item":"https:\/\/demoweb.info\/sexshop001\/"},{"@type":"ListItem","position":2,"name":"Tienda","item":"https:\/\/demoweb.info\/sexshop001\/tienda\/"},{"@type":"ListItem","position":3,"name":"IVORY DUO PENE DOBLE REAL\u00cdSTICO 31CM &#8211; NEGRO"}]},{"@type":"WebSite","@id":"https:\/\/demoweb.info\/sexshop001\/#website","url":"https:\/\/demoweb.info\/sexshop001\/","name":"Tienda Er\u00f3tica","description":"DEMOWEB SL","potentialAction":[{"@type":"SearchAction","target":{"@type":"EntryPoint","urlTemplate":"https:\/\/demoweb.info\/sexshop001\/?s={search_term_string}"},"query-input":"required name=search_term_string"}],"inLanguage":"es"}]}},"_links":{"self":[{"href":"https:\/\/demoweb.info\/sexshop001\/wp-json\/wp\/v3\/product\/62082","targetHints":{"allow":["GET"]}}],"collection":[{"href":"https:\/\/demoweb.info\/sexshop001\/wp-json\/wp\/v3\/product"}],"about":[{"href":"https:\/\/demoweb.info\/sexshop001\/wp-json\/wp\/v2\/types\/product"}],"replies":[{"embeddable":true,"href":"https:\/\/demoweb.info\/sexshop001\/wp-json\/wp\/v2\/comments?post=62082"}],"wp:featuredmedia":[{"embeddable":true,"href":"https:\/\/demoweb.info\/sexshop001\/wp-json\/wp\/v2\/media\/62083"}],"wp:attachment":[{"href":"https:\/\/demoweb.info\/sexshop001\/wp-json\/wp\/v2\/media?parent=62082"}],"wp:term":[{"taxonomy":"product_cat","embeddable":true,"href":"https:\/\/demoweb.info\/sexshop001\/wp-json\/wp\/v2\/product_cat?post=62082"},{"taxonomy":"product_tag","embeddable":true,"href":"https:\/\/demoweb.info\/sexshop001\/wp-json\/wp\/v2\/product_tag?post=62082"}],"curies":[{"name":"wp","href":"https:\/\/api.w.org\/{rel}","templated":true}]}}