{"id":61829,"date":"2022-01-22T18:19:20","date_gmt":"2022-01-22T17:19:20","guid":{"rendered":"https:\/\/demoweb.info\/sexshop001\/producto\/balsamo-prolongador-de-placer-para-el-12ml\/"},"modified":"2022-01-22T18:19:21","modified_gmt":"2022-01-22T17:19:21","slug":"balsamo-prolongador-de-placer-para-el-12ml","status":"publish","type":"product","link":"https:\/\/demoweb.info\/sexshop001\/producto\/balsamo-prolongador-de-placer-para-el-12ml\/","title":{"rendered":"B\u00c1LSAMO PROLONGADOR DE PLACER PARA \u00c9L 12ML"},"content":{"rendered":"<p><strong>PLEASURE BALM PROLONG HIM<\/strong><\/p>\n<p>B\u00e1lsamo prolongador de placer para \u00e9l.<\/p>\n<p>Contiene: 12 ml<\/p>\n","protected":false},"excerpt":{"rendered":"<p>PLEASURE BALM PROLONG HIM B\u00e1lsamo prolongador de placer para \u00e9l. Contiene: 12 ml<\/p>\n","protected":false},"featured_media":61830,"comment_status":"open","ping_status":"open","template":"","meta":[],"product_cat":[529],"product_tag":[906],"class_list":["post-61829","product","type-product","status-publish","has-post-thumbnail","hentry","product_cat-retardantes-para-el","product_tag-kamasutra"],"bundled_by":[],"bundle_stock_status":"outofstock","bundle_stock_quantity":0,"bundle_virtual":false,"bundle_layout":"","bundle_add_to_cart_form_location":"","bundle_editable_in_cart":false,"bundle_sold_individually_context":"","bundle_item_grouping":"","bundle_min_size":"","bundle_max_size":"","bundled_items":[],"yoast_head":"<!-- This site is optimized with the Yoast SEO plugin v20.6 - https:\/\/yoast.com\/wordpress\/plugins\/seo\/ -->\n<title>B\u00c1LSAMO PROLONGADOR DE PLACER PARA \u00c9L 12ML - Tienda Er\u00f3tica<\/title>\n<meta name=\"robots\" content=\"noindex, follow, max-snippet:-1, max-image-preview:large, max-video-preview:-1\" \/>\n<meta property=\"og:locale\" content=\"es_ES\" \/>\n<meta property=\"og:type\" content=\"article\" \/>\n<meta property=\"og:title\" content=\"B\u00c1LSAMO PROLONGADOR DE PLACER PARA \u00c9L 12ML - Tienda Er\u00f3tica\" \/>\n<meta property=\"og:description\" content=\"PLEASURE BALM PROLONG HIM B\u00e1lsamo prolongador de placer para \u00e9l. Contiene: 12 ml\" \/>\n<meta property=\"og:url\" content=\"https:\/\/demoweb.info\/sexshop001\/producto\/balsamo-prolongador-de-placer-para-el-12ml\/\" \/>\n<meta property=\"og:site_name\" content=\"Tienda Er\u00f3tica\" \/>\n<meta property=\"article:modified_time\" content=\"2022-01-22T17:19:21+00:00\" \/>\n<meta property=\"og:image\" content=\"https:\/\/demoweb.info\/sexshop001\/wp-content\/uploads\/2022\/01\/BALSAMO-PROLONGADOR-DE-PLACER-PARA-EL-12ML.jpg\" \/>\n\t<meta property=\"og:image:width\" content=\"550\" \/>\n\t<meta property=\"og:image:height\" content=\"550\" \/>\n\t<meta property=\"og:image:type\" content=\"image\/jpeg\" \/>\n<meta name=\"twitter:card\" content=\"summary_large_image\" \/>\n<script type=\"application\/ld+json\" class=\"yoast-schema-graph\">{\"@context\":\"https:\/\/schema.org\",\"@graph\":[{\"@type\":\"WebPage\",\"@id\":\"https:\/\/demoweb.info\/sexshop001\/producto\/balsamo-prolongador-de-placer-para-el-12ml\/\",\"url\":\"https:\/\/demoweb.info\/sexshop001\/producto\/balsamo-prolongador-de-placer-para-el-12ml\/\",\"name\":\"B\u00c1LSAMO PROLONGADOR DE PLACER PARA \u00c9L 12ML - Tienda Er\u00f3tica\",\"isPartOf\":{\"@id\":\"https:\/\/demoweb.info\/sexshop001\/#website\"},\"datePublished\":\"2022-01-22T17:19:20+00:00\",\"dateModified\":\"2022-01-22T17:19:21+00:00\",\"breadcrumb\":{\"@id\":\"https:\/\/demoweb.info\/sexshop001\/producto\/balsamo-prolongador-de-placer-para-el-12ml\/#breadcrumb\"},\"inLanguage\":\"es\",\"potentialAction\":[{\"@type\":\"ReadAction\",\"target\":[\"https:\/\/demoweb.info\/sexshop001\/producto\/balsamo-prolongador-de-placer-para-el-12ml\/\"]}]},{\"@type\":\"BreadcrumbList\",\"@id\":\"https:\/\/demoweb.info\/sexshop001\/producto\/balsamo-prolongador-de-placer-para-el-12ml\/#breadcrumb\",\"itemListElement\":[{\"@type\":\"ListItem\",\"position\":1,\"name\":\"Portada\",\"item\":\"https:\/\/demoweb.info\/sexshop001\/\"},{\"@type\":\"ListItem\",\"position\":2,\"name\":\"Tienda\",\"item\":\"https:\/\/demoweb.info\/sexshop001\/tienda\/\"},{\"@type\":\"ListItem\",\"position\":3,\"name\":\"B\u00c1LSAMO PROLONGADOR DE PLACER PARA \u00c9L 12ML\"}]},{\"@type\":\"WebSite\",\"@id\":\"https:\/\/demoweb.info\/sexshop001\/#website\",\"url\":\"https:\/\/demoweb.info\/sexshop001\/\",\"name\":\"Tienda Er\u00f3tica\",\"description\":\"DEMOWEB SL\",\"potentialAction\":[{\"@type\":\"SearchAction\",\"target\":{\"@type\":\"EntryPoint\",\"urlTemplate\":\"https:\/\/demoweb.info\/sexshop001\/?s={search_term_string}\"},\"query-input\":\"required name=search_term_string\"}],\"inLanguage\":\"es\"}]}<\/script>\n<!-- \/ Yoast SEO plugin. -->","yoast_head_json":{"title":"B\u00c1LSAMO PROLONGADOR DE PLACER PARA \u00c9L 12ML - Tienda Er\u00f3tica","robots":{"index":"noindex","follow":"follow","max-snippet":"max-snippet:-1","max-image-preview":"max-image-preview:large","max-video-preview":"max-video-preview:-1"},"og_locale":"es_ES","og_type":"article","og_title":"B\u00c1LSAMO PROLONGADOR DE PLACER PARA \u00c9L 12ML - Tienda Er\u00f3tica","og_description":"PLEASURE BALM PROLONG HIM B\u00e1lsamo prolongador de placer para \u00e9l. Contiene: 12 ml","og_url":"https:\/\/demoweb.info\/sexshop001\/producto\/balsamo-prolongador-de-placer-para-el-12ml\/","og_site_name":"Tienda Er\u00f3tica","article_modified_time":"2022-01-22T17:19:21+00:00","og_image":[{"width":550,"height":550,"url":"https:\/\/demoweb.info\/sexshop001\/wp-content\/uploads\/2022\/01\/BALSAMO-PROLONGADOR-DE-PLACER-PARA-EL-12ML.jpg","type":"image\/jpeg"}],"twitter_card":"summary_large_image","schema":{"@context":"https:\/\/schema.org","@graph":[{"@type":"WebPage","@id":"https:\/\/demoweb.info\/sexshop001\/producto\/balsamo-prolongador-de-placer-para-el-12ml\/","url":"https:\/\/demoweb.info\/sexshop001\/producto\/balsamo-prolongador-de-placer-para-el-12ml\/","name":"B\u00c1LSAMO PROLONGADOR DE PLACER PARA \u00c9L 12ML - Tienda Er\u00f3tica","isPartOf":{"@id":"https:\/\/demoweb.info\/sexshop001\/#website"},"datePublished":"2022-01-22T17:19:20+00:00","dateModified":"2022-01-22T17:19:21+00:00","breadcrumb":{"@id":"https:\/\/demoweb.info\/sexshop001\/producto\/balsamo-prolongador-de-placer-para-el-12ml\/#breadcrumb"},"inLanguage":"es","potentialAction":[{"@type":"ReadAction","target":["https:\/\/demoweb.info\/sexshop001\/producto\/balsamo-prolongador-de-placer-para-el-12ml\/"]}]},{"@type":"BreadcrumbList","@id":"https:\/\/demoweb.info\/sexshop001\/producto\/balsamo-prolongador-de-placer-para-el-12ml\/#breadcrumb","itemListElement":[{"@type":"ListItem","position":1,"name":"Portada","item":"https:\/\/demoweb.info\/sexshop001\/"},{"@type":"ListItem","position":2,"name":"Tienda","item":"https:\/\/demoweb.info\/sexshop001\/tienda\/"},{"@type":"ListItem","position":3,"name":"B\u00c1LSAMO PROLONGADOR DE PLACER PARA \u00c9L 12ML"}]},{"@type":"WebSite","@id":"https:\/\/demoweb.info\/sexshop001\/#website","url":"https:\/\/demoweb.info\/sexshop001\/","name":"Tienda Er\u00f3tica","description":"DEMOWEB SL","potentialAction":[{"@type":"SearchAction","target":{"@type":"EntryPoint","urlTemplate":"https:\/\/demoweb.info\/sexshop001\/?s={search_term_string}"},"query-input":"required name=search_term_string"}],"inLanguage":"es"}]}},"_links":{"self":[{"href":"https:\/\/demoweb.info\/sexshop001\/wp-json\/wp\/v3\/product\/61829","targetHints":{"allow":["GET"]}}],"collection":[{"href":"https:\/\/demoweb.info\/sexshop001\/wp-json\/wp\/v3\/product"}],"about":[{"href":"https:\/\/demoweb.info\/sexshop001\/wp-json\/wp\/v2\/types\/product"}],"replies":[{"embeddable":true,"href":"https:\/\/demoweb.info\/sexshop001\/wp-json\/wp\/v2\/comments?post=61829"}],"wp:featuredmedia":[{"embeddable":true,"href":"https:\/\/demoweb.info\/sexshop001\/wp-json\/wp\/v2\/media\/61830"}],"wp:attachment":[{"href":"https:\/\/demoweb.info\/sexshop001\/wp-json\/wp\/v2\/media?parent=61829"}],"wp:term":[{"taxonomy":"product_cat","embeddable":true,"href":"https:\/\/demoweb.info\/sexshop001\/wp-json\/wp\/v2\/product_cat?post=61829"},{"taxonomy":"product_tag","embeddable":true,"href":"https:\/\/demoweb.info\/sexshop001\/wp-json\/wp\/v2\/product_tag?post=61829"}],"curies":[{"name":"wp","href":"https:\/\/api.w.org\/{rel}","templated":true}]}}