{"id":61789,"date":"2022-01-22T18:18:44","date_gmt":"2022-01-22T17:18:44","guid":{"rendered":"https:\/\/demoweb.info\/sexshop001\/producto\/satisfyer-luxury-haute-couture\/"},"modified":"2022-01-22T18:18:52","modified_gmt":"2022-01-22T17:18:52","slug":"satisfyer-luxury-haute-couture","status":"publish","type":"product","link":"https:\/\/demoweb.info\/sexshop001\/producto\/satisfyer-luxury-haute-couture\/","title":{"rendered":"SATISFYER LUXURY HAUTE COUTURE"},"content":{"rendered":"<p><strong>SATISFYER LUXURY HAUTE COUTURE<\/strong><\/p>\n<p>Haute Couture<br \/>\nAut\u00e9ntico lujo para tu pasi\u00f3n: con piel aut\u00e9ntica y metal noble aut\u00e9ntico<\/p>\n<p>Haute Couture de piel aut\u00e9ntica y metal noble<br \/>\nTus tacones favoritos en 3 colores diferentes, lencer\u00eda de la mejor seda o el nuevo Haute Couture de silicona l\u00edquida m\u00e9dica extrasuave, combinada con piel negra aut\u00e9ntica y detalles de metal genuino, \u00a1simplemente porque puedes! \u00bfTe van los dise\u00f1os lujosos, los materiales elegantes y ese toque extra de glamur? En ese caso, esta elegante pieza de la nueva colecci\u00f3n Luxury es el complemento perfecto para tu colecci\u00f3n de juguetes sexuales.<\/p>\n<p>Llega como una reina<br \/>\nEl anillo de silicona l\u00edquida m\u00e9dica extrasuave rodea con suave elegancia tu bot\u00f3n del amor y le acaricia provocando la maravillosa estimulaci\u00f3n de las ondas de presi\u00f3n Satisfyer. De manejo intuitivo, puedes elegir tu intensidad preferida de entre las 11 disponibles y disfrutar de una deliciosa estimulaci\u00f3n sin contacto del cl\u00edtoris. La forma ergon\u00f3mica de Haute Couture se adapta perfectamente a la mano y, gracias a la sensual textura de su elegante superficie de piel, proporciona un placer majestuoso acompa\u00f1ado de un tacto suave y flexible. Los elementos dorados de metal aut\u00e9ntico y el cuerpo satinado en elegante blanco culminan el lujoso dise\u00f1o.<\/p>\n<ul>\n<li>Puro lujo: piel y metal aut\u00e9nticos<\/li>\n<li>Silicona l\u00edquida extrasuave<\/li>\n<\/ul>\n<p>La intensidad de las ondas de presi\u00f3n se puede controlar muy f\u00e1cilmente pulsando un bot\u00f3n, as\u00ed podr\u00e1s incrementar lentamente la estimulaci\u00f3n o empezar directamente por tu programa favorito.<\/p>\n<p>Material: El anillo de silicona l\u00edquida m\u00e9dica extrasuave rodea con suave elegancia tu bot\u00f3n del amor y le acaricia provocando la maravillosa estimulaci\u00f3n de las ondas de presi\u00f3n Satisfyer. De manejo intuitivo, puedes elegir tu intensidad preferida de entre las 11 disponibles y disfrutar de una deliciosa estimulaci\u00f3n sin contacto del cl\u00edtoris. La forma ergon\u00f3mica de Haute Couture se adapta perfectamente a la mano y, gracias a la sensual textura de su elegante superficie de piel, proporciona un placer majestuoso acompa\u00f1ado de un tacto suave y flexible. Los elementos dorados de metal aut\u00e9ntico y el cuerpo satinado en elegante blanco culminan el lujoso dise\u00f1o.<\/p>\n<p>Medidas: 19,2 x 5,5 x 4 cm<\/p>\n<p>Se recomienda usarlo siempre con lubricantes de base de agua.<\/p>\n","protected":false},"excerpt":{"rendered":"<p>SATISFYER LUXURY HAUTE COUTURE Haute Couture Aut\u00e9ntico lujo para tu pasi\u00f3n: con piel aut\u00e9ntica y metal noble aut\u00e9ntico Haute Couture<\/p>\n","protected":false},"featured_media":61790,"comment_status":"open","ping_status":"open","template":"","meta":[],"product_cat":[405],"product_tag":[1190,442],"class_list":["post-61789","product","type-product","status-publish","has-post-thumbnail","hentry","product_cat-succionadores","product_tag-luxury","product_tag-satisfyer"],"bundled_by":[],"bundle_stock_status":"instock","bundle_stock_quantity":16,"bundle_virtual":false,"bundle_layout":"","bundle_add_to_cart_form_location":"","bundle_editable_in_cart":false,"bundle_sold_individually_context":"","bundle_item_grouping":"","bundle_min_size":"","bundle_max_size":"","bundled_items":[],"yoast_head":"<!-- This site is optimized with the Yoast SEO plugin v20.6 - https:\/\/yoast.com\/wordpress\/plugins\/seo\/ -->\n<title>SATISFYER LUXURY HAUTE COUTURE - Tienda Er\u00f3tica<\/title>\n<meta name=\"robots\" content=\"noindex, follow, max-snippet:-1, max-image-preview:large, max-video-preview:-1\" \/>\n<meta property=\"og:locale\" content=\"es_ES\" \/>\n<meta property=\"og:type\" content=\"article\" \/>\n<meta property=\"og:title\" content=\"SATISFYER LUXURY HAUTE COUTURE - Tienda Er\u00f3tica\" \/>\n<meta property=\"og:description\" content=\"SATISFYER LUXURY HAUTE COUTURE Haute Couture Aut\u00e9ntico lujo para tu pasi\u00f3n: con piel aut\u00e9ntica y metal noble aut\u00e9ntico Haute Couture\" \/>\n<meta property=\"og:url\" content=\"https:\/\/demoweb.info\/sexshop001\/producto\/satisfyer-luxury-haute-couture\/\" \/>\n<meta property=\"og:site_name\" content=\"Tienda Er\u00f3tica\" \/>\n<meta property=\"article:modified_time\" content=\"2022-01-22T17:18:52+00:00\" \/>\n<meta property=\"og:image\" content=\"https:\/\/demoweb.info\/sexshop001\/wp-content\/uploads\/2022\/01\/SATISFYER-LUXURY-HAUTE-COUTURE.jpg\" \/>\n\t<meta property=\"og:image:width\" content=\"550\" \/>\n\t<meta property=\"og:image:height\" content=\"550\" \/>\n\t<meta property=\"og:image:type\" content=\"image\/jpeg\" \/>\n<meta name=\"twitter:card\" content=\"summary_large_image\" \/>\n<meta name=\"twitter:label1\" content=\"Tiempo de lectura\" \/>\n\t<meta name=\"twitter:data1\" content=\"2 minutos\" \/>\n<script type=\"application\/ld+json\" class=\"yoast-schema-graph\">{\"@context\":\"https:\/\/schema.org\",\"@graph\":[{\"@type\":\"WebPage\",\"@id\":\"https:\/\/demoweb.info\/sexshop001\/producto\/satisfyer-luxury-haute-couture\/\",\"url\":\"https:\/\/demoweb.info\/sexshop001\/producto\/satisfyer-luxury-haute-couture\/\",\"name\":\"SATISFYER LUXURY HAUTE COUTURE - Tienda Er\u00f3tica\",\"isPartOf\":{\"@id\":\"https:\/\/demoweb.info\/sexshop001\/#website\"},\"datePublished\":\"2022-01-22T17:18:44+00:00\",\"dateModified\":\"2022-01-22T17:18:52+00:00\",\"breadcrumb\":{\"@id\":\"https:\/\/demoweb.info\/sexshop001\/producto\/satisfyer-luxury-haute-couture\/#breadcrumb\"},\"inLanguage\":\"es\",\"potentialAction\":[{\"@type\":\"ReadAction\",\"target\":[\"https:\/\/demoweb.info\/sexshop001\/producto\/satisfyer-luxury-haute-couture\/\"]}]},{\"@type\":\"BreadcrumbList\",\"@id\":\"https:\/\/demoweb.info\/sexshop001\/producto\/satisfyer-luxury-haute-couture\/#breadcrumb\",\"itemListElement\":[{\"@type\":\"ListItem\",\"position\":1,\"name\":\"Portada\",\"item\":\"https:\/\/demoweb.info\/sexshop001\/\"},{\"@type\":\"ListItem\",\"position\":2,\"name\":\"Tienda\",\"item\":\"https:\/\/demoweb.info\/sexshop001\/tienda\/\"},{\"@type\":\"ListItem\",\"position\":3,\"name\":\"SATISFYER LUXURY HAUTE COUTURE\"}]},{\"@type\":\"WebSite\",\"@id\":\"https:\/\/demoweb.info\/sexshop001\/#website\",\"url\":\"https:\/\/demoweb.info\/sexshop001\/\",\"name\":\"Tienda Er\u00f3tica\",\"description\":\"DEMOWEB SL\",\"potentialAction\":[{\"@type\":\"SearchAction\",\"target\":{\"@type\":\"EntryPoint\",\"urlTemplate\":\"https:\/\/demoweb.info\/sexshop001\/?s={search_term_string}\"},\"query-input\":\"required name=search_term_string\"}],\"inLanguage\":\"es\"}]}<\/script>\n<!-- \/ Yoast SEO plugin. -->","yoast_head_json":{"title":"SATISFYER LUXURY HAUTE COUTURE - Tienda Er\u00f3tica","robots":{"index":"noindex","follow":"follow","max-snippet":"max-snippet:-1","max-image-preview":"max-image-preview:large","max-video-preview":"max-video-preview:-1"},"og_locale":"es_ES","og_type":"article","og_title":"SATISFYER LUXURY HAUTE COUTURE - Tienda Er\u00f3tica","og_description":"SATISFYER LUXURY HAUTE COUTURE Haute Couture Aut\u00e9ntico lujo para tu pasi\u00f3n: con piel aut\u00e9ntica y metal noble aut\u00e9ntico Haute Couture","og_url":"https:\/\/demoweb.info\/sexshop001\/producto\/satisfyer-luxury-haute-couture\/","og_site_name":"Tienda Er\u00f3tica","article_modified_time":"2022-01-22T17:18:52+00:00","og_image":[{"width":550,"height":550,"url":"https:\/\/demoweb.info\/sexshop001\/wp-content\/uploads\/2022\/01\/SATISFYER-LUXURY-HAUTE-COUTURE.jpg","type":"image\/jpeg"}],"twitter_card":"summary_large_image","twitter_misc":{"Tiempo de lectura":"2 minutos"},"schema":{"@context":"https:\/\/schema.org","@graph":[{"@type":"WebPage","@id":"https:\/\/demoweb.info\/sexshop001\/producto\/satisfyer-luxury-haute-couture\/","url":"https:\/\/demoweb.info\/sexshop001\/producto\/satisfyer-luxury-haute-couture\/","name":"SATISFYER LUXURY HAUTE COUTURE - Tienda Er\u00f3tica","isPartOf":{"@id":"https:\/\/demoweb.info\/sexshop001\/#website"},"datePublished":"2022-01-22T17:18:44+00:00","dateModified":"2022-01-22T17:18:52+00:00","breadcrumb":{"@id":"https:\/\/demoweb.info\/sexshop001\/producto\/satisfyer-luxury-haute-couture\/#breadcrumb"},"inLanguage":"es","potentialAction":[{"@type":"ReadAction","target":["https:\/\/demoweb.info\/sexshop001\/producto\/satisfyer-luxury-haute-couture\/"]}]},{"@type":"BreadcrumbList","@id":"https:\/\/demoweb.info\/sexshop001\/producto\/satisfyer-luxury-haute-couture\/#breadcrumb","itemListElement":[{"@type":"ListItem","position":1,"name":"Portada","item":"https:\/\/demoweb.info\/sexshop001\/"},{"@type":"ListItem","position":2,"name":"Tienda","item":"https:\/\/demoweb.info\/sexshop001\/tienda\/"},{"@type":"ListItem","position":3,"name":"SATISFYER LUXURY HAUTE COUTURE"}]},{"@type":"WebSite","@id":"https:\/\/demoweb.info\/sexshop001\/#website","url":"https:\/\/demoweb.info\/sexshop001\/","name":"Tienda Er\u00f3tica","description":"DEMOWEB SL","potentialAction":[{"@type":"SearchAction","target":{"@type":"EntryPoint","urlTemplate":"https:\/\/demoweb.info\/sexshop001\/?s={search_term_string}"},"query-input":"required name=search_term_string"}],"inLanguage":"es"}]}},"_links":{"self":[{"href":"https:\/\/demoweb.info\/sexshop001\/wp-json\/wp\/v3\/product\/61789","targetHints":{"allow":["GET"]}}],"collection":[{"href":"https:\/\/demoweb.info\/sexshop001\/wp-json\/wp\/v3\/product"}],"about":[{"href":"https:\/\/demoweb.info\/sexshop001\/wp-json\/wp\/v2\/types\/product"}],"replies":[{"embeddable":true,"href":"https:\/\/demoweb.info\/sexshop001\/wp-json\/wp\/v2\/comments?post=61789"}],"wp:featuredmedia":[{"embeddable":true,"href":"https:\/\/demoweb.info\/sexshop001\/wp-json\/wp\/v2\/media\/61790"}],"wp:attachment":[{"href":"https:\/\/demoweb.info\/sexshop001\/wp-json\/wp\/v2\/media?parent=61789"}],"wp:term":[{"taxonomy":"product_cat","embeddable":true,"href":"https:\/\/demoweb.info\/sexshop001\/wp-json\/wp\/v2\/product_cat?post=61789"},{"taxonomy":"product_tag","embeddable":true,"href":"https:\/\/demoweb.info\/sexshop001\/wp-json\/wp\/v2\/product_tag?post=61789"}],"curies":[{"name":"wp","href":"https:\/\/api.w.org\/{rel}","templated":true}]}}