{"id":61782,"date":"2022-01-22T18:18:44","date_gmt":"2022-01-22T17:18:44","guid":{"rendered":"https:\/\/demoweb.info\/sexshop001\/producto\/satisfyer-luxury-high-fashion\/"},"modified":"2022-01-22T18:18:47","modified_gmt":"2022-01-22T17:18:47","slug":"satisfyer-luxury-high-fashion","status":"publish","type":"product","link":"https:\/\/demoweb.info\/sexshop001\/producto\/satisfyer-luxury-high-fashion\/","title":{"rendered":"SATISFYER LUXURY HIGH FASHION"},"content":{"rendered":"<p><strong>SATISFYER LUXURY HIGH FASHION<\/strong><\/p>\n<p><strong>Nueva edici\u00f3n 2020.<\/strong><\/p>\n<p>Una copa de champ\u00e1n en el bar de la azotea sobre los tejados de la ciudad, un hotel wellness con piscina infinita o el nuevo Satisfyer Luxury High Fashion de aluminio pulido: date un capricho.<\/p>\n<p>Si no quieres renunciar a la extravagancia ni siquiera en tu juguete sexual favorito, este elegante vibrador de ondas de presi\u00f3n en moderno dise\u00f1o de lujo es el compa\u00f1ero perfecto para tus aventuras de wellness clitoriano. Su estimulaci\u00f3n sin contacto mediante impulsos de aire con 11 distinguidos programas te llevar\u00e1 al s\u00e9ptimo cielo, aunque su mera apariencia, con una superficie brillante de aluminio pulido combinada con unas curvas de dise\u00f1o ergon\u00f3mico y casual y botones de gran calidad, podr\u00eda provocarte aut\u00e9nticos \u00e9xtasis org\u00e1smicos.<\/p>\n<p>\u00bfORGASMOS INOLVIDABLES? \u00a1PERO, POR FAVOR, SIEMPRE CON ESTILO!<\/p>\n<p>El anillo de silicona l\u00edquida m\u00e9dica extrasuave rodea con suave elegancia tu bot\u00f3n del amor y le acaricia provocando la maravillosa estimulaci\u00f3n de las ondas de presi\u00f3n Satisfyer. El manejo intuitivo te permite cambiar entre 11 intensidades y disfrutar al m\u00e1ximo de tus preferencias personales. Con la estimulaci\u00f3n sin contacto del cl\u00edtoris, te lanzar\u00e1s a toda velocidad y con el motor ronroneando hacia el orgasmo.<\/p>\n<p>Adem\u00e1s, la forma ergon\u00f3mica de Satisfyer Luxury High Fashion se adapta perfectamente a la mano y, con su elegante superficie de aluminio pulido, te obsequia con una sensaci\u00f3n digna de la misma realeza y un tacto fascinante. El bonito vibrador de ondas de presi\u00f3n con acabado impermeable se convierte en la ducha en un sensual submarino capaz de intensificar a\u00fan m\u00e1s las sensaciones bajo el agua.<\/p>\n<p>La intensidad de las ondas de presi\u00f3n se puede controlar muy f\u00e1cilmente pulsando un bot\u00f3n, as\u00ed podr\u00e1s incrementar lentamente la estimulaci\u00f3n o empezar directamente por tu programa favorito.<\/p>\n<p>MATERIAL:<br \/>\nEl cabezal es de silicona l\u00edquida m\u00e9dica. El suave complemento se adapta de manera ergon\u00f3mica y rodea el cl\u00edtoris con gran delicadeza y precisi\u00f3n. Puedes lavar tu juguete f\u00e1cilmente con agua tibia y un poco de jab\u00f3n. Para una limpieza minuciosa, puedes retirar el complemento de silicona. A continuaci\u00f3n, solo tienes que aplicar un par de pulverizaciones de Toycleaner desinfectante para obtener una higiene perfecta, preferiblemente con el espray desinfectante espec\u00edfico.<\/p>\n<ul>\n<li><strong>Nueva edici\u00f3n 2020<\/strong><\/li>\n<li><strong>Con tecnolog\u00eda MEJORADA<\/strong><\/li>\n<li><strong>Nuevo embalaje acorde con la nueva imagen de la marca<\/strong><\/li>\n<li><strong>GARANT\u00cdA DE HIGIENE: Tendr\u00e1s 100% asegurado que eres la primera persona en abrir tu nuevo juguete.<\/strong><\/li>\n<\/ul>\n","protected":false},"excerpt":{"rendered":"<p>SATISFYER LUXURY HIGH FASHION Nueva edici\u00f3n 2020. Una copa de champ\u00e1n en el bar de la azotea sobre los tejados<\/p>\n","protected":false},"featured_media":61783,"comment_status":"open","ping_status":"open","template":"","meta":[],"product_cat":[405],"product_tag":[1190,442],"class_list":["post-61782","product","type-product","status-publish","has-post-thumbnail","hentry","product_cat-succionadores","product_tag-luxury","product_tag-satisfyer"],"bundled_by":[],"bundle_stock_status":"outofstock","bundle_stock_quantity":0,"bundle_virtual":false,"bundle_layout":"","bundle_add_to_cart_form_location":"","bundle_editable_in_cart":false,"bundle_sold_individually_context":"","bundle_item_grouping":"","bundle_min_size":"","bundle_max_size":"","bundled_items":[],"yoast_head":"<!-- This site is optimized with the Yoast SEO plugin v20.6 - https:\/\/yoast.com\/wordpress\/plugins\/seo\/ -->\n<title>SATISFYER LUXURY HIGH FASHION - Tienda Er\u00f3tica<\/title>\n<meta name=\"robots\" content=\"noindex, follow, max-snippet:-1, max-image-preview:large, max-video-preview:-1\" \/>\n<meta property=\"og:locale\" content=\"es_ES\" \/>\n<meta property=\"og:type\" content=\"article\" \/>\n<meta property=\"og:title\" content=\"SATISFYER LUXURY HIGH FASHION - Tienda Er\u00f3tica\" \/>\n<meta property=\"og:description\" content=\"SATISFYER LUXURY HIGH FASHION Nueva edici\u00f3n 2020. Una copa de champ\u00e1n en el bar de la azotea sobre los tejados\" \/>\n<meta property=\"og:url\" content=\"https:\/\/demoweb.info\/sexshop001\/producto\/satisfyer-luxury-high-fashion\/\" \/>\n<meta property=\"og:site_name\" content=\"Tienda Er\u00f3tica\" \/>\n<meta property=\"article:modified_time\" content=\"2022-01-22T17:18:47+00:00\" \/>\n<meta property=\"og:image\" content=\"https:\/\/demoweb.info\/sexshop001\/wp-content\/uploads\/2022\/01\/SATISFYER-LUXURY-HIGH-FASHION.jpg\" \/>\n\t<meta property=\"og:image:width\" content=\"550\" \/>\n\t<meta property=\"og:image:height\" content=\"550\" \/>\n\t<meta property=\"og:image:type\" content=\"image\/jpeg\" \/>\n<meta name=\"twitter:card\" content=\"summary_large_image\" \/>\n<meta name=\"twitter:label1\" content=\"Tiempo de lectura\" \/>\n\t<meta name=\"twitter:data1\" content=\"2 minutos\" \/>\n<script type=\"application\/ld+json\" class=\"yoast-schema-graph\">{\"@context\":\"https:\/\/schema.org\",\"@graph\":[{\"@type\":\"WebPage\",\"@id\":\"https:\/\/demoweb.info\/sexshop001\/producto\/satisfyer-luxury-high-fashion\/\",\"url\":\"https:\/\/demoweb.info\/sexshop001\/producto\/satisfyer-luxury-high-fashion\/\",\"name\":\"SATISFYER LUXURY HIGH FASHION - Tienda Er\u00f3tica\",\"isPartOf\":{\"@id\":\"https:\/\/demoweb.info\/sexshop001\/#website\"},\"datePublished\":\"2022-01-22T17:18:44+00:00\",\"dateModified\":\"2022-01-22T17:18:47+00:00\",\"breadcrumb\":{\"@id\":\"https:\/\/demoweb.info\/sexshop001\/producto\/satisfyer-luxury-high-fashion\/#breadcrumb\"},\"inLanguage\":\"es\",\"potentialAction\":[{\"@type\":\"ReadAction\",\"target\":[\"https:\/\/demoweb.info\/sexshop001\/producto\/satisfyer-luxury-high-fashion\/\"]}]},{\"@type\":\"BreadcrumbList\",\"@id\":\"https:\/\/demoweb.info\/sexshop001\/producto\/satisfyer-luxury-high-fashion\/#breadcrumb\",\"itemListElement\":[{\"@type\":\"ListItem\",\"position\":1,\"name\":\"Portada\",\"item\":\"https:\/\/demoweb.info\/sexshop001\/\"},{\"@type\":\"ListItem\",\"position\":2,\"name\":\"Tienda\",\"item\":\"https:\/\/demoweb.info\/sexshop001\/tienda\/\"},{\"@type\":\"ListItem\",\"position\":3,\"name\":\"SATISFYER LUXURY HIGH FASHION\"}]},{\"@type\":\"WebSite\",\"@id\":\"https:\/\/demoweb.info\/sexshop001\/#website\",\"url\":\"https:\/\/demoweb.info\/sexshop001\/\",\"name\":\"Tienda Er\u00f3tica\",\"description\":\"DEMOWEB SL\",\"potentialAction\":[{\"@type\":\"SearchAction\",\"target\":{\"@type\":\"EntryPoint\",\"urlTemplate\":\"https:\/\/demoweb.info\/sexshop001\/?s={search_term_string}\"},\"query-input\":\"required name=search_term_string\"}],\"inLanguage\":\"es\"}]}<\/script>\n<!-- \/ Yoast SEO plugin. -->","yoast_head_json":{"title":"SATISFYER LUXURY HIGH FASHION - Tienda Er\u00f3tica","robots":{"index":"noindex","follow":"follow","max-snippet":"max-snippet:-1","max-image-preview":"max-image-preview:large","max-video-preview":"max-video-preview:-1"},"og_locale":"es_ES","og_type":"article","og_title":"SATISFYER LUXURY HIGH FASHION - Tienda Er\u00f3tica","og_description":"SATISFYER LUXURY HIGH FASHION Nueva edici\u00f3n 2020. Una copa de champ\u00e1n en el bar de la azotea sobre los tejados","og_url":"https:\/\/demoweb.info\/sexshop001\/producto\/satisfyer-luxury-high-fashion\/","og_site_name":"Tienda Er\u00f3tica","article_modified_time":"2022-01-22T17:18:47+00:00","og_image":[{"width":550,"height":550,"url":"https:\/\/demoweb.info\/sexshop001\/wp-content\/uploads\/2022\/01\/SATISFYER-LUXURY-HIGH-FASHION.jpg","type":"image\/jpeg"}],"twitter_card":"summary_large_image","twitter_misc":{"Tiempo de lectura":"2 minutos"},"schema":{"@context":"https:\/\/schema.org","@graph":[{"@type":"WebPage","@id":"https:\/\/demoweb.info\/sexshop001\/producto\/satisfyer-luxury-high-fashion\/","url":"https:\/\/demoweb.info\/sexshop001\/producto\/satisfyer-luxury-high-fashion\/","name":"SATISFYER LUXURY HIGH FASHION - Tienda Er\u00f3tica","isPartOf":{"@id":"https:\/\/demoweb.info\/sexshop001\/#website"},"datePublished":"2022-01-22T17:18:44+00:00","dateModified":"2022-01-22T17:18:47+00:00","breadcrumb":{"@id":"https:\/\/demoweb.info\/sexshop001\/producto\/satisfyer-luxury-high-fashion\/#breadcrumb"},"inLanguage":"es","potentialAction":[{"@type":"ReadAction","target":["https:\/\/demoweb.info\/sexshop001\/producto\/satisfyer-luxury-high-fashion\/"]}]},{"@type":"BreadcrumbList","@id":"https:\/\/demoweb.info\/sexshop001\/producto\/satisfyer-luxury-high-fashion\/#breadcrumb","itemListElement":[{"@type":"ListItem","position":1,"name":"Portada","item":"https:\/\/demoweb.info\/sexshop001\/"},{"@type":"ListItem","position":2,"name":"Tienda","item":"https:\/\/demoweb.info\/sexshop001\/tienda\/"},{"@type":"ListItem","position":3,"name":"SATISFYER LUXURY HIGH FASHION"}]},{"@type":"WebSite","@id":"https:\/\/demoweb.info\/sexshop001\/#website","url":"https:\/\/demoweb.info\/sexshop001\/","name":"Tienda Er\u00f3tica","description":"DEMOWEB SL","potentialAction":[{"@type":"SearchAction","target":{"@type":"EntryPoint","urlTemplate":"https:\/\/demoweb.info\/sexshop001\/?s={search_term_string}"},"query-input":"required name=search_term_string"}],"inLanguage":"es"}]}},"_links":{"self":[{"href":"https:\/\/demoweb.info\/sexshop001\/wp-json\/wp\/v3\/product\/61782","targetHints":{"allow":["GET"]}}],"collection":[{"href":"https:\/\/demoweb.info\/sexshop001\/wp-json\/wp\/v3\/product"}],"about":[{"href":"https:\/\/demoweb.info\/sexshop001\/wp-json\/wp\/v2\/types\/product"}],"replies":[{"embeddable":true,"href":"https:\/\/demoweb.info\/sexshop001\/wp-json\/wp\/v2\/comments?post=61782"}],"wp:featuredmedia":[{"embeddable":true,"href":"https:\/\/demoweb.info\/sexshop001\/wp-json\/wp\/v2\/media\/61783"}],"wp:attachment":[{"href":"https:\/\/demoweb.info\/sexshop001\/wp-json\/wp\/v2\/media?parent=61782"}],"wp:term":[{"taxonomy":"product_cat","embeddable":true,"href":"https:\/\/demoweb.info\/sexshop001\/wp-json\/wp\/v2\/product_cat?post=61782"},{"taxonomy":"product_tag","embeddable":true,"href":"https:\/\/demoweb.info\/sexshop001\/wp-json\/wp\/v2\/product_tag?post=61782"}],"curies":[{"name":"wp","href":"https:\/\/api.w.org\/{rel}","templated":true}]}}