{"id":61771,"date":"2022-01-22T18:18:28","date_gmt":"2022-01-22T17:18:28","guid":{"rendered":"https:\/\/demoweb.info\/sexshop001\/producto\/aceite-de-masaje-efecto-calor-vainilla-150ml\/"},"modified":"2022-01-22T18:18:40","modified_gmt":"2022-01-22T17:18:40","slug":"aceite-de-masaje-efecto-calor-vainilla-150ml","status":"publish","type":"product","link":"https:\/\/demoweb.info\/sexshop001\/producto\/aceite-de-masaje-efecto-calor-vainilla-150ml\/","title":{"rendered":"ACEITE DE MASAJE EFECTO CALOR VAINILLA 150ML"},"content":{"rendered":"<p><strong>WARMUP VANILLA 150ML<\/strong> aceites para un masaje ardiente, con sabores extraordinarios.<\/p>\n<p>De la prestigiosa marca alemana <strong>JoyDivision<\/strong>, l\u00edder en ventas de productos er\u00f3ticos en Alemania, estos aceites de efecto calor, te har\u00e1n disfrutar de unos placenteros masajes con tu pareja.<\/p>\n<p>Su incre\u00edbles olores y sabores har\u00e1n de vuestros juegos un dulce placer&#8230;<\/p>\n<p><strong>Sabor a Vainilla.<\/strong><\/p>\n<p>Envase de 150 ml.<\/p>\n","protected":false},"excerpt":{"rendered":"<p>WARMUP VANILLA 150ML aceites para un masaje ardiente, con sabores extraordinarios. De la prestigiosa marca alemana JoyDivision, l\u00edder en ventas<\/p>\n","protected":false},"featured_media":61772,"comment_status":"open","ping_status":"open","template":"","meta":[],"product_cat":[636],"product_tag":[725,1071],"class_list":["post-61771","product","type-product","status-publish","has-post-thumbnail","hentry","product_cat-efecto-calor-aceites","product_tag-joydivision","product_tag-warmup"],"bundled_by":[],"bundle_stock_status":"instock","bundle_stock_quantity":10,"bundle_virtual":false,"bundle_layout":"","bundle_add_to_cart_form_location":"","bundle_editable_in_cart":false,"bundle_sold_individually_context":"","bundle_item_grouping":"","bundle_min_size":"","bundle_max_size":"","bundled_items":[],"yoast_head":"<!-- This site is optimized with the Yoast SEO plugin v20.6 - https:\/\/yoast.com\/wordpress\/plugins\/seo\/ -->\n<title>ACEITE DE MASAJE EFECTO CALOR VAINILLA 150ML - Tienda Er\u00f3tica<\/title>\n<meta name=\"robots\" content=\"noindex, follow, max-snippet:-1, max-image-preview:large, max-video-preview:-1\" \/>\n<meta property=\"og:locale\" content=\"es_ES\" \/>\n<meta property=\"og:type\" content=\"article\" \/>\n<meta property=\"og:title\" content=\"ACEITE DE MASAJE EFECTO CALOR VAINILLA 150ML - Tienda Er\u00f3tica\" \/>\n<meta property=\"og:description\" content=\"WARMUP VANILLA 150ML aceites para un masaje ardiente, con sabores extraordinarios. De la prestigiosa marca alemana JoyDivision, l\u00edder en ventas\" \/>\n<meta property=\"og:url\" content=\"https:\/\/demoweb.info\/sexshop001\/producto\/aceite-de-masaje-efecto-calor-vainilla-150ml\/\" \/>\n<meta property=\"og:site_name\" content=\"Tienda Er\u00f3tica\" \/>\n<meta property=\"article:modified_time\" content=\"2022-01-22T17:18:40+00:00\" \/>\n<meta property=\"og:image\" content=\"https:\/\/demoweb.info\/sexshop001\/wp-content\/uploads\/2022\/01\/ACEITE-DE-MASAJE-EFECTO-CALOR-VAINILLA-150ML.jpg\" \/>\n\t<meta property=\"og:image:width\" content=\"550\" \/>\n\t<meta property=\"og:image:height\" content=\"550\" \/>\n\t<meta property=\"og:image:type\" content=\"image\/jpeg\" \/>\n<meta name=\"twitter:card\" content=\"summary_large_image\" \/>\n<script type=\"application\/ld+json\" class=\"yoast-schema-graph\">{\"@context\":\"https:\/\/schema.org\",\"@graph\":[{\"@type\":\"WebPage\",\"@id\":\"https:\/\/demoweb.info\/sexshop001\/producto\/aceite-de-masaje-efecto-calor-vainilla-150ml\/\",\"url\":\"https:\/\/demoweb.info\/sexshop001\/producto\/aceite-de-masaje-efecto-calor-vainilla-150ml\/\",\"name\":\"ACEITE DE MASAJE EFECTO CALOR VAINILLA 150ML - Tienda Er\u00f3tica\",\"isPartOf\":{\"@id\":\"https:\/\/demoweb.info\/sexshop001\/#website\"},\"datePublished\":\"2022-01-22T17:18:28+00:00\",\"dateModified\":\"2022-01-22T17:18:40+00:00\",\"breadcrumb\":{\"@id\":\"https:\/\/demoweb.info\/sexshop001\/producto\/aceite-de-masaje-efecto-calor-vainilla-150ml\/#breadcrumb\"},\"inLanguage\":\"es\",\"potentialAction\":[{\"@type\":\"ReadAction\",\"target\":[\"https:\/\/demoweb.info\/sexshop001\/producto\/aceite-de-masaje-efecto-calor-vainilla-150ml\/\"]}]},{\"@type\":\"BreadcrumbList\",\"@id\":\"https:\/\/demoweb.info\/sexshop001\/producto\/aceite-de-masaje-efecto-calor-vainilla-150ml\/#breadcrumb\",\"itemListElement\":[{\"@type\":\"ListItem\",\"position\":1,\"name\":\"Portada\",\"item\":\"https:\/\/demoweb.info\/sexshop001\/\"},{\"@type\":\"ListItem\",\"position\":2,\"name\":\"Tienda\",\"item\":\"https:\/\/demoweb.info\/sexshop001\/tienda\/\"},{\"@type\":\"ListItem\",\"position\":3,\"name\":\"ACEITE DE MASAJE EFECTO CALOR VAINILLA 150ML\"}]},{\"@type\":\"WebSite\",\"@id\":\"https:\/\/demoweb.info\/sexshop001\/#website\",\"url\":\"https:\/\/demoweb.info\/sexshop001\/\",\"name\":\"Tienda Er\u00f3tica\",\"description\":\"DEMOWEB SL\",\"potentialAction\":[{\"@type\":\"SearchAction\",\"target\":{\"@type\":\"EntryPoint\",\"urlTemplate\":\"https:\/\/demoweb.info\/sexshop001\/?s={search_term_string}\"},\"query-input\":\"required name=search_term_string\"}],\"inLanguage\":\"es\"}]}<\/script>\n<!-- \/ Yoast SEO plugin. -->","yoast_head_json":{"title":"ACEITE DE MASAJE EFECTO CALOR VAINILLA 150ML - Tienda Er\u00f3tica","robots":{"index":"noindex","follow":"follow","max-snippet":"max-snippet:-1","max-image-preview":"max-image-preview:large","max-video-preview":"max-video-preview:-1"},"og_locale":"es_ES","og_type":"article","og_title":"ACEITE DE MASAJE EFECTO CALOR VAINILLA 150ML - Tienda Er\u00f3tica","og_description":"WARMUP VANILLA 150ML aceites para un masaje ardiente, con sabores extraordinarios. De la prestigiosa marca alemana JoyDivision, l\u00edder en ventas","og_url":"https:\/\/demoweb.info\/sexshop001\/producto\/aceite-de-masaje-efecto-calor-vainilla-150ml\/","og_site_name":"Tienda Er\u00f3tica","article_modified_time":"2022-01-22T17:18:40+00:00","og_image":[{"width":550,"height":550,"url":"https:\/\/demoweb.info\/sexshop001\/wp-content\/uploads\/2022\/01\/ACEITE-DE-MASAJE-EFECTO-CALOR-VAINILLA-150ML.jpg","type":"image\/jpeg"}],"twitter_card":"summary_large_image","schema":{"@context":"https:\/\/schema.org","@graph":[{"@type":"WebPage","@id":"https:\/\/demoweb.info\/sexshop001\/producto\/aceite-de-masaje-efecto-calor-vainilla-150ml\/","url":"https:\/\/demoweb.info\/sexshop001\/producto\/aceite-de-masaje-efecto-calor-vainilla-150ml\/","name":"ACEITE DE MASAJE EFECTO CALOR VAINILLA 150ML - Tienda Er\u00f3tica","isPartOf":{"@id":"https:\/\/demoweb.info\/sexshop001\/#website"},"datePublished":"2022-01-22T17:18:28+00:00","dateModified":"2022-01-22T17:18:40+00:00","breadcrumb":{"@id":"https:\/\/demoweb.info\/sexshop001\/producto\/aceite-de-masaje-efecto-calor-vainilla-150ml\/#breadcrumb"},"inLanguage":"es","potentialAction":[{"@type":"ReadAction","target":["https:\/\/demoweb.info\/sexshop001\/producto\/aceite-de-masaje-efecto-calor-vainilla-150ml\/"]}]},{"@type":"BreadcrumbList","@id":"https:\/\/demoweb.info\/sexshop001\/producto\/aceite-de-masaje-efecto-calor-vainilla-150ml\/#breadcrumb","itemListElement":[{"@type":"ListItem","position":1,"name":"Portada","item":"https:\/\/demoweb.info\/sexshop001\/"},{"@type":"ListItem","position":2,"name":"Tienda","item":"https:\/\/demoweb.info\/sexshop001\/tienda\/"},{"@type":"ListItem","position":3,"name":"ACEITE DE MASAJE EFECTO CALOR VAINILLA 150ML"}]},{"@type":"WebSite","@id":"https:\/\/demoweb.info\/sexshop001\/#website","url":"https:\/\/demoweb.info\/sexshop001\/","name":"Tienda Er\u00f3tica","description":"DEMOWEB SL","potentialAction":[{"@type":"SearchAction","target":{"@type":"EntryPoint","urlTemplate":"https:\/\/demoweb.info\/sexshop001\/?s={search_term_string}"},"query-input":"required name=search_term_string"}],"inLanguage":"es"}]}},"_links":{"self":[{"href":"https:\/\/demoweb.info\/sexshop001\/wp-json\/wp\/v3\/product\/61771","targetHints":{"allow":["GET"]}}],"collection":[{"href":"https:\/\/demoweb.info\/sexshop001\/wp-json\/wp\/v3\/product"}],"about":[{"href":"https:\/\/demoweb.info\/sexshop001\/wp-json\/wp\/v2\/types\/product"}],"replies":[{"embeddable":true,"href":"https:\/\/demoweb.info\/sexshop001\/wp-json\/wp\/v2\/comments?post=61771"}],"wp:featuredmedia":[{"embeddable":true,"href":"https:\/\/demoweb.info\/sexshop001\/wp-json\/wp\/v2\/media\/61772"}],"wp:attachment":[{"href":"https:\/\/demoweb.info\/sexshop001\/wp-json\/wp\/v2\/media?parent=61771"}],"wp:term":[{"taxonomy":"product_cat","embeddable":true,"href":"https:\/\/demoweb.info\/sexshop001\/wp-json\/wp\/v2\/product_cat?post=61771"},{"taxonomy":"product_tag","embeddable":true,"href":"https:\/\/demoweb.info\/sexshop001\/wp-json\/wp\/v2\/product_tag?post=61771"}],"curies":[{"name":"wp","href":"https:\/\/api.w.org\/{rel}","templated":true}]}}