{"id":61753,"date":"2022-01-22T18:18:28","date_gmt":"2022-01-22T17:18:28","guid":{"rendered":"https:\/\/demoweb.info\/sexshop001\/producto\/rueda-de-masaje-multi-beads\/"},"modified":"2022-01-22T18:18:28","modified_gmt":"2022-01-22T17:18:28","slug":"rueda-de-masaje-multi-beads","status":"publish","type":"product","link":"https:\/\/demoweb.info\/sexshop001\/producto\/rueda-de-masaje-multi-beads\/","title":{"rendered":"RUEDA DE MASAJE MULTI BEADS"},"content":{"rendered":"<p><strong>PINWHEEL BLACK <\/strong><\/p>\n<p>\u00a1Controla o deja que te controlen a otro nivel! Al usar la ELECTRO PINWHEEL har\u00e1 que tus sesiones BDSM sea mucho m\u00e1s intensas. A veces, dar puede ser incluso mejor que recibir. El ELECTRO PINWHEEL produce una variedad de sensaciones, desde un cosquilleo tentador hasta unos mordisqueos impresionantes, dependiendo de la presi\u00f3n que se aplique. Cuando desees dar, simplemente enchufa el molinete en el mando a distancia inal\u00e1mbrico y coloca la manga en el \u00e1rea deseada del cuerpo de tu acompa\u00f1ante. Aseg\u00farate de que la manga est\u00e9 conectada a la piel que tambi\u00e9n toca el molinete. Debe ser la misma piel para sentir el electro. La unidad de potencia con mando a distancia emite impulsos el\u00e9ctricos al molinete, que se puede usar solo como un masajeador de manos, o junto con la rueda cuando se quiera pasar a un nivel m\u00e1s alto.<\/p>\n<p>Este kit incluye una rueda, un controlador y una manga conductora.<br \/>\nNO use E-Stim con un defecto card\u00edaco o marcapasos sin previa consulta m\u00e9dica. NO use E-stim durante el embarazo. NO use E-stim junto con objetos inflamables \/l\u00edquidos.<\/p>\n<ul>\n<li>Dimensiones del producto 18,3 x 2,4 x 1,7 cm<\/li>\n<li>Peso del producto 106,00 gramos<\/li>\n<li>Libre de ftalato S\u00ed<\/li>\n<li>Materiales Metal, ABS<\/li>\n<\/ul>\n","protected":false},"excerpt":{"rendered":"<p>PINWHEEL BLACK \u00a1Controla o deja que te controlen a otro nivel! Al usar la ELECTRO PINWHEEL har\u00e1 que tus sesiones<\/p>\n","protected":false},"featured_media":61754,"comment_status":"open","ping_status":"open","template":"","meta":[],"product_cat":[492],"product_tag":[303,302],"class_list":["post-61753","product","type-product","status-publish","has-post-thumbnail","hentry","product_cat-electroestimulacion","product_tag-electroshock","product_tag-shots"],"bundled_by":[],"bundle_stock_status":"instock","bundle_stock_quantity":1,"bundle_virtual":false,"bundle_layout":"","bundle_add_to_cart_form_location":"","bundle_editable_in_cart":false,"bundle_sold_individually_context":"","bundle_item_grouping":"","bundle_min_size":"","bundle_max_size":"","bundled_items":[],"yoast_head":"<!-- This site is optimized with the Yoast SEO plugin v20.6 - https:\/\/yoast.com\/wordpress\/plugins\/seo\/ -->\n<title>RUEDA DE MASAJE MULTI BEADS - Tienda Er\u00f3tica<\/title>\n<meta name=\"robots\" content=\"noindex, follow, max-snippet:-1, max-image-preview:large, max-video-preview:-1\" \/>\n<meta property=\"og:locale\" content=\"es_ES\" \/>\n<meta property=\"og:type\" content=\"article\" \/>\n<meta property=\"og:title\" content=\"RUEDA DE MASAJE MULTI BEADS - Tienda Er\u00f3tica\" \/>\n<meta property=\"og:description\" content=\"PINWHEEL BLACK \u00a1Controla o deja que te controlen a otro nivel! Al usar la ELECTRO PINWHEEL har\u00e1 que tus sesiones\" \/>\n<meta property=\"og:url\" content=\"https:\/\/demoweb.info\/sexshop001\/producto\/rueda-de-masaje-multi-beads\/\" \/>\n<meta property=\"og:site_name\" content=\"Tienda Er\u00f3tica\" \/>\n<meta property=\"og:image\" content=\"https:\/\/demoweb.info\/sexshop001\/wp-content\/uploads\/2022\/01\/RUEDA-DE-MASAJE-MULTI-BEADS.jpg\" \/>\n\t<meta property=\"og:image:width\" content=\"550\" \/>\n\t<meta property=\"og:image:height\" content=\"550\" \/>\n\t<meta property=\"og:image:type\" content=\"image\/jpeg\" \/>\n<meta name=\"twitter:card\" content=\"summary_large_image\" \/>\n<meta name=\"twitter:label1\" content=\"Tiempo de lectura\" \/>\n\t<meta name=\"twitter:data1\" content=\"1 minuto\" \/>\n<script type=\"application\/ld+json\" class=\"yoast-schema-graph\">{\"@context\":\"https:\/\/schema.org\",\"@graph\":[{\"@type\":\"WebPage\",\"@id\":\"https:\/\/demoweb.info\/sexshop001\/producto\/rueda-de-masaje-multi-beads\/\",\"url\":\"https:\/\/demoweb.info\/sexshop001\/producto\/rueda-de-masaje-multi-beads\/\",\"name\":\"RUEDA DE MASAJE MULTI BEADS - Tienda Er\u00f3tica\",\"isPartOf\":{\"@id\":\"https:\/\/demoweb.info\/sexshop001\/#website\"},\"datePublished\":\"2022-01-22T17:18:28+00:00\",\"dateModified\":\"2022-01-22T17:18:28+00:00\",\"breadcrumb\":{\"@id\":\"https:\/\/demoweb.info\/sexshop001\/producto\/rueda-de-masaje-multi-beads\/#breadcrumb\"},\"inLanguage\":\"es\",\"potentialAction\":[{\"@type\":\"ReadAction\",\"target\":[\"https:\/\/demoweb.info\/sexshop001\/producto\/rueda-de-masaje-multi-beads\/\"]}]},{\"@type\":\"BreadcrumbList\",\"@id\":\"https:\/\/demoweb.info\/sexshop001\/producto\/rueda-de-masaje-multi-beads\/#breadcrumb\",\"itemListElement\":[{\"@type\":\"ListItem\",\"position\":1,\"name\":\"Portada\",\"item\":\"https:\/\/demoweb.info\/sexshop001\/\"},{\"@type\":\"ListItem\",\"position\":2,\"name\":\"Tienda\",\"item\":\"https:\/\/demoweb.info\/sexshop001\/tienda\/\"},{\"@type\":\"ListItem\",\"position\":3,\"name\":\"RUEDA DE MASAJE MULTI BEADS\"}]},{\"@type\":\"WebSite\",\"@id\":\"https:\/\/demoweb.info\/sexshop001\/#website\",\"url\":\"https:\/\/demoweb.info\/sexshop001\/\",\"name\":\"Tienda Er\u00f3tica\",\"description\":\"DEMOWEB SL\",\"potentialAction\":[{\"@type\":\"SearchAction\",\"target\":{\"@type\":\"EntryPoint\",\"urlTemplate\":\"https:\/\/demoweb.info\/sexshop001\/?s={search_term_string}\"},\"query-input\":\"required name=search_term_string\"}],\"inLanguage\":\"es\"}]}<\/script>\n<!-- \/ Yoast SEO plugin. -->","yoast_head_json":{"title":"RUEDA DE MASAJE MULTI BEADS - Tienda Er\u00f3tica","robots":{"index":"noindex","follow":"follow","max-snippet":"max-snippet:-1","max-image-preview":"max-image-preview:large","max-video-preview":"max-video-preview:-1"},"og_locale":"es_ES","og_type":"article","og_title":"RUEDA DE MASAJE MULTI BEADS - Tienda Er\u00f3tica","og_description":"PINWHEEL BLACK \u00a1Controla o deja que te controlen a otro nivel! Al usar la ELECTRO PINWHEEL har\u00e1 que tus sesiones","og_url":"https:\/\/demoweb.info\/sexshop001\/producto\/rueda-de-masaje-multi-beads\/","og_site_name":"Tienda Er\u00f3tica","og_image":[{"width":550,"height":550,"url":"https:\/\/demoweb.info\/sexshop001\/wp-content\/uploads\/2022\/01\/RUEDA-DE-MASAJE-MULTI-BEADS.jpg","type":"image\/jpeg"}],"twitter_card":"summary_large_image","twitter_misc":{"Tiempo de lectura":"1 minuto"},"schema":{"@context":"https:\/\/schema.org","@graph":[{"@type":"WebPage","@id":"https:\/\/demoweb.info\/sexshop001\/producto\/rueda-de-masaje-multi-beads\/","url":"https:\/\/demoweb.info\/sexshop001\/producto\/rueda-de-masaje-multi-beads\/","name":"RUEDA DE MASAJE MULTI BEADS - Tienda Er\u00f3tica","isPartOf":{"@id":"https:\/\/demoweb.info\/sexshop001\/#website"},"datePublished":"2022-01-22T17:18:28+00:00","dateModified":"2022-01-22T17:18:28+00:00","breadcrumb":{"@id":"https:\/\/demoweb.info\/sexshop001\/producto\/rueda-de-masaje-multi-beads\/#breadcrumb"},"inLanguage":"es","potentialAction":[{"@type":"ReadAction","target":["https:\/\/demoweb.info\/sexshop001\/producto\/rueda-de-masaje-multi-beads\/"]}]},{"@type":"BreadcrumbList","@id":"https:\/\/demoweb.info\/sexshop001\/producto\/rueda-de-masaje-multi-beads\/#breadcrumb","itemListElement":[{"@type":"ListItem","position":1,"name":"Portada","item":"https:\/\/demoweb.info\/sexshop001\/"},{"@type":"ListItem","position":2,"name":"Tienda","item":"https:\/\/demoweb.info\/sexshop001\/tienda\/"},{"@type":"ListItem","position":3,"name":"RUEDA DE MASAJE MULTI BEADS"}]},{"@type":"WebSite","@id":"https:\/\/demoweb.info\/sexshop001\/#website","url":"https:\/\/demoweb.info\/sexshop001\/","name":"Tienda Er\u00f3tica","description":"DEMOWEB SL","potentialAction":[{"@type":"SearchAction","target":{"@type":"EntryPoint","urlTemplate":"https:\/\/demoweb.info\/sexshop001\/?s={search_term_string}"},"query-input":"required name=search_term_string"}],"inLanguage":"es"}]}},"_links":{"self":[{"href":"https:\/\/demoweb.info\/sexshop001\/wp-json\/wp\/v3\/product\/61753","targetHints":{"allow":["GET"]}}],"collection":[{"href":"https:\/\/demoweb.info\/sexshop001\/wp-json\/wp\/v3\/product"}],"about":[{"href":"https:\/\/demoweb.info\/sexshop001\/wp-json\/wp\/v2\/types\/product"}],"replies":[{"embeddable":true,"href":"https:\/\/demoweb.info\/sexshop001\/wp-json\/wp\/v2\/comments?post=61753"}],"wp:featuredmedia":[{"embeddable":true,"href":"https:\/\/demoweb.info\/sexshop001\/wp-json\/wp\/v2\/media\/61754"}],"wp:attachment":[{"href":"https:\/\/demoweb.info\/sexshop001\/wp-json\/wp\/v2\/media?parent=61753"}],"wp:term":[{"taxonomy":"product_cat","embeddable":true,"href":"https:\/\/demoweb.info\/sexshop001\/wp-json\/wp\/v2\/product_cat?post=61753"},{"taxonomy":"product_tag","embeddable":true,"href":"https:\/\/demoweb.info\/sexshop001\/wp-json\/wp\/v2\/product_tag?post=61753"}],"curies":[{"name":"wp","href":"https:\/\/api.w.org\/{rel}","templated":true}]}}