{"id":61750,"date":"2022-01-22T18:18:11","date_gmt":"2022-01-22T17:18:11","guid":{"rendered":"https:\/\/demoweb.info\/sexshop001\/producto\/varilla-uretral-multi-beads\/"},"modified":"2022-01-22T18:18:25","modified_gmt":"2022-01-22T17:18:25","slug":"varilla-uretral-multi-beads","status":"publish","type":"product","link":"https:\/\/demoweb.info\/sexshop001\/producto\/varilla-uretral-multi-beads\/","title":{"rendered":"VARILLA URETRAL MULTI BEADS"},"content":{"rendered":"<p><strong>MULTI BEADS URETHRAL SOUNDING <\/strong><\/p>\n<p>Esta forma de juego es una de las m\u00e1s cargadas y poderosas para un hombre. Los sonidos uretrales son normalmente suaves y f\u00e1ciles de deslizar hacia adentro y hacia afuera, mientras que estos sondeos uretrales con m\u00faltiples cuentas est\u00e1n acanalados para crear una intensa sensaci\u00f3n de estimulaci\u00f3n que es realmente indescriptible. El anillo m\u00f3vil agregar\u00e1 una presi\u00f3n sensual a tu bellota. Adem\u00e1s, la bola que une el anillo procurar\u00e1 una estimulaci\u00f3n muy er\u00f3tica en la zona del frenillo, as\u00ed como en el punto G de su compa\u00f1ero en el momento de la penetraci\u00f3n.\n <\/p>\n<ul>\n<li>Peso del producto 94 gramos<\/li>\n<li>Longitud insertable 24,7 cm<\/li>\n<li>Di\u00e1metro cockring 1: 2,5 cm<\/li>\n<li>Di\u00e1metro cockring 2: 3 cm<\/li>\n<li>Di\u00e1metro Uretral: 0,8 cm Materiales de acero inoxidable<\/li>\n<\/ul>\n","protected":false},"excerpt":{"rendered":"<p>MULTI BEADS URETHRAL SOUNDING Esta forma de juego es una de las m\u00e1s cargadas y poderosas para un hombre. Los<\/p>\n","protected":false},"featured_media":61751,"comment_status":"open","ping_status":"open","template":"","meta":[],"product_cat":[290],"product_tag":[283],"class_list":["post-61750","product","type-product","status-publish","has-post-thumbnail","hentry","product_cat-penis-plug","product_tag-triune"],"bundled_by":[],"bundle_stock_status":"instock","bundle_stock_quantity":2,"bundle_virtual":false,"bundle_layout":"","bundle_add_to_cart_form_location":"","bundle_editable_in_cart":false,"bundle_sold_individually_context":"","bundle_item_grouping":"","bundle_min_size":"","bundle_max_size":"","bundled_items":[],"yoast_head":"<!-- This site is optimized with the Yoast SEO plugin v20.6 - https:\/\/yoast.com\/wordpress\/plugins\/seo\/ -->\n<title>VARILLA URETRAL MULTI BEADS - Tienda Er\u00f3tica<\/title>\n<meta name=\"robots\" content=\"noindex, follow, max-snippet:-1, max-image-preview:large, max-video-preview:-1\" \/>\n<meta property=\"og:locale\" content=\"es_ES\" \/>\n<meta property=\"og:type\" content=\"article\" \/>\n<meta property=\"og:title\" content=\"VARILLA URETRAL MULTI BEADS - Tienda Er\u00f3tica\" \/>\n<meta property=\"og:description\" content=\"MULTI BEADS URETHRAL SOUNDING Esta forma de juego es una de las m\u00e1s cargadas y poderosas para un hombre. Los\" \/>\n<meta property=\"og:url\" content=\"https:\/\/demoweb.info\/sexshop001\/producto\/varilla-uretral-multi-beads\/\" \/>\n<meta property=\"og:site_name\" content=\"Tienda Er\u00f3tica\" \/>\n<meta property=\"article:modified_time\" content=\"2022-01-22T17:18:25+00:00\" \/>\n<meta property=\"og:image\" content=\"https:\/\/demoweb.info\/sexshop001\/wp-content\/uploads\/2022\/01\/VARILLA-URETRAL-MULTI-BEADS.jpg\" \/>\n\t<meta property=\"og:image:width\" content=\"550\" \/>\n\t<meta property=\"og:image:height\" content=\"550\" \/>\n\t<meta property=\"og:image:type\" content=\"image\/jpeg\" \/>\n<meta name=\"twitter:card\" content=\"summary_large_image\" \/>\n<meta name=\"twitter:label1\" content=\"Tiempo de lectura\" \/>\n\t<meta name=\"twitter:data1\" content=\"1 minuto\" \/>\n<script type=\"application\/ld+json\" class=\"yoast-schema-graph\">{\"@context\":\"https:\/\/schema.org\",\"@graph\":[{\"@type\":\"WebPage\",\"@id\":\"https:\/\/demoweb.info\/sexshop001\/producto\/varilla-uretral-multi-beads\/\",\"url\":\"https:\/\/demoweb.info\/sexshop001\/producto\/varilla-uretral-multi-beads\/\",\"name\":\"VARILLA URETRAL MULTI BEADS - Tienda Er\u00f3tica\",\"isPartOf\":{\"@id\":\"https:\/\/demoweb.info\/sexshop001\/#website\"},\"datePublished\":\"2022-01-22T17:18:11+00:00\",\"dateModified\":\"2022-01-22T17:18:25+00:00\",\"breadcrumb\":{\"@id\":\"https:\/\/demoweb.info\/sexshop001\/producto\/varilla-uretral-multi-beads\/#breadcrumb\"},\"inLanguage\":\"es\",\"potentialAction\":[{\"@type\":\"ReadAction\",\"target\":[\"https:\/\/demoweb.info\/sexshop001\/producto\/varilla-uretral-multi-beads\/\"]}]},{\"@type\":\"BreadcrumbList\",\"@id\":\"https:\/\/demoweb.info\/sexshop001\/producto\/varilla-uretral-multi-beads\/#breadcrumb\",\"itemListElement\":[{\"@type\":\"ListItem\",\"position\":1,\"name\":\"Portada\",\"item\":\"https:\/\/demoweb.info\/sexshop001\/\"},{\"@type\":\"ListItem\",\"position\":2,\"name\":\"Tienda\",\"item\":\"https:\/\/demoweb.info\/sexshop001\/tienda\/\"},{\"@type\":\"ListItem\",\"position\":3,\"name\":\"VARILLA URETRAL MULTI BEADS\"}]},{\"@type\":\"WebSite\",\"@id\":\"https:\/\/demoweb.info\/sexshop001\/#website\",\"url\":\"https:\/\/demoweb.info\/sexshop001\/\",\"name\":\"Tienda Er\u00f3tica\",\"description\":\"DEMOWEB SL\",\"potentialAction\":[{\"@type\":\"SearchAction\",\"target\":{\"@type\":\"EntryPoint\",\"urlTemplate\":\"https:\/\/demoweb.info\/sexshop001\/?s={search_term_string}\"},\"query-input\":\"required name=search_term_string\"}],\"inLanguage\":\"es\"}]}<\/script>\n<!-- \/ Yoast SEO plugin. -->","yoast_head_json":{"title":"VARILLA URETRAL MULTI BEADS - Tienda Er\u00f3tica","robots":{"index":"noindex","follow":"follow","max-snippet":"max-snippet:-1","max-image-preview":"max-image-preview:large","max-video-preview":"max-video-preview:-1"},"og_locale":"es_ES","og_type":"article","og_title":"VARILLA URETRAL MULTI BEADS - Tienda Er\u00f3tica","og_description":"MULTI BEADS URETHRAL SOUNDING Esta forma de juego es una de las m\u00e1s cargadas y poderosas para un hombre. Los","og_url":"https:\/\/demoweb.info\/sexshop001\/producto\/varilla-uretral-multi-beads\/","og_site_name":"Tienda Er\u00f3tica","article_modified_time":"2022-01-22T17:18:25+00:00","og_image":[{"width":550,"height":550,"url":"https:\/\/demoweb.info\/sexshop001\/wp-content\/uploads\/2022\/01\/VARILLA-URETRAL-MULTI-BEADS.jpg","type":"image\/jpeg"}],"twitter_card":"summary_large_image","twitter_misc":{"Tiempo de lectura":"1 minuto"},"schema":{"@context":"https:\/\/schema.org","@graph":[{"@type":"WebPage","@id":"https:\/\/demoweb.info\/sexshop001\/producto\/varilla-uretral-multi-beads\/","url":"https:\/\/demoweb.info\/sexshop001\/producto\/varilla-uretral-multi-beads\/","name":"VARILLA URETRAL MULTI BEADS - Tienda Er\u00f3tica","isPartOf":{"@id":"https:\/\/demoweb.info\/sexshop001\/#website"},"datePublished":"2022-01-22T17:18:11+00:00","dateModified":"2022-01-22T17:18:25+00:00","breadcrumb":{"@id":"https:\/\/demoweb.info\/sexshop001\/producto\/varilla-uretral-multi-beads\/#breadcrumb"},"inLanguage":"es","potentialAction":[{"@type":"ReadAction","target":["https:\/\/demoweb.info\/sexshop001\/producto\/varilla-uretral-multi-beads\/"]}]},{"@type":"BreadcrumbList","@id":"https:\/\/demoweb.info\/sexshop001\/producto\/varilla-uretral-multi-beads\/#breadcrumb","itemListElement":[{"@type":"ListItem","position":1,"name":"Portada","item":"https:\/\/demoweb.info\/sexshop001\/"},{"@type":"ListItem","position":2,"name":"Tienda","item":"https:\/\/demoweb.info\/sexshop001\/tienda\/"},{"@type":"ListItem","position":3,"name":"VARILLA URETRAL MULTI BEADS"}]},{"@type":"WebSite","@id":"https:\/\/demoweb.info\/sexshop001\/#website","url":"https:\/\/demoweb.info\/sexshop001\/","name":"Tienda Er\u00f3tica","description":"DEMOWEB SL","potentialAction":[{"@type":"SearchAction","target":{"@type":"EntryPoint","urlTemplate":"https:\/\/demoweb.info\/sexshop001\/?s={search_term_string}"},"query-input":"required name=search_term_string"}],"inLanguage":"es"}]}},"_links":{"self":[{"href":"https:\/\/demoweb.info\/sexshop001\/wp-json\/wp\/v3\/product\/61750","targetHints":{"allow":["GET"]}}],"collection":[{"href":"https:\/\/demoweb.info\/sexshop001\/wp-json\/wp\/v3\/product"}],"about":[{"href":"https:\/\/demoweb.info\/sexshop001\/wp-json\/wp\/v2\/types\/product"}],"replies":[{"embeddable":true,"href":"https:\/\/demoweb.info\/sexshop001\/wp-json\/wp\/v2\/comments?post=61750"}],"wp:featuredmedia":[{"embeddable":true,"href":"https:\/\/demoweb.info\/sexshop001\/wp-json\/wp\/v2\/media\/61751"}],"wp:attachment":[{"href":"https:\/\/demoweb.info\/sexshop001\/wp-json\/wp\/v2\/media?parent=61750"}],"wp:term":[{"taxonomy":"product_cat","embeddable":true,"href":"https:\/\/demoweb.info\/sexshop001\/wp-json\/wp\/v2\/product_cat?post=61750"},{"taxonomy":"product_tag","embeddable":true,"href":"https:\/\/demoweb.info\/sexshop001\/wp-json\/wp\/v2\/product_tag?post=61750"}],"curies":[{"name":"wp","href":"https:\/\/api.w.org\/{rel}","templated":true}]}}