{"id":61741,"date":"2022-01-22T18:18:11","date_gmt":"2022-01-22T17:18:11","guid":{"rendered":"https:\/\/demoweb.info\/sexshop001\/producto\/the-d-slim-d-pene-ultraskyn-con-testiculos-165cm\/"},"modified":"2022-01-22T18:18:19","modified_gmt":"2022-01-22T17:18:19","slug":"the-d-slim-d-pene-ultraskyn-con-testiculos-165cm","status":"publish","type":"product","link":"https:\/\/demoweb.info\/sexshop001\/producto\/the-d-slim-d-pene-ultraskyn-con-testiculos-165cm\/","title":{"rendered":"THE D &#8211; SLIM D &#8211; PENE ULTRASKYN CON TEST\u00cdCULOS 16,5CM"},"content":{"rendered":"<p><strong>THE D &#8211; SLIM D &#8211; 6 INCH WITH BALLS &#8211; ULTRASKYN<\/strong><\/p>\n<p>El Slim D, uno de las modelos m\u00e1s populares de Doc Johnson, tiene un ancho que es agradable y c\u00f3modo para la mayor\u00eda de los cuerpos y est\u00e1 disponible en FIRMSKYN y ULTRASKYN de doble densidad.<\/p>\n<p>ULTRASKYN de doble densidad se calienta al tacto y est\u00e1 dise\u00f1ado con un exterior suave y un n\u00facleo firme para emular la sensaci\u00f3n de un pene real, mientras que la opci\u00f3n FIRMSKYN ofrece una sensaci\u00f3n m\u00e1s firme en un material cl\u00e1sico de productos de placer.<\/p>\n<ul>\n<li>Dimensiones del producto: 16,5 x 3,8 cm<\/li>\n<li>Longitud insertable: 13,8 cm<\/li>\n<li>Material: ULTRASKYN<\/li>\n<\/ul>\n","protected":false},"excerpt":{"rendered":"<p>THE D &#8211; SLIM D &#8211; 6 INCH WITH BALLS &#8211; ULTRASKYN El Slim D, uno de las modelos m\u00e1s<\/p>\n","protected":false},"featured_media":61742,"comment_status":"open","ping_status":"open","template":"","meta":[],"product_cat":[386],"product_tag":[460,848],"class_list":["post-61741","product","type-product","status-publish","has-post-thumbnail","hentry","product_cat-realisticos","product_tag-doc-johnson","product_tag-the-d"],"bundled_by":[],"bundle_stock_status":"instock","bundle_stock_quantity":1,"bundle_virtual":false,"bundle_layout":"","bundle_add_to_cart_form_location":"","bundle_editable_in_cart":false,"bundle_sold_individually_context":"","bundle_item_grouping":"","bundle_min_size":"","bundle_max_size":"","bundled_items":[],"yoast_head":"<!-- This site is optimized with the Yoast SEO plugin v20.6 - https:\/\/yoast.com\/wordpress\/plugins\/seo\/ -->\n<title>THE D - SLIM D - PENE ULTRASKYN CON TEST\u00cdCULOS 16,5CM - Tienda Er\u00f3tica<\/title>\n<meta name=\"robots\" content=\"noindex, follow, max-snippet:-1, max-image-preview:large, max-video-preview:-1\" \/>\n<meta property=\"og:locale\" content=\"es_ES\" \/>\n<meta property=\"og:type\" content=\"article\" \/>\n<meta property=\"og:title\" content=\"THE D - SLIM D - PENE ULTRASKYN CON TEST\u00cdCULOS 16,5CM - Tienda Er\u00f3tica\" \/>\n<meta property=\"og:description\" content=\"THE D &#8211; SLIM D &#8211; 6 INCH WITH BALLS &#8211; ULTRASKYN El Slim D, uno de las modelos m\u00e1s\" \/>\n<meta property=\"og:url\" content=\"https:\/\/demoweb.info\/sexshop001\/producto\/the-d-slim-d-pene-ultraskyn-con-testiculos-165cm\/\" \/>\n<meta property=\"og:site_name\" content=\"Tienda Er\u00f3tica\" \/>\n<meta property=\"article:modified_time\" content=\"2022-01-22T17:18:19+00:00\" \/>\n<meta property=\"og:image\" content=\"https:\/\/demoweb.info\/sexshop001\/wp-content\/uploads\/2022\/01\/THE-D-SLIM-D-PENE-ULTRASKYN-CON-TESTICULOS-165CM.jpg\" \/>\n\t<meta property=\"og:image:width\" content=\"550\" \/>\n\t<meta property=\"og:image:height\" content=\"550\" \/>\n\t<meta property=\"og:image:type\" content=\"image\/jpeg\" \/>\n<meta name=\"twitter:card\" content=\"summary_large_image\" \/>\n<meta name=\"twitter:label1\" content=\"Tiempo de lectura\" \/>\n\t<meta name=\"twitter:data1\" content=\"1 minuto\" \/>\n<script type=\"application\/ld+json\" class=\"yoast-schema-graph\">{\"@context\":\"https:\/\/schema.org\",\"@graph\":[{\"@type\":\"WebPage\",\"@id\":\"https:\/\/demoweb.info\/sexshop001\/producto\/the-d-slim-d-pene-ultraskyn-con-testiculos-165cm\/\",\"url\":\"https:\/\/demoweb.info\/sexshop001\/producto\/the-d-slim-d-pene-ultraskyn-con-testiculos-165cm\/\",\"name\":\"THE D - SLIM D - PENE ULTRASKYN CON TEST\u00cdCULOS 16,5CM - Tienda Er\u00f3tica\",\"isPartOf\":{\"@id\":\"https:\/\/demoweb.info\/sexshop001\/#website\"},\"datePublished\":\"2022-01-22T17:18:11+00:00\",\"dateModified\":\"2022-01-22T17:18:19+00:00\",\"breadcrumb\":{\"@id\":\"https:\/\/demoweb.info\/sexshop001\/producto\/the-d-slim-d-pene-ultraskyn-con-testiculos-165cm\/#breadcrumb\"},\"inLanguage\":\"es\",\"potentialAction\":[{\"@type\":\"ReadAction\",\"target\":[\"https:\/\/demoweb.info\/sexshop001\/producto\/the-d-slim-d-pene-ultraskyn-con-testiculos-165cm\/\"]}]},{\"@type\":\"BreadcrumbList\",\"@id\":\"https:\/\/demoweb.info\/sexshop001\/producto\/the-d-slim-d-pene-ultraskyn-con-testiculos-165cm\/#breadcrumb\",\"itemListElement\":[{\"@type\":\"ListItem\",\"position\":1,\"name\":\"Portada\",\"item\":\"https:\/\/demoweb.info\/sexshop001\/\"},{\"@type\":\"ListItem\",\"position\":2,\"name\":\"Tienda\",\"item\":\"https:\/\/demoweb.info\/sexshop001\/tienda\/\"},{\"@type\":\"ListItem\",\"position\":3,\"name\":\"THE D &#8211; SLIM D &#8211; PENE ULTRASKYN CON TEST\u00cdCULOS 16,5CM\"}]},{\"@type\":\"WebSite\",\"@id\":\"https:\/\/demoweb.info\/sexshop001\/#website\",\"url\":\"https:\/\/demoweb.info\/sexshop001\/\",\"name\":\"Tienda Er\u00f3tica\",\"description\":\"DEMOWEB SL\",\"potentialAction\":[{\"@type\":\"SearchAction\",\"target\":{\"@type\":\"EntryPoint\",\"urlTemplate\":\"https:\/\/demoweb.info\/sexshop001\/?s={search_term_string}\"},\"query-input\":\"required name=search_term_string\"}],\"inLanguage\":\"es\"}]}<\/script>\n<!-- \/ Yoast SEO plugin. -->","yoast_head_json":{"title":"THE D - SLIM D - PENE ULTRASKYN CON TEST\u00cdCULOS 16,5CM - Tienda Er\u00f3tica","robots":{"index":"noindex","follow":"follow","max-snippet":"max-snippet:-1","max-image-preview":"max-image-preview:large","max-video-preview":"max-video-preview:-1"},"og_locale":"es_ES","og_type":"article","og_title":"THE D - SLIM D - PENE ULTRASKYN CON TEST\u00cdCULOS 16,5CM - Tienda Er\u00f3tica","og_description":"THE D &#8211; SLIM D &#8211; 6 INCH WITH BALLS &#8211; ULTRASKYN El Slim D, uno de las modelos m\u00e1s","og_url":"https:\/\/demoweb.info\/sexshop001\/producto\/the-d-slim-d-pene-ultraskyn-con-testiculos-165cm\/","og_site_name":"Tienda Er\u00f3tica","article_modified_time":"2022-01-22T17:18:19+00:00","og_image":[{"width":550,"height":550,"url":"https:\/\/demoweb.info\/sexshop001\/wp-content\/uploads\/2022\/01\/THE-D-SLIM-D-PENE-ULTRASKYN-CON-TESTICULOS-165CM.jpg","type":"image\/jpeg"}],"twitter_card":"summary_large_image","twitter_misc":{"Tiempo de lectura":"1 minuto"},"schema":{"@context":"https:\/\/schema.org","@graph":[{"@type":"WebPage","@id":"https:\/\/demoweb.info\/sexshop001\/producto\/the-d-slim-d-pene-ultraskyn-con-testiculos-165cm\/","url":"https:\/\/demoweb.info\/sexshop001\/producto\/the-d-slim-d-pene-ultraskyn-con-testiculos-165cm\/","name":"THE D - SLIM D - PENE ULTRASKYN CON TEST\u00cdCULOS 16,5CM - Tienda Er\u00f3tica","isPartOf":{"@id":"https:\/\/demoweb.info\/sexshop001\/#website"},"datePublished":"2022-01-22T17:18:11+00:00","dateModified":"2022-01-22T17:18:19+00:00","breadcrumb":{"@id":"https:\/\/demoweb.info\/sexshop001\/producto\/the-d-slim-d-pene-ultraskyn-con-testiculos-165cm\/#breadcrumb"},"inLanguage":"es","potentialAction":[{"@type":"ReadAction","target":["https:\/\/demoweb.info\/sexshop001\/producto\/the-d-slim-d-pene-ultraskyn-con-testiculos-165cm\/"]}]},{"@type":"BreadcrumbList","@id":"https:\/\/demoweb.info\/sexshop001\/producto\/the-d-slim-d-pene-ultraskyn-con-testiculos-165cm\/#breadcrumb","itemListElement":[{"@type":"ListItem","position":1,"name":"Portada","item":"https:\/\/demoweb.info\/sexshop001\/"},{"@type":"ListItem","position":2,"name":"Tienda","item":"https:\/\/demoweb.info\/sexshop001\/tienda\/"},{"@type":"ListItem","position":3,"name":"THE D &#8211; SLIM D &#8211; PENE ULTRASKYN CON TEST\u00cdCULOS 16,5CM"}]},{"@type":"WebSite","@id":"https:\/\/demoweb.info\/sexshop001\/#website","url":"https:\/\/demoweb.info\/sexshop001\/","name":"Tienda Er\u00f3tica","description":"DEMOWEB SL","potentialAction":[{"@type":"SearchAction","target":{"@type":"EntryPoint","urlTemplate":"https:\/\/demoweb.info\/sexshop001\/?s={search_term_string}"},"query-input":"required name=search_term_string"}],"inLanguage":"es"}]}},"_links":{"self":[{"href":"https:\/\/demoweb.info\/sexshop001\/wp-json\/wp\/v3\/product\/61741","targetHints":{"allow":["GET"]}}],"collection":[{"href":"https:\/\/demoweb.info\/sexshop001\/wp-json\/wp\/v3\/product"}],"about":[{"href":"https:\/\/demoweb.info\/sexshop001\/wp-json\/wp\/v2\/types\/product"}],"replies":[{"embeddable":true,"href":"https:\/\/demoweb.info\/sexshop001\/wp-json\/wp\/v2\/comments?post=61741"}],"wp:featuredmedia":[{"embeddable":true,"href":"https:\/\/demoweb.info\/sexshop001\/wp-json\/wp\/v2\/media\/61742"}],"wp:attachment":[{"href":"https:\/\/demoweb.info\/sexshop001\/wp-json\/wp\/v2\/media?parent=61741"}],"wp:term":[{"taxonomy":"product_cat","embeddable":true,"href":"https:\/\/demoweb.info\/sexshop001\/wp-json\/wp\/v2\/product_cat?post=61741"},{"taxonomy":"product_tag","embeddable":true,"href":"https:\/\/demoweb.info\/sexshop001\/wp-json\/wp\/v2\/product_tag?post=61741"}],"curies":[{"name":"wp","href":"https:\/\/api.w.org\/{rel}","templated":true}]}}