{"id":61738,"date":"2022-01-22T18:18:11","date_gmt":"2022-01-22T17:18:11","guid":{"rendered":"https:\/\/demoweb.info\/sexshop001\/producto\/japanese-bondage-esposas-de-silicona-grandes-negro\/"},"modified":"2022-01-22T18:18:17","modified_gmt":"2022-01-22T17:18:17","slug":"japanese-bondage-esposas-de-silicona-grandes-negro","status":"publish","type":"product","link":"https:\/\/demoweb.info\/sexshop001\/producto\/japanese-bondage-esposas-de-silicona-grandes-negro\/","title":{"rendered":"JAPANESE BONDAGE &#8211; ESPOSAS DE SILICONA GRANDES- NEGRO"},"content":{"rendered":"<p><strong>JAPANESE BONDAGE &#8211; SILICONE CUFFS &#8211; LARGE <\/strong><\/p>\n<p>Tanto para los principiantes como para los entusiastas de la moderaci\u00f3n, estas esposas de silicona premium presentan un dise\u00f1o moldeado de una sola pieza sin herrajes met\u00e1licos para romper, enganchar la ropa o irritar la piel.<\/p>\n<p>Perfectos para un juego bondage ligero, estos brazaletes de mu\u00f1eca firmes pero flexibles proporcionan una sujeci\u00f3n y una sujeci\u00f3n fuertes pero c\u00f3modas sin dolor.<\/p>\n<p>Resistentes al agua.<\/p>\n<p>Medidas: 17,8 x 7,6 cm<\/p>\n","protected":false},"excerpt":{"rendered":"<p>JAPANESE BONDAGE &#8211; SILICONE CUFFS &#8211; LARGE Tanto para los principiantes como para los entusiastas de la moderaci\u00f3n, estas esposas<\/p>\n","protected":false},"featured_media":61739,"comment_status":"open","ping_status":"open","template":"","meta":[],"product_cat":[539],"product_tag":[460,633],"class_list":["post-61738","product","type-product","status-publish","has-post-thumbnail","hentry","product_cat-silicona-esposas","product_tag-doc-johnson","product_tag-japanese-bondage"],"bundled_by":[],"bundle_stock_status":"instock","bundle_stock_quantity":1,"bundle_virtual":false,"bundle_layout":"","bundle_add_to_cart_form_location":"","bundle_editable_in_cart":false,"bundle_sold_individually_context":"","bundle_item_grouping":"","bundle_min_size":"","bundle_max_size":"","bundled_items":[],"yoast_head":"<!-- This site is optimized with the Yoast SEO plugin v20.6 - https:\/\/yoast.com\/wordpress\/plugins\/seo\/ -->\n<title>JAPANESE BONDAGE - ESPOSAS DE SILICONA GRANDES- NEGRO - Tienda Er\u00f3tica<\/title>\n<meta name=\"robots\" content=\"noindex, follow, max-snippet:-1, max-image-preview:large, max-video-preview:-1\" \/>\n<meta property=\"og:locale\" content=\"es_ES\" \/>\n<meta property=\"og:type\" content=\"article\" \/>\n<meta property=\"og:title\" content=\"JAPANESE BONDAGE - ESPOSAS DE SILICONA GRANDES- NEGRO - Tienda Er\u00f3tica\" \/>\n<meta property=\"og:description\" content=\"JAPANESE BONDAGE &#8211; SILICONE CUFFS &#8211; LARGE Tanto para los principiantes como para los entusiastas de la moderaci\u00f3n, estas esposas\" \/>\n<meta property=\"og:url\" content=\"https:\/\/demoweb.info\/sexshop001\/producto\/japanese-bondage-esposas-de-silicona-grandes-negro\/\" \/>\n<meta property=\"og:site_name\" content=\"Tienda Er\u00f3tica\" \/>\n<meta property=\"article:modified_time\" content=\"2022-01-22T17:18:17+00:00\" \/>\n<meta property=\"og:image\" content=\"https:\/\/demoweb.info\/sexshop001\/wp-content\/uploads\/2022\/01\/JAPANESE-BONDAGE-ESPOSAS-DE-SILICONA-GRANDES-NEGRO.jpg\" \/>\n\t<meta property=\"og:image:width\" content=\"550\" \/>\n\t<meta property=\"og:image:height\" content=\"550\" \/>\n\t<meta property=\"og:image:type\" content=\"image\/jpeg\" \/>\n<meta name=\"twitter:card\" content=\"summary_large_image\" \/>\n<script type=\"application\/ld+json\" class=\"yoast-schema-graph\">{\"@context\":\"https:\/\/schema.org\",\"@graph\":[{\"@type\":\"WebPage\",\"@id\":\"https:\/\/demoweb.info\/sexshop001\/producto\/japanese-bondage-esposas-de-silicona-grandes-negro\/\",\"url\":\"https:\/\/demoweb.info\/sexshop001\/producto\/japanese-bondage-esposas-de-silicona-grandes-negro\/\",\"name\":\"JAPANESE BONDAGE - ESPOSAS DE SILICONA GRANDES- NEGRO - Tienda Er\u00f3tica\",\"isPartOf\":{\"@id\":\"https:\/\/demoweb.info\/sexshop001\/#website\"},\"datePublished\":\"2022-01-22T17:18:11+00:00\",\"dateModified\":\"2022-01-22T17:18:17+00:00\",\"breadcrumb\":{\"@id\":\"https:\/\/demoweb.info\/sexshop001\/producto\/japanese-bondage-esposas-de-silicona-grandes-negro\/#breadcrumb\"},\"inLanguage\":\"es\",\"potentialAction\":[{\"@type\":\"ReadAction\",\"target\":[\"https:\/\/demoweb.info\/sexshop001\/producto\/japanese-bondage-esposas-de-silicona-grandes-negro\/\"]}]},{\"@type\":\"BreadcrumbList\",\"@id\":\"https:\/\/demoweb.info\/sexshop001\/producto\/japanese-bondage-esposas-de-silicona-grandes-negro\/#breadcrumb\",\"itemListElement\":[{\"@type\":\"ListItem\",\"position\":1,\"name\":\"Portada\",\"item\":\"https:\/\/demoweb.info\/sexshop001\/\"},{\"@type\":\"ListItem\",\"position\":2,\"name\":\"Tienda\",\"item\":\"https:\/\/demoweb.info\/sexshop001\/tienda\/\"},{\"@type\":\"ListItem\",\"position\":3,\"name\":\"JAPANESE BONDAGE &#8211; ESPOSAS DE SILICONA GRANDES- NEGRO\"}]},{\"@type\":\"WebSite\",\"@id\":\"https:\/\/demoweb.info\/sexshop001\/#website\",\"url\":\"https:\/\/demoweb.info\/sexshop001\/\",\"name\":\"Tienda Er\u00f3tica\",\"description\":\"DEMOWEB SL\",\"potentialAction\":[{\"@type\":\"SearchAction\",\"target\":{\"@type\":\"EntryPoint\",\"urlTemplate\":\"https:\/\/demoweb.info\/sexshop001\/?s={search_term_string}\"},\"query-input\":\"required name=search_term_string\"}],\"inLanguage\":\"es\"}]}<\/script>\n<!-- \/ Yoast SEO plugin. -->","yoast_head_json":{"title":"JAPANESE BONDAGE - ESPOSAS DE SILICONA GRANDES- NEGRO - Tienda Er\u00f3tica","robots":{"index":"noindex","follow":"follow","max-snippet":"max-snippet:-1","max-image-preview":"max-image-preview:large","max-video-preview":"max-video-preview:-1"},"og_locale":"es_ES","og_type":"article","og_title":"JAPANESE BONDAGE - ESPOSAS DE SILICONA GRANDES- NEGRO - Tienda Er\u00f3tica","og_description":"JAPANESE BONDAGE &#8211; SILICONE CUFFS &#8211; LARGE Tanto para los principiantes como para los entusiastas de la moderaci\u00f3n, estas esposas","og_url":"https:\/\/demoweb.info\/sexshop001\/producto\/japanese-bondage-esposas-de-silicona-grandes-negro\/","og_site_name":"Tienda Er\u00f3tica","article_modified_time":"2022-01-22T17:18:17+00:00","og_image":[{"width":550,"height":550,"url":"https:\/\/demoweb.info\/sexshop001\/wp-content\/uploads\/2022\/01\/JAPANESE-BONDAGE-ESPOSAS-DE-SILICONA-GRANDES-NEGRO.jpg","type":"image\/jpeg"}],"twitter_card":"summary_large_image","schema":{"@context":"https:\/\/schema.org","@graph":[{"@type":"WebPage","@id":"https:\/\/demoweb.info\/sexshop001\/producto\/japanese-bondage-esposas-de-silicona-grandes-negro\/","url":"https:\/\/demoweb.info\/sexshop001\/producto\/japanese-bondage-esposas-de-silicona-grandes-negro\/","name":"JAPANESE BONDAGE - ESPOSAS DE SILICONA GRANDES- NEGRO - Tienda Er\u00f3tica","isPartOf":{"@id":"https:\/\/demoweb.info\/sexshop001\/#website"},"datePublished":"2022-01-22T17:18:11+00:00","dateModified":"2022-01-22T17:18:17+00:00","breadcrumb":{"@id":"https:\/\/demoweb.info\/sexshop001\/producto\/japanese-bondage-esposas-de-silicona-grandes-negro\/#breadcrumb"},"inLanguage":"es","potentialAction":[{"@type":"ReadAction","target":["https:\/\/demoweb.info\/sexshop001\/producto\/japanese-bondage-esposas-de-silicona-grandes-negro\/"]}]},{"@type":"BreadcrumbList","@id":"https:\/\/demoweb.info\/sexshop001\/producto\/japanese-bondage-esposas-de-silicona-grandes-negro\/#breadcrumb","itemListElement":[{"@type":"ListItem","position":1,"name":"Portada","item":"https:\/\/demoweb.info\/sexshop001\/"},{"@type":"ListItem","position":2,"name":"Tienda","item":"https:\/\/demoweb.info\/sexshop001\/tienda\/"},{"@type":"ListItem","position":3,"name":"JAPANESE BONDAGE &#8211; ESPOSAS DE SILICONA GRANDES- NEGRO"}]},{"@type":"WebSite","@id":"https:\/\/demoweb.info\/sexshop001\/#website","url":"https:\/\/demoweb.info\/sexshop001\/","name":"Tienda Er\u00f3tica","description":"DEMOWEB SL","potentialAction":[{"@type":"SearchAction","target":{"@type":"EntryPoint","urlTemplate":"https:\/\/demoweb.info\/sexshop001\/?s={search_term_string}"},"query-input":"required name=search_term_string"}],"inLanguage":"es"}]}},"_links":{"self":[{"href":"https:\/\/demoweb.info\/sexshop001\/wp-json\/wp\/v3\/product\/61738","targetHints":{"allow":["GET"]}}],"collection":[{"href":"https:\/\/demoweb.info\/sexshop001\/wp-json\/wp\/v3\/product"}],"about":[{"href":"https:\/\/demoweb.info\/sexshop001\/wp-json\/wp\/v2\/types\/product"}],"replies":[{"embeddable":true,"href":"https:\/\/demoweb.info\/sexshop001\/wp-json\/wp\/v2\/comments?post=61738"}],"wp:featuredmedia":[{"embeddable":true,"href":"https:\/\/demoweb.info\/sexshop001\/wp-json\/wp\/v2\/media\/61739"}],"wp:attachment":[{"href":"https:\/\/demoweb.info\/sexshop001\/wp-json\/wp\/v2\/media?parent=61738"}],"wp:term":[{"taxonomy":"product_cat","embeddable":true,"href":"https:\/\/demoweb.info\/sexshop001\/wp-json\/wp\/v2\/product_cat?post=61738"},{"taxonomy":"product_tag","embeddable":true,"href":"https:\/\/demoweb.info\/sexshop001\/wp-json\/wp\/v2\/product_tag?post=61738"}],"curies":[{"name":"wp","href":"https:\/\/api.w.org\/{rel}","templated":true}]}}