{"id":61612,"date":"2022-01-22T18:16:36","date_gmt":"2022-01-22T17:16:36","guid":{"rendered":"https:\/\/demoweb.info\/sexshop001\/producto\/deseo-trilogia-mount-3\/"},"modified":"2022-01-22T18:16:38","modified_gmt":"2022-01-22T17:16:38","slug":"deseo-trilogia-mount-3","status":"publish","type":"product","link":"https:\/\/demoweb.info\/sexshop001\/producto\/deseo-trilogia-mount-3\/","title":{"rendered":"DESEO (TRILOG\u00cdA MOUNT 3)"},"content":{"rendered":"<p><strong>DESEO (TRILOG\u00cdA MOUNT 3)<\/strong><\/p>\n<p><strong>Meghan March.<\/strong><\/p>\n<p>Deseo es la tercera entrega de la \u00abTrilog\u00eda Mount\u00bb, la sagabest seller deThe New York Times con m\u00e1s de 200.000 ejemplares vendidos en Estados Unidos.<\/p>\n<p><em>\u00abSiempre conservo lo que me pertenece. Y eso incluye a Keira Kilgore.Pero ya no me basta con que sea parte de mi deuda, con poseer su cuerpo. Quiero algo m\u00e1s. Quiz\u00e1 intente resistirse, pero jam\u00e1s renunciar\u00e9 a Keira. Nada nos separar\u00e1. Ni ella ni mis enemigos. Nadie.Solo hay un modo de que pague su deuda: con sucoraz\u00f3n.\u00bb<\/em><\/p>\n<p>Cuando Keira resulta herida, Mount jura no detenerse ante nada para salvarla y vengarla. Aquellos que al atacarla intentaron hacerle da\u00f1o a \u00e9l, pagar\u00e1n con su vida. Pero Keira tiene el mismo af\u00e1n de venganza que Mount. Ella tambi\u00e9n quiere que paguen aquellos cuya intenci\u00f3n era perjudicar al hombre al que -ya no puede negarlo- ama sin remedio.<\/p>\n<p>En sus pasiones y en sus deseos, Keira y Mount han encontrado el camino que ha de mantenerlos unidos. Siempre y cuando sus enemigos no acaben con su historia de amor.<\/p>\n<ul>\n<li>256 P\u00e1ginas.<\/li>\n<li>Tapa blanda<\/li>\n<\/ul>\n","protected":false},"excerpt":{"rendered":"<p>DESEO (TRILOG\u00cdA MOUNT 3) Meghan March. Deseo es la tercera entrega de la \u00abTrilog\u00eda Mount\u00bb, la sagabest seller deThe New<\/p>\n","protected":false},"featured_media":61613,"comment_status":"open","ping_status":"open","template":"","meta":[],"product_cat":[414],"product_tag":[415,608],"class_list":["post-61612","product","type-product","status-publish","has-post-thumbnail","hentry","product_cat-libros","product_tag-random-house","product_tag-vergara"],"bundled_by":[],"bundle_stock_status":"instock","bundle_stock_quantity":1,"bundle_virtual":false,"bundle_layout":"","bundle_add_to_cart_form_location":"","bundle_editable_in_cart":false,"bundle_sold_individually_context":"","bundle_item_grouping":"","bundle_min_size":"","bundle_max_size":"","bundled_items":[],"yoast_head":"<!-- This site is optimized with the Yoast SEO plugin v20.6 - https:\/\/yoast.com\/wordpress\/plugins\/seo\/ -->\n<title>DESEO (TRILOG\u00cdA MOUNT 3) - Tienda Er\u00f3tica<\/title>\n<meta name=\"robots\" content=\"noindex, follow, max-snippet:-1, max-image-preview:large, max-video-preview:-1\" \/>\n<meta property=\"og:locale\" content=\"es_ES\" \/>\n<meta property=\"og:type\" content=\"article\" \/>\n<meta property=\"og:title\" content=\"DESEO (TRILOG\u00cdA MOUNT 3) - Tienda Er\u00f3tica\" \/>\n<meta property=\"og:description\" content=\"DESEO (TRILOG\u00cdA MOUNT 3) Meghan March. Deseo es la tercera entrega de la \u00abTrilog\u00eda Mount\u00bb, la sagabest seller deThe New\" \/>\n<meta property=\"og:url\" content=\"https:\/\/demoweb.info\/sexshop001\/producto\/deseo-trilogia-mount-3\/\" \/>\n<meta property=\"og:site_name\" content=\"Tienda Er\u00f3tica\" \/>\n<meta property=\"article:modified_time\" content=\"2022-01-22T17:16:38+00:00\" \/>\n<meta property=\"og:image\" content=\"https:\/\/demoweb.info\/sexshop001\/wp-content\/uploads\/2022\/01\/DESEO-TRILOGIA-MOUNT-3.jpg\" \/>\n\t<meta property=\"og:image:width\" content=\"550\" \/>\n\t<meta property=\"og:image:height\" content=\"550\" \/>\n\t<meta property=\"og:image:type\" content=\"image\/jpeg\" \/>\n<meta name=\"twitter:card\" content=\"summary_large_image\" \/>\n<meta name=\"twitter:label1\" content=\"Tiempo de lectura\" \/>\n\t<meta name=\"twitter:data1\" content=\"1 minuto\" \/>\n<script type=\"application\/ld+json\" class=\"yoast-schema-graph\">{\"@context\":\"https:\/\/schema.org\",\"@graph\":[{\"@type\":\"WebPage\",\"@id\":\"https:\/\/demoweb.info\/sexshop001\/producto\/deseo-trilogia-mount-3\/\",\"url\":\"https:\/\/demoweb.info\/sexshop001\/producto\/deseo-trilogia-mount-3\/\",\"name\":\"DESEO (TRILOG\u00cdA MOUNT 3) - Tienda Er\u00f3tica\",\"isPartOf\":{\"@id\":\"https:\/\/demoweb.info\/sexshop001\/#website\"},\"datePublished\":\"2022-01-22T17:16:36+00:00\",\"dateModified\":\"2022-01-22T17:16:38+00:00\",\"breadcrumb\":{\"@id\":\"https:\/\/demoweb.info\/sexshop001\/producto\/deseo-trilogia-mount-3\/#breadcrumb\"},\"inLanguage\":\"es\",\"potentialAction\":[{\"@type\":\"ReadAction\",\"target\":[\"https:\/\/demoweb.info\/sexshop001\/producto\/deseo-trilogia-mount-3\/\"]}]},{\"@type\":\"BreadcrumbList\",\"@id\":\"https:\/\/demoweb.info\/sexshop001\/producto\/deseo-trilogia-mount-3\/#breadcrumb\",\"itemListElement\":[{\"@type\":\"ListItem\",\"position\":1,\"name\":\"Portada\",\"item\":\"https:\/\/demoweb.info\/sexshop001\/\"},{\"@type\":\"ListItem\",\"position\":2,\"name\":\"Tienda\",\"item\":\"https:\/\/demoweb.info\/sexshop001\/tienda\/\"},{\"@type\":\"ListItem\",\"position\":3,\"name\":\"DESEO (TRILOG\u00cdA MOUNT 3)\"}]},{\"@type\":\"WebSite\",\"@id\":\"https:\/\/demoweb.info\/sexshop001\/#website\",\"url\":\"https:\/\/demoweb.info\/sexshop001\/\",\"name\":\"Tienda Er\u00f3tica\",\"description\":\"DEMOWEB SL\",\"potentialAction\":[{\"@type\":\"SearchAction\",\"target\":{\"@type\":\"EntryPoint\",\"urlTemplate\":\"https:\/\/demoweb.info\/sexshop001\/?s={search_term_string}\"},\"query-input\":\"required name=search_term_string\"}],\"inLanguage\":\"es\"}]}<\/script>\n<!-- \/ Yoast SEO plugin. -->","yoast_head_json":{"title":"DESEO (TRILOG\u00cdA MOUNT 3) - Tienda Er\u00f3tica","robots":{"index":"noindex","follow":"follow","max-snippet":"max-snippet:-1","max-image-preview":"max-image-preview:large","max-video-preview":"max-video-preview:-1"},"og_locale":"es_ES","og_type":"article","og_title":"DESEO (TRILOG\u00cdA MOUNT 3) - Tienda Er\u00f3tica","og_description":"DESEO (TRILOG\u00cdA MOUNT 3) Meghan March. Deseo es la tercera entrega de la \u00abTrilog\u00eda Mount\u00bb, la sagabest seller deThe New","og_url":"https:\/\/demoweb.info\/sexshop001\/producto\/deseo-trilogia-mount-3\/","og_site_name":"Tienda Er\u00f3tica","article_modified_time":"2022-01-22T17:16:38+00:00","og_image":[{"width":550,"height":550,"url":"https:\/\/demoweb.info\/sexshop001\/wp-content\/uploads\/2022\/01\/DESEO-TRILOGIA-MOUNT-3.jpg","type":"image\/jpeg"}],"twitter_card":"summary_large_image","twitter_misc":{"Tiempo de lectura":"1 minuto"},"schema":{"@context":"https:\/\/schema.org","@graph":[{"@type":"WebPage","@id":"https:\/\/demoweb.info\/sexshop001\/producto\/deseo-trilogia-mount-3\/","url":"https:\/\/demoweb.info\/sexshop001\/producto\/deseo-trilogia-mount-3\/","name":"DESEO (TRILOG\u00cdA MOUNT 3) - Tienda Er\u00f3tica","isPartOf":{"@id":"https:\/\/demoweb.info\/sexshop001\/#website"},"datePublished":"2022-01-22T17:16:36+00:00","dateModified":"2022-01-22T17:16:38+00:00","breadcrumb":{"@id":"https:\/\/demoweb.info\/sexshop001\/producto\/deseo-trilogia-mount-3\/#breadcrumb"},"inLanguage":"es","potentialAction":[{"@type":"ReadAction","target":["https:\/\/demoweb.info\/sexshop001\/producto\/deseo-trilogia-mount-3\/"]}]},{"@type":"BreadcrumbList","@id":"https:\/\/demoweb.info\/sexshop001\/producto\/deseo-trilogia-mount-3\/#breadcrumb","itemListElement":[{"@type":"ListItem","position":1,"name":"Portada","item":"https:\/\/demoweb.info\/sexshop001\/"},{"@type":"ListItem","position":2,"name":"Tienda","item":"https:\/\/demoweb.info\/sexshop001\/tienda\/"},{"@type":"ListItem","position":3,"name":"DESEO (TRILOG\u00cdA MOUNT 3)"}]},{"@type":"WebSite","@id":"https:\/\/demoweb.info\/sexshop001\/#website","url":"https:\/\/demoweb.info\/sexshop001\/","name":"Tienda Er\u00f3tica","description":"DEMOWEB SL","potentialAction":[{"@type":"SearchAction","target":{"@type":"EntryPoint","urlTemplate":"https:\/\/demoweb.info\/sexshop001\/?s={search_term_string}"},"query-input":"required name=search_term_string"}],"inLanguage":"es"}]}},"_links":{"self":[{"href":"https:\/\/demoweb.info\/sexshop001\/wp-json\/wp\/v3\/product\/61612","targetHints":{"allow":["GET"]}}],"collection":[{"href":"https:\/\/demoweb.info\/sexshop001\/wp-json\/wp\/v3\/product"}],"about":[{"href":"https:\/\/demoweb.info\/sexshop001\/wp-json\/wp\/v2\/types\/product"}],"replies":[{"embeddable":true,"href":"https:\/\/demoweb.info\/sexshop001\/wp-json\/wp\/v2\/comments?post=61612"}],"wp:featuredmedia":[{"embeddable":true,"href":"https:\/\/demoweb.info\/sexshop001\/wp-json\/wp\/v2\/media\/61613"}],"wp:attachment":[{"href":"https:\/\/demoweb.info\/sexshop001\/wp-json\/wp\/v2\/media?parent=61612"}],"wp:term":[{"taxonomy":"product_cat","embeddable":true,"href":"https:\/\/demoweb.info\/sexshop001\/wp-json\/wp\/v2\/product_cat?post=61612"},{"taxonomy":"product_tag","embeddable":true,"href":"https:\/\/demoweb.info\/sexshop001\/wp-json\/wp\/v2\/product_tag?post=61612"}],"curies":[{"name":"wp","href":"https:\/\/api.w.org\/{rel}","templated":true}]}}