{"id":61607,"date":"2022-01-22T18:16:21","date_gmt":"2022-01-22T17:16:21","guid":{"rendered":"https:\/\/demoweb.info\/sexshop001\/producto\/bioglide-lubricante-neutro-vegano-500-ml\/"},"modified":"2022-01-22T18:16:33","modified_gmt":"2022-01-22T17:16:33","slug":"bioglide-lubricante-neutro-vegano-500-ml","status":"publish","type":"product","link":"https:\/\/demoweb.info\/sexshop001\/producto\/bioglide-lubricante-neutro-vegano-500-ml\/","title":{"rendered":"BIOGLIDE LUBRICANTE NEUTRO VEGANO 500 ML"},"content":{"rendered":"<p><strong>BIOGLIDE NEUTRAL 500ML <\/strong><\/p>\n<p>Lubricante vegano neutro: la alternativa inodora e ins\u00edpida, combina una lubricidad prolongada con componentes naturales certificados.<\/p>\n<p>Totalmente libre de fragancias sint\u00e9ticas, colores y conservantes, BIOglide hace que la aplicaci\u00f3n sea un placer.<\/p>\n<p>Caracter\u00edsticas:<\/p>\n<ul>\n<li>Ingredientes naturales, placer natural: 100% natural + lubricante vegano.<\/li>\n<li>Sin fragancias sint\u00e9ticas, colores y conservantes.<\/li>\n<li>Certificado est\u00e1ndar de Producto Natural aprobado por BDiH<\/li>\n<li>Probado dermatol\u00f3gicamente y cl\u00ednicamente.<\/li>\n<li>CO2 neutro<\/li>\n<li>Dispositivo medico clase 1<\/li>\n<li>PH optimizado<\/li>\n<li>Soluble en agua y sin grasa<\/li>\n<\/ul>\n<p>Ingredientes: Glicerol, Aqua, Lactato de Sodio, Goma de Xantano, \u00c1cido Levul\u00ednico, Levulinato de Sodio<\/p>\n<p>Tanto en el amor como en los productos BIO, se aplican los m\u00e1s altos est\u00e1ndares. El 100% natural y vegano BIOglide est\u00e1 especialmente formulado para apoyar suavemente la hidrataci\u00f3n vaginal y aliviar dolencias \u00edntimas para restaurar una sexualidad sin preocupaciones.<\/p>\n<p>Contiene: 500 ml<\/p>\n<p>El BIOglide, sedoso, hidratante y sin aceite, permite que su vida amorosa florezca.<\/p>\n","protected":false},"excerpt":{"rendered":"<p>BIOGLIDE NEUTRAL 500ML Lubricante vegano neutro: la alternativa inodora e ins\u00edpida, combina una lubricidad prolongada con componentes naturales certificados. Totalmente<\/p>\n","protected":false},"featured_media":61608,"comment_status":"open","ping_status":"open","template":"","meta":[],"product_cat":[516],"product_tag":[1184,725],"class_list":["post-61607","product","type-product","status-publish","has-post-thumbnail","hentry","product_cat-linea-bio-aceites-y-lubricantes","product_tag-bioglide","product_tag-joydivision"],"bundled_by":[],"bundle_stock_status":"instock","bundle_stock_quantity":12,"bundle_virtual":false,"bundle_layout":"","bundle_add_to_cart_form_location":"","bundle_editable_in_cart":false,"bundle_sold_individually_context":"","bundle_item_grouping":"","bundle_min_size":"","bundle_max_size":"","bundled_items":[],"yoast_head":"<!-- This site is optimized with the Yoast SEO plugin v20.6 - https:\/\/yoast.com\/wordpress\/plugins\/seo\/ -->\n<title>BIOGLIDE LUBRICANTE NEUTRO VEGANO 500 ML - Tienda Er\u00f3tica<\/title>\n<meta name=\"robots\" content=\"noindex, follow, max-snippet:-1, max-image-preview:large, max-video-preview:-1\" \/>\n<meta property=\"og:locale\" content=\"es_ES\" \/>\n<meta property=\"og:type\" content=\"article\" \/>\n<meta property=\"og:title\" content=\"BIOGLIDE LUBRICANTE NEUTRO VEGANO 500 ML - Tienda Er\u00f3tica\" \/>\n<meta property=\"og:description\" content=\"BIOGLIDE NEUTRAL 500ML Lubricante vegano neutro: la alternativa inodora e ins\u00edpida, combina una lubricidad prolongada con componentes naturales certificados. Totalmente\" \/>\n<meta property=\"og:url\" content=\"https:\/\/demoweb.info\/sexshop001\/producto\/bioglide-lubricante-neutro-vegano-500-ml\/\" \/>\n<meta property=\"og:site_name\" content=\"Tienda Er\u00f3tica\" \/>\n<meta property=\"article:modified_time\" content=\"2022-01-22T17:16:33+00:00\" \/>\n<meta property=\"og:image\" content=\"https:\/\/demoweb.info\/sexshop001\/wp-content\/uploads\/2022\/01\/BIOGLIDE-LUBRICANTE-NEUTRO-VEGANO-500-ML.jpg\" \/>\n\t<meta property=\"og:image:width\" content=\"550\" \/>\n\t<meta property=\"og:image:height\" content=\"550\" \/>\n\t<meta property=\"og:image:type\" content=\"image\/jpeg\" \/>\n<meta name=\"twitter:card\" content=\"summary_large_image\" \/>\n<meta name=\"twitter:label1\" content=\"Tiempo de lectura\" \/>\n\t<meta name=\"twitter:data1\" content=\"1 minuto\" \/>\n<script type=\"application\/ld+json\" class=\"yoast-schema-graph\">{\"@context\":\"https:\/\/schema.org\",\"@graph\":[{\"@type\":\"WebPage\",\"@id\":\"https:\/\/demoweb.info\/sexshop001\/producto\/bioglide-lubricante-neutro-vegano-500-ml\/\",\"url\":\"https:\/\/demoweb.info\/sexshop001\/producto\/bioglide-lubricante-neutro-vegano-500-ml\/\",\"name\":\"BIOGLIDE LUBRICANTE NEUTRO VEGANO 500 ML - Tienda Er\u00f3tica\",\"isPartOf\":{\"@id\":\"https:\/\/demoweb.info\/sexshop001\/#website\"},\"datePublished\":\"2022-01-22T17:16:21+00:00\",\"dateModified\":\"2022-01-22T17:16:33+00:00\",\"breadcrumb\":{\"@id\":\"https:\/\/demoweb.info\/sexshop001\/producto\/bioglide-lubricante-neutro-vegano-500-ml\/#breadcrumb\"},\"inLanguage\":\"es\",\"potentialAction\":[{\"@type\":\"ReadAction\",\"target\":[\"https:\/\/demoweb.info\/sexshop001\/producto\/bioglide-lubricante-neutro-vegano-500-ml\/\"]}]},{\"@type\":\"BreadcrumbList\",\"@id\":\"https:\/\/demoweb.info\/sexshop001\/producto\/bioglide-lubricante-neutro-vegano-500-ml\/#breadcrumb\",\"itemListElement\":[{\"@type\":\"ListItem\",\"position\":1,\"name\":\"Portada\",\"item\":\"https:\/\/demoweb.info\/sexshop001\/\"},{\"@type\":\"ListItem\",\"position\":2,\"name\":\"Tienda\",\"item\":\"https:\/\/demoweb.info\/sexshop001\/tienda\/\"},{\"@type\":\"ListItem\",\"position\":3,\"name\":\"BIOGLIDE LUBRICANTE NEUTRO VEGANO 500 ML\"}]},{\"@type\":\"WebSite\",\"@id\":\"https:\/\/demoweb.info\/sexshop001\/#website\",\"url\":\"https:\/\/demoweb.info\/sexshop001\/\",\"name\":\"Tienda Er\u00f3tica\",\"description\":\"DEMOWEB SL\",\"potentialAction\":[{\"@type\":\"SearchAction\",\"target\":{\"@type\":\"EntryPoint\",\"urlTemplate\":\"https:\/\/demoweb.info\/sexshop001\/?s={search_term_string}\"},\"query-input\":\"required name=search_term_string\"}],\"inLanguage\":\"es\"}]}<\/script>\n<!-- \/ Yoast SEO plugin. -->","yoast_head_json":{"title":"BIOGLIDE LUBRICANTE NEUTRO VEGANO 500 ML - Tienda Er\u00f3tica","robots":{"index":"noindex","follow":"follow","max-snippet":"max-snippet:-1","max-image-preview":"max-image-preview:large","max-video-preview":"max-video-preview:-1"},"og_locale":"es_ES","og_type":"article","og_title":"BIOGLIDE LUBRICANTE NEUTRO VEGANO 500 ML - Tienda Er\u00f3tica","og_description":"BIOGLIDE NEUTRAL 500ML Lubricante vegano neutro: la alternativa inodora e ins\u00edpida, combina una lubricidad prolongada con componentes naturales certificados. Totalmente","og_url":"https:\/\/demoweb.info\/sexshop001\/producto\/bioglide-lubricante-neutro-vegano-500-ml\/","og_site_name":"Tienda Er\u00f3tica","article_modified_time":"2022-01-22T17:16:33+00:00","og_image":[{"width":550,"height":550,"url":"https:\/\/demoweb.info\/sexshop001\/wp-content\/uploads\/2022\/01\/BIOGLIDE-LUBRICANTE-NEUTRO-VEGANO-500-ML.jpg","type":"image\/jpeg"}],"twitter_card":"summary_large_image","twitter_misc":{"Tiempo de lectura":"1 minuto"},"schema":{"@context":"https:\/\/schema.org","@graph":[{"@type":"WebPage","@id":"https:\/\/demoweb.info\/sexshop001\/producto\/bioglide-lubricante-neutro-vegano-500-ml\/","url":"https:\/\/demoweb.info\/sexshop001\/producto\/bioglide-lubricante-neutro-vegano-500-ml\/","name":"BIOGLIDE LUBRICANTE NEUTRO VEGANO 500 ML - Tienda Er\u00f3tica","isPartOf":{"@id":"https:\/\/demoweb.info\/sexshop001\/#website"},"datePublished":"2022-01-22T17:16:21+00:00","dateModified":"2022-01-22T17:16:33+00:00","breadcrumb":{"@id":"https:\/\/demoweb.info\/sexshop001\/producto\/bioglide-lubricante-neutro-vegano-500-ml\/#breadcrumb"},"inLanguage":"es","potentialAction":[{"@type":"ReadAction","target":["https:\/\/demoweb.info\/sexshop001\/producto\/bioglide-lubricante-neutro-vegano-500-ml\/"]}]},{"@type":"BreadcrumbList","@id":"https:\/\/demoweb.info\/sexshop001\/producto\/bioglide-lubricante-neutro-vegano-500-ml\/#breadcrumb","itemListElement":[{"@type":"ListItem","position":1,"name":"Portada","item":"https:\/\/demoweb.info\/sexshop001\/"},{"@type":"ListItem","position":2,"name":"Tienda","item":"https:\/\/demoweb.info\/sexshop001\/tienda\/"},{"@type":"ListItem","position":3,"name":"BIOGLIDE LUBRICANTE NEUTRO VEGANO 500 ML"}]},{"@type":"WebSite","@id":"https:\/\/demoweb.info\/sexshop001\/#website","url":"https:\/\/demoweb.info\/sexshop001\/","name":"Tienda Er\u00f3tica","description":"DEMOWEB SL","potentialAction":[{"@type":"SearchAction","target":{"@type":"EntryPoint","urlTemplate":"https:\/\/demoweb.info\/sexshop001\/?s={search_term_string}"},"query-input":"required name=search_term_string"}],"inLanguage":"es"}]}},"_links":{"self":[{"href":"https:\/\/demoweb.info\/sexshop001\/wp-json\/wp\/v3\/product\/61607","targetHints":{"allow":["GET"]}}],"collection":[{"href":"https:\/\/demoweb.info\/sexshop001\/wp-json\/wp\/v3\/product"}],"about":[{"href":"https:\/\/demoweb.info\/sexshop001\/wp-json\/wp\/v2\/types\/product"}],"replies":[{"embeddable":true,"href":"https:\/\/demoweb.info\/sexshop001\/wp-json\/wp\/v2\/comments?post=61607"}],"wp:featuredmedia":[{"embeddable":true,"href":"https:\/\/demoweb.info\/sexshop001\/wp-json\/wp\/v2\/media\/61608"}],"wp:attachment":[{"href":"https:\/\/demoweb.info\/sexshop001\/wp-json\/wp\/v2\/media?parent=61607"}],"wp:term":[{"taxonomy":"product_cat","embeddable":true,"href":"https:\/\/demoweb.info\/sexshop001\/wp-json\/wp\/v2\/product_cat?post=61607"},{"taxonomy":"product_tag","embeddable":true,"href":"https:\/\/demoweb.info\/sexshop001\/wp-json\/wp\/v2\/product_tag?post=61607"}],"curies":[{"name":"wp","href":"https:\/\/api.w.org\/{rel}","templated":true}]}}