{"id":61593,"date":"2022-01-22T18:16:21","date_gmt":"2022-01-22T17:16:21","guid":{"rendered":"https:\/\/demoweb.info\/sexshop001\/producto\/cbl-crema-lubricante-fists-de-silicona-1000ml\/"},"modified":"2022-01-22T18:16:24","modified_gmt":"2022-01-22T17:16:24","slug":"cbl-crema-lubricante-fists-de-silicona-1000ml","status":"publish","type":"product","link":"https:\/\/demoweb.info\/sexshop001\/producto\/cbl-crema-lubricante-fists-de-silicona-1000ml\/","title":{"rendered":"CBL CREMA LUBRICANTE FISTS DE SILICONA 1000ML"},"content":{"rendered":"<p><strong>CBL LUBRICATING CREAM FISTS 1000ML<\/strong><\/p>\n<p>CBL Lubricating Cream Fists es una crema a base de silicona que hidrata y suaviza la piel para realzar su experiencia sensual.<\/p>\n<p>Esta crema \u00edntima tiene un efecto hidratante. Da m\u00e1s comodidad durante las actividades de juego sensual m\u00e1s pesadas, lo que hace que esta experiencia sea m\u00e1s intensa. CBL Lubricating Cream Fists no se absorbe por la piel, lo que crea una sensaci\u00f3n de deslizamiento placentera y duradera.<\/p>\n<p>Contiene: 1000 ml<\/p>\n","protected":false},"excerpt":{"rendered":"<p>CBL LUBRICATING CREAM FISTS 1000ML CBL Lubricating Cream Fists es una crema a base de silicona que hidrata y suaviza<\/p>\n","protected":false},"featured_media":61594,"comment_status":"open","ping_status":"open","template":"","meta":[],"product_cat":[754],"product_tag":[698,409],"class_list":["post-61593","product","type-product","status-publish","has-post-thumbnail","hentry","product_cat-silicona-lubricantes","product_tag-cobeco-bodylube","product_tag-cobeco-pharma"],"bundled_by":[],"bundle_stock_status":"outofstock","bundle_stock_quantity":0,"bundle_virtual":false,"bundle_layout":"","bundle_add_to_cart_form_location":"","bundle_editable_in_cart":false,"bundle_sold_individually_context":"","bundle_item_grouping":"","bundle_min_size":"","bundle_max_size":"","bundled_items":[],"yoast_head":"<!-- This site is optimized with the Yoast SEO plugin v20.6 - https:\/\/yoast.com\/wordpress\/plugins\/seo\/ -->\n<title>CBL CREMA LUBRICANTE FISTS DE SILICONA 1000ML - Tienda Er\u00f3tica<\/title>\n<meta name=\"robots\" content=\"noindex, follow, max-snippet:-1, max-image-preview:large, max-video-preview:-1\" \/>\n<meta property=\"og:locale\" content=\"es_ES\" \/>\n<meta property=\"og:type\" content=\"article\" \/>\n<meta property=\"og:title\" content=\"CBL CREMA LUBRICANTE FISTS DE SILICONA 1000ML - Tienda Er\u00f3tica\" \/>\n<meta property=\"og:description\" content=\"CBL LUBRICATING CREAM FISTS 1000ML CBL Lubricating Cream Fists es una crema a base de silicona que hidrata y suaviza\" \/>\n<meta property=\"og:url\" content=\"https:\/\/demoweb.info\/sexshop001\/producto\/cbl-crema-lubricante-fists-de-silicona-1000ml\/\" \/>\n<meta property=\"og:site_name\" content=\"Tienda Er\u00f3tica\" \/>\n<meta property=\"article:modified_time\" content=\"2022-01-22T17:16:24+00:00\" \/>\n<meta property=\"og:image\" content=\"https:\/\/demoweb.info\/sexshop001\/wp-content\/uploads\/2022\/01\/CBL-CREMA-LUBRICANTE-FISTS-DE-SILICONA-1000ML.jpg\" \/>\n\t<meta property=\"og:image:width\" content=\"550\" \/>\n\t<meta property=\"og:image:height\" content=\"550\" \/>\n\t<meta property=\"og:image:type\" content=\"image\/jpeg\" \/>\n<meta name=\"twitter:card\" content=\"summary_large_image\" \/>\n<script type=\"application\/ld+json\" class=\"yoast-schema-graph\">{\"@context\":\"https:\/\/schema.org\",\"@graph\":[{\"@type\":\"WebPage\",\"@id\":\"https:\/\/demoweb.info\/sexshop001\/producto\/cbl-crema-lubricante-fists-de-silicona-1000ml\/\",\"url\":\"https:\/\/demoweb.info\/sexshop001\/producto\/cbl-crema-lubricante-fists-de-silicona-1000ml\/\",\"name\":\"CBL CREMA LUBRICANTE FISTS DE SILICONA 1000ML - Tienda Er\u00f3tica\",\"isPartOf\":{\"@id\":\"https:\/\/demoweb.info\/sexshop001\/#website\"},\"datePublished\":\"2022-01-22T17:16:21+00:00\",\"dateModified\":\"2022-01-22T17:16:24+00:00\",\"breadcrumb\":{\"@id\":\"https:\/\/demoweb.info\/sexshop001\/producto\/cbl-crema-lubricante-fists-de-silicona-1000ml\/#breadcrumb\"},\"inLanguage\":\"es\",\"potentialAction\":[{\"@type\":\"ReadAction\",\"target\":[\"https:\/\/demoweb.info\/sexshop001\/producto\/cbl-crema-lubricante-fists-de-silicona-1000ml\/\"]}]},{\"@type\":\"BreadcrumbList\",\"@id\":\"https:\/\/demoweb.info\/sexshop001\/producto\/cbl-crema-lubricante-fists-de-silicona-1000ml\/#breadcrumb\",\"itemListElement\":[{\"@type\":\"ListItem\",\"position\":1,\"name\":\"Portada\",\"item\":\"https:\/\/demoweb.info\/sexshop001\/\"},{\"@type\":\"ListItem\",\"position\":2,\"name\":\"Tienda\",\"item\":\"https:\/\/demoweb.info\/sexshop001\/tienda\/\"},{\"@type\":\"ListItem\",\"position\":3,\"name\":\"CBL CREMA LUBRICANTE FISTS DE SILICONA 1000ML\"}]},{\"@type\":\"WebSite\",\"@id\":\"https:\/\/demoweb.info\/sexshop001\/#website\",\"url\":\"https:\/\/demoweb.info\/sexshop001\/\",\"name\":\"Tienda Er\u00f3tica\",\"description\":\"DEMOWEB SL\",\"potentialAction\":[{\"@type\":\"SearchAction\",\"target\":{\"@type\":\"EntryPoint\",\"urlTemplate\":\"https:\/\/demoweb.info\/sexshop001\/?s={search_term_string}\"},\"query-input\":\"required name=search_term_string\"}],\"inLanguage\":\"es\"}]}<\/script>\n<!-- \/ Yoast SEO plugin. -->","yoast_head_json":{"title":"CBL CREMA LUBRICANTE FISTS DE SILICONA 1000ML - Tienda Er\u00f3tica","robots":{"index":"noindex","follow":"follow","max-snippet":"max-snippet:-1","max-image-preview":"max-image-preview:large","max-video-preview":"max-video-preview:-1"},"og_locale":"es_ES","og_type":"article","og_title":"CBL CREMA LUBRICANTE FISTS DE SILICONA 1000ML - Tienda Er\u00f3tica","og_description":"CBL LUBRICATING CREAM FISTS 1000ML CBL Lubricating Cream Fists es una crema a base de silicona que hidrata y suaviza","og_url":"https:\/\/demoweb.info\/sexshop001\/producto\/cbl-crema-lubricante-fists-de-silicona-1000ml\/","og_site_name":"Tienda Er\u00f3tica","article_modified_time":"2022-01-22T17:16:24+00:00","og_image":[{"width":550,"height":550,"url":"https:\/\/demoweb.info\/sexshop001\/wp-content\/uploads\/2022\/01\/CBL-CREMA-LUBRICANTE-FISTS-DE-SILICONA-1000ML.jpg","type":"image\/jpeg"}],"twitter_card":"summary_large_image","schema":{"@context":"https:\/\/schema.org","@graph":[{"@type":"WebPage","@id":"https:\/\/demoweb.info\/sexshop001\/producto\/cbl-crema-lubricante-fists-de-silicona-1000ml\/","url":"https:\/\/demoweb.info\/sexshop001\/producto\/cbl-crema-lubricante-fists-de-silicona-1000ml\/","name":"CBL CREMA LUBRICANTE FISTS DE SILICONA 1000ML - Tienda Er\u00f3tica","isPartOf":{"@id":"https:\/\/demoweb.info\/sexshop001\/#website"},"datePublished":"2022-01-22T17:16:21+00:00","dateModified":"2022-01-22T17:16:24+00:00","breadcrumb":{"@id":"https:\/\/demoweb.info\/sexshop001\/producto\/cbl-crema-lubricante-fists-de-silicona-1000ml\/#breadcrumb"},"inLanguage":"es","potentialAction":[{"@type":"ReadAction","target":["https:\/\/demoweb.info\/sexshop001\/producto\/cbl-crema-lubricante-fists-de-silicona-1000ml\/"]}]},{"@type":"BreadcrumbList","@id":"https:\/\/demoweb.info\/sexshop001\/producto\/cbl-crema-lubricante-fists-de-silicona-1000ml\/#breadcrumb","itemListElement":[{"@type":"ListItem","position":1,"name":"Portada","item":"https:\/\/demoweb.info\/sexshop001\/"},{"@type":"ListItem","position":2,"name":"Tienda","item":"https:\/\/demoweb.info\/sexshop001\/tienda\/"},{"@type":"ListItem","position":3,"name":"CBL CREMA LUBRICANTE FISTS DE SILICONA 1000ML"}]},{"@type":"WebSite","@id":"https:\/\/demoweb.info\/sexshop001\/#website","url":"https:\/\/demoweb.info\/sexshop001\/","name":"Tienda Er\u00f3tica","description":"DEMOWEB SL","potentialAction":[{"@type":"SearchAction","target":{"@type":"EntryPoint","urlTemplate":"https:\/\/demoweb.info\/sexshop001\/?s={search_term_string}"},"query-input":"required name=search_term_string"}],"inLanguage":"es"}]}},"_links":{"self":[{"href":"https:\/\/demoweb.info\/sexshop001\/wp-json\/wp\/v3\/product\/61593","targetHints":{"allow":["GET"]}}],"collection":[{"href":"https:\/\/demoweb.info\/sexshop001\/wp-json\/wp\/v3\/product"}],"about":[{"href":"https:\/\/demoweb.info\/sexshop001\/wp-json\/wp\/v2\/types\/product"}],"replies":[{"embeddable":true,"href":"https:\/\/demoweb.info\/sexshop001\/wp-json\/wp\/v2\/comments?post=61593"}],"wp:featuredmedia":[{"embeddable":true,"href":"https:\/\/demoweb.info\/sexshop001\/wp-json\/wp\/v2\/media\/61594"}],"wp:attachment":[{"href":"https:\/\/demoweb.info\/sexshop001\/wp-json\/wp\/v2\/media?parent=61593"}],"wp:term":[{"taxonomy":"product_cat","embeddable":true,"href":"https:\/\/demoweb.info\/sexshop001\/wp-json\/wp\/v2\/product_cat?post=61593"},{"taxonomy":"product_tag","embeddable":true,"href":"https:\/\/demoweb.info\/sexshop001\/wp-json\/wp\/v2\/product_tag?post=61593"}],"curies":[{"name":"wp","href":"https:\/\/api.w.org\/{rel}","templated":true}]}}