{"id":61574,"date":"2022-01-22T18:15:47","date_gmt":"2022-01-22T17:15:47","guid":{"rendered":"https:\/\/demoweb.info\/sexshop001\/producto\/dominus-plug-vibrador-dorado\/"},"modified":"2022-01-22T18:16:10","modified_gmt":"2022-01-22T17:16:10","slug":"dominus-plug-vibrador-dorado","status":"publish","type":"product","link":"https:\/\/demoweb.info\/sexshop001\/producto\/dominus-plug-vibrador-dorado\/","title":{"rendered":"DOMINUS &#8211; PLUG VIBRADOR DORADO"},"content":{"rendered":"<p><strong>DOMINUS<\/strong><\/p>\n<p>El Dr. Rocco te llevar\u00e1 a una aventura en lo m\u00e1s profundo de tu imaginaci\u00f3n. Del\u00e9itate con los dispositivos y excepcionales aparatos que excitar\u00e1n, estimular\u00e1n y satisfar\u00e1n los apetitos sexuales m\u00e1s aventureros.<\/p>\n<p>Confeccionados de forma \u00fanica para prolongar la diversi\u00f3n de una fantas\u00eda verdaderamente org\u00e1smica. Ha llegado el momento de que os at\u00e9is los cors\u00e9s, os agarr\u00e9is bien y disfrut\u00e9is del viaje.<\/p>\n<p>Caracter\u00edsticas:<\/p>\n<ul>\n<li>Dilatador estimulador anal para caballero<\/li>\n<li>Se adapta de manera firme y segura<\/li>\n<li>10 potentes funciones de vibraci\u00f3n<\/li>\n<li>Material de grado m\u00e9dico<\/li>\n<li>100 % resistente al agua y completamente sumergible<\/li>\n<li>Funciona con 1 pila AAA, incluida.<\/li>\n<\/ul>\n","protected":false},"excerpt":{"rendered":"<p>DOMINUS El Dr. Rocco te llevar\u00e1 a una aventura en lo m\u00e1s profundo de tu imaginaci\u00f3n. Del\u00e9itate con los dispositivos<\/p>\n","protected":false},"featured_media":61575,"comment_status":"open","ping_status":"open","template":"","meta":[],"product_cat":[295],"product_tag":[1604,413],"class_list":["post-61574","product","type-product","status-publish","has-post-thumbnail","hentry","product_cat-vibradores-plugs","product_tag-dr-rocco","product_tag-rocks-off"],"bundled_by":[],"bundle_stock_status":"instock","bundle_stock_quantity":1,"bundle_virtual":false,"bundle_layout":"","bundle_add_to_cart_form_location":"","bundle_editable_in_cart":false,"bundle_sold_individually_context":"","bundle_item_grouping":"","bundle_min_size":"","bundle_max_size":"","bundled_items":[],"yoast_head":"<!-- This site is optimized with the Yoast SEO plugin v20.6 - https:\/\/yoast.com\/wordpress\/plugins\/seo\/ -->\n<title>DOMINUS - PLUG VIBRADOR DORADO - Tienda Er\u00f3tica<\/title>\n<meta name=\"robots\" content=\"noindex, follow, max-snippet:-1, max-image-preview:large, max-video-preview:-1\" \/>\n<meta property=\"og:locale\" content=\"es_ES\" \/>\n<meta property=\"og:type\" content=\"article\" \/>\n<meta property=\"og:title\" content=\"DOMINUS - PLUG VIBRADOR DORADO - Tienda Er\u00f3tica\" \/>\n<meta property=\"og:description\" content=\"DOMINUS El Dr. Rocco te llevar\u00e1 a una aventura en lo m\u00e1s profundo de tu imaginaci\u00f3n. Del\u00e9itate con los dispositivos\" \/>\n<meta property=\"og:url\" content=\"https:\/\/demoweb.info\/sexshop001\/producto\/dominus-plug-vibrador-dorado\/\" \/>\n<meta property=\"og:site_name\" content=\"Tienda Er\u00f3tica\" \/>\n<meta property=\"article:modified_time\" content=\"2022-01-22T17:16:10+00:00\" \/>\n<meta property=\"og:image\" content=\"https:\/\/demoweb.info\/sexshop001\/wp-content\/uploads\/2022\/01\/DOMINUS-PLUG-VIBRADOR-DORADO.jpg\" \/>\n\t<meta property=\"og:image:width\" content=\"550\" \/>\n\t<meta property=\"og:image:height\" content=\"550\" \/>\n\t<meta property=\"og:image:type\" content=\"image\/jpeg\" \/>\n<meta name=\"twitter:card\" content=\"summary_large_image\" \/>\n<meta name=\"twitter:label1\" content=\"Tiempo de lectura\" \/>\n\t<meta name=\"twitter:data1\" content=\"1 minuto\" \/>\n<script type=\"application\/ld+json\" class=\"yoast-schema-graph\">{\"@context\":\"https:\/\/schema.org\",\"@graph\":[{\"@type\":\"WebPage\",\"@id\":\"https:\/\/demoweb.info\/sexshop001\/producto\/dominus-plug-vibrador-dorado\/\",\"url\":\"https:\/\/demoweb.info\/sexshop001\/producto\/dominus-plug-vibrador-dorado\/\",\"name\":\"DOMINUS - PLUG VIBRADOR DORADO - Tienda Er\u00f3tica\",\"isPartOf\":{\"@id\":\"https:\/\/demoweb.info\/sexshop001\/#website\"},\"datePublished\":\"2022-01-22T17:15:47+00:00\",\"dateModified\":\"2022-01-22T17:16:10+00:00\",\"breadcrumb\":{\"@id\":\"https:\/\/demoweb.info\/sexshop001\/producto\/dominus-plug-vibrador-dorado\/#breadcrumb\"},\"inLanguage\":\"es\",\"potentialAction\":[{\"@type\":\"ReadAction\",\"target\":[\"https:\/\/demoweb.info\/sexshop001\/producto\/dominus-plug-vibrador-dorado\/\"]}]},{\"@type\":\"BreadcrumbList\",\"@id\":\"https:\/\/demoweb.info\/sexshop001\/producto\/dominus-plug-vibrador-dorado\/#breadcrumb\",\"itemListElement\":[{\"@type\":\"ListItem\",\"position\":1,\"name\":\"Portada\",\"item\":\"https:\/\/demoweb.info\/sexshop001\/\"},{\"@type\":\"ListItem\",\"position\":2,\"name\":\"Tienda\",\"item\":\"https:\/\/demoweb.info\/sexshop001\/tienda\/\"},{\"@type\":\"ListItem\",\"position\":3,\"name\":\"DOMINUS &#8211; PLUG VIBRADOR DORADO\"}]},{\"@type\":\"WebSite\",\"@id\":\"https:\/\/demoweb.info\/sexshop001\/#website\",\"url\":\"https:\/\/demoweb.info\/sexshop001\/\",\"name\":\"Tienda Er\u00f3tica\",\"description\":\"DEMOWEB SL\",\"potentialAction\":[{\"@type\":\"SearchAction\",\"target\":{\"@type\":\"EntryPoint\",\"urlTemplate\":\"https:\/\/demoweb.info\/sexshop001\/?s={search_term_string}\"},\"query-input\":\"required name=search_term_string\"}],\"inLanguage\":\"es\"}]}<\/script>\n<!-- \/ Yoast SEO plugin. -->","yoast_head_json":{"title":"DOMINUS - PLUG VIBRADOR DORADO - Tienda Er\u00f3tica","robots":{"index":"noindex","follow":"follow","max-snippet":"max-snippet:-1","max-image-preview":"max-image-preview:large","max-video-preview":"max-video-preview:-1"},"og_locale":"es_ES","og_type":"article","og_title":"DOMINUS - PLUG VIBRADOR DORADO - Tienda Er\u00f3tica","og_description":"DOMINUS El Dr. Rocco te llevar\u00e1 a una aventura en lo m\u00e1s profundo de tu imaginaci\u00f3n. Del\u00e9itate con los dispositivos","og_url":"https:\/\/demoweb.info\/sexshop001\/producto\/dominus-plug-vibrador-dorado\/","og_site_name":"Tienda Er\u00f3tica","article_modified_time":"2022-01-22T17:16:10+00:00","og_image":[{"width":550,"height":550,"url":"https:\/\/demoweb.info\/sexshop001\/wp-content\/uploads\/2022\/01\/DOMINUS-PLUG-VIBRADOR-DORADO.jpg","type":"image\/jpeg"}],"twitter_card":"summary_large_image","twitter_misc":{"Tiempo de lectura":"1 minuto"},"schema":{"@context":"https:\/\/schema.org","@graph":[{"@type":"WebPage","@id":"https:\/\/demoweb.info\/sexshop001\/producto\/dominus-plug-vibrador-dorado\/","url":"https:\/\/demoweb.info\/sexshop001\/producto\/dominus-plug-vibrador-dorado\/","name":"DOMINUS - PLUG VIBRADOR DORADO - Tienda Er\u00f3tica","isPartOf":{"@id":"https:\/\/demoweb.info\/sexshop001\/#website"},"datePublished":"2022-01-22T17:15:47+00:00","dateModified":"2022-01-22T17:16:10+00:00","breadcrumb":{"@id":"https:\/\/demoweb.info\/sexshop001\/producto\/dominus-plug-vibrador-dorado\/#breadcrumb"},"inLanguage":"es","potentialAction":[{"@type":"ReadAction","target":["https:\/\/demoweb.info\/sexshop001\/producto\/dominus-plug-vibrador-dorado\/"]}]},{"@type":"BreadcrumbList","@id":"https:\/\/demoweb.info\/sexshop001\/producto\/dominus-plug-vibrador-dorado\/#breadcrumb","itemListElement":[{"@type":"ListItem","position":1,"name":"Portada","item":"https:\/\/demoweb.info\/sexshop001\/"},{"@type":"ListItem","position":2,"name":"Tienda","item":"https:\/\/demoweb.info\/sexshop001\/tienda\/"},{"@type":"ListItem","position":3,"name":"DOMINUS &#8211; PLUG VIBRADOR DORADO"}]},{"@type":"WebSite","@id":"https:\/\/demoweb.info\/sexshop001\/#website","url":"https:\/\/demoweb.info\/sexshop001\/","name":"Tienda Er\u00f3tica","description":"DEMOWEB SL","potentialAction":[{"@type":"SearchAction","target":{"@type":"EntryPoint","urlTemplate":"https:\/\/demoweb.info\/sexshop001\/?s={search_term_string}"},"query-input":"required name=search_term_string"}],"inLanguage":"es"}]}},"_links":{"self":[{"href":"https:\/\/demoweb.info\/sexshop001\/wp-json\/wp\/v3\/product\/61574","targetHints":{"allow":["GET"]}}],"collection":[{"href":"https:\/\/demoweb.info\/sexshop001\/wp-json\/wp\/v3\/product"}],"about":[{"href":"https:\/\/demoweb.info\/sexshop001\/wp-json\/wp\/v2\/types\/product"}],"replies":[{"embeddable":true,"href":"https:\/\/demoweb.info\/sexshop001\/wp-json\/wp\/v2\/comments?post=61574"}],"wp:featuredmedia":[{"embeddable":true,"href":"https:\/\/demoweb.info\/sexshop001\/wp-json\/wp\/v2\/media\/61575"}],"wp:attachment":[{"href":"https:\/\/demoweb.info\/sexshop001\/wp-json\/wp\/v2\/media?parent=61574"}],"wp:term":[{"taxonomy":"product_cat","embeddable":true,"href":"https:\/\/demoweb.info\/sexshop001\/wp-json\/wp\/v2\/product_cat?post=61574"},{"taxonomy":"product_tag","embeddable":true,"href":"https:\/\/demoweb.info\/sexshop001\/wp-json\/wp\/v2\/product_tag?post=61574"}],"curies":[{"name":"wp","href":"https:\/\/api.w.org\/{rel}","templated":true}]}}