{"id":61556,"date":"2022-01-22T18:15:47","date_gmt":"2022-01-22T17:15:47","guid":{"rendered":"https:\/\/demoweb.info\/sexshop001\/producto\/satisfyer-strengthening-balls-training-set\/"},"modified":"2022-01-22T18:15:57","modified_gmt":"2022-01-22T17:15:57","slug":"satisfyer-strengthening-balls-training-set","status":"publish","type":"product","link":"https:\/\/demoweb.info\/sexshop001\/producto\/satisfyer-strengthening-balls-training-set\/","title":{"rendered":"SATISFYER STRENGTHENING BALLS TRAINING SET"},"content":{"rendered":"<p><strong>SATISFYER STRENGTHENING BALLS<\/strong><\/p>\n<p><strong>Nueva edici\u00f3n 2020<\/strong><\/p>\n<p>Strengthening Balls<br \/>\nEl entrenamiento perfecto para tu suelo p\u00e9lvico y tu vida amorosa<\/p>\n<p>Balls Training Set: para disfrutar a\u00fan m\u00e1s del sexo, 62-98 g, 3 piezas<br \/>\nQuien se mantiene en forma, disfruta m\u00e1s de la vida. \u00a1Y lo mismo sucede con la vida sexual! Con Balls Training Set, podr\u00e1s entrenarte y mantenerte en forma para tu propio marat\u00f3n de placer. Solo con llevar las bolas de placer durante unos 15 minutos al d\u00eda entrenar\u00e1s la musculatura del suelo p\u00e9lvico: los m\u00fasculos que te permitir\u00e1n disfrutar de unos orgasmos impresionantes.<\/p>\n<p>Adem\u00e1s, este entrenamiento no solo te beneficia a ti, sino tambi\u00e9n a tu pareja: una musculatura p\u00e9lvica desarrollada le proporciona a tu pareja una incre\u00edble sensaci\u00f3n de estrechez. \u00a1No volver\u00e9is a separaros, as\u00ed de r\u00e1pido retornar\u00e9is a la fase del enamoramiento con estas bolas de placer!<\/p>\n<p>El set de entrenamiento perfecto para unos orgasmos m\u00e1s intensos<br \/>\nEl entrenamiento siempre resulta m\u00e1s divertido cuando se pueden medir los progresos, por ello este lujurioso set incluye directamente 3 bolas de placer: las tres tienen el mismo tama\u00f1o, con un di\u00e1metro de 3,8 cm, pero var\u00edan en el peso.<\/p>\n<p>Empieza con la m\u00e1s ligera y ve aumentando gradualmente. En este set, la bola m\u00e1s ligera tiene un peso de 61,9 g (normal), la mediana tiene un peso de 82,1 g (experimentado) y la m\u00e1s pesada tiene un peso de 97,9 g (avanzado). \u00a1Entrenando tan solo unos minutos al d\u00eda, podr\u00e1s encargarte personalmente de tu vida sexual!<\/p>\n<p>Fortalece tus m\u00fasculos y reg\u00e1late orgasmos explosivos. Adem\u00e1s, te meter\u00e1s a tu pareja en el bolsillo con toda facilidad: tus m\u00fasculos fortalecidos rodear\u00e1n su pene con m\u00e1s fuerza, una sensaci\u00f3n que notar\u00e1 claramente y le har\u00e1 perder la raz\u00f3n de puro placer. Fabricadas con silicona m\u00e9dica hipoalerg\u00e9nica, las bolas de placer se introducen f\u00e1cilmente y proporcionan una agradable sensaci\u00f3n. La anilla de recuperaci\u00f3n, tambi\u00e9n completamente de silicona, permite extraer las bolas con facilidad.<\/p>\n<p>Sexo m\u00e1s divertido para \u00e9l y para ella mediante estrechamiento de la musculatura<br \/>\nSet para el entrenamiento de orgasmos: 61.9 g (normal), 82.1 g (experimentado), 97.9 g (avanzado)<br \/>\nDi\u00e1metro: 3,4 cm<br \/>\nAplicaci\u00f3n segura gracias a la anilla de recuperaci\u00f3n<\/p>\n<p>Material: La silicona m\u00e9dica te permite introducir las bolas con facilidad. Es suave y de tacto agradable, adem\u00e1s destaca por su superficie no porosa, lo que la convierte en un material muy higi\u00e9nico. Por este motivo, tambi\u00e9n es ideal como material para la cinta de recuperaci\u00f3n de las bolas, un lugar donde de lo contrario podr\u00edan acumularse bacterias.<\/p>\n<p>Detalle del producto:<\/p>\n<ul>\n<li>Peso: 242 g<\/li>\n<li>Longitud: 126 mm<\/li>\n<li>Anchura: 35 mm<\/li>\n<li>Altura: 38 mm<\/li>\n<li>Material: Silicona<\/li>\n<\/ul>\n<p>Medidas y pesos:<\/p>\n<ul>\n<li>Regular: 3,8 cm di\u00e1metro y 61,9 gr<\/li>\n<li>Skilled: 3,8 cm di\u00e1metro y 82,10 gr<\/li>\n<li>Advanced: 3,8 cm di\u00e1metro y 97,7 gr<\/li>\n<\/ul>\n<p><strong>Nueva edici\u00f3n 2020<\/strong><\/p>\n<p><strong>Nuevo embalaje acorde con la nueva imagen de la marca<\/strong><\/p>\n<p><strong>GARANT\u00cdA DE HIGIENE: Tendr\u00e1s 100% asegurado que eres la primera persona en abrir tu nuevo juguete.<\/strong><\/p>\n","protected":false},"excerpt":{"rendered":"<p>SATISFYER STRENGTHENING BALLS Nueva edici\u00f3n 2020 Strengthening Balls El entrenamiento perfecto para tu suelo p\u00e9lvico y tu vida amorosa Balls<\/p>\n","protected":false},"featured_media":61557,"comment_status":"open","ping_status":"open","template":"","meta":[],"product_cat":[320],"product_tag":[1603,442],"class_list":["post-61556","product","type-product","status-publish","has-post-thumbnail","hentry","product_cat-silicona-bolas-y-huevos","product_tag-balls","product_tag-satisfyer"],"bundled_by":[],"bundle_stock_status":"outofstock","bundle_stock_quantity":0,"bundle_virtual":false,"bundle_layout":"","bundle_add_to_cart_form_location":"","bundle_editable_in_cart":false,"bundle_sold_individually_context":"","bundle_item_grouping":"","bundle_min_size":"","bundle_max_size":"","bundled_items":[],"yoast_head":"<!-- This site is optimized with the Yoast SEO plugin v20.6 - https:\/\/yoast.com\/wordpress\/plugins\/seo\/ -->\n<title>SATISFYER STRENGTHENING BALLS TRAINING SET - Tienda Er\u00f3tica<\/title>\n<meta name=\"robots\" content=\"noindex, follow, max-snippet:-1, max-image-preview:large, max-video-preview:-1\" \/>\n<meta property=\"og:locale\" content=\"es_ES\" \/>\n<meta property=\"og:type\" content=\"article\" \/>\n<meta property=\"og:title\" content=\"SATISFYER STRENGTHENING BALLS TRAINING SET - Tienda Er\u00f3tica\" \/>\n<meta property=\"og:description\" content=\"SATISFYER STRENGTHENING BALLS Nueva edici\u00f3n 2020 Strengthening Balls El entrenamiento perfecto para tu suelo p\u00e9lvico y tu vida amorosa Balls\" \/>\n<meta property=\"og:url\" content=\"https:\/\/demoweb.info\/sexshop001\/producto\/satisfyer-strengthening-balls-training-set\/\" \/>\n<meta property=\"og:site_name\" content=\"Tienda Er\u00f3tica\" \/>\n<meta property=\"article:modified_time\" content=\"2022-01-22T17:15:57+00:00\" \/>\n<meta property=\"og:image\" content=\"https:\/\/demoweb.info\/sexshop001\/wp-content\/uploads\/2022\/01\/SATISFYER-STRENGTHENING-BALLS-TRAINING-SET.jpg\" \/>\n\t<meta property=\"og:image:width\" content=\"550\" \/>\n\t<meta property=\"og:image:height\" content=\"550\" \/>\n\t<meta property=\"og:image:type\" content=\"image\/jpeg\" \/>\n<meta name=\"twitter:card\" content=\"summary_large_image\" \/>\n<meta name=\"twitter:label1\" content=\"Tiempo de lectura\" \/>\n\t<meta name=\"twitter:data1\" content=\"3 minutos\" \/>\n<script type=\"application\/ld+json\" class=\"yoast-schema-graph\">{\"@context\":\"https:\/\/schema.org\",\"@graph\":[{\"@type\":\"WebPage\",\"@id\":\"https:\/\/demoweb.info\/sexshop001\/producto\/satisfyer-strengthening-balls-training-set\/\",\"url\":\"https:\/\/demoweb.info\/sexshop001\/producto\/satisfyer-strengthening-balls-training-set\/\",\"name\":\"SATISFYER STRENGTHENING BALLS TRAINING SET - Tienda Er\u00f3tica\",\"isPartOf\":{\"@id\":\"https:\/\/demoweb.info\/sexshop001\/#website\"},\"datePublished\":\"2022-01-22T17:15:47+00:00\",\"dateModified\":\"2022-01-22T17:15:57+00:00\",\"breadcrumb\":{\"@id\":\"https:\/\/demoweb.info\/sexshop001\/producto\/satisfyer-strengthening-balls-training-set\/#breadcrumb\"},\"inLanguage\":\"es\",\"potentialAction\":[{\"@type\":\"ReadAction\",\"target\":[\"https:\/\/demoweb.info\/sexshop001\/producto\/satisfyer-strengthening-balls-training-set\/\"]}]},{\"@type\":\"BreadcrumbList\",\"@id\":\"https:\/\/demoweb.info\/sexshop001\/producto\/satisfyer-strengthening-balls-training-set\/#breadcrumb\",\"itemListElement\":[{\"@type\":\"ListItem\",\"position\":1,\"name\":\"Portada\",\"item\":\"https:\/\/demoweb.info\/sexshop001\/\"},{\"@type\":\"ListItem\",\"position\":2,\"name\":\"Tienda\",\"item\":\"https:\/\/demoweb.info\/sexshop001\/tienda\/\"},{\"@type\":\"ListItem\",\"position\":3,\"name\":\"SATISFYER STRENGTHENING BALLS TRAINING SET\"}]},{\"@type\":\"WebSite\",\"@id\":\"https:\/\/demoweb.info\/sexshop001\/#website\",\"url\":\"https:\/\/demoweb.info\/sexshop001\/\",\"name\":\"Tienda Er\u00f3tica\",\"description\":\"DEMOWEB SL\",\"potentialAction\":[{\"@type\":\"SearchAction\",\"target\":{\"@type\":\"EntryPoint\",\"urlTemplate\":\"https:\/\/demoweb.info\/sexshop001\/?s={search_term_string}\"},\"query-input\":\"required name=search_term_string\"}],\"inLanguage\":\"es\"}]}<\/script>\n<!-- \/ Yoast SEO plugin. -->","yoast_head_json":{"title":"SATISFYER STRENGTHENING BALLS TRAINING SET - Tienda Er\u00f3tica","robots":{"index":"noindex","follow":"follow","max-snippet":"max-snippet:-1","max-image-preview":"max-image-preview:large","max-video-preview":"max-video-preview:-1"},"og_locale":"es_ES","og_type":"article","og_title":"SATISFYER STRENGTHENING BALLS TRAINING SET - Tienda Er\u00f3tica","og_description":"SATISFYER STRENGTHENING BALLS Nueva edici\u00f3n 2020 Strengthening Balls El entrenamiento perfecto para tu suelo p\u00e9lvico y tu vida amorosa Balls","og_url":"https:\/\/demoweb.info\/sexshop001\/producto\/satisfyer-strengthening-balls-training-set\/","og_site_name":"Tienda Er\u00f3tica","article_modified_time":"2022-01-22T17:15:57+00:00","og_image":[{"width":550,"height":550,"url":"https:\/\/demoweb.info\/sexshop001\/wp-content\/uploads\/2022\/01\/SATISFYER-STRENGTHENING-BALLS-TRAINING-SET.jpg","type":"image\/jpeg"}],"twitter_card":"summary_large_image","twitter_misc":{"Tiempo de lectura":"3 minutos"},"schema":{"@context":"https:\/\/schema.org","@graph":[{"@type":"WebPage","@id":"https:\/\/demoweb.info\/sexshop001\/producto\/satisfyer-strengthening-balls-training-set\/","url":"https:\/\/demoweb.info\/sexshop001\/producto\/satisfyer-strengthening-balls-training-set\/","name":"SATISFYER STRENGTHENING BALLS TRAINING SET - Tienda Er\u00f3tica","isPartOf":{"@id":"https:\/\/demoweb.info\/sexshop001\/#website"},"datePublished":"2022-01-22T17:15:47+00:00","dateModified":"2022-01-22T17:15:57+00:00","breadcrumb":{"@id":"https:\/\/demoweb.info\/sexshop001\/producto\/satisfyer-strengthening-balls-training-set\/#breadcrumb"},"inLanguage":"es","potentialAction":[{"@type":"ReadAction","target":["https:\/\/demoweb.info\/sexshop001\/producto\/satisfyer-strengthening-balls-training-set\/"]}]},{"@type":"BreadcrumbList","@id":"https:\/\/demoweb.info\/sexshop001\/producto\/satisfyer-strengthening-balls-training-set\/#breadcrumb","itemListElement":[{"@type":"ListItem","position":1,"name":"Portada","item":"https:\/\/demoweb.info\/sexshop001\/"},{"@type":"ListItem","position":2,"name":"Tienda","item":"https:\/\/demoweb.info\/sexshop001\/tienda\/"},{"@type":"ListItem","position":3,"name":"SATISFYER STRENGTHENING BALLS TRAINING SET"}]},{"@type":"WebSite","@id":"https:\/\/demoweb.info\/sexshop001\/#website","url":"https:\/\/demoweb.info\/sexshop001\/","name":"Tienda Er\u00f3tica","description":"DEMOWEB SL","potentialAction":[{"@type":"SearchAction","target":{"@type":"EntryPoint","urlTemplate":"https:\/\/demoweb.info\/sexshop001\/?s={search_term_string}"},"query-input":"required name=search_term_string"}],"inLanguage":"es"}]}},"_links":{"self":[{"href":"https:\/\/demoweb.info\/sexshop001\/wp-json\/wp\/v3\/product\/61556","targetHints":{"allow":["GET"]}}],"collection":[{"href":"https:\/\/demoweb.info\/sexshop001\/wp-json\/wp\/v3\/product"}],"about":[{"href":"https:\/\/demoweb.info\/sexshop001\/wp-json\/wp\/v2\/types\/product"}],"replies":[{"embeddable":true,"href":"https:\/\/demoweb.info\/sexshop001\/wp-json\/wp\/v2\/comments?post=61556"}],"wp:featuredmedia":[{"embeddable":true,"href":"https:\/\/demoweb.info\/sexshop001\/wp-json\/wp\/v2\/media\/61557"}],"wp:attachment":[{"href":"https:\/\/demoweb.info\/sexshop001\/wp-json\/wp\/v2\/media?parent=61556"}],"wp:term":[{"taxonomy":"product_cat","embeddable":true,"href":"https:\/\/demoweb.info\/sexshop001\/wp-json\/wp\/v2\/product_cat?post=61556"},{"taxonomy":"product_tag","embeddable":true,"href":"https:\/\/demoweb.info\/sexshop001\/wp-json\/wp\/v2\/product_tag?post=61556"}],"curies":[{"name":"wp","href":"https:\/\/api.w.org\/{rel}","templated":true}]}}