{"id":61537,"date":"2022-01-22T18:15:21","date_gmt":"2022-01-22T17:15:21","guid":{"rendered":"https:\/\/demoweb.info\/sexshop001\/producto\/satisfyer-pro-3\/"},"modified":"2022-01-22T18:15:41","modified_gmt":"2022-01-22T17:15:41","slug":"satisfyer-pro-3","status":"publish","type":"product","link":"https:\/\/demoweb.info\/sexshop001\/producto\/satisfyer-pro-3\/","title":{"rendered":"SATISFYER PRO 3+"},"content":{"rendered":"<p><strong>SATISFYER PRO 3+ &#8211; NUEVA EDICI\u00d3N 2020<\/strong><\/p>\n<p>\u00c9XTASIS 3.0+<\/p>\n<p>El mejor Satisfyer de todos los tiempos: con 110 combinaciones posibles.<\/p>\n<p>\u00a1D\u00c9JATE ATRAPAR!<\/p>\n<p>Como una elegante pantera \u2014hermosa y poderosa\u2014 a la caza del siguiente cl\u00edmax, este misterioso juguete er\u00f3tico en negro satinado se desliza por ti durante toda la noche. Su objetivo: tu bot\u00f3n del amor. Una vez ha divisado su presa no la deja escapar, \u00a1porque est\u00e1 hambrienta! Con las 11 cl\u00e1sicas intensidades de ondas de presi\u00f3n Satisfyer y la funci\u00f3n de vibraci\u00f3n adicional, acecha pacientemente hasta que llega el momento perfecto. Luego te agarra de manera apasionada, se enrosca en torno a tu punto m\u00e1s caliente y se apodera de ti provoc\u00e1ndote orgasmos inolvidables: no tendr\u00e1s ninguna oportunidad de escapar al placer. Y ronronea satisfecho como un dulce gatito mientras t\u00fa te aprietas contra \u00e9l dej\u00e1ndote arrastrar por el \u00e9xtasis y olvid\u00e1ndote del mundo.<\/p>\n<p>DISE\u00d1O ERGON\u00d3MICO<\/p>\n<p>El nuevo Satisfyer Pro 3 Vibration har\u00e1 realidad tus sue\u00f1os m\u00e1s h\u00famedos. Sucesor de los apreciados vibradores de ondas de presi\u00f3n Satisfyer, llega ahora con un nuevo dise\u00f1o y funci\u00f3n de vibraci\u00f3n adicional. De este modo, combina la intensa estimulaci\u00f3n sin contacto del cl\u00edtoris mediante impulsos de ondas de presi\u00f3n con un sensual cabezal vibrador: mientras en el interior del sedoso anillo de silicona una r\u00e1pida sucesi\u00f3n de succiones e impulsos de presi\u00f3n con 11 intensidades provocan una explosi\u00f3n sensorial similar al sexo oral, el anillo te masajea todo el contorno con 10 excitantes vibraciones diferentes. Las funciones se controlan de manera independiente, por lo que cuentas con 110 combinaciones diferentes, pero cuidado: aqu\u00ed, los orgasmos inolvidables est\u00e1n preprogramados, sobre todo gracias a la caperuza extrasuave, que se ajusta con total delicadeza en torno a tu bot\u00f3n del amor.<\/p>\n<p>CON TAPA SUPERSOFT<\/p>\n<p>Adem\u00e1s, el segundo motor te ofrece 10 excitantes programas de vibraci\u00f3n que podr\u00e1s controlar por medio de un bot\u00f3n independiente. Las numerosas combinaciones posibles te permitir\u00e1n encontrar siempre el nivel perfecto para satisfacer tus necesidades.<\/p>\n<ul>\n<li>Estanco IPX7<\/li>\n<li>2 Motores superpotentes<\/li>\n<li>Bater\u00eda de iones de litio<\/li>\n<li>F\u00e1cil de limpiar<\/li>\n<li>Bajo el agua<\/li>\n<li>Cable de carga magn\u00e9tico por USB<\/li>\n<li><strong>Nueva edici\u00f3n 2020<\/strong><\/li>\n<li><strong>Con tecnolog\u00eda AIR PULSE MEJORADA<\/strong><\/li>\n<li><strong>Nuevo embalaje acorde con la nueva imagen de la marca<\/strong><\/li>\n<li><strong>GARANT\u00cdA DE HIGIENE: Tendr\u00e1s 100% asegurado que eres la primera persona en abrir tu nuevo juguete.<\/strong><\/li>\n<\/ul>\n<p>MATERIAL<\/p>\n<p>El cabezal es de silicona m\u00e9dica lisa y sedosa. El suave complemento se adapta de manera ergon\u00f3mica y rodea el cl\u00edtoris con gran delicadeza y precisi\u00f3n. Puedes lavar tu juguete f\u00e1cilmente con agua tibia y un poco de jab\u00f3n. A continuaci\u00f3n, solo tienes que aplicar un poco de Toycleaner desinfectante para obtener una higiene perfecta.<\/p>\n","protected":false},"excerpt":{"rendered":"<p>SATISFYER PRO 3+ &#8211; NUEVA EDICI\u00d3N 2020 \u00c9XTASIS 3.0+ El mejor Satisfyer de todos los tiempos: con 110 combinaciones posibles.<\/p>\n","protected":false},"featured_media":61538,"comment_status":"open","ping_status":"open","template":"","meta":[],"product_cat":[315],"product_tag":[1060,442],"class_list":["post-61537","product","type-product","status-publish","has-post-thumbnail","hentry","product_cat-silicona-vibradores-juguetes-xxx","product_tag-air-pulse","product_tag-satisfyer"],"bundled_by":[],"bundle_stock_status":"instock","bundle_stock_quantity":25,"bundle_virtual":false,"bundle_layout":"","bundle_add_to_cart_form_location":"","bundle_editable_in_cart":false,"bundle_sold_individually_context":"","bundle_item_grouping":"","bundle_min_size":"","bundle_max_size":"","bundled_items":[],"yoast_head":"<!-- This site is optimized with the Yoast SEO plugin v20.6 - https:\/\/yoast.com\/wordpress\/plugins\/seo\/ -->\n<title>SATISFYER PRO 3+ - Tienda Er\u00f3tica<\/title>\n<meta name=\"robots\" content=\"noindex, follow, max-snippet:-1, max-image-preview:large, max-video-preview:-1\" \/>\n<meta property=\"og:locale\" content=\"es_ES\" \/>\n<meta property=\"og:type\" content=\"article\" \/>\n<meta property=\"og:title\" content=\"SATISFYER PRO 3+ - Tienda Er\u00f3tica\" \/>\n<meta property=\"og:description\" content=\"SATISFYER PRO 3+ &#8211; NUEVA EDICI\u00d3N 2020 \u00c9XTASIS 3.0+ El mejor Satisfyer de todos los tiempos: con 110 combinaciones posibles.\" \/>\n<meta property=\"og:url\" content=\"https:\/\/demoweb.info\/sexshop001\/producto\/satisfyer-pro-3\/\" \/>\n<meta property=\"og:site_name\" content=\"Tienda Er\u00f3tica\" \/>\n<meta property=\"article:modified_time\" content=\"2022-01-22T17:15:41+00:00\" \/>\n<meta property=\"og:image\" content=\"https:\/\/demoweb.info\/sexshop001\/wp-content\/uploads\/2022\/01\/SATISFYER-PRO-3.jpg\" \/>\n\t<meta property=\"og:image:width\" content=\"550\" \/>\n\t<meta property=\"og:image:height\" content=\"550\" \/>\n\t<meta property=\"og:image:type\" content=\"image\/jpeg\" \/>\n<meta name=\"twitter:card\" content=\"summary_large_image\" \/>\n<meta name=\"twitter:label1\" content=\"Tiempo de lectura\" \/>\n\t<meta name=\"twitter:data1\" content=\"2 minutos\" \/>\n<script type=\"application\/ld+json\" class=\"yoast-schema-graph\">{\"@context\":\"https:\/\/schema.org\",\"@graph\":[{\"@type\":\"WebPage\",\"@id\":\"https:\/\/demoweb.info\/sexshop001\/producto\/satisfyer-pro-3\/\",\"url\":\"https:\/\/demoweb.info\/sexshop001\/producto\/satisfyer-pro-3\/\",\"name\":\"SATISFYER PRO 3+ - Tienda Er\u00f3tica\",\"isPartOf\":{\"@id\":\"https:\/\/demoweb.info\/sexshop001\/#website\"},\"datePublished\":\"2022-01-22T17:15:21+00:00\",\"dateModified\":\"2022-01-22T17:15:41+00:00\",\"breadcrumb\":{\"@id\":\"https:\/\/demoweb.info\/sexshop001\/producto\/satisfyer-pro-3\/#breadcrumb\"},\"inLanguage\":\"es\",\"potentialAction\":[{\"@type\":\"ReadAction\",\"target\":[\"https:\/\/demoweb.info\/sexshop001\/producto\/satisfyer-pro-3\/\"]}]},{\"@type\":\"BreadcrumbList\",\"@id\":\"https:\/\/demoweb.info\/sexshop001\/producto\/satisfyer-pro-3\/#breadcrumb\",\"itemListElement\":[{\"@type\":\"ListItem\",\"position\":1,\"name\":\"Portada\",\"item\":\"https:\/\/demoweb.info\/sexshop001\/\"},{\"@type\":\"ListItem\",\"position\":2,\"name\":\"Tienda\",\"item\":\"https:\/\/demoweb.info\/sexshop001\/tienda\/\"},{\"@type\":\"ListItem\",\"position\":3,\"name\":\"SATISFYER PRO 3+\"}]},{\"@type\":\"WebSite\",\"@id\":\"https:\/\/demoweb.info\/sexshop001\/#website\",\"url\":\"https:\/\/demoweb.info\/sexshop001\/\",\"name\":\"Tienda Er\u00f3tica\",\"description\":\"DEMOWEB SL\",\"potentialAction\":[{\"@type\":\"SearchAction\",\"target\":{\"@type\":\"EntryPoint\",\"urlTemplate\":\"https:\/\/demoweb.info\/sexshop001\/?s={search_term_string}\"},\"query-input\":\"required name=search_term_string\"}],\"inLanguage\":\"es\"}]}<\/script>\n<!-- \/ Yoast SEO plugin. -->","yoast_head_json":{"title":"SATISFYER PRO 3+ - Tienda Er\u00f3tica","robots":{"index":"noindex","follow":"follow","max-snippet":"max-snippet:-1","max-image-preview":"max-image-preview:large","max-video-preview":"max-video-preview:-1"},"og_locale":"es_ES","og_type":"article","og_title":"SATISFYER PRO 3+ - Tienda Er\u00f3tica","og_description":"SATISFYER PRO 3+ &#8211; NUEVA EDICI\u00d3N 2020 \u00c9XTASIS 3.0+ El mejor Satisfyer de todos los tiempos: con 110 combinaciones posibles.","og_url":"https:\/\/demoweb.info\/sexshop001\/producto\/satisfyer-pro-3\/","og_site_name":"Tienda Er\u00f3tica","article_modified_time":"2022-01-22T17:15:41+00:00","og_image":[{"width":550,"height":550,"url":"https:\/\/demoweb.info\/sexshop001\/wp-content\/uploads\/2022\/01\/SATISFYER-PRO-3.jpg","type":"image\/jpeg"}],"twitter_card":"summary_large_image","twitter_misc":{"Tiempo de lectura":"2 minutos"},"schema":{"@context":"https:\/\/schema.org","@graph":[{"@type":"WebPage","@id":"https:\/\/demoweb.info\/sexshop001\/producto\/satisfyer-pro-3\/","url":"https:\/\/demoweb.info\/sexshop001\/producto\/satisfyer-pro-3\/","name":"SATISFYER PRO 3+ - Tienda Er\u00f3tica","isPartOf":{"@id":"https:\/\/demoweb.info\/sexshop001\/#website"},"datePublished":"2022-01-22T17:15:21+00:00","dateModified":"2022-01-22T17:15:41+00:00","breadcrumb":{"@id":"https:\/\/demoweb.info\/sexshop001\/producto\/satisfyer-pro-3\/#breadcrumb"},"inLanguage":"es","potentialAction":[{"@type":"ReadAction","target":["https:\/\/demoweb.info\/sexshop001\/producto\/satisfyer-pro-3\/"]}]},{"@type":"BreadcrumbList","@id":"https:\/\/demoweb.info\/sexshop001\/producto\/satisfyer-pro-3\/#breadcrumb","itemListElement":[{"@type":"ListItem","position":1,"name":"Portada","item":"https:\/\/demoweb.info\/sexshop001\/"},{"@type":"ListItem","position":2,"name":"Tienda","item":"https:\/\/demoweb.info\/sexshop001\/tienda\/"},{"@type":"ListItem","position":3,"name":"SATISFYER PRO 3+"}]},{"@type":"WebSite","@id":"https:\/\/demoweb.info\/sexshop001\/#website","url":"https:\/\/demoweb.info\/sexshop001\/","name":"Tienda Er\u00f3tica","description":"DEMOWEB SL","potentialAction":[{"@type":"SearchAction","target":{"@type":"EntryPoint","urlTemplate":"https:\/\/demoweb.info\/sexshop001\/?s={search_term_string}"},"query-input":"required name=search_term_string"}],"inLanguage":"es"}]}},"_links":{"self":[{"href":"https:\/\/demoweb.info\/sexshop001\/wp-json\/wp\/v3\/product\/61537","targetHints":{"allow":["GET"]}}],"collection":[{"href":"https:\/\/demoweb.info\/sexshop001\/wp-json\/wp\/v3\/product"}],"about":[{"href":"https:\/\/demoweb.info\/sexshop001\/wp-json\/wp\/v2\/types\/product"}],"replies":[{"embeddable":true,"href":"https:\/\/demoweb.info\/sexshop001\/wp-json\/wp\/v2\/comments?post=61537"}],"wp:featuredmedia":[{"embeddable":true,"href":"https:\/\/demoweb.info\/sexshop001\/wp-json\/wp\/v2\/media\/61538"}],"wp:attachment":[{"href":"https:\/\/demoweb.info\/sexshop001\/wp-json\/wp\/v2\/media?parent=61537"}],"wp:term":[{"taxonomy":"product_cat","embeddable":true,"href":"https:\/\/demoweb.info\/sexshop001\/wp-json\/wp\/v2\/product_cat?post=61537"},{"taxonomy":"product_tag","embeddable":true,"href":"https:\/\/demoweb.info\/sexshop001\/wp-json\/wp\/v2\/product_tag?post=61537"}],"curies":[{"name":"wp","href":"https:\/\/api.w.org\/{rel}","templated":true}]}}