{"id":61530,"date":"2022-01-22T18:15:21","date_gmt":"2022-01-22T17:15:21","guid":{"rendered":"https:\/\/demoweb.info\/sexshop001\/producto\/satisfyer-pro-2-2\/"},"modified":"2022-01-22T19:04:34","modified_gmt":"2022-01-22T18:04:34","slug":"satisfyer-pro-2-2","status":"publish","type":"product","link":"https:\/\/demoweb.info\/sexshop001\/producto\/satisfyer-pro-2-2\/","title":{"rendered":"SATISFYER PRO 2+"},"content":{"rendered":"<p><strong>SATISFYER PRO 2+ &#8211; NUEVA EDICI\u00d3N 2020<\/strong><\/p>\n<p>PLACER ACTUALIZADO &#8211;<\/p>\n<p><strong>LO NUEVO SIEMPRE ES TODAV\u00cdA MEJOR &#8211; EDICI\u00d3N 2020<\/strong><\/p>\n<p>Su nueva funci\u00f3n de vibraci\u00f3n te catapultar\u00e1 hasta el mil\u00e9simo cielo.<\/p>\n<p>Amantes de la vida, los juguetes sexuales y la lujuria, \u00a1atenci\u00f3n!: \u00bfondas de presi\u00f3n y vibraci\u00f3n en un mismo juguete sexual? \u00a1Vaya, vaya! El nuevo Satisfyer Pro 2 Vibration har\u00e1 realidad tus sue\u00f1os m\u00e1s h\u00famedos: si la estimulaci\u00f3n profunda de la tecnolog\u00eda de impulsos de aire del modelo Pro 2 ya te ha proporcionado orgasmos de una intensidad inolvidable, suj\u00e9tate bien, \u00a1porque su sucesor te catapultar\u00e1 hasta el mil\u00e9simo cielo con su nueva funci\u00f3n vibratoria adicional! La tercera generaci\u00f3n del Satisfyer Pro 2 incorpora una m\u00e1gica \u00abvibraci\u00f3n\u00bb y combina la popular estimulaci\u00f3n del cl\u00edtoris mediante impulsos intensos con vibraciones altamente er\u00f3ticas que provocan excitantes ondas en el borde del cabezal. As\u00ed, el flexible anillo de silicona m\u00e9dica rodea tu bot\u00f3n del amor acariciando su interior sin contacto mediante 11 intensidades de ondas de presi\u00f3n, mientras que la parte superior vibra a su alrededor con 10 programas de control independiente. \u00bfEl resultado? Puro \u00e9xtasis: \u00a1tu cl\u00edtoris dar\u00eda gritos de j\u00fabilo si pudiera!<\/p>\n<p>NUEVO DISE\u00d1O, NUEVO JUEGO<\/p>\n<p>El dise\u00f1o del nuevo Satisfyer Pro 2 Vibration combina el elegante tono rosa dorado mate con una fina forma nueva que conquista con sus curvas y arcos ergon\u00f3micos. Este bonito juguete er\u00f3tico se adapta perfectamente a la mano y su amplio cabezal acaricia plenamente tu bot\u00f3n del amor con sus dos funciones que, gracias al silencioso motor, calmar\u00e1n tu excitaci\u00f3n sin llamar la atenci\u00f3n de nadie m\u00e1s. Con un acabado impermeable (IPX7), te invita tambi\u00e9n a disfrutar de t\u00f3rridas aventuras en la ducha o la ba\u00f1era. \u00a1Bajo el agua, la sensaci\u00f3n de cosquilleo es todav\u00eda m\u00e1s intensa!<\/p>\n<p>ORGASMOS CLITORIANOS INCREIBLES<\/p>\n<p>Adem\u00e1s, el segundo motor te ofrece 10 excitantes programas de vibraci\u00f3n que podr\u00e1s controlar por medio de un bot\u00f3n independiente. Las numerosas combinaciones posibles te permitir\u00e1n encontrar siempre el nivel perfecto para satisfacer tus necesidades.<\/p>\n<ul>\n<li>Estanco IPX7<\/li>\n<li>2 Motores superpotentes<\/li>\n<li>Bater\u00eda de iones de litio<\/li>\n<li>F\u00e1cil de limpiar<\/li>\n<li>Bajo el agua<\/li>\n<li>Cable de carga magn\u00e9tico por USB<\/li>\n<li><strong>Nueva edici\u00f3n 2020<\/strong><\/li>\n<li><strong>Con tecnolog\u00eda AIR PULSE MEJORADA<\/strong><\/li>\n<li><strong>Nuevo embalaje acorde con la nueva imagen de la marca<\/strong><\/li>\n<li><strong>GARANT\u00cdA DE HIGIENE: Tendr\u00e1s 100% asegurado que eres la primera persona en abrir tu nuevo juguete.<\/strong><\/li>\n<\/ul>\n<p>MATERIAL<\/p>\n<p>El cabezal es de silicona m\u00e9dica lisa y sedosa. El suave complemento se adapta de manera ergon\u00f3mica y rodea el cl\u00edtoris con gran delicadeza y precisi\u00f3n. Puedes lavar tu juguete f\u00e1cilmente con agua tibia y un poco de jab\u00f3n. A continuaci\u00f3n, solo tienes que aplicar un poco de Toycleaner desinfectante para obtener una higiene perfecta.<\/p>\n","protected":false},"excerpt":{"rendered":"<p>SATISFYER PRO 2+ &#8211; NUEVA EDICI\u00d3N 2020 PLACER ACTUALIZADO &#8211; LO NUEVO SIEMPRE ES TODAV\u00cdA MEJOR &#8211; EDICI\u00d3N 2020 Su<\/p>\n","protected":false},"featured_media":61531,"comment_status":"open","ping_status":"open","template":"","meta":[],"product_cat":[405],"product_tag":[1060,442],"class_list":["post-61530","product","type-product","status-publish","has-post-thumbnail","hentry","product_cat-succionadores","product_tag-air-pulse","product_tag-satisfyer"],"bundled_by":[],"bundle_stock_status":"instock","bundle_stock_quantity":25,"bundle_virtual":false,"bundle_layout":"","bundle_add_to_cart_form_location":"","bundle_editable_in_cart":false,"bundle_sold_individually_context":"","bundle_item_grouping":"","bundle_min_size":"","bundle_max_size":"","bundled_items":[],"yoast_head":"<!-- This site is optimized with the Yoast SEO plugin v20.6 - https:\/\/yoast.com\/wordpress\/plugins\/seo\/ -->\n<title>SATISFYER PRO 2+ - Tienda Er\u00f3tica<\/title>\n<meta name=\"robots\" content=\"noindex, follow, max-snippet:-1, max-image-preview:large, max-video-preview:-1\" \/>\n<meta property=\"og:locale\" content=\"es_ES\" \/>\n<meta property=\"og:type\" content=\"article\" \/>\n<meta property=\"og:title\" content=\"SATISFYER PRO 2+ - Tienda Er\u00f3tica\" \/>\n<meta property=\"og:description\" content=\"SATISFYER PRO 2+ &#8211; NUEVA EDICI\u00d3N 2020 PLACER ACTUALIZADO &#8211; LO NUEVO SIEMPRE ES TODAV\u00cdA MEJOR &#8211; EDICI\u00d3N 2020 Su\" \/>\n<meta property=\"og:url\" content=\"https:\/\/demoweb.info\/sexshop001\/producto\/satisfyer-pro-2-2\/\" \/>\n<meta property=\"og:site_name\" content=\"Tienda Er\u00f3tica\" \/>\n<meta property=\"article:modified_time\" content=\"2022-01-22T18:04:34+00:00\" \/>\n<meta property=\"og:image\" content=\"https:\/\/demoweb.info\/sexshop001\/wp-content\/uploads\/2022\/01\/SATISFYER-PRO-2-6.jpg\" \/>\n\t<meta property=\"og:image:width\" content=\"550\" \/>\n\t<meta property=\"og:image:height\" content=\"550\" \/>\n\t<meta property=\"og:image:type\" content=\"image\/jpeg\" \/>\n<meta name=\"twitter:card\" content=\"summary_large_image\" \/>\n<meta name=\"twitter:label1\" content=\"Tiempo de lectura\" \/>\n\t<meta name=\"twitter:data1\" content=\"2 minutos\" \/>\n<script type=\"application\/ld+json\" class=\"yoast-schema-graph\">{\"@context\":\"https:\/\/schema.org\",\"@graph\":[{\"@type\":\"WebPage\",\"@id\":\"https:\/\/demoweb.info\/sexshop001\/producto\/satisfyer-pro-2-2\/\",\"url\":\"https:\/\/demoweb.info\/sexshop001\/producto\/satisfyer-pro-2-2\/\",\"name\":\"SATISFYER PRO 2+ - Tienda Er\u00f3tica\",\"isPartOf\":{\"@id\":\"https:\/\/demoweb.info\/sexshop001\/#website\"},\"datePublished\":\"2022-01-22T17:15:21+00:00\",\"dateModified\":\"2022-01-22T18:04:34+00:00\",\"breadcrumb\":{\"@id\":\"https:\/\/demoweb.info\/sexshop001\/producto\/satisfyer-pro-2-2\/#breadcrumb\"},\"inLanguage\":\"es\",\"potentialAction\":[{\"@type\":\"ReadAction\",\"target\":[\"https:\/\/demoweb.info\/sexshop001\/producto\/satisfyer-pro-2-2\/\"]}]},{\"@type\":\"BreadcrumbList\",\"@id\":\"https:\/\/demoweb.info\/sexshop001\/producto\/satisfyer-pro-2-2\/#breadcrumb\",\"itemListElement\":[{\"@type\":\"ListItem\",\"position\":1,\"name\":\"Portada\",\"item\":\"https:\/\/demoweb.info\/sexshop001\/\"},{\"@type\":\"ListItem\",\"position\":2,\"name\":\"Tienda\",\"item\":\"https:\/\/demoweb.info\/sexshop001\/tienda\/\"},{\"@type\":\"ListItem\",\"position\":3,\"name\":\"SATISFYER PRO 2+\"}]},{\"@type\":\"WebSite\",\"@id\":\"https:\/\/demoweb.info\/sexshop001\/#website\",\"url\":\"https:\/\/demoweb.info\/sexshop001\/\",\"name\":\"Tienda Er\u00f3tica\",\"description\":\"DEMOWEB SL\",\"potentialAction\":[{\"@type\":\"SearchAction\",\"target\":{\"@type\":\"EntryPoint\",\"urlTemplate\":\"https:\/\/demoweb.info\/sexshop001\/?s={search_term_string}\"},\"query-input\":\"required name=search_term_string\"}],\"inLanguage\":\"es\"}]}<\/script>\n<!-- \/ Yoast SEO plugin. -->","yoast_head_json":{"title":"SATISFYER PRO 2+ - Tienda Er\u00f3tica","robots":{"index":"noindex","follow":"follow","max-snippet":"max-snippet:-1","max-image-preview":"max-image-preview:large","max-video-preview":"max-video-preview:-1"},"og_locale":"es_ES","og_type":"article","og_title":"SATISFYER PRO 2+ - Tienda Er\u00f3tica","og_description":"SATISFYER PRO 2+ &#8211; NUEVA EDICI\u00d3N 2020 PLACER ACTUALIZADO &#8211; LO NUEVO SIEMPRE ES TODAV\u00cdA MEJOR &#8211; EDICI\u00d3N 2020 Su","og_url":"https:\/\/demoweb.info\/sexshop001\/producto\/satisfyer-pro-2-2\/","og_site_name":"Tienda Er\u00f3tica","article_modified_time":"2022-01-22T18:04:34+00:00","og_image":[{"width":550,"height":550,"url":"https:\/\/demoweb.info\/sexshop001\/wp-content\/uploads\/2022\/01\/SATISFYER-PRO-2-6.jpg","type":"image\/jpeg"}],"twitter_card":"summary_large_image","twitter_misc":{"Tiempo de lectura":"2 minutos"},"schema":{"@context":"https:\/\/schema.org","@graph":[{"@type":"WebPage","@id":"https:\/\/demoweb.info\/sexshop001\/producto\/satisfyer-pro-2-2\/","url":"https:\/\/demoweb.info\/sexshop001\/producto\/satisfyer-pro-2-2\/","name":"SATISFYER PRO 2+ - Tienda Er\u00f3tica","isPartOf":{"@id":"https:\/\/demoweb.info\/sexshop001\/#website"},"datePublished":"2022-01-22T17:15:21+00:00","dateModified":"2022-01-22T18:04:34+00:00","breadcrumb":{"@id":"https:\/\/demoweb.info\/sexshop001\/producto\/satisfyer-pro-2-2\/#breadcrumb"},"inLanguage":"es","potentialAction":[{"@type":"ReadAction","target":["https:\/\/demoweb.info\/sexshop001\/producto\/satisfyer-pro-2-2\/"]}]},{"@type":"BreadcrumbList","@id":"https:\/\/demoweb.info\/sexshop001\/producto\/satisfyer-pro-2-2\/#breadcrumb","itemListElement":[{"@type":"ListItem","position":1,"name":"Portada","item":"https:\/\/demoweb.info\/sexshop001\/"},{"@type":"ListItem","position":2,"name":"Tienda","item":"https:\/\/demoweb.info\/sexshop001\/tienda\/"},{"@type":"ListItem","position":3,"name":"SATISFYER PRO 2+"}]},{"@type":"WebSite","@id":"https:\/\/demoweb.info\/sexshop001\/#website","url":"https:\/\/demoweb.info\/sexshop001\/","name":"Tienda Er\u00f3tica","description":"DEMOWEB SL","potentialAction":[{"@type":"SearchAction","target":{"@type":"EntryPoint","urlTemplate":"https:\/\/demoweb.info\/sexshop001\/?s={search_term_string}"},"query-input":"required name=search_term_string"}],"inLanguage":"es"}]}},"_links":{"self":[{"href":"https:\/\/demoweb.info\/sexshop001\/wp-json\/wp\/v3\/product\/61530","targetHints":{"allow":["GET"]}}],"collection":[{"href":"https:\/\/demoweb.info\/sexshop001\/wp-json\/wp\/v3\/product"}],"about":[{"href":"https:\/\/demoweb.info\/sexshop001\/wp-json\/wp\/v2\/types\/product"}],"replies":[{"embeddable":true,"href":"https:\/\/demoweb.info\/sexshop001\/wp-json\/wp\/v2\/comments?post=61530"}],"wp:featuredmedia":[{"embeddable":true,"href":"https:\/\/demoweb.info\/sexshop001\/wp-json\/wp\/v2\/media\/61531"}],"wp:attachment":[{"href":"https:\/\/demoweb.info\/sexshop001\/wp-json\/wp\/v2\/media?parent=61530"}],"wp:term":[{"taxonomy":"product_cat","embeddable":true,"href":"https:\/\/demoweb.info\/sexshop001\/wp-json\/wp\/v2\/product_cat?post=61530"},{"taxonomy":"product_tag","embeddable":true,"href":"https:\/\/demoweb.info\/sexshop001\/wp-json\/wp\/v2\/product_tag?post=61530"}],"curies":[{"name":"wp","href":"https:\/\/api.w.org\/{rel}","templated":true}]}}